{"id":2928,"date":"2022-04-26T09:15:43","date_gmt":"2022-04-26T09:15:43","guid":{"rendered":"https:\/\/proventuss.eu\/produkt\/vi-pro-epdm-sredstvo-za-pranje-907\/"},"modified":"2022-07-15T06:55:18","modified_gmt":"2022-07-15T06:55:18","slug":"ciscenje-povrsine-vi-pro-epdm-wash-cleaner-907","status":"publish","type":"product","link":"https:\/\/proventuss.eu\/hr\/proizvod\/ciscenje-povrsine-vi-pro-epdm-wash-cleaner-907\/","title":{"rendered":"\u010ci\u0161\u0107enje povr\u0161ine Vi-Pro\u00ae EPDM WASH CLEANER 907"},"content":{"rendered":"<p><strong>U\u010cINKOVITO \u010cI\u0160\u0106ENJE POVR\u0160INE<\/strong> prije nano\u0161enja ljepila na EPDM membranu osigurava EPDM Vi-Pro\u00ae EPDM \u010cISTILO 907. To je lagano vodikom obra\u0111en petrolej koji omogu\u0107uje odgovaraju\u0107u pripremu povr\u0161ina izlo\u017eenih atmosferskim uvjetima prije postavljanja membrane. Nezamjenjivo je za ugradnju prozora, vrata i fasada kao i kod ostalih renovacijskih i gra\u0111evinskih radova.<\/p>\n<p>PREDNOSTI:<br \/>\n\u2022 Bezbojno<br \/>\n\u2022 Za EPDM, aluminij, \u010delik, pocin\u010dani \u010delik, bitumen (osim APP-a), beton, lagani beton, drvo i butil<\/p>\n","protected":false},"excerpt":{"rendered":"<p>U\u010cINKOVITO \u010cI\u0160\u0106ENJE POVR\u0160INE prije nano\u0161enja ljepila na EPDM membranu osigurava EPDM Vi-Pro\u00ae EPDM \u010cISTILO 907. To je lagano vodikom obra\u0111en petrolej koji omogu\u0107uje odgovaraju\u0107u pripremu povr\u0161ina izlo\u017eenih atmosferskim uvjetima prije postavljanja membrane. Nezamjenjivo je za ugradnju prozora, vrata i fasada kao i kod ostalih renovacijskih i gra\u0111evinskih radova. PREDNOSTI: \u2022 Bezbojno \u2022 Za EPDM, aluminij, [&hellip;]<\/p>\n","protected":false},"featured_media":2073,"comment_status":"open","ping_status":"closed","template":"","meta":{"_acf_changed":false},"product_cat":[116],"product_tag":[],"acf":[],"yoast_head":"<!-- This site is optimized with the Yoast SEO plugin v22.9 - https:\/\/yoast.com\/wordpress\/plugins\/seo\/ -->\n<title>\u010ci\u0161\u0107enje povr\u0161ine Vi-Pro\u00ae EPDM WASH CLEANER 907 - Proventuss<\/title>\n<meta name=\"robots\" content=\"index, follow, max-snippet:-1, max-image-preview:large, max-video-preview:-1\" \/>\n<link rel=\"canonical\" href=\"https:\/\/proventuss.eu\/hr\/produkt\/ciscenje-povrsine-vi-pro-epdm-wash-cleaner-907\/\" \/>\n<meta property=\"og:locale\" content=\"hr_HR\" \/>\n<meta property=\"og:type\" content=\"article\" \/>\n<meta property=\"og:title\" content=\"\u010ci\u0161\u0107enje povr\u0161ine Vi-Pro\u00ae EPDM WASH CLEANER 907 - Proventuss\" \/>\n<meta property=\"og:description\" content=\"U\u010cINKOVITO \u010cI\u0160\u0106ENJE POVR\u0160INE prije nano\u0161enja ljepila na EPDM membranu osigurava EPDM Vi-Pro\u00ae EPDM \u010cISTILO 907. To je lagano vodikom obra\u0111en petrolej koji omogu\u0107uje odgovaraju\u0107u pripremu povr\u0161ina izlo\u017eenih atmosferskim uvjetima prije postavljanja membrane. Nezamjenjivo je za ugradnju prozora, vrata i fasada kao i kod ostalih renovacijskih i gra\u0111evinskih radova. PREDNOSTI: \u2022 Bezbojno \u2022 Za EPDM, aluminij, [&hellip;]\" \/>\n<meta property=\"og:url\" content=\"https:\/\/proventuss.eu\/hr\/produkt\/ciscenje-povrsine-vi-pro-epdm-wash-cleaner-907\/\" \/>\n<meta property=\"og:site_name\" content=\"Proventuss\" \/>\n<meta property=\"article:modified_time\" content=\"2022-07-15T06:55:18+00:00\" \/>\n<meta property=\"og:image\" content=\"https:\/\/proventuss.eu\/wp-content\/uploads\/2022\/04\/Vi-Pro-EPDM-Wash-Cleaner-907_1.png\" \/>\n\t<meta property=\"og:image:width\" content=\"640\" \/>\n\t<meta property=\"og:image:height\" content=\"640\" \/>\n\t<meta property=\"og:image:type\" content=\"image\/png\" \/>\n<meta name=\"twitter:card\" content=\"summary_large_image\" \/>\n<script type=\"application\/ld+json\" class=\"yoast-schema-graph\">{\"@context\":\"https:\/\/schema.org\",\"@graph\":[{\"@type\":\"WebPage\",\"@id\":\"https:\/\/proventuss.eu\/hr\/produkt\/ciscenje-povrsine-vi-pro-epdm-wash-cleaner-907\/\",\"url\":\"https:\/\/proventuss.eu\/hr\/produkt\/ciscenje-povrsine-vi-pro-epdm-wash-cleaner-907\/\",\"name\":\"\u010ci\u0161\u0107enje povr\u0161ine Vi-Pro\u00ae EPDM WASH CLEANER 907 - Proventuss\",\"isPartOf\":{\"@id\":\"https:\/\/proventuss.eu\/#website\"},\"primaryImageOfPage\":{\"@id\":\"https:\/\/proventuss.eu\/hr\/produkt\/ciscenje-povrsine-vi-pro-epdm-wash-cleaner-907\/#primaryimage\"},\"image\":{\"@id\":\"https:\/\/proventuss.eu\/hr\/produkt\/ciscenje-povrsine-vi-pro-epdm-wash-cleaner-907\/#primaryimage\"},\"thumbnailUrl\":\"https:\/\/proventuss.eu\/wp-content\/uploads\/2022\/04\/Vi-Pro-EPDM-Wash-Cleaner-907_1.png\",\"datePublished\":\"2022-04-26T09:15:43+00:00\",\"dateModified\":\"2022-07-15T06:55:18+00:00\",\"breadcrumb\":{\"@id\":\"https:\/\/proventuss.eu\/hr\/produkt\/ciscenje-povrsine-vi-pro-epdm-wash-cleaner-907\/#breadcrumb\"},\"inLanguage\":\"hr\",\"potentialAction\":[{\"@type\":\"ReadAction\",\"target\":[\"https:\/\/proventuss.eu\/hr\/produkt\/ciscenje-povrsine-vi-pro-epdm-wash-cleaner-907\/\"]}]},{\"@type\":\"ImageObject\",\"inLanguage\":\"hr\",\"@id\":\"https:\/\/proventuss.eu\/hr\/produkt\/ciscenje-povrsine-vi-pro-epdm-wash-cleaner-907\/#primaryimage\",\"url\":\"https:\/\/proventuss.eu\/wp-content\/uploads\/2022\/04\/Vi-Pro-EPDM-Wash-Cleaner-907_1.png\",\"contentUrl\":\"https:\/\/proventuss.eu\/wp-content\/uploads\/2022\/04\/Vi-Pro-EPDM-Wash-Cleaner-907_1.png\",\"width\":640,\"height\":640,\"caption\":\"Na zdj\u0119ciu kanister. Skuteczne oczyszczenie powierzchni zapewnia EPDM Vi-Pro\u00ae EPDM WASH CLEANER 907. Niezast\u0105piony przy instalacji okien, drzwi i fasad.\"},{\"@type\":\"BreadcrumbList\",\"@id\":\"https:\/\/proventuss.eu\/hr\/produkt\/ciscenje-povrsine-vi-pro-epdm-wash-cleaner-907\/#breadcrumb\",\"itemListElement\":[{\"@type\":\"ListItem\",\"position\":1,\"name\":\"Home\",\"item\":\"https:\/\/proventuss.eu\/\"},{\"@type\":\"ListItem\",\"position\":2,\"name\":\"Shop\",\"item\":\"https:\/\/proventuss.eu\/hr\/pohraniti\/\"},{\"@type\":\"ListItem\",\"position\":3,\"name\":\"\u010ci\u0161\u0107enje povr\u0161ine Vi-Pro\u00ae EPDM WASH CLEANER 907\"}]},{\"@type\":\"WebSite\",\"@id\":\"https:\/\/proventuss.eu\/#website\",\"url\":\"https:\/\/proventuss.eu\/\",\"name\":\"Proventuss\",\"description\":\"\",\"potentialAction\":[{\"@type\":\"SearchAction\",\"target\":{\"@type\":\"EntryPoint\",\"urlTemplate\":\"https:\/\/proventuss.eu\/?s={search_term_string}\"},\"query-input\":\"required name=search_term_string\"}],\"inLanguage\":\"hr\"}]}<\/script>\n<!-- \/ Yoast SEO plugin. -->","yoast_head_json":{"title":"\u010ci\u0161\u0107enje povr\u0161ine Vi-Pro\u00ae EPDM WASH CLEANER 907 - Proventuss","robots":{"index":"index","follow":"follow","max-snippet":"max-snippet:-1","max-image-preview":"max-image-preview:large","max-video-preview":"max-video-preview:-1"},"canonical":"https:\/\/proventuss.eu\/hr\/produkt\/ciscenje-povrsine-vi-pro-epdm-wash-cleaner-907\/","og_locale":"hr_HR","og_type":"article","og_title":"\u010ci\u0161\u0107enje povr\u0161ine Vi-Pro\u00ae EPDM WASH CLEANER 907 - Proventuss","og_description":"U\u010cINKOVITO \u010cI\u0160\u0106ENJE POVR\u0160INE prije nano\u0161enja ljepila na EPDM membranu osigurava EPDM Vi-Pro\u00ae EPDM \u010cISTILO 907. To je lagano vodikom obra\u0111en petrolej koji omogu\u0107uje odgovaraju\u0107u pripremu povr\u0161ina izlo\u017eenih atmosferskim uvjetima prije postavljanja membrane. Nezamjenjivo je za ugradnju prozora, vrata i fasada kao i kod ostalih renovacijskih i gra\u0111evinskih radova. PREDNOSTI: \u2022 Bezbojno \u2022 Za EPDM, aluminij, [&hellip;]","og_url":"https:\/\/proventuss.eu\/hr\/produkt\/ciscenje-povrsine-vi-pro-epdm-wash-cleaner-907\/","og_site_name":"Proventuss","article_modified_time":"2022-07-15T06:55:18+00:00","og_image":[{"width":640,"height":640,"url":"https:\/\/proventuss.eu\/wp-content\/uploads\/2022\/04\/Vi-Pro-EPDM-Wash-Cleaner-907_1.png","type":"image\/png"}],"twitter_card":"summary_large_image","schema":{"@context":"https:\/\/schema.org","@graph":[{"@type":"WebPage","@id":"https:\/\/proventuss.eu\/hr\/produkt\/ciscenje-povrsine-vi-pro-epdm-wash-cleaner-907\/","url":"https:\/\/proventuss.eu\/hr\/produkt\/ciscenje-povrsine-vi-pro-epdm-wash-cleaner-907\/","name":"\u010ci\u0161\u0107enje povr\u0161ine Vi-Pro\u00ae EPDM WASH CLEANER 907 - Proventuss","isPartOf":{"@id":"https:\/\/proventuss.eu\/#website"},"primaryImageOfPage":{"@id":"https:\/\/proventuss.eu\/hr\/produkt\/ciscenje-povrsine-vi-pro-epdm-wash-cleaner-907\/#primaryimage"},"image":{"@id":"https:\/\/proventuss.eu\/hr\/produkt\/ciscenje-povrsine-vi-pro-epdm-wash-cleaner-907\/#primaryimage"},"thumbnailUrl":"https:\/\/proventuss.eu\/wp-content\/uploads\/2022\/04\/Vi-Pro-EPDM-Wash-Cleaner-907_1.png","datePublished":"2022-04-26T09:15:43+00:00","dateModified":"2022-07-15T06:55:18+00:00","breadcrumb":{"@id":"https:\/\/proventuss.eu\/hr\/produkt\/ciscenje-povrsine-vi-pro-epdm-wash-cleaner-907\/#breadcrumb"},"inLanguage":"hr","potentialAction":[{"@type":"ReadAction","target":["https:\/\/proventuss.eu\/hr\/produkt\/ciscenje-povrsine-vi-pro-epdm-wash-cleaner-907\/"]}]},{"@type":"ImageObject","inLanguage":"hr","@id":"https:\/\/proventuss.eu\/hr\/produkt\/ciscenje-povrsine-vi-pro-epdm-wash-cleaner-907\/#primaryimage","url":"https:\/\/proventuss.eu\/wp-content\/uploads\/2022\/04\/Vi-Pro-EPDM-Wash-Cleaner-907_1.png","contentUrl":"https:\/\/proventuss.eu\/wp-content\/uploads\/2022\/04\/Vi-Pro-EPDM-Wash-Cleaner-907_1.png","width":640,"height":640,"caption":"Na zdj\u0119ciu kanister. Skuteczne oczyszczenie powierzchni zapewnia EPDM Vi-Pro\u00ae EPDM WASH CLEANER 907. Niezast\u0105piony przy instalacji okien, drzwi i fasad."},{"@type":"BreadcrumbList","@id":"https:\/\/proventuss.eu\/hr\/produkt\/ciscenje-povrsine-vi-pro-epdm-wash-cleaner-907\/#breadcrumb","itemListElement":[{"@type":"ListItem","position":1,"name":"Home","item":"https:\/\/proventuss.eu\/"},{"@type":"ListItem","position":2,"name":"Shop","item":"https:\/\/proventuss.eu\/hr\/pohraniti\/"},{"@type":"ListItem","position":3,"name":"\u010ci\u0161\u0107enje povr\u0161ine Vi-Pro\u00ae EPDM WASH CLEANER 907"}]},{"@type":"WebSite","@id":"https:\/\/proventuss.eu\/#website","url":"https:\/\/proventuss.eu\/","name":"Proventuss","description":"","potentialAction":[{"@type":"SearchAction","target":{"@type":"EntryPoint","urlTemplate":"https:\/\/proventuss.eu\/?s={search_term_string}"},"query-input":"required name=search_term_string"}],"inLanguage":"hr"}]}},"_links":{"self":[{"href":"https:\/\/proventuss.eu\/hr\/wp-json\/wp\/v2\/product\/2928"}],"collection":[{"href":"https:\/\/proventuss.eu\/hr\/wp-json\/wp\/v2\/product"}],"about":[{"href":"https:\/\/proventuss.eu\/hr\/wp-json\/wp\/v2\/types\/product"}],"replies":[{"embeddable":true,"href":"https:\/\/proventuss.eu\/hr\/wp-json\/wp\/v2\/comments?post=2928"}],"wp:featuredmedia":[{"embeddable":true,"href":"https:\/\/proventuss.eu\/hr\/wp-json\/wp\/v2\/media\/2073"}],"wp:attachment":[{"href":"https:\/\/proventuss.eu\/hr\/wp-json\/wp\/v2\/media?parent=2928"}],"wp:term":[{"taxonomy":"product_cat","embeddable":true,"href":"https:\/\/proventuss.eu\/hr\/wp-json\/wp\/v2\/product_cat?post=2928"},{"taxonomy":"product_tag","embeddable":true,"href":"https:\/\/proventuss.eu\/hr\/wp-json\/wp\/v2\/product_tag?post=2928"}],"curies":[{"name":"wp","href":"https:\/\/api.w.org\/{rel}","templated":true}]}}