{"id":2926,"date":"2022-04-26T09:33:42","date_gmt":"2022-04-26T09:33:42","guid":{"rendered":"https:\/\/proventuss.eu\/produkt\/bituthene\/"},"modified":"2022-07-28T07:05:47","modified_gmt":"2022-07-28T07:05:47","slug":"bituten","status":"publish","type":"product","link":"https:\/\/proventuss.eu\/hr\/proizvod\/bituten\/","title":{"rendered":"BITUTHENE\u00ae"},"content":{"rendered":"<p>Dvori\u0161ta i parkirali\u0161ta. Obrnuti krovovi, zeleni krovovi i povi\u0161ene terase. Zidovi podruma. Tuneli, metro stanice i infrastrukturni proizvodi. Za ove i mnoge druge primjene postoji BITUTHENE\u00ae proizvod koji je razvio GCP. <strong>BITUTHENE\u00ae je HIDROIZOLACIONI MEMBRANSKI SUSTAV<\/strong>\u00a0koji se primjenjuje nakon izlijevanja betona. Njegova u\u010dinkovitost dokazana je u mnogim razli\u010ditim projektima. Dugotrajan, svestran i jednostavan za ugradnju.<\/p>\n<p><strong>PREDNOSTI:<\/strong><br \/>\n\u2022 \u010dvrsta folija i posebno razvijeno ljepilo osiguravaju maksimalnu za\u0161titu od vode<br \/>\n\u2022 fleksibilna i jaka membrana pru\u017ea mogu\u0107nost spajanja pukotina i pomicanja s betonom, prilago\u0111avaju\u0107i se finom talo\u017eenju<br \/>\n\u2022 Kontrolirana debljina osigurava da nema odstupanja<\/p>\n<p>BITUTHENE\u00ae je dostupan u vi\u0161e vrsta kako bi odgovarao potrebama va\u0161eg projekta. Dolazi u plo\u010dama koje se lako montiraju, mo\u017ee se ugraditi na hladno pri temperaturama do -3,9 \u00b0C i mo\u017ee se postaviti na \u0161iroku paletu betonskih povr\u0161ina. Njegova robusna svojstva vodonepropusnosti, u kombinaciji s jednostavnom ugradnjom, osiguravaju da je proizvod pogodan za izvo\u0111a\u010de, daju\u0107i zgradama dodanu vrijednost.<\/p>\n","protected":false},"excerpt":{"rendered":"<p>Dvori\u0161ta i parkirali\u0161ta. Obrnuti krovovi, zeleni krovovi i povi\u0161ene terase. Zidovi podruma. Tuneli, metro stanice i infrastrukturni proizvodi. Za ove i mnoge druge primjene postoji BITUTHENE\u00ae proizvod koji je razvio GCP. BITUTHENE\u00ae je HIDROIZOLACIONI MEMBRANSKI SUSTAV\u00a0koji se primjenjuje nakon izlijevanja betona. Njegova u\u010dinkovitost dokazana je u mnogim razli\u010ditim projektima. Dugotrajan, svestran i jednostavan za ugradnju. [&hellip;]<\/p>\n","protected":false},"featured_media":2345,"comment_status":"open","ping_status":"closed","template":"","meta":{"_acf_changed":false},"product_cat":[15],"product_tag":[],"acf":[],"yoast_head":"<!-- This site is optimized with the Yoast SEO plugin v22.9 - https:\/\/yoast.com\/wordpress\/plugins\/seo\/ -->\n<title>BITUTHENE\u00ae - Proventuss<\/title>\n<meta name=\"robots\" content=\"index, follow, max-snippet:-1, max-image-preview:large, max-video-preview:-1\" \/>\n<link rel=\"canonical\" href=\"https:\/\/proventuss.eu\/hr\/produkt\/bituten\/\" \/>\n<meta property=\"og:locale\" content=\"hr_HR\" \/>\n<meta property=\"og:type\" content=\"article\" \/>\n<meta property=\"og:title\" content=\"BITUTHENE\u00ae - Proventuss\" \/>\n<meta property=\"og:description\" content=\"Dvori\u0161ta i parkirali\u0161ta. Obrnuti krovovi, zeleni krovovi i povi\u0161ene terase. Zidovi podruma. Tuneli, metro stanice i infrastrukturni proizvodi. Za ove i mnoge druge primjene postoji BITUTHENE\u00ae proizvod koji je razvio GCP. BITUTHENE\u00ae je HIDROIZOLACIONI MEMBRANSKI SUSTAV\u00a0koji se primjenjuje nakon izlijevanja betona. Njegova u\u010dinkovitost dokazana je u mnogim razli\u010ditim projektima. Dugotrajan, svestran i jednostavan za ugradnju. [&hellip;]\" \/>\n<meta property=\"og:url\" content=\"https:\/\/proventuss.eu\/hr\/produkt\/bituten\/\" \/>\n<meta property=\"og:site_name\" content=\"Proventuss\" \/>\n<meta property=\"article:modified_time\" content=\"2022-07-28T07:05:47+00:00\" \/>\n<meta property=\"og:image\" content=\"https:\/\/proventuss.eu\/wp-content\/uploads\/2022\/04\/hydro-bituthene.jpg\" \/>\n\t<meta property=\"og:image:width\" content=\"1024\" \/>\n\t<meta property=\"og:image:height\" content=\"678\" \/>\n\t<meta property=\"og:image:type\" content=\"image\/jpeg\" \/>\n<meta name=\"twitter:card\" content=\"summary_large_image\" \/>\n<meta name=\"twitter:label1\" content=\"Procijenjeno vrijeme \u010ditanja\" \/>\n\t<meta name=\"twitter:data1\" content=\"1 minuta\" \/>\n<script type=\"application\/ld+json\" class=\"yoast-schema-graph\">{\"@context\":\"https:\/\/schema.org\",\"@graph\":[{\"@type\":\"WebPage\",\"@id\":\"https:\/\/proventuss.eu\/hr\/produkt\/bituten\/\",\"url\":\"https:\/\/proventuss.eu\/hr\/produkt\/bituten\/\",\"name\":\"BITUTHENE\u00ae - Proventuss\",\"isPartOf\":{\"@id\":\"https:\/\/proventuss.eu\/#website\"},\"primaryImageOfPage\":{\"@id\":\"https:\/\/proventuss.eu\/hr\/produkt\/bituten\/#primaryimage\"},\"image\":{\"@id\":\"https:\/\/proventuss.eu\/hr\/produkt\/bituten\/#primaryimage\"},\"thumbnailUrl\":\"https:\/\/proventuss.eu\/wp-content\/uploads\/2022\/04\/hydro-bituthene.jpg\",\"datePublished\":\"2022-04-26T09:33:42+00:00\",\"dateModified\":\"2022-07-28T07:05:47+00:00\",\"breadcrumb\":{\"@id\":\"https:\/\/proventuss.eu\/hr\/produkt\/bituten\/#breadcrumb\"},\"inLanguage\":\"hr\",\"potentialAction\":[{\"@type\":\"ReadAction\",\"target\":[\"https:\/\/proventuss.eu\/hr\/produkt\/bituten\/\"]}]},{\"@type\":\"ImageObject\",\"inLanguage\":\"hr\",\"@id\":\"https:\/\/proventuss.eu\/hr\/produkt\/bituten\/#primaryimage\",\"url\":\"https:\/\/proventuss.eu\/wp-content\/uploads\/2022\/04\/hydro-bituthene.jpg\",\"contentUrl\":\"https:\/\/proventuss.eu\/wp-content\/uploads\/2022\/04\/hydro-bituthene.jpg\",\"width\":1024,\"height\":678},{\"@type\":\"BreadcrumbList\",\"@id\":\"https:\/\/proventuss.eu\/hr\/produkt\/bituten\/#breadcrumb\",\"itemListElement\":[{\"@type\":\"ListItem\",\"position\":1,\"name\":\"Home\",\"item\":\"https:\/\/proventuss.eu\/\"},{\"@type\":\"ListItem\",\"position\":2,\"name\":\"Shop\",\"item\":\"https:\/\/proventuss.eu\/hr\/pohraniti\/\"},{\"@type\":\"ListItem\",\"position\":3,\"name\":\"BITUTHENE\u00ae\"}]},{\"@type\":\"WebSite\",\"@id\":\"https:\/\/proventuss.eu\/#website\",\"url\":\"https:\/\/proventuss.eu\/\",\"name\":\"Proventuss\",\"description\":\"\",\"potentialAction\":[{\"@type\":\"SearchAction\",\"target\":{\"@type\":\"EntryPoint\",\"urlTemplate\":\"https:\/\/proventuss.eu\/?s={search_term_string}\"},\"query-input\":\"required name=search_term_string\"}],\"inLanguage\":\"hr\"}]}<\/script>\n<!-- \/ Yoast SEO plugin. -->","yoast_head_json":{"title":"BITUTHENE\u00ae - Proventuss","robots":{"index":"index","follow":"follow","max-snippet":"max-snippet:-1","max-image-preview":"max-image-preview:large","max-video-preview":"max-video-preview:-1"},"canonical":"https:\/\/proventuss.eu\/hr\/produkt\/bituten\/","og_locale":"hr_HR","og_type":"article","og_title":"BITUTHENE\u00ae - Proventuss","og_description":"Dvori\u0161ta i parkirali\u0161ta. Obrnuti krovovi, zeleni krovovi i povi\u0161ene terase. Zidovi podruma. Tuneli, metro stanice i infrastrukturni proizvodi. Za ove i mnoge druge primjene postoji BITUTHENE\u00ae proizvod koji je razvio GCP. BITUTHENE\u00ae je HIDROIZOLACIONI MEMBRANSKI SUSTAV\u00a0koji se primjenjuje nakon izlijevanja betona. Njegova u\u010dinkovitost dokazana je u mnogim razli\u010ditim projektima. Dugotrajan, svestran i jednostavan za ugradnju. [&hellip;]","og_url":"https:\/\/proventuss.eu\/hr\/produkt\/bituten\/","og_site_name":"Proventuss","article_modified_time":"2022-07-28T07:05:47+00:00","og_image":[{"width":1024,"height":678,"url":"https:\/\/proventuss.eu\/wp-content\/uploads\/2022\/04\/hydro-bituthene.jpg","type":"image\/jpeg"}],"twitter_card":"summary_large_image","twitter_misc":{"Procijenjeno vrijeme \u010ditanja":"1 minuta"},"schema":{"@context":"https:\/\/schema.org","@graph":[{"@type":"WebPage","@id":"https:\/\/proventuss.eu\/hr\/produkt\/bituten\/","url":"https:\/\/proventuss.eu\/hr\/produkt\/bituten\/","name":"BITUTHENE\u00ae - Proventuss","isPartOf":{"@id":"https:\/\/proventuss.eu\/#website"},"primaryImageOfPage":{"@id":"https:\/\/proventuss.eu\/hr\/produkt\/bituten\/#primaryimage"},"image":{"@id":"https:\/\/proventuss.eu\/hr\/produkt\/bituten\/#primaryimage"},"thumbnailUrl":"https:\/\/proventuss.eu\/wp-content\/uploads\/2022\/04\/hydro-bituthene.jpg","datePublished":"2022-04-26T09:33:42+00:00","dateModified":"2022-07-28T07:05:47+00:00","breadcrumb":{"@id":"https:\/\/proventuss.eu\/hr\/produkt\/bituten\/#breadcrumb"},"inLanguage":"hr","potentialAction":[{"@type":"ReadAction","target":["https:\/\/proventuss.eu\/hr\/produkt\/bituten\/"]}]},{"@type":"ImageObject","inLanguage":"hr","@id":"https:\/\/proventuss.eu\/hr\/produkt\/bituten\/#primaryimage","url":"https:\/\/proventuss.eu\/wp-content\/uploads\/2022\/04\/hydro-bituthene.jpg","contentUrl":"https:\/\/proventuss.eu\/wp-content\/uploads\/2022\/04\/hydro-bituthene.jpg","width":1024,"height":678},{"@type":"BreadcrumbList","@id":"https:\/\/proventuss.eu\/hr\/produkt\/bituten\/#breadcrumb","itemListElement":[{"@type":"ListItem","position":1,"name":"Home","item":"https:\/\/proventuss.eu\/"},{"@type":"ListItem","position":2,"name":"Shop","item":"https:\/\/proventuss.eu\/hr\/pohraniti\/"},{"@type":"ListItem","position":3,"name":"BITUTHENE\u00ae"}]},{"@type":"WebSite","@id":"https:\/\/proventuss.eu\/#website","url":"https:\/\/proventuss.eu\/","name":"Proventuss","description":"","potentialAction":[{"@type":"SearchAction","target":{"@type":"EntryPoint","urlTemplate":"https:\/\/proventuss.eu\/?s={search_term_string}"},"query-input":"required name=search_term_string"}],"inLanguage":"hr"}]}},"_links":{"self":[{"href":"https:\/\/proventuss.eu\/hr\/wp-json\/wp\/v2\/product\/2926"}],"collection":[{"href":"https:\/\/proventuss.eu\/hr\/wp-json\/wp\/v2\/product"}],"about":[{"href":"https:\/\/proventuss.eu\/hr\/wp-json\/wp\/v2\/types\/product"}],"replies":[{"embeddable":true,"href":"https:\/\/proventuss.eu\/hr\/wp-json\/wp\/v2\/comments?post=2926"}],"wp:featuredmedia":[{"embeddable":true,"href":"https:\/\/proventuss.eu\/hr\/wp-json\/wp\/v2\/media\/2345"}],"wp:attachment":[{"href":"https:\/\/proventuss.eu\/hr\/wp-json\/wp\/v2\/media?parent=2926"}],"wp:term":[{"taxonomy":"product_cat","embeddable":true,"href":"https:\/\/proventuss.eu\/hr\/wp-json\/wp\/v2\/product_cat?post=2926"},{"taxonomy":"product_tag","embeddable":true,"href":"https:\/\/proventuss.eu\/hr\/wp-json\/wp\/v2\/product_tag?post=2926"}],"curies":[{"name":"wp","href":"https:\/\/api.w.org\/{rel}","templated":true}]}}