{"id":2924,"date":"2022-04-26T09:47:36","date_gmt":"2022-04-26T09:47:36","guid":{"rendered":"https:\/\/proventuss.eu\/produkt\/siderise-cw-fb\/"},"modified":"2022-06-28T11:54:54","modified_gmt":"2022-06-28T11:54:54","slug":"siderise-cw-fb","status":"publish","type":"product","link":"https:\/\/proventuss.eu\/hr\/proizvod\/siderise-cw-fb\/","title":{"rendered":"SIDERISE CW-FB"},"content":{"rendered":"<p>Protupo\u017earna plo\u010da za ovje\u0161ene fasade je plo\u010da od kamene vune visoke gusto\u0107e Plo\u010da od kamene vune visoke gusto\u0107e posebno dizajnirana za pru\u017eanje visoke razine strukturalne za\u0161tite od po\u017eara.<\/p>\n<p><strong>PREDNOSTI:<\/strong><br \/>\n\u2022 \u0160titi uspravne me\u0111uokvirnice i grede<br \/>\n\u2022 Maksimizira stabilnost i integritet okvirnih elemenata i konstrukcije spandrela<br \/>\n\u2022 Odobreni dizajn koji pro\u0161iruje ocjenu poda na vanjski zid<br \/>\n\u2022 Potpuno ispitano prema EN 1364-4: 2014 i certificirano do REI210<br \/>\n\u2022 Najbolje performanse na tr\u017ei\u0161tu.<\/p>\n<p>SIDERISE CW-FB protupo\u017earne plo\u010de za ovje\u0161ene fasade dio su protupo\u017earne barijere i za\u0161titnog sustava za zonu spandrela za upotrebu s<br \/>\nprotupo\u017earnim aluminijskim ovje\u0161enim fasadama. CW-FB i CW-FS (perimetarske barijere i sustavi za zaustavljanje po\u017eara) zajedni\u010dki su ispitani u kombinaciji s aluminijskim ovje\u0161enim fasadama koje nisu otporne na vatru kako bi se pru\u017eila vatrootpornost koja je vode\u0107a na tr\u017ei\u0161tu za kriti\u010dnu zonu spandrela.<\/p>\n","protected":false},"excerpt":{"rendered":"<p>Protupo\u017earna plo\u010da za ovje\u0161ene fasade je plo\u010da od kamene vune visoke gusto\u0107e Plo\u010da od kamene vune visoke gusto\u0107e posebno dizajnirana za pru\u017eanje visoke razine strukturalne za\u0161tite od po\u017eara. PREDNOSTI: \u2022 \u0160titi uspravne me\u0111uokvirnice i grede \u2022 Maksimizira stabilnost i integritet okvirnih elemenata i konstrukcije spandrela \u2022 Odobreni dizajn koji pro\u0161iruje ocjenu poda na vanjski zid [&hellip;]<\/p>\n","protected":false},"featured_media":4092,"comment_status":"open","ping_status":"closed","template":"","meta":{"_acf_changed":false},"product_cat":[130],"product_tag":[],"acf":[],"yoast_head":"<!-- This site is optimized with the Yoast SEO plugin v22.9 - https:\/\/yoast.com\/wordpress\/plugins\/seo\/ -->\n<title>SIDERISE CW-FB - Proventuss<\/title>\n<meta name=\"robots\" content=\"index, follow, max-snippet:-1, max-image-preview:large, max-video-preview:-1\" \/>\n<link rel=\"canonical\" href=\"https:\/\/proventuss.eu\/hr\/produkt\/siderise-cw-fb\/\" \/>\n<meta property=\"og:locale\" content=\"hr_HR\" \/>\n<meta property=\"og:type\" content=\"article\" \/>\n<meta property=\"og:title\" content=\"SIDERISE CW-FB - Proventuss\" \/>\n<meta property=\"og:description\" content=\"Protupo\u017earna plo\u010da za ovje\u0161ene fasade je plo\u010da od kamene vune visoke gusto\u0107e Plo\u010da od kamene vune visoke gusto\u0107e posebno dizajnirana za pru\u017eanje visoke razine strukturalne za\u0161tite od po\u017eara. PREDNOSTI: \u2022 \u0160titi uspravne me\u0111uokvirnice i grede \u2022 Maksimizira stabilnost i integritet okvirnih elemenata i konstrukcije spandrela \u2022 Odobreni dizajn koji pro\u0161iruje ocjenu poda na vanjski zid [&hellip;]\" \/>\n<meta property=\"og:url\" content=\"https:\/\/proventuss.eu\/hr\/produkt\/siderise-cw-fb\/\" \/>\n<meta property=\"og:site_name\" content=\"Proventuss\" \/>\n<meta property=\"article:modified_time\" content=\"2022-06-28T11:54:54+00:00\" \/>\n<meta property=\"og:image\" content=\"https:\/\/proventuss.eu\/wp-content\/uploads\/2022\/04\/CW-FS.jpg\" \/>\n\t<meta property=\"og:image:width\" content=\"756\" \/>\n\t<meta property=\"og:image:height\" content=\"756\" \/>\n\t<meta property=\"og:image:type\" content=\"image\/jpeg\" \/>\n<meta name=\"twitter:card\" content=\"summary_large_image\" \/>\n<meta name=\"twitter:label1\" content=\"Procijenjeno vrijeme \u010ditanja\" \/>\n\t<meta name=\"twitter:data1\" content=\"1 minuta\" \/>\n<script type=\"application\/ld+json\" class=\"yoast-schema-graph\">{\"@context\":\"https:\/\/schema.org\",\"@graph\":[{\"@type\":\"WebPage\",\"@id\":\"https:\/\/proventuss.eu\/hr\/produkt\/siderise-cw-fb\/\",\"url\":\"https:\/\/proventuss.eu\/hr\/produkt\/siderise-cw-fb\/\",\"name\":\"SIDERISE CW-FB - Proventuss\",\"isPartOf\":{\"@id\":\"https:\/\/proventuss.eu\/#website\"},\"primaryImageOfPage\":{\"@id\":\"https:\/\/proventuss.eu\/hr\/produkt\/siderise-cw-fb\/#primaryimage\"},\"image\":{\"@id\":\"https:\/\/proventuss.eu\/hr\/produkt\/siderise-cw-fb\/#primaryimage\"},\"thumbnailUrl\":\"https:\/\/proventuss.eu\/wp-content\/uploads\/2022\/04\/CW-FS.jpg\",\"datePublished\":\"2022-04-26T09:47:36+00:00\",\"dateModified\":\"2022-06-28T11:54:54+00:00\",\"breadcrumb\":{\"@id\":\"https:\/\/proventuss.eu\/hr\/produkt\/siderise-cw-fb\/#breadcrumb\"},\"inLanguage\":\"hr\",\"potentialAction\":[{\"@type\":\"ReadAction\",\"target\":[\"https:\/\/proventuss.eu\/hr\/produkt\/siderise-cw-fb\/\"]}]},{\"@type\":\"ImageObject\",\"inLanguage\":\"hr\",\"@id\":\"https:\/\/proventuss.eu\/hr\/produkt\/siderise-cw-fb\/#primaryimage\",\"url\":\"https:\/\/proventuss.eu\/wp-content\/uploads\/2022\/04\/CW-FS.jpg\",\"contentUrl\":\"https:\/\/proventuss.eu\/wp-content\/uploads\/2022\/04\/CW-FS.jpg\",\"width\":756,\"height\":756},{\"@type\":\"BreadcrumbList\",\"@id\":\"https:\/\/proventuss.eu\/hr\/produkt\/siderise-cw-fb\/#breadcrumb\",\"itemListElement\":[{\"@type\":\"ListItem\",\"position\":1,\"name\":\"Home\",\"item\":\"https:\/\/proventuss.eu\/\"},{\"@type\":\"ListItem\",\"position\":2,\"name\":\"Shop\",\"item\":\"https:\/\/proventuss.eu\/hr\/pohraniti\/\"},{\"@type\":\"ListItem\",\"position\":3,\"name\":\"SIDERISE CW-FB\"}]},{\"@type\":\"WebSite\",\"@id\":\"https:\/\/proventuss.eu\/#website\",\"url\":\"https:\/\/proventuss.eu\/\",\"name\":\"Proventuss\",\"description\":\"\",\"potentialAction\":[{\"@type\":\"SearchAction\",\"target\":{\"@type\":\"EntryPoint\",\"urlTemplate\":\"https:\/\/proventuss.eu\/?s={search_term_string}\"},\"query-input\":\"required name=search_term_string\"}],\"inLanguage\":\"hr\"}]}<\/script>\n<!-- \/ Yoast SEO plugin. -->","yoast_head_json":{"title":"SIDERISE CW-FB - Proventuss","robots":{"index":"index","follow":"follow","max-snippet":"max-snippet:-1","max-image-preview":"max-image-preview:large","max-video-preview":"max-video-preview:-1"},"canonical":"https:\/\/proventuss.eu\/hr\/produkt\/siderise-cw-fb\/","og_locale":"hr_HR","og_type":"article","og_title":"SIDERISE CW-FB - Proventuss","og_description":"Protupo\u017earna plo\u010da za ovje\u0161ene fasade je plo\u010da od kamene vune visoke gusto\u0107e Plo\u010da od kamene vune visoke gusto\u0107e posebno dizajnirana za pru\u017eanje visoke razine strukturalne za\u0161tite od po\u017eara. PREDNOSTI: \u2022 \u0160titi uspravne me\u0111uokvirnice i grede \u2022 Maksimizira stabilnost i integritet okvirnih elemenata i konstrukcije spandrela \u2022 Odobreni dizajn koji pro\u0161iruje ocjenu poda na vanjski zid [&hellip;]","og_url":"https:\/\/proventuss.eu\/hr\/produkt\/siderise-cw-fb\/","og_site_name":"Proventuss","article_modified_time":"2022-06-28T11:54:54+00:00","og_image":[{"width":756,"height":756,"url":"https:\/\/proventuss.eu\/wp-content\/uploads\/2022\/04\/CW-FS.jpg","type":"image\/jpeg"}],"twitter_card":"summary_large_image","twitter_misc":{"Procijenjeno vrijeme \u010ditanja":"1 minuta"},"schema":{"@context":"https:\/\/schema.org","@graph":[{"@type":"WebPage","@id":"https:\/\/proventuss.eu\/hr\/produkt\/siderise-cw-fb\/","url":"https:\/\/proventuss.eu\/hr\/produkt\/siderise-cw-fb\/","name":"SIDERISE CW-FB - Proventuss","isPartOf":{"@id":"https:\/\/proventuss.eu\/#website"},"primaryImageOfPage":{"@id":"https:\/\/proventuss.eu\/hr\/produkt\/siderise-cw-fb\/#primaryimage"},"image":{"@id":"https:\/\/proventuss.eu\/hr\/produkt\/siderise-cw-fb\/#primaryimage"},"thumbnailUrl":"https:\/\/proventuss.eu\/wp-content\/uploads\/2022\/04\/CW-FS.jpg","datePublished":"2022-04-26T09:47:36+00:00","dateModified":"2022-06-28T11:54:54+00:00","breadcrumb":{"@id":"https:\/\/proventuss.eu\/hr\/produkt\/siderise-cw-fb\/#breadcrumb"},"inLanguage":"hr","potentialAction":[{"@type":"ReadAction","target":["https:\/\/proventuss.eu\/hr\/produkt\/siderise-cw-fb\/"]}]},{"@type":"ImageObject","inLanguage":"hr","@id":"https:\/\/proventuss.eu\/hr\/produkt\/siderise-cw-fb\/#primaryimage","url":"https:\/\/proventuss.eu\/wp-content\/uploads\/2022\/04\/CW-FS.jpg","contentUrl":"https:\/\/proventuss.eu\/wp-content\/uploads\/2022\/04\/CW-FS.jpg","width":756,"height":756},{"@type":"BreadcrumbList","@id":"https:\/\/proventuss.eu\/hr\/produkt\/siderise-cw-fb\/#breadcrumb","itemListElement":[{"@type":"ListItem","position":1,"name":"Home","item":"https:\/\/proventuss.eu\/"},{"@type":"ListItem","position":2,"name":"Shop","item":"https:\/\/proventuss.eu\/hr\/pohraniti\/"},{"@type":"ListItem","position":3,"name":"SIDERISE CW-FB"}]},{"@type":"WebSite","@id":"https:\/\/proventuss.eu\/#website","url":"https:\/\/proventuss.eu\/","name":"Proventuss","description":"","potentialAction":[{"@type":"SearchAction","target":{"@type":"EntryPoint","urlTemplate":"https:\/\/proventuss.eu\/?s={search_term_string}"},"query-input":"required name=search_term_string"}],"inLanguage":"hr"}]}},"_links":{"self":[{"href":"https:\/\/proventuss.eu\/hr\/wp-json\/wp\/v2\/product\/2924"}],"collection":[{"href":"https:\/\/proventuss.eu\/hr\/wp-json\/wp\/v2\/product"}],"about":[{"href":"https:\/\/proventuss.eu\/hr\/wp-json\/wp\/v2\/types\/product"}],"replies":[{"embeddable":true,"href":"https:\/\/proventuss.eu\/hr\/wp-json\/wp\/v2\/comments?post=2924"}],"wp:featuredmedia":[{"embeddable":true,"href":"https:\/\/proventuss.eu\/hr\/wp-json\/wp\/v2\/media\/4092"}],"wp:attachment":[{"href":"https:\/\/proventuss.eu\/hr\/wp-json\/wp\/v2\/media?parent=2924"}],"wp:term":[{"taxonomy":"product_cat","embeddable":true,"href":"https:\/\/proventuss.eu\/hr\/wp-json\/wp\/v2\/product_cat?post=2924"},{"taxonomy":"product_tag","embeddable":true,"href":"https:\/\/proventuss.eu\/hr\/wp-json\/wp\/v2\/product_tag?post=2924"}],"curies":[{"name":"wp","href":"https:\/\/api.w.org\/{rel}","templated":true}]}}