{"id":2921,"date":"2022-04-26T09:41:39","date_gmt":"2022-04-26T09:41:39","guid":{"rendered":"https:\/\/proventuss.eu\/produkt\/va-q-tec-vakuumska-izolacijska-ploca\/"},"modified":"2022-07-15T09:46:45","modified_gmt":"2022-07-15T09:46:45","slug":"va-q-tec-vakuum-izolacijska-ploca","status":"publish","type":"product","link":"https:\/\/proventuss.eu\/hr\/proizvod\/va-q-tec-vakuum-izolacijska-ploca\/","title":{"rendered":"Va-Q-Tec &#8211; Vakuumska izolacijska plo\u010da"},"content":{"rendered":"<p><strong>VIP \u2013 VAKUUMSKE IZOLACIJSKE PLO\u010cE<\/strong> su tanke plo\u010de izvrsnih toplinskih svojstava (vrlo niske toplinske vodljivosti) namijenjene za izolaciju zgrada i proizvedene primjenom vakuumske tehnologije. Vi\u0161e od 10 puta su u\u010dinkovitije od tradicionalnih izolacijskih materijala iste debljine.<\/p>\n<p>Nezapaljiva jezgra plo\u010de sastoji se od mikroporoznog praha silicijevog dioksida i za\u0161ti\u0107ena je folijom s visokom plinskom barijerom kako bi se unutra\u0161njost plo\u010de za\u0161titila od infiltracije vode i zraka. Ovo vrlo inovativno izolacijsko rje\u0161enje moglo bi se upotrijebiti u svim primjenama gdje bi se visoka izolacija kombinirala s ograni\u010denim prostorom, tako da tradicionalni materijali ne bi funkcionirali.<\/p>\n<p><strong>PREDNOSTI:<\/strong><br \/>\n\u2022 Izvrsni parametri toplinske izolacije u kombinaciji s minimalnom debljinom<br \/>\n\u2022 Manje prostora, pru\u017ea ve\u0107u uporabnu povr\u0161inu zgrade<br \/>\n\u2022 Bez ograni\u010denja dizajna<br \/>\n\u2022 Modularna struktura, razli\u010diti oblici i veli\u010dine uklju\u010duju\u0107i savijene elemente<br \/>\n\u2022 Dugi vijek trajanja<\/p>\n<p><strong>PRIMJENA:<\/strong><br \/>\n\u2022 Fasade<br \/>\n\u2022 Krovovi<br \/>\n\u2022 Zimski vrtovi, stakleni vrtovi<br \/>\n\u2022 Podovi<br \/>\n\u2022 Stropovi<br \/>\n\u2022 Zidovi<\/p>\n","protected":false},"excerpt":{"rendered":"<p>VIP \u2013 VAKUUMSKE IZOLACIJSKE PLO\u010cE su tanke plo\u010de izvrsnih toplinskih svojstava (vrlo niske toplinske vodljivosti) namijenjene za izolaciju zgrada i proizvedene primjenom vakuumske tehnologije. Vi\u0161e od 10 puta su u\u010dinkovitije od tradicionalnih izolacijskih materijala iste debljine. Nezapaljiva jezgra plo\u010de sastoji se od mikroporoznog praha silicijevog dioksida i za\u0161ti\u0107ena je folijom s visokom plinskom barijerom kako [&hellip;]<\/p>\n","protected":false},"featured_media":2343,"comment_status":"open","ping_status":"closed","template":"","meta":{"_acf_changed":false},"product_cat":[138],"product_tag":[],"acf":[],"yoast_head":"<!-- This site is optimized with the Yoast SEO plugin v22.9 - https:\/\/yoast.com\/wordpress\/plugins\/seo\/ -->\n<title>Va-Q-Tec - Vakuumska izolacijska plo\u010da - Proventuss<\/title>\n<meta name=\"robots\" content=\"index, follow, max-snippet:-1, max-image-preview:large, max-video-preview:-1\" \/>\n<link rel=\"canonical\" href=\"https:\/\/proventuss.eu\/hr\/produkt\/va-q-tec-vakuum-izolacijska-ploca\/\" \/>\n<meta property=\"og:locale\" content=\"hr_HR\" \/>\n<meta property=\"og:type\" content=\"article\" \/>\n<meta property=\"og:title\" content=\"Va-Q-Tec - Vakuumska izolacijska plo\u010da - Proventuss\" \/>\n<meta property=\"og:description\" content=\"VIP \u2013 VAKUUMSKE IZOLACIJSKE PLO\u010cE su tanke plo\u010de izvrsnih toplinskih svojstava (vrlo niske toplinske vodljivosti) namijenjene za izolaciju zgrada i proizvedene primjenom vakuumske tehnologije. Vi\u0161e od 10 puta su u\u010dinkovitije od tradicionalnih izolacijskih materijala iste debljine. Nezapaljiva jezgra plo\u010de sastoji se od mikroporoznog praha silicijevog dioksida i za\u0161ti\u0107ena je folijom s visokom plinskom barijerom kako [&hellip;]\" \/>\n<meta property=\"og:url\" content=\"https:\/\/proventuss.eu\/hr\/produkt\/va-q-tec-vakuum-izolacijska-ploca\/\" \/>\n<meta property=\"og:site_name\" content=\"Proventuss\" \/>\n<meta property=\"article:modified_time\" content=\"2022-07-15T09:46:45+00:00\" \/>\n<meta property=\"og:image\" content=\"https:\/\/proventuss.eu\/wp-content\/uploads\/2022\/04\/va-Q-vip_F_GGM_524x336.png\" \/>\n\t<meta property=\"og:image:width\" content=\"524\" \/>\n\t<meta property=\"og:image:height\" content=\"336\" \/>\n\t<meta property=\"og:image:type\" content=\"image\/png\" \/>\n<meta name=\"twitter:card\" content=\"summary_large_image\" \/>\n<meta name=\"twitter:label1\" content=\"Procijenjeno vrijeme \u010ditanja\" \/>\n\t<meta name=\"twitter:data1\" content=\"1 minuta\" \/>\n<script type=\"application\/ld+json\" class=\"yoast-schema-graph\">{\"@context\":\"https:\/\/schema.org\",\"@graph\":[{\"@type\":\"WebPage\",\"@id\":\"https:\/\/proventuss.eu\/hr\/produkt\/va-q-tec-vakuum-izolacijska-ploca\/\",\"url\":\"https:\/\/proventuss.eu\/hr\/produkt\/va-q-tec-vakuum-izolacijska-ploca\/\",\"name\":\"Va-Q-Tec - Vakuumska izolacijska plo\u010da - Proventuss\",\"isPartOf\":{\"@id\":\"https:\/\/proventuss.eu\/#website\"},\"primaryImageOfPage\":{\"@id\":\"https:\/\/proventuss.eu\/hr\/produkt\/va-q-tec-vakuum-izolacijska-ploca\/#primaryimage\"},\"image\":{\"@id\":\"https:\/\/proventuss.eu\/hr\/produkt\/va-q-tec-vakuum-izolacijska-ploca\/#primaryimage\"},\"thumbnailUrl\":\"https:\/\/proventuss.eu\/wp-content\/uploads\/2022\/04\/va-Q-vip_F_GGM_524x336.png\",\"datePublished\":\"2022-04-26T09:41:39+00:00\",\"dateModified\":\"2022-07-15T09:46:45+00:00\",\"breadcrumb\":{\"@id\":\"https:\/\/proventuss.eu\/hr\/produkt\/va-q-tec-vakuum-izolacijska-ploca\/#breadcrumb\"},\"inLanguage\":\"hr\",\"potentialAction\":[{\"@type\":\"ReadAction\",\"target\":[\"https:\/\/proventuss.eu\/hr\/produkt\/va-q-tec-vakuum-izolacijska-ploca\/\"]}]},{\"@type\":\"ImageObject\",\"inLanguage\":\"hr\",\"@id\":\"https:\/\/proventuss.eu\/hr\/produkt\/va-q-tec-vakuum-izolacijska-ploca\/#primaryimage\",\"url\":\"https:\/\/proventuss.eu\/wp-content\/uploads\/2022\/04\/va-Q-vip_F_GGM_524x336.png\",\"contentUrl\":\"https:\/\/proventuss.eu\/wp-content\/uploads\/2022\/04\/va-Q-vip_F_GGM_524x336.png\",\"width\":524,\"height\":336},{\"@type\":\"BreadcrumbList\",\"@id\":\"https:\/\/proventuss.eu\/hr\/produkt\/va-q-tec-vakuum-izolacijska-ploca\/#breadcrumb\",\"itemListElement\":[{\"@type\":\"ListItem\",\"position\":1,\"name\":\"Home\",\"item\":\"https:\/\/proventuss.eu\/\"},{\"@type\":\"ListItem\",\"position\":2,\"name\":\"Shop\",\"item\":\"https:\/\/proventuss.eu\/hr\/pohraniti\/\"},{\"@type\":\"ListItem\",\"position\":3,\"name\":\"Va-Q-Tec &#8211; Vakuumska izolacijska plo\u010da\"}]},{\"@type\":\"WebSite\",\"@id\":\"https:\/\/proventuss.eu\/#website\",\"url\":\"https:\/\/proventuss.eu\/\",\"name\":\"Proventuss\",\"description\":\"\",\"potentialAction\":[{\"@type\":\"SearchAction\",\"target\":{\"@type\":\"EntryPoint\",\"urlTemplate\":\"https:\/\/proventuss.eu\/?s={search_term_string}\"},\"query-input\":\"required name=search_term_string\"}],\"inLanguage\":\"hr\"}]}<\/script>\n<!-- \/ Yoast SEO plugin. -->","yoast_head_json":{"title":"Va-Q-Tec - Vakuumska izolacijska plo\u010da - Proventuss","robots":{"index":"index","follow":"follow","max-snippet":"max-snippet:-1","max-image-preview":"max-image-preview:large","max-video-preview":"max-video-preview:-1"},"canonical":"https:\/\/proventuss.eu\/hr\/produkt\/va-q-tec-vakuum-izolacijska-ploca\/","og_locale":"hr_HR","og_type":"article","og_title":"Va-Q-Tec - Vakuumska izolacijska plo\u010da - Proventuss","og_description":"VIP \u2013 VAKUUMSKE IZOLACIJSKE PLO\u010cE su tanke plo\u010de izvrsnih toplinskih svojstava (vrlo niske toplinske vodljivosti) namijenjene za izolaciju zgrada i proizvedene primjenom vakuumske tehnologije. Vi\u0161e od 10 puta su u\u010dinkovitije od tradicionalnih izolacijskih materijala iste debljine. Nezapaljiva jezgra plo\u010de sastoji se od mikroporoznog praha silicijevog dioksida i za\u0161ti\u0107ena je folijom s visokom plinskom barijerom kako [&hellip;]","og_url":"https:\/\/proventuss.eu\/hr\/produkt\/va-q-tec-vakuum-izolacijska-ploca\/","og_site_name":"Proventuss","article_modified_time":"2022-07-15T09:46:45+00:00","og_image":[{"width":524,"height":336,"url":"https:\/\/proventuss.eu\/wp-content\/uploads\/2022\/04\/va-Q-vip_F_GGM_524x336.png","type":"image\/png"}],"twitter_card":"summary_large_image","twitter_misc":{"Procijenjeno vrijeme \u010ditanja":"1 minuta"},"schema":{"@context":"https:\/\/schema.org","@graph":[{"@type":"WebPage","@id":"https:\/\/proventuss.eu\/hr\/produkt\/va-q-tec-vakuum-izolacijska-ploca\/","url":"https:\/\/proventuss.eu\/hr\/produkt\/va-q-tec-vakuum-izolacijska-ploca\/","name":"Va-Q-Tec - Vakuumska izolacijska plo\u010da - Proventuss","isPartOf":{"@id":"https:\/\/proventuss.eu\/#website"},"primaryImageOfPage":{"@id":"https:\/\/proventuss.eu\/hr\/produkt\/va-q-tec-vakuum-izolacijska-ploca\/#primaryimage"},"image":{"@id":"https:\/\/proventuss.eu\/hr\/produkt\/va-q-tec-vakuum-izolacijska-ploca\/#primaryimage"},"thumbnailUrl":"https:\/\/proventuss.eu\/wp-content\/uploads\/2022\/04\/va-Q-vip_F_GGM_524x336.png","datePublished":"2022-04-26T09:41:39+00:00","dateModified":"2022-07-15T09:46:45+00:00","breadcrumb":{"@id":"https:\/\/proventuss.eu\/hr\/produkt\/va-q-tec-vakuum-izolacijska-ploca\/#breadcrumb"},"inLanguage":"hr","potentialAction":[{"@type":"ReadAction","target":["https:\/\/proventuss.eu\/hr\/produkt\/va-q-tec-vakuum-izolacijska-ploca\/"]}]},{"@type":"ImageObject","inLanguage":"hr","@id":"https:\/\/proventuss.eu\/hr\/produkt\/va-q-tec-vakuum-izolacijska-ploca\/#primaryimage","url":"https:\/\/proventuss.eu\/wp-content\/uploads\/2022\/04\/va-Q-vip_F_GGM_524x336.png","contentUrl":"https:\/\/proventuss.eu\/wp-content\/uploads\/2022\/04\/va-Q-vip_F_GGM_524x336.png","width":524,"height":336},{"@type":"BreadcrumbList","@id":"https:\/\/proventuss.eu\/hr\/produkt\/va-q-tec-vakuum-izolacijska-ploca\/#breadcrumb","itemListElement":[{"@type":"ListItem","position":1,"name":"Home","item":"https:\/\/proventuss.eu\/"},{"@type":"ListItem","position":2,"name":"Shop","item":"https:\/\/proventuss.eu\/hr\/pohraniti\/"},{"@type":"ListItem","position":3,"name":"Va-Q-Tec &#8211; Vakuumska izolacijska plo\u010da"}]},{"@type":"WebSite","@id":"https:\/\/proventuss.eu\/#website","url":"https:\/\/proventuss.eu\/","name":"Proventuss","description":"","potentialAction":[{"@type":"SearchAction","target":{"@type":"EntryPoint","urlTemplate":"https:\/\/proventuss.eu\/?s={search_term_string}"},"query-input":"required name=search_term_string"}],"inLanguage":"hr"}]}},"_links":{"self":[{"href":"https:\/\/proventuss.eu\/hr\/wp-json\/wp\/v2\/product\/2921"}],"collection":[{"href":"https:\/\/proventuss.eu\/hr\/wp-json\/wp\/v2\/product"}],"about":[{"href":"https:\/\/proventuss.eu\/hr\/wp-json\/wp\/v2\/types\/product"}],"replies":[{"embeddable":true,"href":"https:\/\/proventuss.eu\/hr\/wp-json\/wp\/v2\/comments?post=2921"}],"wp:featuredmedia":[{"embeddable":true,"href":"https:\/\/proventuss.eu\/hr\/wp-json\/wp\/v2\/media\/2343"}],"wp:attachment":[{"href":"https:\/\/proventuss.eu\/hr\/wp-json\/wp\/v2\/media?parent=2921"}],"wp:term":[{"taxonomy":"product_cat","embeddable":true,"href":"https:\/\/proventuss.eu\/hr\/wp-json\/wp\/v2\/product_cat?post=2921"},{"taxonomy":"product_tag","embeddable":true,"href":"https:\/\/proventuss.eu\/hr\/wp-json\/wp\/v2\/product_tag?post=2921"}],"curies":[{"name":"wp","href":"https:\/\/api.w.org\/{rel}","templated":true}]}}