{"id":2920,"date":"2022-04-26T09:22:25","date_gmt":"2022-04-26T09:22:25","guid":{"rendered":"https:\/\/proventuss.eu\/produkt\/dowsil-375\/"},"modified":"2022-07-26T07:05:52","modified_gmt":"2022-07-26T07:05:52","slug":"poliuretan-za-ugradnju-sustava-staklenih-ograda-bez-okvira-dowsil-375","status":"publish","type":"product","link":"https:\/\/proventuss.eu\/hr\/proizvod\/poliuretan-za-ugradnju-sustava-staklenih-ograda-bez-okvira-dowsil-375\/","title":{"rendered":"Poliuretan za ugradnju sustava staklenih ograda bez okvira DOWSIL 375"},"content":{"rendered":"<p>DOWSIL\u2122 375 Construction &amp; Glass Embedding je razvijen za sigurno postavljanje ravnih i zakrivljenih monolitnih ili laminiranih stakala u U-profile koji se koriste u sustavima staklenih ograda bez okvira i u drugim aplikacijama za unutarnje ili vanjske ugradnje. Jednostavan za rukovanje i mije\u0161anje na licu mjesta.<\/p>\n<p>DOWSIL\u2122 375 Construction &amp; Glass Embedding ima izvrsnu viskoznost za u\u010dinkovitu primjenu i brzo pove\u0107anje \u010dvrsto\u0107e \u0161to poma\u017ee u pove\u0107anju sigurnosti. Izdr\u017eljiv i zajam\u010den sustav, sklopovi ograda izra\u0111eni s DOWSIL\u2122 375 Construction &amp; Glass Embedding pro\u0161li su testove njihala prema DIN 18008-4 u neovisnom institutu za ispitivanje.<\/p>\n<p><strong>UPOTREBA I PREDNOSTI:<\/strong><br \/>\n\u2022 Ugradnja staklenih panela u U-profile za staklene ograde<br \/>\n\u2022 Pogodno za unutarnju i vanjsku primjenu<br \/>\n\u2022 \u010cista staklena estetika s nevidljivim fiksiranjem<br \/>\n\u2022 Izvrsna viskoznost za u\u010dinkovitu primjenu<br \/>\n\u2022 Lagane veli\u010dine spremnika za jednostavno rukovanje<br \/>\n\u2022 U\u010dinkovita i brza primjena za pobolj\u0161anu produktivnost<br \/>\n\u2022 Vrlo krut kako bi se smanjila deformacija stakla<br \/>\n\u2022 Dugi vijek trajanja<br \/>\n\u2022 Vrlo brzo stvrdnjavanje na sobnoj temperaturi<br \/>\n\u2022 Podudaranje boje materijala sa bojom profila<\/p>\n","protected":false},"excerpt":{"rendered":"<p>DOWSIL\u2122 375 Construction &amp; Glass Embedding je razvijen za sigurno postavljanje ravnih i zakrivljenih monolitnih ili laminiranih stakala u U-profile koji se koriste u sustavima staklenih ograda bez okvira i u drugim aplikacijama za unutarnje ili vanjske ugradnje. Jednostavan za rukovanje i mije\u0161anje na licu mjesta. DOWSIL\u2122 375 Construction &amp; Glass Embedding ima izvrsnu viskoznost [&hellip;]<\/p>\n","protected":false},"featured_media":2185,"comment_status":"open","ping_status":"closed","template":"","meta":{"_acf_changed":false},"product_cat":[135],"product_tag":[],"acf":[],"yoast_head":"<!-- This site is optimized with the Yoast SEO plugin v22.9 - https:\/\/yoast.com\/wordpress\/plugins\/seo\/ -->\n<title>Poliuretan za ugradnju sustava staklenih ograda bez okvira DOWSIL 375 - Proventuss<\/title>\n<meta name=\"robots\" content=\"index, follow, max-snippet:-1, max-image-preview:large, max-video-preview:-1\" \/>\n<link rel=\"canonical\" href=\"https:\/\/proventuss.eu\/hr\/produkt\/poliuretan-za-ugradnju-sustava-staklenih-ograda-bez-okvira-dowsil-375\/\" \/>\n<meta property=\"og:locale\" content=\"hr_HR\" \/>\n<meta property=\"og:type\" content=\"article\" \/>\n<meta property=\"og:title\" content=\"Poliuretan za ugradnju sustava staklenih ograda bez okvira DOWSIL 375 - Proventuss\" \/>\n<meta property=\"og:description\" content=\"DOWSIL\u2122 375 Construction &amp; Glass Embedding je razvijen za sigurno postavljanje ravnih i zakrivljenih monolitnih ili laminiranih stakala u U-profile koji se koriste u sustavima staklenih ograda bez okvira i u drugim aplikacijama za unutarnje ili vanjske ugradnje. Jednostavan za rukovanje i mije\u0161anje na licu mjesta. DOWSIL\u2122 375 Construction &amp; Glass Embedding ima izvrsnu viskoznost [&hellip;]\" \/>\n<meta property=\"og:url\" content=\"https:\/\/proventuss.eu\/hr\/produkt\/poliuretan-za-ugradnju-sustava-staklenih-ograda-bez-okvira-dowsil-375\/\" \/>\n<meta property=\"og:site_name\" content=\"Proventuss\" \/>\n<meta property=\"article:modified_time\" content=\"2022-07-26T07:05:52+00:00\" \/>\n<meta property=\"og:image\" content=\"https:\/\/proventuss.eu\/wp-content\/uploads\/2022\/04\/375.png\" \/>\n\t<meta property=\"og:image:width\" content=\"338\" \/>\n\t<meta property=\"og:image:height\" content=\"433\" \/>\n\t<meta property=\"og:image:type\" content=\"image\/png\" \/>\n<meta name=\"twitter:card\" content=\"summary_large_image\" \/>\n<meta name=\"twitter:label1\" content=\"Procijenjeno vrijeme \u010ditanja\" \/>\n\t<meta name=\"twitter:data1\" content=\"1 minuta\" \/>\n<script type=\"application\/ld+json\" class=\"yoast-schema-graph\">{\"@context\":\"https:\/\/schema.org\",\"@graph\":[{\"@type\":\"WebPage\",\"@id\":\"https:\/\/proventuss.eu\/hr\/produkt\/poliuretan-za-ugradnju-sustava-staklenih-ograda-bez-okvira-dowsil-375\/\",\"url\":\"https:\/\/proventuss.eu\/hr\/produkt\/poliuretan-za-ugradnju-sustava-staklenih-ograda-bez-okvira-dowsil-375\/\",\"name\":\"Poliuretan za ugradnju sustava staklenih ograda bez okvira DOWSIL 375 - Proventuss\",\"isPartOf\":{\"@id\":\"https:\/\/proventuss.eu\/#website\"},\"primaryImageOfPage\":{\"@id\":\"https:\/\/proventuss.eu\/hr\/produkt\/poliuretan-za-ugradnju-sustava-staklenih-ograda-bez-okvira-dowsil-375\/#primaryimage\"},\"image\":{\"@id\":\"https:\/\/proventuss.eu\/hr\/produkt\/poliuretan-za-ugradnju-sustava-staklenih-ograda-bez-okvira-dowsil-375\/#primaryimage\"},\"thumbnailUrl\":\"https:\/\/proventuss.eu\/wp-content\/uploads\/2022\/04\/375.png\",\"datePublished\":\"2022-04-26T09:22:25+00:00\",\"dateModified\":\"2022-07-26T07:05:52+00:00\",\"breadcrumb\":{\"@id\":\"https:\/\/proventuss.eu\/hr\/produkt\/poliuretan-za-ugradnju-sustava-staklenih-ograda-bez-okvira-dowsil-375\/#breadcrumb\"},\"inLanguage\":\"hr\",\"potentialAction\":[{\"@type\":\"ReadAction\",\"target\":[\"https:\/\/proventuss.eu\/hr\/produkt\/poliuretan-za-ugradnju-sustava-staklenih-ograda-bez-okvira-dowsil-375\/\"]}]},{\"@type\":\"ImageObject\",\"inLanguage\":\"hr\",\"@id\":\"https:\/\/proventuss.eu\/hr\/produkt\/poliuretan-za-ugradnju-sustava-staklenih-ograda-bez-okvira-dowsil-375\/#primaryimage\",\"url\":\"https:\/\/proventuss.eu\/wp-content\/uploads\/2022\/04\/375.png\",\"contentUrl\":\"https:\/\/proventuss.eu\/wp-content\/uploads\/2022\/04\/375.png\",\"width\":338,\"height\":433},{\"@type\":\"BreadcrumbList\",\"@id\":\"https:\/\/proventuss.eu\/hr\/produkt\/poliuretan-za-ugradnju-sustava-staklenih-ograda-bez-okvira-dowsil-375\/#breadcrumb\",\"itemListElement\":[{\"@type\":\"ListItem\",\"position\":1,\"name\":\"Home\",\"item\":\"https:\/\/proventuss.eu\/\"},{\"@type\":\"ListItem\",\"position\":2,\"name\":\"Shop\",\"item\":\"https:\/\/proventuss.eu\/hr\/pohraniti\/\"},{\"@type\":\"ListItem\",\"position\":3,\"name\":\"Poliuretan za ugradnju sustava staklenih ograda bez okvira DOWSIL 375\"}]},{\"@type\":\"WebSite\",\"@id\":\"https:\/\/proventuss.eu\/#website\",\"url\":\"https:\/\/proventuss.eu\/\",\"name\":\"Proventuss\",\"description\":\"\",\"potentialAction\":[{\"@type\":\"SearchAction\",\"target\":{\"@type\":\"EntryPoint\",\"urlTemplate\":\"https:\/\/proventuss.eu\/?s={search_term_string}\"},\"query-input\":\"required name=search_term_string\"}],\"inLanguage\":\"hr\"}]}<\/script>\n<!-- \/ Yoast SEO plugin. -->","yoast_head_json":{"title":"Poliuretan za ugradnju sustava staklenih ograda bez okvira DOWSIL 375 - Proventuss","robots":{"index":"index","follow":"follow","max-snippet":"max-snippet:-1","max-image-preview":"max-image-preview:large","max-video-preview":"max-video-preview:-1"},"canonical":"https:\/\/proventuss.eu\/hr\/produkt\/poliuretan-za-ugradnju-sustava-staklenih-ograda-bez-okvira-dowsil-375\/","og_locale":"hr_HR","og_type":"article","og_title":"Poliuretan za ugradnju sustava staklenih ograda bez okvira DOWSIL 375 - Proventuss","og_description":"DOWSIL\u2122 375 Construction &amp; Glass Embedding je razvijen za sigurno postavljanje ravnih i zakrivljenih monolitnih ili laminiranih stakala u U-profile koji se koriste u sustavima staklenih ograda bez okvira i u drugim aplikacijama za unutarnje ili vanjske ugradnje. Jednostavan za rukovanje i mije\u0161anje na licu mjesta. DOWSIL\u2122 375 Construction &amp; Glass Embedding ima izvrsnu viskoznost [&hellip;]","og_url":"https:\/\/proventuss.eu\/hr\/produkt\/poliuretan-za-ugradnju-sustava-staklenih-ograda-bez-okvira-dowsil-375\/","og_site_name":"Proventuss","article_modified_time":"2022-07-26T07:05:52+00:00","og_image":[{"width":338,"height":433,"url":"https:\/\/proventuss.eu\/wp-content\/uploads\/2022\/04\/375.png","type":"image\/png"}],"twitter_card":"summary_large_image","twitter_misc":{"Procijenjeno vrijeme \u010ditanja":"1 minuta"},"schema":{"@context":"https:\/\/schema.org","@graph":[{"@type":"WebPage","@id":"https:\/\/proventuss.eu\/hr\/produkt\/poliuretan-za-ugradnju-sustava-staklenih-ograda-bez-okvira-dowsil-375\/","url":"https:\/\/proventuss.eu\/hr\/produkt\/poliuretan-za-ugradnju-sustava-staklenih-ograda-bez-okvira-dowsil-375\/","name":"Poliuretan za ugradnju sustava staklenih ograda bez okvira DOWSIL 375 - Proventuss","isPartOf":{"@id":"https:\/\/proventuss.eu\/#website"},"primaryImageOfPage":{"@id":"https:\/\/proventuss.eu\/hr\/produkt\/poliuretan-za-ugradnju-sustava-staklenih-ograda-bez-okvira-dowsil-375\/#primaryimage"},"image":{"@id":"https:\/\/proventuss.eu\/hr\/produkt\/poliuretan-za-ugradnju-sustava-staklenih-ograda-bez-okvira-dowsil-375\/#primaryimage"},"thumbnailUrl":"https:\/\/proventuss.eu\/wp-content\/uploads\/2022\/04\/375.png","datePublished":"2022-04-26T09:22:25+00:00","dateModified":"2022-07-26T07:05:52+00:00","breadcrumb":{"@id":"https:\/\/proventuss.eu\/hr\/produkt\/poliuretan-za-ugradnju-sustava-staklenih-ograda-bez-okvira-dowsil-375\/#breadcrumb"},"inLanguage":"hr","potentialAction":[{"@type":"ReadAction","target":["https:\/\/proventuss.eu\/hr\/produkt\/poliuretan-za-ugradnju-sustava-staklenih-ograda-bez-okvira-dowsil-375\/"]}]},{"@type":"ImageObject","inLanguage":"hr","@id":"https:\/\/proventuss.eu\/hr\/produkt\/poliuretan-za-ugradnju-sustava-staklenih-ograda-bez-okvira-dowsil-375\/#primaryimage","url":"https:\/\/proventuss.eu\/wp-content\/uploads\/2022\/04\/375.png","contentUrl":"https:\/\/proventuss.eu\/wp-content\/uploads\/2022\/04\/375.png","width":338,"height":433},{"@type":"BreadcrumbList","@id":"https:\/\/proventuss.eu\/hr\/produkt\/poliuretan-za-ugradnju-sustava-staklenih-ograda-bez-okvira-dowsil-375\/#breadcrumb","itemListElement":[{"@type":"ListItem","position":1,"name":"Home","item":"https:\/\/proventuss.eu\/"},{"@type":"ListItem","position":2,"name":"Shop","item":"https:\/\/proventuss.eu\/hr\/pohraniti\/"},{"@type":"ListItem","position":3,"name":"Poliuretan za ugradnju sustava staklenih ograda bez okvira DOWSIL 375"}]},{"@type":"WebSite","@id":"https:\/\/proventuss.eu\/#website","url":"https:\/\/proventuss.eu\/","name":"Proventuss","description":"","potentialAction":[{"@type":"SearchAction","target":{"@type":"EntryPoint","urlTemplate":"https:\/\/proventuss.eu\/?s={search_term_string}"},"query-input":"required name=search_term_string"}],"inLanguage":"hr"}]}},"_links":{"self":[{"href":"https:\/\/proventuss.eu\/hr\/wp-json\/wp\/v2\/product\/2920"}],"collection":[{"href":"https:\/\/proventuss.eu\/hr\/wp-json\/wp\/v2\/product"}],"about":[{"href":"https:\/\/proventuss.eu\/hr\/wp-json\/wp\/v2\/types\/product"}],"replies":[{"embeddable":true,"href":"https:\/\/proventuss.eu\/hr\/wp-json\/wp\/v2\/comments?post=2920"}],"wp:featuredmedia":[{"embeddable":true,"href":"https:\/\/proventuss.eu\/hr\/wp-json\/wp\/v2\/media\/2185"}],"wp:attachment":[{"href":"https:\/\/proventuss.eu\/hr\/wp-json\/wp\/v2\/media?parent=2920"}],"wp:term":[{"taxonomy":"product_cat","embeddable":true,"href":"https:\/\/proventuss.eu\/hr\/wp-json\/wp\/v2\/product_cat?post=2920"},{"taxonomy":"product_tag","embeddable":true,"href":"https:\/\/proventuss.eu\/hr\/wp-json\/wp\/v2\/product_tag?post=2920"}],"curies":[{"name":"wp","href":"https:\/\/api.w.org\/{rel}","templated":true}]}}