{"id":2915,"date":"2022-04-26T09:07:48","date_gmt":"2022-04-26T09:07:48","guid":{"rendered":"https:\/\/proventuss.eu\/produkt\/vi-pro-epdm-membranski-butilni-sloj\/"},"modified":"2023-06-23T08:58:13","modified_gmt":"2023-06-23T08:58:13","slug":"fasadna-dijafragma-od-elastomera-presvucena-butilom-vi-pro-epdm-membrane-butyl-layer","status":"publish","type":"product","link":"https:\/\/proventuss.eu\/hr\/proizvod\/fasadna-dijafragma-od-elastomera-presvucena-butilom-vi-pro-epdm-membrane-butyl-layer\/","title":{"rendered":"Fasadna dijafragma od elastomera presvu\u010dena butilom Vi-Pro\u00ae EPDM MEMBRANE BUTYL LAYER"},"content":{"rendered":"<p><strong>SAMOLJEPLJIVA HIDROIZOLACIJSKA TRAKA<\/strong> na bazi gumenog polimera EPDM. Proizvod se sastoji od 1,0 mm debele EPDM membrane oja\u010dane mre\u017eastom tkaninom oblo\u017eene ljepljivim butilom debljine 0,6 mm koji je prekriven odstranjivim za\u0161titnim filmom. EPDM i ljepljivi butil zajedno daju proizvod s visokim faktorom propu\u0161tanja vodene pare. Vi-Pro EPDM s butilnim slojem dostupan je u crnoj boji.<\/p>\n","protected":false},"excerpt":{"rendered":"<p>SAMOLJEPLJIVA HIDROIZOLACIJSKA TRAKA na bazi gumenog polimera EPDM. Proizvod se sastoji od 1,0 mm debele EPDM membrane oja\u010dane mre\u017eastom tkaninom oblo\u017eene ljepljivim butilom debljine 0,6 mm koji je prekriven odstranjivim za\u0161titnim filmom. EPDM i ljepljivi butil zajedno daju proizvod s visokim faktorom propu\u0161tanja vodene pare. Vi-Pro EPDM s butilnim slojem dostupan je u crnoj boji.<\/p>\n","protected":false},"featured_media":2069,"comment_status":"open","ping_status":"closed","template":"","meta":{"_acf_changed":false},"product_cat":[116],"product_tag":[],"acf":[],"yoast_head":"<!-- This site is optimized with the Yoast SEO plugin v22.9 - https:\/\/yoast.com\/wordpress\/plugins\/seo\/ -->\n<title>Fasadna dijafragma od elastomera presvu\u010dena butilom Vi-Pro\u00ae EPDM MEMBRANE BUTYL LAYER - Proventuss<\/title>\n<meta name=\"robots\" content=\"index, follow, max-snippet:-1, max-image-preview:large, max-video-preview:-1\" \/>\n<link rel=\"canonical\" href=\"https:\/\/proventuss.eu\/hr\/produkt\/fasadna-dijafragma-od-elastomera-presvucena-butilom-vi-pro-epdm-membrane-butyl-layer\/\" \/>\n<meta property=\"og:locale\" content=\"hr_HR\" \/>\n<meta property=\"og:type\" content=\"article\" \/>\n<meta property=\"og:title\" content=\"Fasadna dijafragma od elastomera presvu\u010dena butilom Vi-Pro\u00ae EPDM MEMBRANE BUTYL LAYER - Proventuss\" \/>\n<meta property=\"og:description\" content=\"SAMOLJEPLJIVA HIDROIZOLACIJSKA TRAKA na bazi gumenog polimera EPDM. Proizvod se sastoji od 1,0 mm debele EPDM membrane oja\u010dane mre\u017eastom tkaninom oblo\u017eene ljepljivim butilom debljine 0,6 mm koji je prekriven odstranjivim za\u0161titnim filmom. EPDM i ljepljivi butil zajedno daju proizvod s visokim faktorom propu\u0161tanja vodene pare. Vi-Pro EPDM s butilnim slojem dostupan je u crnoj boji.\" \/>\n<meta property=\"og:url\" content=\"https:\/\/proventuss.eu\/hr\/produkt\/fasadna-dijafragma-od-elastomera-presvucena-butilom-vi-pro-epdm-membrane-butyl-layer\/\" \/>\n<meta property=\"og:site_name\" content=\"Proventuss\" \/>\n<meta property=\"article:modified_time\" content=\"2023-06-23T08:58:13+00:00\" \/>\n<meta property=\"og:image\" content=\"https:\/\/proventuss.eu\/wp-content\/uploads\/2022\/04\/EPDM-Butyl-Layer.jpg\" \/>\n\t<meta property=\"og:image:width\" content=\"832\" \/>\n\t<meta property=\"og:image:height\" content=\"640\" \/>\n\t<meta property=\"og:image:type\" content=\"image\/jpeg\" \/>\n<meta name=\"twitter:card\" content=\"summary_large_image\" \/>\n<meta name=\"twitter:label1\" content=\"Procijenjeno vrijeme \u010ditanja\" \/>\n\t<meta name=\"twitter:data1\" content=\"1 minuta\" \/>\n<script type=\"application\/ld+json\" class=\"yoast-schema-graph\">{\"@context\":\"https:\/\/schema.org\",\"@graph\":[{\"@type\":\"WebPage\",\"@id\":\"https:\/\/proventuss.eu\/hr\/produkt\/fasadna-dijafragma-od-elastomera-presvucena-butilom-vi-pro-epdm-membrane-butyl-layer\/\",\"url\":\"https:\/\/proventuss.eu\/hr\/produkt\/fasadna-dijafragma-od-elastomera-presvucena-butilom-vi-pro-epdm-membrane-butyl-layer\/\",\"name\":\"Fasadna dijafragma od elastomera presvu\u010dena butilom Vi-Pro\u00ae EPDM MEMBRANE BUTYL LAYER - Proventuss\",\"isPartOf\":{\"@id\":\"https:\/\/proventuss.eu\/#website\"},\"primaryImageOfPage\":{\"@id\":\"https:\/\/proventuss.eu\/hr\/produkt\/fasadna-dijafragma-od-elastomera-presvucena-butilom-vi-pro-epdm-membrane-butyl-layer\/#primaryimage\"},\"image\":{\"@id\":\"https:\/\/proventuss.eu\/hr\/produkt\/fasadna-dijafragma-od-elastomera-presvucena-butilom-vi-pro-epdm-membrane-butyl-layer\/#primaryimage\"},\"thumbnailUrl\":\"https:\/\/proventuss.eu\/wp-content\/uploads\/2022\/04\/EPDM-Butyl-Layer.jpg\",\"datePublished\":\"2022-04-26T09:07:48+00:00\",\"dateModified\":\"2023-06-23T08:58:13+00:00\",\"breadcrumb\":{\"@id\":\"https:\/\/proventuss.eu\/hr\/produkt\/fasadna-dijafragma-od-elastomera-presvucena-butilom-vi-pro-epdm-membrane-butyl-layer\/#breadcrumb\"},\"inLanguage\":\"hr\",\"potentialAction\":[{\"@type\":\"ReadAction\",\"target\":[\"https:\/\/proventuss.eu\/hr\/produkt\/fasadna-dijafragma-od-elastomera-presvucena-butilom-vi-pro-epdm-membrane-butyl-layer\/\"]}]},{\"@type\":\"ImageObject\",\"inLanguage\":\"hr\",\"@id\":\"https:\/\/proventuss.eu\/hr\/produkt\/fasadna-dijafragma-od-elastomera-presvucena-butilom-vi-pro-epdm-membrane-butyl-layer\/#primaryimage\",\"url\":\"https:\/\/proventuss.eu\/wp-content\/uploads\/2022\/04\/EPDM-Butyl-Layer.jpg\",\"contentUrl\":\"https:\/\/proventuss.eu\/wp-content\/uploads\/2022\/04\/EPDM-Butyl-Layer.jpg\",\"width\":832,\"height\":640,\"caption\":\"Na zdj\u0119ciu samoprzylepny, fasadowy pas uszczelniaj\u0105cy z EPDM o grubo\u015bci 1,6 mm o niskim wsp\u00f3\u0142czynniku oporu na dyfuzje pary wodnej. Kolor czarny. Rolka.\"},{\"@type\":\"BreadcrumbList\",\"@id\":\"https:\/\/proventuss.eu\/hr\/produkt\/fasadna-dijafragma-od-elastomera-presvucena-butilom-vi-pro-epdm-membrane-butyl-layer\/#breadcrumb\",\"itemListElement\":[{\"@type\":\"ListItem\",\"position\":1,\"name\":\"Home\",\"item\":\"https:\/\/proventuss.eu\/\"},{\"@type\":\"ListItem\",\"position\":2,\"name\":\"Shop\",\"item\":\"https:\/\/proventuss.eu\/hr\/pohraniti\/\"},{\"@type\":\"ListItem\",\"position\":3,\"name\":\"Fasadna dijafragma od elastomera presvu\u010dena butilom Vi-Pro\u00ae EPDM MEMBRANE BUTYL LAYER\"}]},{\"@type\":\"WebSite\",\"@id\":\"https:\/\/proventuss.eu\/#website\",\"url\":\"https:\/\/proventuss.eu\/\",\"name\":\"Proventuss\",\"description\":\"\",\"potentialAction\":[{\"@type\":\"SearchAction\",\"target\":{\"@type\":\"EntryPoint\",\"urlTemplate\":\"https:\/\/proventuss.eu\/?s={search_term_string}\"},\"query-input\":\"required name=search_term_string\"}],\"inLanguage\":\"hr\"}]}<\/script>\n<!-- \/ Yoast SEO plugin. -->","yoast_head_json":{"title":"Fasadna dijafragma od elastomera presvu\u010dena butilom Vi-Pro\u00ae EPDM MEMBRANE BUTYL LAYER - Proventuss","robots":{"index":"index","follow":"follow","max-snippet":"max-snippet:-1","max-image-preview":"max-image-preview:large","max-video-preview":"max-video-preview:-1"},"canonical":"https:\/\/proventuss.eu\/hr\/produkt\/fasadna-dijafragma-od-elastomera-presvucena-butilom-vi-pro-epdm-membrane-butyl-layer\/","og_locale":"hr_HR","og_type":"article","og_title":"Fasadna dijafragma od elastomera presvu\u010dena butilom Vi-Pro\u00ae EPDM MEMBRANE BUTYL LAYER - Proventuss","og_description":"SAMOLJEPLJIVA HIDROIZOLACIJSKA TRAKA na bazi gumenog polimera EPDM. Proizvod se sastoji od 1,0 mm debele EPDM membrane oja\u010dane mre\u017eastom tkaninom oblo\u017eene ljepljivim butilom debljine 0,6 mm koji je prekriven odstranjivim za\u0161titnim filmom. EPDM i ljepljivi butil zajedno daju proizvod s visokim faktorom propu\u0161tanja vodene pare. Vi-Pro EPDM s butilnim slojem dostupan je u crnoj boji.","og_url":"https:\/\/proventuss.eu\/hr\/produkt\/fasadna-dijafragma-od-elastomera-presvucena-butilom-vi-pro-epdm-membrane-butyl-layer\/","og_site_name":"Proventuss","article_modified_time":"2023-06-23T08:58:13+00:00","og_image":[{"width":832,"height":640,"url":"https:\/\/proventuss.eu\/wp-content\/uploads\/2022\/04\/EPDM-Butyl-Layer.jpg","type":"image\/jpeg"}],"twitter_card":"summary_large_image","twitter_misc":{"Procijenjeno vrijeme \u010ditanja":"1 minuta"},"schema":{"@context":"https:\/\/schema.org","@graph":[{"@type":"WebPage","@id":"https:\/\/proventuss.eu\/hr\/produkt\/fasadna-dijafragma-od-elastomera-presvucena-butilom-vi-pro-epdm-membrane-butyl-layer\/","url":"https:\/\/proventuss.eu\/hr\/produkt\/fasadna-dijafragma-od-elastomera-presvucena-butilom-vi-pro-epdm-membrane-butyl-layer\/","name":"Fasadna dijafragma od elastomera presvu\u010dena butilom Vi-Pro\u00ae EPDM MEMBRANE BUTYL LAYER - Proventuss","isPartOf":{"@id":"https:\/\/proventuss.eu\/#website"},"primaryImageOfPage":{"@id":"https:\/\/proventuss.eu\/hr\/produkt\/fasadna-dijafragma-od-elastomera-presvucena-butilom-vi-pro-epdm-membrane-butyl-layer\/#primaryimage"},"image":{"@id":"https:\/\/proventuss.eu\/hr\/produkt\/fasadna-dijafragma-od-elastomera-presvucena-butilom-vi-pro-epdm-membrane-butyl-layer\/#primaryimage"},"thumbnailUrl":"https:\/\/proventuss.eu\/wp-content\/uploads\/2022\/04\/EPDM-Butyl-Layer.jpg","datePublished":"2022-04-26T09:07:48+00:00","dateModified":"2023-06-23T08:58:13+00:00","breadcrumb":{"@id":"https:\/\/proventuss.eu\/hr\/produkt\/fasadna-dijafragma-od-elastomera-presvucena-butilom-vi-pro-epdm-membrane-butyl-layer\/#breadcrumb"},"inLanguage":"hr","potentialAction":[{"@type":"ReadAction","target":["https:\/\/proventuss.eu\/hr\/produkt\/fasadna-dijafragma-od-elastomera-presvucena-butilom-vi-pro-epdm-membrane-butyl-layer\/"]}]},{"@type":"ImageObject","inLanguage":"hr","@id":"https:\/\/proventuss.eu\/hr\/produkt\/fasadna-dijafragma-od-elastomera-presvucena-butilom-vi-pro-epdm-membrane-butyl-layer\/#primaryimage","url":"https:\/\/proventuss.eu\/wp-content\/uploads\/2022\/04\/EPDM-Butyl-Layer.jpg","contentUrl":"https:\/\/proventuss.eu\/wp-content\/uploads\/2022\/04\/EPDM-Butyl-Layer.jpg","width":832,"height":640,"caption":"Na zdj\u0119ciu samoprzylepny, fasadowy pas uszczelniaj\u0105cy z EPDM o grubo\u015bci 1,6 mm o niskim wsp\u00f3\u0142czynniku oporu na dyfuzje pary wodnej. Kolor czarny. Rolka."},{"@type":"BreadcrumbList","@id":"https:\/\/proventuss.eu\/hr\/produkt\/fasadna-dijafragma-od-elastomera-presvucena-butilom-vi-pro-epdm-membrane-butyl-layer\/#breadcrumb","itemListElement":[{"@type":"ListItem","position":1,"name":"Home","item":"https:\/\/proventuss.eu\/"},{"@type":"ListItem","position":2,"name":"Shop","item":"https:\/\/proventuss.eu\/hr\/pohraniti\/"},{"@type":"ListItem","position":3,"name":"Fasadna dijafragma od elastomera presvu\u010dena butilom Vi-Pro\u00ae EPDM MEMBRANE BUTYL LAYER"}]},{"@type":"WebSite","@id":"https:\/\/proventuss.eu\/#website","url":"https:\/\/proventuss.eu\/","name":"Proventuss","description":"","potentialAction":[{"@type":"SearchAction","target":{"@type":"EntryPoint","urlTemplate":"https:\/\/proventuss.eu\/?s={search_term_string}"},"query-input":"required name=search_term_string"}],"inLanguage":"hr"}]}},"_links":{"self":[{"href":"https:\/\/proventuss.eu\/hr\/wp-json\/wp\/v2\/product\/2915"}],"collection":[{"href":"https:\/\/proventuss.eu\/hr\/wp-json\/wp\/v2\/product"}],"about":[{"href":"https:\/\/proventuss.eu\/hr\/wp-json\/wp\/v2\/types\/product"}],"replies":[{"embeddable":true,"href":"https:\/\/proventuss.eu\/hr\/wp-json\/wp\/v2\/comments?post=2915"}],"wp:featuredmedia":[{"embeddable":true,"href":"https:\/\/proventuss.eu\/hr\/wp-json\/wp\/v2\/media\/2069"}],"wp:attachment":[{"href":"https:\/\/proventuss.eu\/hr\/wp-json\/wp\/v2\/media?parent=2915"}],"wp:term":[{"taxonomy":"product_cat","embeddable":true,"href":"https:\/\/proventuss.eu\/hr\/wp-json\/wp\/v2\/product_cat?post=2915"},{"taxonomy":"product_tag","embeddable":true,"href":"https:\/\/proventuss.eu\/hr\/wp-json\/wp\/v2\/product_tag?post=2915"}],"curies":[{"name":"wp","href":"https:\/\/api.w.org\/{rel}","templated":true}]}}