{"id":2912,"date":"2022-04-20T07:58:29","date_gmt":"2022-04-20T07:58:29","guid":{"rendered":"https:\/\/proventuss.eu\/produkt\/dowsil-993\/"},"modified":"2022-07-26T06:37:58","modified_gmt":"2022-07-26T06:37:58","slug":"dvokomponentni-strukturni-silikon-dowsil-993","status":"publish","type":"product","link":"https:\/\/proventuss.eu\/hr\/proizvod\/dvokomponentni-strukturni-silikon-dowsil-993\/","title":{"rendered":"Dvokomponentni strukturni silikon DOWSIL 993"},"content":{"rendered":"<p><strong>DVOKOMPONENTNO STRUKTURNO SILIKONSKO BRTVILO S NEUTRALNIM STVRDNJAVANJEM <\/strong>specijalizirano ljepilo za brtvljenje za strukturno lijepljenje stakla na metalnu potkonstrukciju ovje\u0161ene fasade. Pru\u017ea izvrsno prianjanje na razli\u010dite gra\u0111evinske materijale uklju\u010duju\u0107i staklo i metal (anodizirani i prahom premazani aluminij, nehr\u0111aju\u0107i \u010delik, itd.).<\/p>\n<p><strong>PREDNOSTI<\/strong><br \/>\n\u2022 Zadovoljava europski standard za strukturno ostakljenje koji su razvile radne skupine Europske organizacije za tehni\u010dko ocjenjivanje (EOTA)<br \/>\n\u2022 Odobreno za sve \u010detiri vrste sustava strukturalnog ostakljenja (vrsta I, II, III, IV prema ETAG-u 002)<br \/>\n\u2022 Izvrsno prianjanje na \u0161irok raspon podloga uklju\u010duju\u0107i oblo\u017eena, emajlirana i reflektiraju\u0107a stakla,<br \/>\nanodizirani i poliesterskom bojom premazani aluminij i nehr\u0111aju\u0107i \u010delik<br \/>\n\u2022 Visoka razina mehani\u010dkih svojstava<br \/>\n\u2022 Strukturne performanse<br \/>\n\u2022 Stvrdnjavanje bez mirisa i korozije<br \/>\n\u2022 Izvrsna otpornost na ozon i ultraljubi\u010dasto zra\u010denje (UV)<br \/>\n\u2022 Izvrsna stabilnost na \u0161irokom rasponu temperatura<br \/>\n\u2022 Europska tehni\u010dka ocjena br. ETA-01\/0005 i EC izjava o sukladnosti<br \/>\n\u2022 Dostupno u bijeloj boji i razli\u010ditim sivim nijansama<\/p>\n<p><strong>PAKIRANJE\/BOJE<\/strong><br \/>\nBaza: ba\u010dva od 250 kg. Boja: bijela<br \/>\nKatalizator: HV\/GER kanta od 25 kg. Boja: crna, tamnosiva, srednje siva, svjetlosiva, prozirna<br \/>\nKomplet za popravak:<br \/>\nkartu\u0161a 300 gr. A + 30 gr. B. Boja: crna<br \/>\nkartu\u0161a 545 gr. A + 2\u00d730 gr. B. Boja: crna<\/p>\n","protected":false},"excerpt":{"rendered":"<p>DVOKOMPONENTNO STRUKTURNO SILIKONSKO BRTVILO S NEUTRALNIM STVRDNJAVANJEM specijalizirano ljepilo za brtvljenje za strukturno lijepljenje stakla na metalnu potkonstrukciju ovje\u0161ene fasade. Pru\u017ea izvrsno prianjanje na razli\u010dite gra\u0111evinske materijale uklju\u010duju\u0107i staklo i metal (anodizirani i prahom premazani aluminij, nehr\u0111aju\u0107i \u010delik, itd.). PREDNOSTI \u2022 Zadovoljava europski standard za strukturno ostakljenje koji su razvile radne skupine Europske organizacije za [&hellip;]<\/p>\n","protected":false},"featured_media":2209,"comment_status":"open","ping_status":"closed","template":"","meta":{"_acf_changed":false},"product_cat":[120],"product_tag":[],"acf":[],"yoast_head":"<!-- This site is optimized with the Yoast SEO plugin v22.9 - https:\/\/yoast.com\/wordpress\/plugins\/seo\/ -->\n<title>Dvokomponentni strukturni silikon DOWSIL 993 - Proventuss<\/title>\n<meta name=\"robots\" content=\"index, follow, max-snippet:-1, max-image-preview:large, max-video-preview:-1\" \/>\n<link rel=\"canonical\" href=\"https:\/\/proventuss.eu\/hr\/produkt\/dvokomponentni-strukturni-silikon-dowsil-993\/\" \/>\n<meta property=\"og:locale\" content=\"hr_HR\" \/>\n<meta property=\"og:type\" content=\"article\" \/>\n<meta property=\"og:title\" content=\"Dvokomponentni strukturni silikon DOWSIL 993 - Proventuss\" \/>\n<meta property=\"og:description\" content=\"DVOKOMPONENTNO STRUKTURNO SILIKONSKO BRTVILO S NEUTRALNIM STVRDNJAVANJEM specijalizirano ljepilo za brtvljenje za strukturno lijepljenje stakla na metalnu potkonstrukciju ovje\u0161ene fasade. Pru\u017ea izvrsno prianjanje na razli\u010dite gra\u0111evinske materijale uklju\u010duju\u0107i staklo i metal (anodizirani i prahom premazani aluminij, nehr\u0111aju\u0107i \u010delik, itd.). PREDNOSTI \u2022 Zadovoljava europski standard za strukturno ostakljenje koji su razvile radne skupine Europske organizacije za [&hellip;]\" \/>\n<meta property=\"og:url\" content=\"https:\/\/proventuss.eu\/hr\/produkt\/dvokomponentni-strukturni-silikon-dowsil-993\/\" \/>\n<meta property=\"og:site_name\" content=\"Proventuss\" \/>\n<meta property=\"article:modified_time\" content=\"2022-07-26T06:37:58+00:00\" \/>\n<meta property=\"og:image\" content=\"https:\/\/proventuss.eu\/wp-content\/uploads\/2022\/04\/993.jpg\" \/>\n\t<meta property=\"og:image:width\" content=\"640\" \/>\n\t<meta property=\"og:image:height\" content=\"905\" \/>\n\t<meta property=\"og:image:type\" content=\"image\/jpeg\" \/>\n<meta name=\"twitter:card\" content=\"summary_large_image\" \/>\n<meta name=\"twitter:label1\" content=\"Procijenjeno vrijeme \u010ditanja\" \/>\n\t<meta name=\"twitter:data1\" content=\"1 minuta\" \/>\n<script type=\"application\/ld+json\" class=\"yoast-schema-graph\">{\"@context\":\"https:\/\/schema.org\",\"@graph\":[{\"@type\":\"WebPage\",\"@id\":\"https:\/\/proventuss.eu\/hr\/produkt\/dvokomponentni-strukturni-silikon-dowsil-993\/\",\"url\":\"https:\/\/proventuss.eu\/hr\/produkt\/dvokomponentni-strukturni-silikon-dowsil-993\/\",\"name\":\"Dvokomponentni strukturni silikon DOWSIL 993 - Proventuss\",\"isPartOf\":{\"@id\":\"https:\/\/proventuss.eu\/#website\"},\"primaryImageOfPage\":{\"@id\":\"https:\/\/proventuss.eu\/hr\/produkt\/dvokomponentni-strukturni-silikon-dowsil-993\/#primaryimage\"},\"image\":{\"@id\":\"https:\/\/proventuss.eu\/hr\/produkt\/dvokomponentni-strukturni-silikon-dowsil-993\/#primaryimage\"},\"thumbnailUrl\":\"https:\/\/proventuss.eu\/wp-content\/uploads\/2022\/04\/993.jpg\",\"datePublished\":\"2022-04-20T07:58:29+00:00\",\"dateModified\":\"2022-07-26T06:37:58+00:00\",\"breadcrumb\":{\"@id\":\"https:\/\/proventuss.eu\/hr\/produkt\/dvokomponentni-strukturni-silikon-dowsil-993\/#breadcrumb\"},\"inLanguage\":\"hr\",\"potentialAction\":[{\"@type\":\"ReadAction\",\"target\":[\"https:\/\/proventuss.eu\/hr\/produkt\/dvokomponentni-strukturni-silikon-dowsil-993\/\"]}]},{\"@type\":\"ImageObject\",\"inLanguage\":\"hr\",\"@id\":\"https:\/\/proventuss.eu\/hr\/produkt\/dvokomponentni-strukturni-silikon-dowsil-993\/#primaryimage\",\"url\":\"https:\/\/proventuss.eu\/wp-content\/uploads\/2022\/04\/993.jpg\",\"contentUrl\":\"https:\/\/proventuss.eu\/wp-content\/uploads\/2022\/04\/993.jpg\",\"width\":640,\"height\":905},{\"@type\":\"BreadcrumbList\",\"@id\":\"https:\/\/proventuss.eu\/hr\/produkt\/dvokomponentni-strukturni-silikon-dowsil-993\/#breadcrumb\",\"itemListElement\":[{\"@type\":\"ListItem\",\"position\":1,\"name\":\"Home\",\"item\":\"https:\/\/proventuss.eu\/\"},{\"@type\":\"ListItem\",\"position\":2,\"name\":\"Shop\",\"item\":\"https:\/\/proventuss.eu\/hr\/pohraniti\/\"},{\"@type\":\"ListItem\",\"position\":3,\"name\":\"Dvokomponentni strukturni silikon DOWSIL 993\"}]},{\"@type\":\"WebSite\",\"@id\":\"https:\/\/proventuss.eu\/#website\",\"url\":\"https:\/\/proventuss.eu\/\",\"name\":\"Proventuss\",\"description\":\"\",\"potentialAction\":[{\"@type\":\"SearchAction\",\"target\":{\"@type\":\"EntryPoint\",\"urlTemplate\":\"https:\/\/proventuss.eu\/?s={search_term_string}\"},\"query-input\":\"required name=search_term_string\"}],\"inLanguage\":\"hr\"}]}<\/script>\n<!-- \/ Yoast SEO plugin. -->","yoast_head_json":{"title":"Dvokomponentni strukturni silikon DOWSIL 993 - Proventuss","robots":{"index":"index","follow":"follow","max-snippet":"max-snippet:-1","max-image-preview":"max-image-preview:large","max-video-preview":"max-video-preview:-1"},"canonical":"https:\/\/proventuss.eu\/hr\/produkt\/dvokomponentni-strukturni-silikon-dowsil-993\/","og_locale":"hr_HR","og_type":"article","og_title":"Dvokomponentni strukturni silikon DOWSIL 993 - Proventuss","og_description":"DVOKOMPONENTNO STRUKTURNO SILIKONSKO BRTVILO S NEUTRALNIM STVRDNJAVANJEM specijalizirano ljepilo za brtvljenje za strukturno lijepljenje stakla na metalnu potkonstrukciju ovje\u0161ene fasade. Pru\u017ea izvrsno prianjanje na razli\u010dite gra\u0111evinske materijale uklju\u010duju\u0107i staklo i metal (anodizirani i prahom premazani aluminij, nehr\u0111aju\u0107i \u010delik, itd.). PREDNOSTI \u2022 Zadovoljava europski standard za strukturno ostakljenje koji su razvile radne skupine Europske organizacije za [&hellip;]","og_url":"https:\/\/proventuss.eu\/hr\/produkt\/dvokomponentni-strukturni-silikon-dowsil-993\/","og_site_name":"Proventuss","article_modified_time":"2022-07-26T06:37:58+00:00","og_image":[{"width":640,"height":905,"url":"https:\/\/proventuss.eu\/wp-content\/uploads\/2022\/04\/993.jpg","type":"image\/jpeg"}],"twitter_card":"summary_large_image","twitter_misc":{"Procijenjeno vrijeme \u010ditanja":"1 minuta"},"schema":{"@context":"https:\/\/schema.org","@graph":[{"@type":"WebPage","@id":"https:\/\/proventuss.eu\/hr\/produkt\/dvokomponentni-strukturni-silikon-dowsil-993\/","url":"https:\/\/proventuss.eu\/hr\/produkt\/dvokomponentni-strukturni-silikon-dowsil-993\/","name":"Dvokomponentni strukturni silikon DOWSIL 993 - Proventuss","isPartOf":{"@id":"https:\/\/proventuss.eu\/#website"},"primaryImageOfPage":{"@id":"https:\/\/proventuss.eu\/hr\/produkt\/dvokomponentni-strukturni-silikon-dowsil-993\/#primaryimage"},"image":{"@id":"https:\/\/proventuss.eu\/hr\/produkt\/dvokomponentni-strukturni-silikon-dowsil-993\/#primaryimage"},"thumbnailUrl":"https:\/\/proventuss.eu\/wp-content\/uploads\/2022\/04\/993.jpg","datePublished":"2022-04-20T07:58:29+00:00","dateModified":"2022-07-26T06:37:58+00:00","breadcrumb":{"@id":"https:\/\/proventuss.eu\/hr\/produkt\/dvokomponentni-strukturni-silikon-dowsil-993\/#breadcrumb"},"inLanguage":"hr","potentialAction":[{"@type":"ReadAction","target":["https:\/\/proventuss.eu\/hr\/produkt\/dvokomponentni-strukturni-silikon-dowsil-993\/"]}]},{"@type":"ImageObject","inLanguage":"hr","@id":"https:\/\/proventuss.eu\/hr\/produkt\/dvokomponentni-strukturni-silikon-dowsil-993\/#primaryimage","url":"https:\/\/proventuss.eu\/wp-content\/uploads\/2022\/04\/993.jpg","contentUrl":"https:\/\/proventuss.eu\/wp-content\/uploads\/2022\/04\/993.jpg","width":640,"height":905},{"@type":"BreadcrumbList","@id":"https:\/\/proventuss.eu\/hr\/produkt\/dvokomponentni-strukturni-silikon-dowsil-993\/#breadcrumb","itemListElement":[{"@type":"ListItem","position":1,"name":"Home","item":"https:\/\/proventuss.eu\/"},{"@type":"ListItem","position":2,"name":"Shop","item":"https:\/\/proventuss.eu\/hr\/pohraniti\/"},{"@type":"ListItem","position":3,"name":"Dvokomponentni strukturni silikon DOWSIL 993"}]},{"@type":"WebSite","@id":"https:\/\/proventuss.eu\/#website","url":"https:\/\/proventuss.eu\/","name":"Proventuss","description":"","potentialAction":[{"@type":"SearchAction","target":{"@type":"EntryPoint","urlTemplate":"https:\/\/proventuss.eu\/?s={search_term_string}"},"query-input":"required name=search_term_string"}],"inLanguage":"hr"}]}},"_links":{"self":[{"href":"https:\/\/proventuss.eu\/hr\/wp-json\/wp\/v2\/product\/2912"}],"collection":[{"href":"https:\/\/proventuss.eu\/hr\/wp-json\/wp\/v2\/product"}],"about":[{"href":"https:\/\/proventuss.eu\/hr\/wp-json\/wp\/v2\/types\/product"}],"replies":[{"embeddable":true,"href":"https:\/\/proventuss.eu\/hr\/wp-json\/wp\/v2\/comments?post=2912"}],"wp:featuredmedia":[{"embeddable":true,"href":"https:\/\/proventuss.eu\/hr\/wp-json\/wp\/v2\/media\/2209"}],"wp:attachment":[{"href":"https:\/\/proventuss.eu\/hr\/wp-json\/wp\/v2\/media?parent=2912"}],"wp:term":[{"taxonomy":"product_cat","embeddable":true,"href":"https:\/\/proventuss.eu\/hr\/wp-json\/wp\/v2\/product_cat?post=2912"},{"taxonomy":"product_tag","embeddable":true,"href":"https:\/\/proventuss.eu\/hr\/wp-json\/wp\/v2\/product_tag?post=2912"}],"curies":[{"name":"wp","href":"https:\/\/api.w.org\/{rel}","templated":true}]}}