{"id":2909,"date":"2022-04-26T09:03:14","date_gmt":"2022-04-26T09:03:14","guid":{"rendered":"https:\/\/proventuss.eu\/produkt\/vi-pro-epdm-membrana-unutrasnja-super\/"},"modified":"2023-06-23T08:53:25","modified_gmt":"2023-06-23T08:53:25","slug":"vodootporni-elastomerni-pojas-vi-pro-epdm-membrane-internal-super","status":"publish","type":"product","link":"https:\/\/proventuss.eu\/hr\/proizvod\/vodootporni-elastomerni-pojas-vi-pro-epdm-membrane-internal-super\/","title":{"rendered":"Vodootporni elastomerni pojas Vi-Pro\u00ae EPDM MEMBRANE INTERNAL SUPER"},"content":{"rendered":"<p><strong>ELASTOMERNA HIDROIZOLACIJSKA TRAKA<\/strong> na bazi gumenog polimera butila s visokim faktorom propu\u0161tanja vodene pare. Proizvod dolazi u crnoj boji i ima povr\u0161insku teksturu s obje strane za maksimalno prianjanje.<\/p>\n","protected":false},"excerpt":{"rendered":"<p>ELASTOMERNA HIDROIZOLACIJSKA TRAKA na bazi gumenog polimera butila s visokim faktorom propu\u0161tanja vodene pare. Proizvod dolazi u crnoj boji i ima povr\u0161insku teksturu s obje strane za maksimalno prianjanje.<\/p>\n","protected":false},"featured_media":2063,"comment_status":"open","ping_status":"closed","template":"","meta":{"_acf_changed":false},"product_cat":[116],"product_tag":[],"acf":[],"yoast_head":"<!-- This site is optimized with the Yoast SEO plugin v22.9 - https:\/\/yoast.com\/wordpress\/plugins\/seo\/ -->\n<title>Vodootporni elastomerni pojas Vi-Pro\u00ae EPDM MEMBRANE INTERNAL SUPER - Proventuss<\/title>\n<meta name=\"robots\" content=\"index, follow, max-snippet:-1, max-image-preview:large, max-video-preview:-1\" \/>\n<link rel=\"canonical\" href=\"https:\/\/proventuss.eu\/hr\/produkt\/vodootporni-elastomerni-pojas-vi-pro-epdm-membrane-internal-super\/\" \/>\n<meta property=\"og:locale\" content=\"hr_HR\" \/>\n<meta property=\"og:type\" content=\"article\" \/>\n<meta property=\"og:title\" content=\"Vodootporni elastomerni pojas Vi-Pro\u00ae EPDM MEMBRANE INTERNAL SUPER - Proventuss\" \/>\n<meta property=\"og:description\" content=\"ELASTOMERNA HIDROIZOLACIJSKA TRAKA na bazi gumenog polimera butila s visokim faktorom propu\u0161tanja vodene pare. Proizvod dolazi u crnoj boji i ima povr\u0161insku teksturu s obje strane za maksimalno prianjanje.\" \/>\n<meta property=\"og:url\" content=\"https:\/\/proventuss.eu\/hr\/produkt\/vodootporni-elastomerni-pojas-vi-pro-epdm-membrane-internal-super\/\" \/>\n<meta property=\"og:site_name\" content=\"Proventuss\" \/>\n<meta property=\"article:modified_time\" content=\"2023-06-23T08:53:25+00:00\" \/>\n<meta property=\"og:image\" content=\"https:\/\/proventuss.eu\/wp-content\/uploads\/2022\/04\/EPDM.png\" \/>\n\t<meta property=\"og:image:width\" content=\"453\" \/>\n\t<meta property=\"og:image:height\" content=\"426\" \/>\n\t<meta property=\"og:image:type\" content=\"image\/png\" \/>\n<meta name=\"twitter:card\" content=\"summary_large_image\" \/>\n<meta name=\"twitter:label1\" content=\"Procijenjeno vrijeme \u010ditanja\" \/>\n\t<meta name=\"twitter:data1\" content=\"1 minuta\" \/>\n<script type=\"application\/ld+json\" class=\"yoast-schema-graph\">{\"@context\":\"https:\/\/schema.org\",\"@graph\":[{\"@type\":\"WebPage\",\"@id\":\"https:\/\/proventuss.eu\/hr\/produkt\/vodootporni-elastomerni-pojas-vi-pro-epdm-membrane-internal-super\/\",\"url\":\"https:\/\/proventuss.eu\/hr\/produkt\/vodootporni-elastomerni-pojas-vi-pro-epdm-membrane-internal-super\/\",\"name\":\"Vodootporni elastomerni pojas Vi-Pro\u00ae EPDM MEMBRANE INTERNAL SUPER - Proventuss\",\"isPartOf\":{\"@id\":\"https:\/\/proventuss.eu\/#website\"},\"primaryImageOfPage\":{\"@id\":\"https:\/\/proventuss.eu\/hr\/produkt\/vodootporni-elastomerni-pojas-vi-pro-epdm-membrane-internal-super\/#primaryimage\"},\"image\":{\"@id\":\"https:\/\/proventuss.eu\/hr\/produkt\/vodootporni-elastomerni-pojas-vi-pro-epdm-membrane-internal-super\/#primaryimage\"},\"thumbnailUrl\":\"https:\/\/proventuss.eu\/wp-content\/uploads\/2022\/04\/EPDM.png\",\"datePublished\":\"2022-04-26T09:03:14+00:00\",\"dateModified\":\"2023-06-23T08:53:25+00:00\",\"breadcrumb\":{\"@id\":\"https:\/\/proventuss.eu\/hr\/produkt\/vodootporni-elastomerni-pojas-vi-pro-epdm-membrane-internal-super\/#breadcrumb\"},\"inLanguage\":\"hr\",\"potentialAction\":[{\"@type\":\"ReadAction\",\"target\":[\"https:\/\/proventuss.eu\/hr\/produkt\/vodootporni-elastomerni-pojas-vi-pro-epdm-membrane-internal-super\/\"]}]},{\"@type\":\"ImageObject\",\"inLanguage\":\"hr\",\"@id\":\"https:\/\/proventuss.eu\/hr\/produkt\/vodootporni-elastomerni-pojas-vi-pro-epdm-membrane-internal-super\/#primaryimage\",\"url\":\"https:\/\/proventuss.eu\/wp-content\/uploads\/2022\/04\/EPDM.png\",\"contentUrl\":\"https:\/\/proventuss.eu\/wp-content\/uploads\/2022\/04\/EPDM.png\",\"width\":453,\"height\":426,\"caption\":\"Na zdj\u0119ciu wodoszczelny pas elastomerowy wykonany na bazie kauczuku syntetycznego o wysokim wsp\u00f3\u0142czynniku oporu na dyfuzj\u0119 pary wodnej.\"},{\"@type\":\"BreadcrumbList\",\"@id\":\"https:\/\/proventuss.eu\/hr\/produkt\/vodootporni-elastomerni-pojas-vi-pro-epdm-membrane-internal-super\/#breadcrumb\",\"itemListElement\":[{\"@type\":\"ListItem\",\"position\":1,\"name\":\"Home\",\"item\":\"https:\/\/proventuss.eu\/\"},{\"@type\":\"ListItem\",\"position\":2,\"name\":\"Shop\",\"item\":\"https:\/\/proventuss.eu\/hr\/pohraniti\/\"},{\"@type\":\"ListItem\",\"position\":3,\"name\":\"Vodootporni elastomerni pojas Vi-Pro\u00ae EPDM MEMBRANE INTERNAL SUPER\"}]},{\"@type\":\"WebSite\",\"@id\":\"https:\/\/proventuss.eu\/#website\",\"url\":\"https:\/\/proventuss.eu\/\",\"name\":\"Proventuss\",\"description\":\"\",\"potentialAction\":[{\"@type\":\"SearchAction\",\"target\":{\"@type\":\"EntryPoint\",\"urlTemplate\":\"https:\/\/proventuss.eu\/?s={search_term_string}\"},\"query-input\":\"required name=search_term_string\"}],\"inLanguage\":\"hr\"}]}<\/script>\n<!-- \/ Yoast SEO plugin. -->","yoast_head_json":{"title":"Vodootporni elastomerni pojas Vi-Pro\u00ae EPDM MEMBRANE INTERNAL SUPER - Proventuss","robots":{"index":"index","follow":"follow","max-snippet":"max-snippet:-1","max-image-preview":"max-image-preview:large","max-video-preview":"max-video-preview:-1"},"canonical":"https:\/\/proventuss.eu\/hr\/produkt\/vodootporni-elastomerni-pojas-vi-pro-epdm-membrane-internal-super\/","og_locale":"hr_HR","og_type":"article","og_title":"Vodootporni elastomerni pojas Vi-Pro\u00ae EPDM MEMBRANE INTERNAL SUPER - Proventuss","og_description":"ELASTOMERNA HIDROIZOLACIJSKA TRAKA na bazi gumenog polimera butila s visokim faktorom propu\u0161tanja vodene pare. Proizvod dolazi u crnoj boji i ima povr\u0161insku teksturu s obje strane za maksimalno prianjanje.","og_url":"https:\/\/proventuss.eu\/hr\/produkt\/vodootporni-elastomerni-pojas-vi-pro-epdm-membrane-internal-super\/","og_site_name":"Proventuss","article_modified_time":"2023-06-23T08:53:25+00:00","og_image":[{"width":453,"height":426,"url":"https:\/\/proventuss.eu\/wp-content\/uploads\/2022\/04\/EPDM.png","type":"image\/png"}],"twitter_card":"summary_large_image","twitter_misc":{"Procijenjeno vrijeme \u010ditanja":"1 minuta"},"schema":{"@context":"https:\/\/schema.org","@graph":[{"@type":"WebPage","@id":"https:\/\/proventuss.eu\/hr\/produkt\/vodootporni-elastomerni-pojas-vi-pro-epdm-membrane-internal-super\/","url":"https:\/\/proventuss.eu\/hr\/produkt\/vodootporni-elastomerni-pojas-vi-pro-epdm-membrane-internal-super\/","name":"Vodootporni elastomerni pojas Vi-Pro\u00ae EPDM MEMBRANE INTERNAL SUPER - Proventuss","isPartOf":{"@id":"https:\/\/proventuss.eu\/#website"},"primaryImageOfPage":{"@id":"https:\/\/proventuss.eu\/hr\/produkt\/vodootporni-elastomerni-pojas-vi-pro-epdm-membrane-internal-super\/#primaryimage"},"image":{"@id":"https:\/\/proventuss.eu\/hr\/produkt\/vodootporni-elastomerni-pojas-vi-pro-epdm-membrane-internal-super\/#primaryimage"},"thumbnailUrl":"https:\/\/proventuss.eu\/wp-content\/uploads\/2022\/04\/EPDM.png","datePublished":"2022-04-26T09:03:14+00:00","dateModified":"2023-06-23T08:53:25+00:00","breadcrumb":{"@id":"https:\/\/proventuss.eu\/hr\/produkt\/vodootporni-elastomerni-pojas-vi-pro-epdm-membrane-internal-super\/#breadcrumb"},"inLanguage":"hr","potentialAction":[{"@type":"ReadAction","target":["https:\/\/proventuss.eu\/hr\/produkt\/vodootporni-elastomerni-pojas-vi-pro-epdm-membrane-internal-super\/"]}]},{"@type":"ImageObject","inLanguage":"hr","@id":"https:\/\/proventuss.eu\/hr\/produkt\/vodootporni-elastomerni-pojas-vi-pro-epdm-membrane-internal-super\/#primaryimage","url":"https:\/\/proventuss.eu\/wp-content\/uploads\/2022\/04\/EPDM.png","contentUrl":"https:\/\/proventuss.eu\/wp-content\/uploads\/2022\/04\/EPDM.png","width":453,"height":426,"caption":"Na zdj\u0119ciu wodoszczelny pas elastomerowy wykonany na bazie kauczuku syntetycznego o wysokim wsp\u00f3\u0142czynniku oporu na dyfuzj\u0119 pary wodnej."},{"@type":"BreadcrumbList","@id":"https:\/\/proventuss.eu\/hr\/produkt\/vodootporni-elastomerni-pojas-vi-pro-epdm-membrane-internal-super\/#breadcrumb","itemListElement":[{"@type":"ListItem","position":1,"name":"Home","item":"https:\/\/proventuss.eu\/"},{"@type":"ListItem","position":2,"name":"Shop","item":"https:\/\/proventuss.eu\/hr\/pohraniti\/"},{"@type":"ListItem","position":3,"name":"Vodootporni elastomerni pojas Vi-Pro\u00ae EPDM MEMBRANE INTERNAL SUPER"}]},{"@type":"WebSite","@id":"https:\/\/proventuss.eu\/#website","url":"https:\/\/proventuss.eu\/","name":"Proventuss","description":"","potentialAction":[{"@type":"SearchAction","target":{"@type":"EntryPoint","urlTemplate":"https:\/\/proventuss.eu\/?s={search_term_string}"},"query-input":"required name=search_term_string"}],"inLanguage":"hr"}]}},"_links":{"self":[{"href":"https:\/\/proventuss.eu\/hr\/wp-json\/wp\/v2\/product\/2909"}],"collection":[{"href":"https:\/\/proventuss.eu\/hr\/wp-json\/wp\/v2\/product"}],"about":[{"href":"https:\/\/proventuss.eu\/hr\/wp-json\/wp\/v2\/types\/product"}],"replies":[{"embeddable":true,"href":"https:\/\/proventuss.eu\/hr\/wp-json\/wp\/v2\/comments?post=2909"}],"wp:featuredmedia":[{"embeddable":true,"href":"https:\/\/proventuss.eu\/hr\/wp-json\/wp\/v2\/media\/2063"}],"wp:attachment":[{"href":"https:\/\/proventuss.eu\/hr\/wp-json\/wp\/v2\/media?parent=2909"}],"wp:term":[{"taxonomy":"product_cat","embeddable":true,"href":"https:\/\/proventuss.eu\/hr\/wp-json\/wp\/v2\/product_cat?post=2909"},{"taxonomy":"product_tag","embeddable":true,"href":"https:\/\/proventuss.eu\/hr\/wp-json\/wp\/v2\/product_tag?post=2909"}],"curies":[{"name":"wp","href":"https:\/\/api.w.org\/{rel}","templated":true}]}}