{"id":2902,"date":"2022-04-26T08:51:11","date_gmt":"2022-04-26T08:51:11","guid":{"rendered":"https:\/\/proventuss.eu\/produkt\/vi-pro-wns\/"},"modified":"2022-07-15T06:44:47","modified_gmt":"2022-07-15T06:44:47","slug":"sredstvo-za-brtvljenje-stakla-vi-pro-wns","status":"publish","type":"product","link":"https:\/\/proventuss.eu\/hr\/proizvod\/sredstvo-za-brtvljenje-stakla-vi-pro-wns\/","title":{"rendered":"Sredstvo za brtvljenje stakla Vi-Pro\u00ae WNS"},"content":{"rendered":"<p><strong>JEDNOKOMPONENTNO, NISKO-MODULNO BRTVILO S NEUTRALNIM STVRDNJAVANJEM<\/strong> posebno formulirano za ostakljivanje i brtvljenje radi za\u0161tite od vremenskih uvjeta. Posebno prikladno za ostakljenje i brtvljenje perimetarskih dijelova prozora i vrata od drva, PVC-a ili aluminija.<\/p>\n<p><strong>PREDNOSTI:<\/strong><br \/>\n\u2022 Sustav neutralnog stvrdnjavanja<br \/>\n\u2022 Niski modul, visoka elasti\u010dnost<br \/>\n\u2022 Dobro prianjanje bez temeljnog premaza na ve\u0107inu materijala<br \/>\n\u2022 Nekorozivno za metale<br \/>\n\u2022 Jednostavno za primjenu<br \/>\n\u2022 Blagi miris<br \/>\n\u2022 Otporno na UV zra\u010denje i vremenske uvjete<\/p>\n<p><strong>PAKIRANJE:<\/strong><br \/>\nkobasica od 600 ml, 20 komada\/kutija<\/p>\n","protected":false},"excerpt":{"rendered":"<p>JEDNOKOMPONENTNO, NISKO-MODULNO BRTVILO S NEUTRALNIM STVRDNJAVANJEM posebno formulirano za ostakljivanje i brtvljenje radi za\u0161tite od vremenskih uvjeta. Posebno prikladno za ostakljenje i brtvljenje perimetarskih dijelova prozora i vrata od drva, PVC-a ili aluminija. PREDNOSTI: \u2022 Sustav neutralnog stvrdnjavanja \u2022 Niski modul, visoka elasti\u010dnost \u2022 Dobro prianjanje bez temeljnog premaza na ve\u0107inu materijala \u2022 Nekorozivno za [&hellip;]<\/p>\n","protected":false},"featured_media":2269,"comment_status":"open","ping_status":"closed","template":"","meta":{"_acf_changed":false},"product_cat":[121],"product_tag":[],"acf":[],"yoast_head":"<!-- This site is optimized with the Yoast SEO plugin v22.9 - https:\/\/yoast.com\/wordpress\/plugins\/seo\/ -->\n<title>Sredstvo za brtvljenje stakla Vi-Pro\u00ae WNS - Proventuss<\/title>\n<meta name=\"robots\" content=\"index, follow, max-snippet:-1, max-image-preview:large, max-video-preview:-1\" \/>\n<link rel=\"canonical\" href=\"https:\/\/proventuss.eu\/hr\/produkt\/sredstvo-za-brtvljenje-stakla-vi-pro-wns\/\" \/>\n<meta property=\"og:locale\" content=\"hr_HR\" \/>\n<meta property=\"og:type\" content=\"article\" \/>\n<meta property=\"og:title\" content=\"Sredstvo za brtvljenje stakla Vi-Pro\u00ae WNS - Proventuss\" \/>\n<meta property=\"og:description\" content=\"JEDNOKOMPONENTNO, NISKO-MODULNO BRTVILO S NEUTRALNIM STVRDNJAVANJEM posebno formulirano za ostakljivanje i brtvljenje radi za\u0161tite od vremenskih uvjeta. Posebno prikladno za ostakljenje i brtvljenje perimetarskih dijelova prozora i vrata od drva, PVC-a ili aluminija. PREDNOSTI: \u2022 Sustav neutralnog stvrdnjavanja \u2022 Niski modul, visoka elasti\u010dnost \u2022 Dobro prianjanje bez temeljnog premaza na ve\u0107inu materijala \u2022 Nekorozivno za [&hellip;]\" \/>\n<meta property=\"og:url\" content=\"https:\/\/proventuss.eu\/hr\/produkt\/sredstvo-za-brtvljenje-stakla-vi-pro-wns\/\" \/>\n<meta property=\"og:site_name\" content=\"Proventuss\" \/>\n<meta property=\"article:modified_time\" content=\"2022-07-15T06:44:47+00:00\" \/>\n<meta property=\"og:image\" content=\"https:\/\/proventuss.eu\/wp-content\/uploads\/2022\/04\/Vi-Pro-WNS.png\" \/>\n\t<meta property=\"og:image:width\" content=\"153\" \/>\n\t<meta property=\"og:image:height\" content=\"921\" \/>\n\t<meta property=\"og:image:type\" content=\"image\/png\" \/>\n<meta name=\"twitter:card\" content=\"summary_large_image\" \/>\n<script type=\"application\/ld+json\" class=\"yoast-schema-graph\">{\"@context\":\"https:\/\/schema.org\",\"@graph\":[{\"@type\":\"WebPage\",\"@id\":\"https:\/\/proventuss.eu\/hr\/produkt\/sredstvo-za-brtvljenje-stakla-vi-pro-wns\/\",\"url\":\"https:\/\/proventuss.eu\/hr\/produkt\/sredstvo-za-brtvljenje-stakla-vi-pro-wns\/\",\"name\":\"Sredstvo za brtvljenje stakla Vi-Pro\u00ae WNS - Proventuss\",\"isPartOf\":{\"@id\":\"https:\/\/proventuss.eu\/#website\"},\"primaryImageOfPage\":{\"@id\":\"https:\/\/proventuss.eu\/hr\/produkt\/sredstvo-za-brtvljenje-stakla-vi-pro-wns\/#primaryimage\"},\"image\":{\"@id\":\"https:\/\/proventuss.eu\/hr\/produkt\/sredstvo-za-brtvljenje-stakla-vi-pro-wns\/#primaryimage\"},\"thumbnailUrl\":\"https:\/\/proventuss.eu\/wp-content\/uploads\/2022\/04\/Vi-Pro-WNS.png\",\"datePublished\":\"2022-04-26T08:51:11+00:00\",\"dateModified\":\"2022-07-15T06:44:47+00:00\",\"breadcrumb\":{\"@id\":\"https:\/\/proventuss.eu\/hr\/produkt\/sredstvo-za-brtvljenje-stakla-vi-pro-wns\/#breadcrumb\"},\"inLanguage\":\"hr\",\"potentialAction\":[{\"@type\":\"ReadAction\",\"target\":[\"https:\/\/proventuss.eu\/hr\/produkt\/sredstvo-za-brtvljenje-stakla-vi-pro-wns\/\"]}]},{\"@type\":\"ImageObject\",\"inLanguage\":\"hr\",\"@id\":\"https:\/\/proventuss.eu\/hr\/produkt\/sredstvo-za-brtvljenje-stakla-vi-pro-wns\/#primaryimage\",\"url\":\"https:\/\/proventuss.eu\/wp-content\/uploads\/2022\/04\/Vi-Pro-WNS.png\",\"contentUrl\":\"https:\/\/proventuss.eu\/wp-content\/uploads\/2022\/04\/Vi-Pro-WNS.png\",\"width\":153,\"height\":921,\"caption\":\"Na zdj\u0119ciu jednosk\u0142adnikowe szczeliwo do szklenia oraz uszczelniania obwod\u00f3w futryn okiennych i drzwiowych wykonanych z drewna, PVC lub aluminium.\"},{\"@type\":\"BreadcrumbList\",\"@id\":\"https:\/\/proventuss.eu\/hr\/produkt\/sredstvo-za-brtvljenje-stakla-vi-pro-wns\/#breadcrumb\",\"itemListElement\":[{\"@type\":\"ListItem\",\"position\":1,\"name\":\"Home\",\"item\":\"https:\/\/proventuss.eu\/\"},{\"@type\":\"ListItem\",\"position\":2,\"name\":\"Shop\",\"item\":\"https:\/\/proventuss.eu\/hr\/pohraniti\/\"},{\"@type\":\"ListItem\",\"position\":3,\"name\":\"Sredstvo za brtvljenje stakla Vi-Pro\u00ae WNS\"}]},{\"@type\":\"WebSite\",\"@id\":\"https:\/\/proventuss.eu\/#website\",\"url\":\"https:\/\/proventuss.eu\/\",\"name\":\"Proventuss\",\"description\":\"\",\"potentialAction\":[{\"@type\":\"SearchAction\",\"target\":{\"@type\":\"EntryPoint\",\"urlTemplate\":\"https:\/\/proventuss.eu\/?s={search_term_string}\"},\"query-input\":\"required name=search_term_string\"}],\"inLanguage\":\"hr\"}]}<\/script>\n<!-- \/ Yoast SEO plugin. -->","yoast_head_json":{"title":"Sredstvo za brtvljenje stakla Vi-Pro\u00ae WNS - Proventuss","robots":{"index":"index","follow":"follow","max-snippet":"max-snippet:-1","max-image-preview":"max-image-preview:large","max-video-preview":"max-video-preview:-1"},"canonical":"https:\/\/proventuss.eu\/hr\/produkt\/sredstvo-za-brtvljenje-stakla-vi-pro-wns\/","og_locale":"hr_HR","og_type":"article","og_title":"Sredstvo za brtvljenje stakla Vi-Pro\u00ae WNS - Proventuss","og_description":"JEDNOKOMPONENTNO, NISKO-MODULNO BRTVILO S NEUTRALNIM STVRDNJAVANJEM posebno formulirano za ostakljivanje i brtvljenje radi za\u0161tite od vremenskih uvjeta. Posebno prikladno za ostakljenje i brtvljenje perimetarskih dijelova prozora i vrata od drva, PVC-a ili aluminija. PREDNOSTI: \u2022 Sustav neutralnog stvrdnjavanja \u2022 Niski modul, visoka elasti\u010dnost \u2022 Dobro prianjanje bez temeljnog premaza na ve\u0107inu materijala \u2022 Nekorozivno za [&hellip;]","og_url":"https:\/\/proventuss.eu\/hr\/produkt\/sredstvo-za-brtvljenje-stakla-vi-pro-wns\/","og_site_name":"Proventuss","article_modified_time":"2022-07-15T06:44:47+00:00","og_image":[{"width":153,"height":921,"url":"https:\/\/proventuss.eu\/wp-content\/uploads\/2022\/04\/Vi-Pro-WNS.png","type":"image\/png"}],"twitter_card":"summary_large_image","schema":{"@context":"https:\/\/schema.org","@graph":[{"@type":"WebPage","@id":"https:\/\/proventuss.eu\/hr\/produkt\/sredstvo-za-brtvljenje-stakla-vi-pro-wns\/","url":"https:\/\/proventuss.eu\/hr\/produkt\/sredstvo-za-brtvljenje-stakla-vi-pro-wns\/","name":"Sredstvo za brtvljenje stakla Vi-Pro\u00ae WNS - Proventuss","isPartOf":{"@id":"https:\/\/proventuss.eu\/#website"},"primaryImageOfPage":{"@id":"https:\/\/proventuss.eu\/hr\/produkt\/sredstvo-za-brtvljenje-stakla-vi-pro-wns\/#primaryimage"},"image":{"@id":"https:\/\/proventuss.eu\/hr\/produkt\/sredstvo-za-brtvljenje-stakla-vi-pro-wns\/#primaryimage"},"thumbnailUrl":"https:\/\/proventuss.eu\/wp-content\/uploads\/2022\/04\/Vi-Pro-WNS.png","datePublished":"2022-04-26T08:51:11+00:00","dateModified":"2022-07-15T06:44:47+00:00","breadcrumb":{"@id":"https:\/\/proventuss.eu\/hr\/produkt\/sredstvo-za-brtvljenje-stakla-vi-pro-wns\/#breadcrumb"},"inLanguage":"hr","potentialAction":[{"@type":"ReadAction","target":["https:\/\/proventuss.eu\/hr\/produkt\/sredstvo-za-brtvljenje-stakla-vi-pro-wns\/"]}]},{"@type":"ImageObject","inLanguage":"hr","@id":"https:\/\/proventuss.eu\/hr\/produkt\/sredstvo-za-brtvljenje-stakla-vi-pro-wns\/#primaryimage","url":"https:\/\/proventuss.eu\/wp-content\/uploads\/2022\/04\/Vi-Pro-WNS.png","contentUrl":"https:\/\/proventuss.eu\/wp-content\/uploads\/2022\/04\/Vi-Pro-WNS.png","width":153,"height":921,"caption":"Na zdj\u0119ciu jednosk\u0142adnikowe szczeliwo do szklenia oraz uszczelniania obwod\u00f3w futryn okiennych i drzwiowych wykonanych z drewna, PVC lub aluminium."},{"@type":"BreadcrumbList","@id":"https:\/\/proventuss.eu\/hr\/produkt\/sredstvo-za-brtvljenje-stakla-vi-pro-wns\/#breadcrumb","itemListElement":[{"@type":"ListItem","position":1,"name":"Home","item":"https:\/\/proventuss.eu\/"},{"@type":"ListItem","position":2,"name":"Shop","item":"https:\/\/proventuss.eu\/hr\/pohraniti\/"},{"@type":"ListItem","position":3,"name":"Sredstvo za brtvljenje stakla Vi-Pro\u00ae WNS"}]},{"@type":"WebSite","@id":"https:\/\/proventuss.eu\/#website","url":"https:\/\/proventuss.eu\/","name":"Proventuss","description":"","potentialAction":[{"@type":"SearchAction","target":{"@type":"EntryPoint","urlTemplate":"https:\/\/proventuss.eu\/?s={search_term_string}"},"query-input":"required name=search_term_string"}],"inLanguage":"hr"}]}},"_links":{"self":[{"href":"https:\/\/proventuss.eu\/hr\/wp-json\/wp\/v2\/product\/2902"}],"collection":[{"href":"https:\/\/proventuss.eu\/hr\/wp-json\/wp\/v2\/product"}],"about":[{"href":"https:\/\/proventuss.eu\/hr\/wp-json\/wp\/v2\/types\/product"}],"replies":[{"embeddable":true,"href":"https:\/\/proventuss.eu\/hr\/wp-json\/wp\/v2\/comments?post=2902"}],"wp:featuredmedia":[{"embeddable":true,"href":"https:\/\/proventuss.eu\/hr\/wp-json\/wp\/v2\/media\/2269"}],"wp:attachment":[{"href":"https:\/\/proventuss.eu\/hr\/wp-json\/wp\/v2\/media?parent=2902"}],"wp:term":[{"taxonomy":"product_cat","embeddable":true,"href":"https:\/\/proventuss.eu\/hr\/wp-json\/wp\/v2\/product_cat?post=2902"},{"taxonomy":"product_tag","embeddable":true,"href":"https:\/\/proventuss.eu\/hr\/wp-json\/wp\/v2\/product_tag?post=2902"}],"curies":[{"name":"wp","href":"https:\/\/api.w.org\/{rel}","templated":true}]}}