{"id":2892,"date":"2022-04-26T08:21:21","date_gmt":"2022-04-26T08:21:21","guid":{"rendered":"https:\/\/proventuss.eu\/produkt\/dowsil-3363\/"},"modified":"2022-07-28T07:00:54","modified_gmt":"2022-07-28T07:00:54","slug":"dvokomponentna-brtvila-za-spajanje-strukturalnog-stakla-dowsil-3363","status":"publish","type":"product","link":"https:\/\/proventuss.eu\/hr\/proizvod\/dvokomponentna-brtvila-za-spajanje-strukturalnog-stakla-dowsil-3363\/","title":{"rendered":"Dvokomponentna brtvila za spajanje strukturalnog stakla DOWSIL 3363"},"content":{"rendered":"<p><strong>DRUGA GENERACIJA 2-KOMPONENTNA NEUTRALNA SILIKONSKA BRTVA ZA BRTVLJENJE STRUKTURALNIH JEDINICA<\/strong>\u00a0, specijalizirana brtvila namijenjena za sekundarno brtvljenje izolacijskih staklenih jedinica koja se koriste u strukturalnim ostakljenjem u konstrukcijama s ekstremnim projektnim optere\u0107enjima, savr\u0161ena je za dvokomorna i trokomorna stakla punjena plinom. . Ve\u0107i parametri \u010dvrsto\u0107e u usporedbi s konvencionalnim brtvilima omogu\u0107uju smanjenje veli\u010dine spoja do 30%. Pru\u017ea izvrsno prianjanje na razli\u010dite vrste stakla, uklju\u010duju\u0107i meko i tvrdo oblo\u017eeno, laminirano, emajlirano itd. Savr\u0161eno za izolaciju stakla sa posebnim staklom, izlo\u017eeno vrlo intenzivnom ultraljubi\u010dastom zra\u010denju, koristi se u te\u0161kim vremenskim uvjetima, tj. ekstremno visoke i niske temperature kao i visoka vla\u017enost.<\/p>\n<p><strong>PREDNOSTI:<\/strong><br \/>\n\u2022 CE certifikat u skladu s ETAG 002 zadovoljava zahtjeve za brtvila u EN1279<br \/>\ndijelovi 3,4 i 6 i EN13022<br \/>\n\u2022 visoka konstrukcijska \u010dvrsto\u0107a (0,21 MPa)<br \/>\n\u2022 Mogu\u0107nost smanjenja brtvenih spojeva do 30% u usporedbi s konvencionalnim brtvilima<br \/>\n\u2022 Pove\u0107ana produktivnost smanjenjem veli\u010dine zavara<br \/>\n\u2022 visoki moduli smanjuju sile koje djeluju na primarnu brtvu i \u010dine ovaj proizvod<br \/>\nsavr\u0161en je za izolacijska stakla punjena plinom<br \/>\n\u2022 brzo stvrdnjavaju\u0107a, nekorozivna<br \/>\n\u2022 izvrsno prianjanje na mnoge vrste podloga, uklju\u010duju\u0107i oblo\u017eeno i reflektiraju\u0107e staklo, aluminijske i \u010deli\u010dne odstojnike i razne plastike<br \/>\n\u2022 izvrsna otpornost na ozon i UV zra\u010denje<br \/>\n\u2022 rad u \u0161irokom temperaturnom rasponu<br \/>\n\u2022 Europsko tehni\u010dko odobrenje br. ETA-13\/0359<\/p>\n<p><strong>PAKIRANJE \/ BOJE:<\/strong><br \/>\n<strong>Baza:<\/strong> bure od 250 kg<br \/>\n<strong>Boja:<\/strong> bijela<br \/>\n<strong>Katalizator:<\/strong> HV \/ GER 25 kg<br \/>\n<strong>Boja:<\/strong> crna, svijetlo siva, srednje siva, tamna, siva, prozirna<\/p>\n","protected":false},"excerpt":{"rendered":"<p>DRUGA GENERACIJA 2-KOMPONENTNA NEUTRALNA SILIKONSKA BRTVA ZA BRTVLJENJE STRUKTURALNIH JEDINICA\u00a0, specijalizirana brtvila namijenjena za sekundarno brtvljenje izolacijskih staklenih jedinica koja se koriste u strukturalnim ostakljenjem u konstrukcijama s ekstremnim projektnim optere\u0107enjima, savr\u0161ena je za dvokomorna i trokomorna stakla punjena plinom. . Ve\u0107i parametri \u010dvrsto\u0107e u usporedbi s konvencionalnim brtvilima omogu\u0107uju smanjenje veli\u010dine spoja do 30%. [&hellip;]<\/p>\n","protected":false},"featured_media":2213,"comment_status":"open","ping_status":"closed","template":"","meta":{"_acf_changed":false},"product_cat":[117],"product_tag":[],"acf":[],"yoast_head":"<!-- This site is optimized with the Yoast SEO plugin v22.9 - https:\/\/yoast.com\/wordpress\/plugins\/seo\/ -->\n<title>Dvokomponentna brtvila za spajanje strukturalnog stakla DOWSIL 3363 - Proventuss<\/title>\n<meta name=\"robots\" content=\"index, follow, max-snippet:-1, max-image-preview:large, max-video-preview:-1\" \/>\n<link rel=\"canonical\" href=\"https:\/\/proventuss.eu\/hr\/produkt\/dvokomponentna-brtvila-za-spajanje-strukturalnog-stakla-dowsil-3363\/\" \/>\n<meta property=\"og:locale\" content=\"hr_HR\" \/>\n<meta property=\"og:type\" content=\"article\" \/>\n<meta property=\"og:title\" content=\"Dvokomponentna brtvila za spajanje strukturalnog stakla DOWSIL 3363 - Proventuss\" \/>\n<meta property=\"og:description\" content=\"DRUGA GENERACIJA 2-KOMPONENTNA NEUTRALNA SILIKONSKA BRTVA ZA BRTVLJENJE STRUKTURALNIH JEDINICA\u00a0, specijalizirana brtvila namijenjena za sekundarno brtvljenje izolacijskih staklenih jedinica koja se koriste u strukturalnim ostakljenjem u konstrukcijama s ekstremnim projektnim optere\u0107enjima, savr\u0161ena je za dvokomorna i trokomorna stakla punjena plinom. . Ve\u0107i parametri \u010dvrsto\u0107e u usporedbi s konvencionalnim brtvilima omogu\u0107uju smanjenje veli\u010dine spoja do 30%. [&hellip;]\" \/>\n<meta property=\"og:url\" content=\"https:\/\/proventuss.eu\/hr\/produkt\/dvokomponentna-brtvila-za-spajanje-strukturalnog-stakla-dowsil-3363\/\" \/>\n<meta property=\"og:site_name\" content=\"Proventuss\" \/>\n<meta property=\"article:modified_time\" content=\"2022-07-28T07:00:54+00:00\" \/>\n<meta property=\"og:image\" content=\"https:\/\/proventuss.eu\/wp-content\/uploads\/2022\/04\/3363.jpg\" \/>\n\t<meta property=\"og:image:width\" content=\"640\" \/>\n\t<meta property=\"og:image:height\" content=\"905\" \/>\n\t<meta property=\"og:image:type\" content=\"image\/jpeg\" \/>\n<meta name=\"twitter:card\" content=\"summary_large_image\" \/>\n<meta name=\"twitter:label1\" content=\"Procijenjeno vrijeme \u010ditanja\" \/>\n\t<meta name=\"twitter:data1\" content=\"1 minuta\" \/>\n<script type=\"application\/ld+json\" class=\"yoast-schema-graph\">{\"@context\":\"https:\/\/schema.org\",\"@graph\":[{\"@type\":\"WebPage\",\"@id\":\"https:\/\/proventuss.eu\/hr\/produkt\/dvokomponentna-brtvila-za-spajanje-strukturalnog-stakla-dowsil-3363\/\",\"url\":\"https:\/\/proventuss.eu\/hr\/produkt\/dvokomponentna-brtvila-za-spajanje-strukturalnog-stakla-dowsil-3363\/\",\"name\":\"Dvokomponentna brtvila za spajanje strukturalnog stakla DOWSIL 3363 - Proventuss\",\"isPartOf\":{\"@id\":\"https:\/\/proventuss.eu\/#website\"},\"primaryImageOfPage\":{\"@id\":\"https:\/\/proventuss.eu\/hr\/produkt\/dvokomponentna-brtvila-za-spajanje-strukturalnog-stakla-dowsil-3363\/#primaryimage\"},\"image\":{\"@id\":\"https:\/\/proventuss.eu\/hr\/produkt\/dvokomponentna-brtvila-za-spajanje-strukturalnog-stakla-dowsil-3363\/#primaryimage\"},\"thumbnailUrl\":\"https:\/\/proventuss.eu\/wp-content\/uploads\/2022\/04\/3363.jpg\",\"datePublished\":\"2022-04-26T08:21:21+00:00\",\"dateModified\":\"2022-07-28T07:00:54+00:00\",\"breadcrumb\":{\"@id\":\"https:\/\/proventuss.eu\/hr\/produkt\/dvokomponentna-brtvila-za-spajanje-strukturalnog-stakla-dowsil-3363\/#breadcrumb\"},\"inLanguage\":\"hr\",\"potentialAction\":[{\"@type\":\"ReadAction\",\"target\":[\"https:\/\/proventuss.eu\/hr\/produkt\/dvokomponentna-brtvila-za-spajanje-strukturalnog-stakla-dowsil-3363\/\"]}]},{\"@type\":\"ImageObject\",\"inLanguage\":\"hr\",\"@id\":\"https:\/\/proventuss.eu\/hr\/produkt\/dvokomponentna-brtvila-za-spajanje-strukturalnog-stakla-dowsil-3363\/#primaryimage\",\"url\":\"https:\/\/proventuss.eu\/wp-content\/uploads\/2022\/04\/3363.jpg\",\"contentUrl\":\"https:\/\/proventuss.eu\/wp-content\/uploads\/2022\/04\/3363.jpg\",\"width\":640,\"height\":905},{\"@type\":\"BreadcrumbList\",\"@id\":\"https:\/\/proventuss.eu\/hr\/produkt\/dvokomponentna-brtvila-za-spajanje-strukturalnog-stakla-dowsil-3363\/#breadcrumb\",\"itemListElement\":[{\"@type\":\"ListItem\",\"position\":1,\"name\":\"Home\",\"item\":\"https:\/\/proventuss.eu\/\"},{\"@type\":\"ListItem\",\"position\":2,\"name\":\"Shop\",\"item\":\"https:\/\/proventuss.eu\/hr\/pohraniti\/\"},{\"@type\":\"ListItem\",\"position\":3,\"name\":\"Dvokomponentna brtvila za spajanje strukturalnog stakla DOWSIL 3363\"}]},{\"@type\":\"WebSite\",\"@id\":\"https:\/\/proventuss.eu\/#website\",\"url\":\"https:\/\/proventuss.eu\/\",\"name\":\"Proventuss\",\"description\":\"\",\"potentialAction\":[{\"@type\":\"SearchAction\",\"target\":{\"@type\":\"EntryPoint\",\"urlTemplate\":\"https:\/\/proventuss.eu\/?s={search_term_string}\"},\"query-input\":\"required name=search_term_string\"}],\"inLanguage\":\"hr\"}]}<\/script>\n<!-- \/ Yoast SEO plugin. -->","yoast_head_json":{"title":"Dvokomponentna brtvila za spajanje strukturalnog stakla DOWSIL 3363 - Proventuss","robots":{"index":"index","follow":"follow","max-snippet":"max-snippet:-1","max-image-preview":"max-image-preview:large","max-video-preview":"max-video-preview:-1"},"canonical":"https:\/\/proventuss.eu\/hr\/produkt\/dvokomponentna-brtvila-za-spajanje-strukturalnog-stakla-dowsil-3363\/","og_locale":"hr_HR","og_type":"article","og_title":"Dvokomponentna brtvila za spajanje strukturalnog stakla DOWSIL 3363 - Proventuss","og_description":"DRUGA GENERACIJA 2-KOMPONENTNA NEUTRALNA SILIKONSKA BRTVA ZA BRTVLJENJE STRUKTURALNIH JEDINICA\u00a0, specijalizirana brtvila namijenjena za sekundarno brtvljenje izolacijskih staklenih jedinica koja se koriste u strukturalnim ostakljenjem u konstrukcijama s ekstremnim projektnim optere\u0107enjima, savr\u0161ena je za dvokomorna i trokomorna stakla punjena plinom. . Ve\u0107i parametri \u010dvrsto\u0107e u usporedbi s konvencionalnim brtvilima omogu\u0107uju smanjenje veli\u010dine spoja do 30%. [&hellip;]","og_url":"https:\/\/proventuss.eu\/hr\/produkt\/dvokomponentna-brtvila-za-spajanje-strukturalnog-stakla-dowsil-3363\/","og_site_name":"Proventuss","article_modified_time":"2022-07-28T07:00:54+00:00","og_image":[{"width":640,"height":905,"url":"https:\/\/proventuss.eu\/wp-content\/uploads\/2022\/04\/3363.jpg","type":"image\/jpeg"}],"twitter_card":"summary_large_image","twitter_misc":{"Procijenjeno vrijeme \u010ditanja":"1 minuta"},"schema":{"@context":"https:\/\/schema.org","@graph":[{"@type":"WebPage","@id":"https:\/\/proventuss.eu\/hr\/produkt\/dvokomponentna-brtvila-za-spajanje-strukturalnog-stakla-dowsil-3363\/","url":"https:\/\/proventuss.eu\/hr\/produkt\/dvokomponentna-brtvila-za-spajanje-strukturalnog-stakla-dowsil-3363\/","name":"Dvokomponentna brtvila za spajanje strukturalnog stakla DOWSIL 3363 - Proventuss","isPartOf":{"@id":"https:\/\/proventuss.eu\/#website"},"primaryImageOfPage":{"@id":"https:\/\/proventuss.eu\/hr\/produkt\/dvokomponentna-brtvila-za-spajanje-strukturalnog-stakla-dowsil-3363\/#primaryimage"},"image":{"@id":"https:\/\/proventuss.eu\/hr\/produkt\/dvokomponentna-brtvila-za-spajanje-strukturalnog-stakla-dowsil-3363\/#primaryimage"},"thumbnailUrl":"https:\/\/proventuss.eu\/wp-content\/uploads\/2022\/04\/3363.jpg","datePublished":"2022-04-26T08:21:21+00:00","dateModified":"2022-07-28T07:00:54+00:00","breadcrumb":{"@id":"https:\/\/proventuss.eu\/hr\/produkt\/dvokomponentna-brtvila-za-spajanje-strukturalnog-stakla-dowsil-3363\/#breadcrumb"},"inLanguage":"hr","potentialAction":[{"@type":"ReadAction","target":["https:\/\/proventuss.eu\/hr\/produkt\/dvokomponentna-brtvila-za-spajanje-strukturalnog-stakla-dowsil-3363\/"]}]},{"@type":"ImageObject","inLanguage":"hr","@id":"https:\/\/proventuss.eu\/hr\/produkt\/dvokomponentna-brtvila-za-spajanje-strukturalnog-stakla-dowsil-3363\/#primaryimage","url":"https:\/\/proventuss.eu\/wp-content\/uploads\/2022\/04\/3363.jpg","contentUrl":"https:\/\/proventuss.eu\/wp-content\/uploads\/2022\/04\/3363.jpg","width":640,"height":905},{"@type":"BreadcrumbList","@id":"https:\/\/proventuss.eu\/hr\/produkt\/dvokomponentna-brtvila-za-spajanje-strukturalnog-stakla-dowsil-3363\/#breadcrumb","itemListElement":[{"@type":"ListItem","position":1,"name":"Home","item":"https:\/\/proventuss.eu\/"},{"@type":"ListItem","position":2,"name":"Shop","item":"https:\/\/proventuss.eu\/hr\/pohraniti\/"},{"@type":"ListItem","position":3,"name":"Dvokomponentna brtvila za spajanje strukturalnog stakla DOWSIL 3363"}]},{"@type":"WebSite","@id":"https:\/\/proventuss.eu\/#website","url":"https:\/\/proventuss.eu\/","name":"Proventuss","description":"","potentialAction":[{"@type":"SearchAction","target":{"@type":"EntryPoint","urlTemplate":"https:\/\/proventuss.eu\/?s={search_term_string}"},"query-input":"required name=search_term_string"}],"inLanguage":"hr"}]}},"_links":{"self":[{"href":"https:\/\/proventuss.eu\/hr\/wp-json\/wp\/v2\/product\/2892"}],"collection":[{"href":"https:\/\/proventuss.eu\/hr\/wp-json\/wp\/v2\/product"}],"about":[{"href":"https:\/\/proventuss.eu\/hr\/wp-json\/wp\/v2\/types\/product"}],"replies":[{"embeddable":true,"href":"https:\/\/proventuss.eu\/hr\/wp-json\/wp\/v2\/comments?post=2892"}],"wp:featuredmedia":[{"embeddable":true,"href":"https:\/\/proventuss.eu\/hr\/wp-json\/wp\/v2\/media\/2213"}],"wp:attachment":[{"href":"https:\/\/proventuss.eu\/hr\/wp-json\/wp\/v2\/media?parent=2892"}],"wp:term":[{"taxonomy":"product_cat","embeddable":true,"href":"https:\/\/proventuss.eu\/hr\/wp-json\/wp\/v2\/product_cat?post=2892"},{"taxonomy":"product_tag","embeddable":true,"href":"https:\/\/proventuss.eu\/hr\/wp-json\/wp\/v2\/product_tag?post=2892"}],"curies":[{"name":"wp","href":"https:\/\/api.w.org\/{rel}","templated":true}]}}