{"id":2881,"date":"2022-04-26T08:34:28","date_gmt":"2022-04-26T08:34:28","guid":{"rendered":"https:\/\/proventuss.eu\/produkt\/igk-911\/"},"modified":"2022-06-28T11:01:05","modified_gmt":"2022-06-28T11:01:05","slug":"igk-911","status":"publish","type":"product","link":"https:\/\/proventuss.eu\/hr\/proizvod\/igk-911\/","title":{"rendered":"IGK 911"},"content":{"rendered":"<p><strong>TEKU\u0106INA ZA ISPIRANJE PUMPI I STROJEVA ZA DOZIRANJE IGK 911<\/strong> mje\u0161avina je ne-klornih otapala koja je posebno razvijena za ispiranje mije\u0161alica ru\u010dnih i robotskih strojeva za mije\u0161anje i doziranje od ostataka dvokomponentnih organskih brtvila (poliuretan, polisulfid) u procesu proizvodnje izoliraju\u0107ih stakala. Kada se koristi u zatvorenom krugu, to zna\u010dajno produ\u017eava \u017eivotni vijek<br \/>\nopreme za mije\u0161anje i doziranje i pove\u0107ava intervale servisa i pregleda, \u0161to osigurava ve\u0107u produktivnost i smanjuje tro\u0161kove odr\u017eavanja.<\/p>\n<p><strong>PREDNOSTI:<\/strong><br \/>\n\u2022 Otapa i ispire organska brtvila<br \/>\n\u2022 Ne sadr\u017ei nikakva otapala na bazi klora<br \/>\n\u2022 U skladu s ekolo\u0161kim propisima EU-a<\/p>\n<p><strong>PAKIRANJE:<\/strong><br \/>\nKarnistar:30l<\/p>\n","protected":false},"excerpt":{"rendered":"<p>TEKU\u0106INA ZA ISPIRANJE PUMPI I STROJEVA ZA DOZIRANJE IGK 911 mje\u0161avina je ne-klornih otapala koja je posebno razvijena za ispiranje mije\u0161alica ru\u010dnih i robotskih strojeva za mije\u0161anje i doziranje od ostataka dvokomponentnih organskih brtvila (poliuretan, polisulfid) u procesu proizvodnje izoliraju\u0107ih stakala. Kada se koristi u zatvorenom krugu, to zna\u010dajno produ\u017eava \u017eivotni vijek opreme za mije\u0161anje [&hellip;]<\/p>\n","protected":false},"featured_media":3695,"comment_status":"open","ping_status":"closed","template":"","meta":{"_acf_changed":false},"product_cat":[117],"product_tag":[],"acf":[],"yoast_head":"<!-- This site is optimized with the Yoast SEO plugin v22.9 - https:\/\/yoast.com\/wordpress\/plugins\/seo\/ -->\n<title>IGK 911 - Proventuss<\/title>\n<meta name=\"robots\" content=\"index, follow, max-snippet:-1, max-image-preview:large, max-video-preview:-1\" \/>\n<link rel=\"canonical\" href=\"https:\/\/proventuss.eu\/hr\/produkt\/igk-911\/\" \/>\n<meta property=\"og:locale\" content=\"hr_HR\" \/>\n<meta property=\"og:type\" content=\"article\" \/>\n<meta property=\"og:title\" content=\"IGK 911 - Proventuss\" \/>\n<meta property=\"og:description\" content=\"TEKU\u0106INA ZA ISPIRANJE PUMPI I STROJEVA ZA DOZIRANJE IGK 911 mje\u0161avina je ne-klornih otapala koja je posebno razvijena za ispiranje mije\u0161alica ru\u010dnih i robotskih strojeva za mije\u0161anje i doziranje od ostataka dvokomponentnih organskih brtvila (poliuretan, polisulfid) u procesu proizvodnje izoliraju\u0107ih stakala. Kada se koristi u zatvorenom krugu, to zna\u010dajno produ\u017eava \u017eivotni vijek opreme za mije\u0161anje [&hellip;]\" \/>\n<meta property=\"og:url\" content=\"https:\/\/proventuss.eu\/hr\/produkt\/igk-911\/\" \/>\n<meta property=\"og:site_name\" content=\"Proventuss\" \/>\n<meta property=\"article:modified_time\" content=\"2022-06-28T11:01:05+00:00\" \/>\n<meta property=\"og:image\" content=\"https:\/\/proventuss.eu\/wp-content\/uploads\/2022\/04\/IGK-911-1.jpg\" \/>\n\t<meta property=\"og:image:width\" content=\"200\" \/>\n\t<meta property=\"og:image:height\" content=\"245\" \/>\n\t<meta property=\"og:image:type\" content=\"image\/jpeg\" \/>\n<meta name=\"twitter:card\" content=\"summary_large_image\" \/>\n<meta name=\"twitter:label1\" content=\"Procijenjeno vrijeme \u010ditanja\" \/>\n\t<meta name=\"twitter:data1\" content=\"1 minuta\" \/>\n<script type=\"application\/ld+json\" class=\"yoast-schema-graph\">{\"@context\":\"https:\/\/schema.org\",\"@graph\":[{\"@type\":\"WebPage\",\"@id\":\"https:\/\/proventuss.eu\/hr\/produkt\/igk-911\/\",\"url\":\"https:\/\/proventuss.eu\/hr\/produkt\/igk-911\/\",\"name\":\"IGK 911 - Proventuss\",\"isPartOf\":{\"@id\":\"https:\/\/proventuss.eu\/#website\"},\"primaryImageOfPage\":{\"@id\":\"https:\/\/proventuss.eu\/hr\/produkt\/igk-911\/#primaryimage\"},\"image\":{\"@id\":\"https:\/\/proventuss.eu\/hr\/produkt\/igk-911\/#primaryimage\"},\"thumbnailUrl\":\"https:\/\/proventuss.eu\/wp-content\/uploads\/2022\/04\/IGK-911-1.jpg\",\"datePublished\":\"2022-04-26T08:34:28+00:00\",\"dateModified\":\"2022-06-28T11:01:05+00:00\",\"breadcrumb\":{\"@id\":\"https:\/\/proventuss.eu\/hr\/produkt\/igk-911\/#breadcrumb\"},\"inLanguage\":\"hr\",\"potentialAction\":[{\"@type\":\"ReadAction\",\"target\":[\"https:\/\/proventuss.eu\/hr\/produkt\/igk-911\/\"]}]},{\"@type\":\"ImageObject\",\"inLanguage\":\"hr\",\"@id\":\"https:\/\/proventuss.eu\/hr\/produkt\/igk-911\/#primaryimage\",\"url\":\"https:\/\/proventuss.eu\/wp-content\/uploads\/2022\/04\/IGK-911-1.jpg\",\"contentUrl\":\"https:\/\/proventuss.eu\/wp-content\/uploads\/2022\/04\/IGK-911-1.jpg\",\"width\":200,\"height\":245},{\"@type\":\"BreadcrumbList\",\"@id\":\"https:\/\/proventuss.eu\/hr\/produkt\/igk-911\/#breadcrumb\",\"itemListElement\":[{\"@type\":\"ListItem\",\"position\":1,\"name\":\"Home\",\"item\":\"https:\/\/proventuss.eu\/\"},{\"@type\":\"ListItem\",\"position\":2,\"name\":\"Shop\",\"item\":\"https:\/\/proventuss.eu\/hr\/pohraniti\/\"},{\"@type\":\"ListItem\",\"position\":3,\"name\":\"IGK 911\"}]},{\"@type\":\"WebSite\",\"@id\":\"https:\/\/proventuss.eu\/#website\",\"url\":\"https:\/\/proventuss.eu\/\",\"name\":\"Proventuss\",\"description\":\"\",\"potentialAction\":[{\"@type\":\"SearchAction\",\"target\":{\"@type\":\"EntryPoint\",\"urlTemplate\":\"https:\/\/proventuss.eu\/?s={search_term_string}\"},\"query-input\":\"required name=search_term_string\"}],\"inLanguage\":\"hr\"}]}<\/script>\n<!-- \/ Yoast SEO plugin. -->","yoast_head_json":{"title":"IGK 911 - Proventuss","robots":{"index":"index","follow":"follow","max-snippet":"max-snippet:-1","max-image-preview":"max-image-preview:large","max-video-preview":"max-video-preview:-1"},"canonical":"https:\/\/proventuss.eu\/hr\/produkt\/igk-911\/","og_locale":"hr_HR","og_type":"article","og_title":"IGK 911 - Proventuss","og_description":"TEKU\u0106INA ZA ISPIRANJE PUMPI I STROJEVA ZA DOZIRANJE IGK 911 mje\u0161avina je ne-klornih otapala koja je posebno razvijena za ispiranje mije\u0161alica ru\u010dnih i robotskih strojeva za mije\u0161anje i doziranje od ostataka dvokomponentnih organskih brtvila (poliuretan, polisulfid) u procesu proizvodnje izoliraju\u0107ih stakala. Kada se koristi u zatvorenom krugu, to zna\u010dajno produ\u017eava \u017eivotni vijek opreme za mije\u0161anje [&hellip;]","og_url":"https:\/\/proventuss.eu\/hr\/produkt\/igk-911\/","og_site_name":"Proventuss","article_modified_time":"2022-06-28T11:01:05+00:00","og_image":[{"width":200,"height":245,"url":"https:\/\/proventuss.eu\/wp-content\/uploads\/2022\/04\/IGK-911-1.jpg","type":"image\/jpeg"}],"twitter_card":"summary_large_image","twitter_misc":{"Procijenjeno vrijeme \u010ditanja":"1 minuta"},"schema":{"@context":"https:\/\/schema.org","@graph":[{"@type":"WebPage","@id":"https:\/\/proventuss.eu\/hr\/produkt\/igk-911\/","url":"https:\/\/proventuss.eu\/hr\/produkt\/igk-911\/","name":"IGK 911 - Proventuss","isPartOf":{"@id":"https:\/\/proventuss.eu\/#website"},"primaryImageOfPage":{"@id":"https:\/\/proventuss.eu\/hr\/produkt\/igk-911\/#primaryimage"},"image":{"@id":"https:\/\/proventuss.eu\/hr\/produkt\/igk-911\/#primaryimage"},"thumbnailUrl":"https:\/\/proventuss.eu\/wp-content\/uploads\/2022\/04\/IGK-911-1.jpg","datePublished":"2022-04-26T08:34:28+00:00","dateModified":"2022-06-28T11:01:05+00:00","breadcrumb":{"@id":"https:\/\/proventuss.eu\/hr\/produkt\/igk-911\/#breadcrumb"},"inLanguage":"hr","potentialAction":[{"@type":"ReadAction","target":["https:\/\/proventuss.eu\/hr\/produkt\/igk-911\/"]}]},{"@type":"ImageObject","inLanguage":"hr","@id":"https:\/\/proventuss.eu\/hr\/produkt\/igk-911\/#primaryimage","url":"https:\/\/proventuss.eu\/wp-content\/uploads\/2022\/04\/IGK-911-1.jpg","contentUrl":"https:\/\/proventuss.eu\/wp-content\/uploads\/2022\/04\/IGK-911-1.jpg","width":200,"height":245},{"@type":"BreadcrumbList","@id":"https:\/\/proventuss.eu\/hr\/produkt\/igk-911\/#breadcrumb","itemListElement":[{"@type":"ListItem","position":1,"name":"Home","item":"https:\/\/proventuss.eu\/"},{"@type":"ListItem","position":2,"name":"Shop","item":"https:\/\/proventuss.eu\/hr\/pohraniti\/"},{"@type":"ListItem","position":3,"name":"IGK 911"}]},{"@type":"WebSite","@id":"https:\/\/proventuss.eu\/#website","url":"https:\/\/proventuss.eu\/","name":"Proventuss","description":"","potentialAction":[{"@type":"SearchAction","target":{"@type":"EntryPoint","urlTemplate":"https:\/\/proventuss.eu\/?s={search_term_string}"},"query-input":"required name=search_term_string"}],"inLanguage":"hr"}]}},"_links":{"self":[{"href":"https:\/\/proventuss.eu\/hr\/wp-json\/wp\/v2\/product\/2881"}],"collection":[{"href":"https:\/\/proventuss.eu\/hr\/wp-json\/wp\/v2\/product"}],"about":[{"href":"https:\/\/proventuss.eu\/hr\/wp-json\/wp\/v2\/types\/product"}],"replies":[{"embeddable":true,"href":"https:\/\/proventuss.eu\/hr\/wp-json\/wp\/v2\/comments?post=2881"}],"wp:featuredmedia":[{"embeddable":true,"href":"https:\/\/proventuss.eu\/hr\/wp-json\/wp\/v2\/media\/3695"}],"wp:attachment":[{"href":"https:\/\/proventuss.eu\/hr\/wp-json\/wp\/v2\/media?parent=2881"}],"wp:term":[{"taxonomy":"product_cat","embeddable":true,"href":"https:\/\/proventuss.eu\/hr\/wp-json\/wp\/v2\/product_cat?post=2881"},{"taxonomy":"product_tag","embeddable":true,"href":"https:\/\/proventuss.eu\/hr\/wp-json\/wp\/v2\/product_tag?post=2881"}],"curies":[{"name":"wp","href":"https:\/\/api.w.org\/{rel}","templated":true}]}}