{"id":2877,"date":"2022-04-26T08:49:22","date_gmt":"2022-04-26T08:49:22","guid":{"rendered":"https:\/\/proventuss.eu\/produkt\/dowsil-776-instantfix-wb\/"},"modified":"2022-07-26T06:48:22","modified_gmt":"2022-07-26T06:48:22","slug":"silikon-za-lijepljenje-stakla-u-konstrukcije-prozora-i-vrata-dowsil-776-instantfix-wb","status":"publish","type":"product","link":"https:\/\/proventuss.eu\/hr\/proizvod\/silikon-za-lijepljenje-stakla-u-konstrukcije-prozora-i-vrata-dowsil-776-instantfix-wb\/","title":{"rendered":"Silikon za lijepljenje stakla u konstrukcije prozora i vrata DOWSIL 776 InstantFix WB"},"content":{"rendered":"<p><strong>SILIKON TRENUTNE \u010cVRSTO\u0106E S NEUTRALNIM STVRDNJAVANJEM<\/strong>, jednodijelno silikonsko brtvilo posebno dizajnirano za lijepljenje prozora i vrata za ru\u010dne i automatizirane procese. Pru\u017ea trenutnu \u010dvrsto\u0107u neposredno nakon nano\u0161enja, pove\u0107avaju\u0107i produktivnost. Proizvod prianja bez temeljnog premaza na razli\u010dite podloge tipi\u010dne za prozore i vrata.<\/p>\n<p><strong>PREDNOSTI:<\/strong><br \/>\n\u2022 Brzo stvrdnjavanje<br \/>\n\u2022 Izvrsna dugotrajna trajnost<br \/>\n\u2022 Trenutna \u010dvrsto\u0107a omogu\u0107uje premje\u0161tanje svje\u017ee pri\u010dvr\u0161\u0107enih prozorskih jedinica bez odgode<br \/>\n\u2022 Izvrsno prianjanje bez temeljnog premaza na naj\u010de\u0161\u0107e podloge prozora<br \/>\n\u2022 Kompatibilno s naj\u010de\u0161\u0107e kori\u0161tenim podlogama i materijalima<br \/>\n\u2022 Ne te\u010de, dobra obradivost<br \/>\n\u2022 Sve prednosti silikona (otpornost na vremenske uvjete, UV zra\u010denje i ekstremne temperature)<br \/>\n\u2022 Visoka vla\u010dna \u010dvrsto\u0107a<\/p>\n<p><strong>PAKIRANJE\/BOJE:<\/strong><br \/>\nKobasica: 600 ml, kartu\u0161a: 310 ml<br \/>\nBoja: crna<\/p>\n","protected":false},"excerpt":{"rendered":"<p>SILIKON TRENUTNE \u010cVRSTO\u0106E S NEUTRALNIM STVRDNJAVANJEM, jednodijelno silikonsko brtvilo posebno dizajnirano za lijepljenje prozora i vrata za ru\u010dne i automatizirane procese. Pru\u017ea trenutnu \u010dvrsto\u0107u neposredno nakon nano\u0161enja, pove\u0107avaju\u0107i produktivnost. Proizvod prianja bez temeljnog premaza na razli\u010dite podloge tipi\u010dne za prozore i vrata. PREDNOSTI: \u2022 Brzo stvrdnjavanje \u2022 Izvrsna dugotrajna trajnost \u2022 Trenutna \u010dvrsto\u0107a omogu\u0107uje premje\u0161tanje [&hellip;]<\/p>\n","protected":false},"featured_media":2189,"comment_status":"open","ping_status":"closed","template":"","meta":{"_acf_changed":false},"product_cat":[121],"product_tag":[],"acf":[],"yoast_head":"<!-- This site is optimized with the Yoast SEO plugin v22.9 - https:\/\/yoast.com\/wordpress\/plugins\/seo\/ -->\n<title>Silikon za lijepljenje stakla u konstrukcije prozora i vrata DOWSIL 776 InstantFix WB - Proventuss<\/title>\n<meta name=\"robots\" content=\"index, follow, max-snippet:-1, max-image-preview:large, max-video-preview:-1\" \/>\n<link rel=\"canonical\" href=\"https:\/\/proventuss.eu\/hr\/produkt\/silikon-za-lijepljenje-stakla-u-konstrukcije-prozora-i-vrata-dowsil-776-instantfix-wb\/\" \/>\n<meta property=\"og:locale\" content=\"hr_HR\" \/>\n<meta property=\"og:type\" content=\"article\" \/>\n<meta property=\"og:title\" content=\"Silikon za lijepljenje stakla u konstrukcije prozora i vrata DOWSIL 776 InstantFix WB - Proventuss\" \/>\n<meta property=\"og:description\" content=\"SILIKON TRENUTNE \u010cVRSTO\u0106E S NEUTRALNIM STVRDNJAVANJEM, jednodijelno silikonsko brtvilo posebno dizajnirano za lijepljenje prozora i vrata za ru\u010dne i automatizirane procese. Pru\u017ea trenutnu \u010dvrsto\u0107u neposredno nakon nano\u0161enja, pove\u0107avaju\u0107i produktivnost. Proizvod prianja bez temeljnog premaza na razli\u010dite podloge tipi\u010dne za prozore i vrata. PREDNOSTI: \u2022 Brzo stvrdnjavanje \u2022 Izvrsna dugotrajna trajnost \u2022 Trenutna \u010dvrsto\u0107a omogu\u0107uje premje\u0161tanje [&hellip;]\" \/>\n<meta property=\"og:url\" content=\"https:\/\/proventuss.eu\/hr\/produkt\/silikon-za-lijepljenje-stakla-u-konstrukcije-prozora-i-vrata-dowsil-776-instantfix-wb\/\" \/>\n<meta property=\"og:site_name\" content=\"Proventuss\" \/>\n<meta property=\"article:modified_time\" content=\"2022-07-26T06:48:22+00:00\" \/>\n<meta property=\"og:image\" content=\"https:\/\/proventuss.eu\/wp-content\/uploads\/2022\/04\/776.jpg\" \/>\n\t<meta property=\"og:image:width\" content=\"408\" \/>\n\t<meta property=\"og:image:height\" content=\"1136\" \/>\n\t<meta property=\"og:image:type\" content=\"image\/jpeg\" \/>\n<meta name=\"twitter:card\" content=\"summary_large_image\" \/>\n<meta name=\"twitter:label1\" content=\"Procijenjeno vrijeme \u010ditanja\" \/>\n\t<meta name=\"twitter:data1\" content=\"1 minuta\" \/>\n<script type=\"application\/ld+json\" class=\"yoast-schema-graph\">{\"@context\":\"https:\/\/schema.org\",\"@graph\":[{\"@type\":\"WebPage\",\"@id\":\"https:\/\/proventuss.eu\/hr\/produkt\/silikon-za-lijepljenje-stakla-u-konstrukcije-prozora-i-vrata-dowsil-776-instantfix-wb\/\",\"url\":\"https:\/\/proventuss.eu\/hr\/produkt\/silikon-za-lijepljenje-stakla-u-konstrukcije-prozora-i-vrata-dowsil-776-instantfix-wb\/\",\"name\":\"Silikon za lijepljenje stakla u konstrukcije prozora i vrata DOWSIL 776 InstantFix WB - Proventuss\",\"isPartOf\":{\"@id\":\"https:\/\/proventuss.eu\/#website\"},\"primaryImageOfPage\":{\"@id\":\"https:\/\/proventuss.eu\/hr\/produkt\/silikon-za-lijepljenje-stakla-u-konstrukcije-prozora-i-vrata-dowsil-776-instantfix-wb\/#primaryimage\"},\"image\":{\"@id\":\"https:\/\/proventuss.eu\/hr\/produkt\/silikon-za-lijepljenje-stakla-u-konstrukcije-prozora-i-vrata-dowsil-776-instantfix-wb\/#primaryimage\"},\"thumbnailUrl\":\"https:\/\/proventuss.eu\/wp-content\/uploads\/2022\/04\/776.jpg\",\"datePublished\":\"2022-04-26T08:49:22+00:00\",\"dateModified\":\"2022-07-26T06:48:22+00:00\",\"breadcrumb\":{\"@id\":\"https:\/\/proventuss.eu\/hr\/produkt\/silikon-za-lijepljenje-stakla-u-konstrukcije-prozora-i-vrata-dowsil-776-instantfix-wb\/#breadcrumb\"},\"inLanguage\":\"hr\",\"potentialAction\":[{\"@type\":\"ReadAction\",\"target\":[\"https:\/\/proventuss.eu\/hr\/produkt\/silikon-za-lijepljenje-stakla-u-konstrukcije-prozora-i-vrata-dowsil-776-instantfix-wb\/\"]}]},{\"@type\":\"ImageObject\",\"inLanguage\":\"hr\",\"@id\":\"https:\/\/proventuss.eu\/hr\/produkt\/silikon-za-lijepljenje-stakla-u-konstrukcije-prozora-i-vrata-dowsil-776-instantfix-wb\/#primaryimage\",\"url\":\"https:\/\/proventuss.eu\/wp-content\/uploads\/2022\/04\/776.jpg\",\"contentUrl\":\"https:\/\/proventuss.eu\/wp-content\/uploads\/2022\/04\/776.jpg\",\"width\":408,\"height\":1136},{\"@type\":\"BreadcrumbList\",\"@id\":\"https:\/\/proventuss.eu\/hr\/produkt\/silikon-za-lijepljenje-stakla-u-konstrukcije-prozora-i-vrata-dowsil-776-instantfix-wb\/#breadcrumb\",\"itemListElement\":[{\"@type\":\"ListItem\",\"position\":1,\"name\":\"Home\",\"item\":\"https:\/\/proventuss.eu\/\"},{\"@type\":\"ListItem\",\"position\":2,\"name\":\"Shop\",\"item\":\"https:\/\/proventuss.eu\/hr\/pohraniti\/\"},{\"@type\":\"ListItem\",\"position\":3,\"name\":\"Silikon za lijepljenje stakla u konstrukcije prozora i vrata DOWSIL 776 InstantFix WB\"}]},{\"@type\":\"WebSite\",\"@id\":\"https:\/\/proventuss.eu\/#website\",\"url\":\"https:\/\/proventuss.eu\/\",\"name\":\"Proventuss\",\"description\":\"\",\"potentialAction\":[{\"@type\":\"SearchAction\",\"target\":{\"@type\":\"EntryPoint\",\"urlTemplate\":\"https:\/\/proventuss.eu\/?s={search_term_string}\"},\"query-input\":\"required name=search_term_string\"}],\"inLanguage\":\"hr\"}]}<\/script>\n<!-- \/ Yoast SEO plugin. -->","yoast_head_json":{"title":"Silikon za lijepljenje stakla u konstrukcije prozora i vrata DOWSIL 776 InstantFix WB - Proventuss","robots":{"index":"index","follow":"follow","max-snippet":"max-snippet:-1","max-image-preview":"max-image-preview:large","max-video-preview":"max-video-preview:-1"},"canonical":"https:\/\/proventuss.eu\/hr\/produkt\/silikon-za-lijepljenje-stakla-u-konstrukcije-prozora-i-vrata-dowsil-776-instantfix-wb\/","og_locale":"hr_HR","og_type":"article","og_title":"Silikon za lijepljenje stakla u konstrukcije prozora i vrata DOWSIL 776 InstantFix WB - Proventuss","og_description":"SILIKON TRENUTNE \u010cVRSTO\u0106E S NEUTRALNIM STVRDNJAVANJEM, jednodijelno silikonsko brtvilo posebno dizajnirano za lijepljenje prozora i vrata za ru\u010dne i automatizirane procese. Pru\u017ea trenutnu \u010dvrsto\u0107u neposredno nakon nano\u0161enja, pove\u0107avaju\u0107i produktivnost. Proizvod prianja bez temeljnog premaza na razli\u010dite podloge tipi\u010dne za prozore i vrata. PREDNOSTI: \u2022 Brzo stvrdnjavanje \u2022 Izvrsna dugotrajna trajnost \u2022 Trenutna \u010dvrsto\u0107a omogu\u0107uje premje\u0161tanje [&hellip;]","og_url":"https:\/\/proventuss.eu\/hr\/produkt\/silikon-za-lijepljenje-stakla-u-konstrukcije-prozora-i-vrata-dowsil-776-instantfix-wb\/","og_site_name":"Proventuss","article_modified_time":"2022-07-26T06:48:22+00:00","og_image":[{"width":408,"height":1136,"url":"https:\/\/proventuss.eu\/wp-content\/uploads\/2022\/04\/776.jpg","type":"image\/jpeg"}],"twitter_card":"summary_large_image","twitter_misc":{"Procijenjeno vrijeme \u010ditanja":"1 minuta"},"schema":{"@context":"https:\/\/schema.org","@graph":[{"@type":"WebPage","@id":"https:\/\/proventuss.eu\/hr\/produkt\/silikon-za-lijepljenje-stakla-u-konstrukcije-prozora-i-vrata-dowsil-776-instantfix-wb\/","url":"https:\/\/proventuss.eu\/hr\/produkt\/silikon-za-lijepljenje-stakla-u-konstrukcije-prozora-i-vrata-dowsil-776-instantfix-wb\/","name":"Silikon za lijepljenje stakla u konstrukcije prozora i vrata DOWSIL 776 InstantFix WB - Proventuss","isPartOf":{"@id":"https:\/\/proventuss.eu\/#website"},"primaryImageOfPage":{"@id":"https:\/\/proventuss.eu\/hr\/produkt\/silikon-za-lijepljenje-stakla-u-konstrukcije-prozora-i-vrata-dowsil-776-instantfix-wb\/#primaryimage"},"image":{"@id":"https:\/\/proventuss.eu\/hr\/produkt\/silikon-za-lijepljenje-stakla-u-konstrukcije-prozora-i-vrata-dowsil-776-instantfix-wb\/#primaryimage"},"thumbnailUrl":"https:\/\/proventuss.eu\/wp-content\/uploads\/2022\/04\/776.jpg","datePublished":"2022-04-26T08:49:22+00:00","dateModified":"2022-07-26T06:48:22+00:00","breadcrumb":{"@id":"https:\/\/proventuss.eu\/hr\/produkt\/silikon-za-lijepljenje-stakla-u-konstrukcije-prozora-i-vrata-dowsil-776-instantfix-wb\/#breadcrumb"},"inLanguage":"hr","potentialAction":[{"@type":"ReadAction","target":["https:\/\/proventuss.eu\/hr\/produkt\/silikon-za-lijepljenje-stakla-u-konstrukcije-prozora-i-vrata-dowsil-776-instantfix-wb\/"]}]},{"@type":"ImageObject","inLanguage":"hr","@id":"https:\/\/proventuss.eu\/hr\/produkt\/silikon-za-lijepljenje-stakla-u-konstrukcije-prozora-i-vrata-dowsil-776-instantfix-wb\/#primaryimage","url":"https:\/\/proventuss.eu\/wp-content\/uploads\/2022\/04\/776.jpg","contentUrl":"https:\/\/proventuss.eu\/wp-content\/uploads\/2022\/04\/776.jpg","width":408,"height":1136},{"@type":"BreadcrumbList","@id":"https:\/\/proventuss.eu\/hr\/produkt\/silikon-za-lijepljenje-stakla-u-konstrukcije-prozora-i-vrata-dowsil-776-instantfix-wb\/#breadcrumb","itemListElement":[{"@type":"ListItem","position":1,"name":"Home","item":"https:\/\/proventuss.eu\/"},{"@type":"ListItem","position":2,"name":"Shop","item":"https:\/\/proventuss.eu\/hr\/pohraniti\/"},{"@type":"ListItem","position":3,"name":"Silikon za lijepljenje stakla u konstrukcije prozora i vrata DOWSIL 776 InstantFix WB"}]},{"@type":"WebSite","@id":"https:\/\/proventuss.eu\/#website","url":"https:\/\/proventuss.eu\/","name":"Proventuss","description":"","potentialAction":[{"@type":"SearchAction","target":{"@type":"EntryPoint","urlTemplate":"https:\/\/proventuss.eu\/?s={search_term_string}"},"query-input":"required name=search_term_string"}],"inLanguage":"hr"}]}},"_links":{"self":[{"href":"https:\/\/proventuss.eu\/hr\/wp-json\/wp\/v2\/product\/2877"}],"collection":[{"href":"https:\/\/proventuss.eu\/hr\/wp-json\/wp\/v2\/product"}],"about":[{"href":"https:\/\/proventuss.eu\/hr\/wp-json\/wp\/v2\/types\/product"}],"replies":[{"embeddable":true,"href":"https:\/\/proventuss.eu\/hr\/wp-json\/wp\/v2\/comments?post=2877"}],"wp:featuredmedia":[{"embeddable":true,"href":"https:\/\/proventuss.eu\/hr\/wp-json\/wp\/v2\/media\/2189"}],"wp:attachment":[{"href":"https:\/\/proventuss.eu\/hr\/wp-json\/wp\/v2\/media?parent=2877"}],"wp:term":[{"taxonomy":"product_cat","embeddable":true,"href":"https:\/\/proventuss.eu\/hr\/wp-json\/wp\/v2\/product_cat?post=2877"},{"taxonomy":"product_tag","embeddable":true,"href":"https:\/\/proventuss.eu\/hr\/wp-json\/wp\/v2\/product_tag?post=2877"}],"curies":[{"name":"wp","href":"https:\/\/api.w.org\/{rel}","templated":true}]}}