{"id":2871,"date":"2022-04-26T08:59:02","date_gmt":"2022-04-26T08:59:02","guid":{"rendered":"https:\/\/proventuss.eu\/produkt\/vi-pro-epdm-membrana-vanjska\/"},"modified":"2024-09-04T07:39:04","modified_gmt":"2024-09-04T07:39:04","slug":"vanjska-membrana-vi-pro-epdm-membrane-external","status":"publish","type":"product","link":"https:\/\/proventuss.eu\/hr\/proizvod\/vanjska-membrana-vi-pro-epdm-membrane-external\/","title":{"rendered":"Vanjska membrana Vi-Pro\u00ae EPDM MEMBRANE EXTERNAL"},"content":{"rendered":"<p><strong>VODONEPROPUSNA ELASTOMERNA Vi-Pro\u00ae EPDM<\/strong> membrana za vanjsku primjenu izra\u0111ena je na bazi sinteti\u010dke gume s visokim koeficijentom propusnosti vodene pare. Koristi se za brtvljenje unutar okvira prozora i\/ili vanjskih nosivih konstrukcija.<\/p>\n<p>Vi-Pro\u00ae EPDM membrana pru\u017ea neprekidnu barijeru za vlagu, izdr\u017eljiva je, fleksibilna i otporna na strukturna kretanja.<\/p>\n<p>Dostupna je u crnoj boji, a povr\u0161ina membrane ima teksturu otiskivanja tekstila s obje strane kako bi se osiguralo maksimalno prianjanje.<\/p>\n","protected":false},"excerpt":{"rendered":"<p>VODONEPROPUSNA ELASTOMERNA Vi-Pro\u00ae EPDM membrana za vanjsku primjenu izra\u0111ena je na bazi sinteti\u010dke gume s visokim koeficijentom propusnosti vodene pare. Koristi se za brtvljenje unutar okvira prozora i\/ili vanjskih nosivih konstrukcija. Vi-Pro\u00ae EPDM membrana pru\u017ea neprekidnu barijeru za vlagu, izdr\u017eljiva je, fleksibilna i otporna na strukturna kretanja. Dostupna je u crnoj boji, a povr\u0161ina membrane [&hellip;]<\/p>\n","protected":false},"featured_media":15218,"comment_status":"open","ping_status":"closed","template":"","meta":{"_acf_changed":false},"product_cat":[116],"product_tag":[],"acf":[],"yoast_head":"<!-- This site is optimized with the Yoast SEO plugin v22.9 - https:\/\/yoast.com\/wordpress\/plugins\/seo\/ -->\n<title>Vanjska membrana Vi-Pro\u00ae EPDM MEMBRANE EXTERNAL - Proventuss<\/title>\n<meta name=\"robots\" content=\"index, follow, max-snippet:-1, max-image-preview:large, max-video-preview:-1\" \/>\n<link rel=\"canonical\" href=\"https:\/\/proventuss.eu\/hr\/produkt\/vanjska-membrana-vi-pro-epdm-membrane-external\/\" \/>\n<meta property=\"og:locale\" content=\"hr_HR\" \/>\n<meta property=\"og:type\" content=\"article\" \/>\n<meta property=\"og:title\" content=\"Vanjska membrana Vi-Pro\u00ae EPDM MEMBRANE EXTERNAL - Proventuss\" \/>\n<meta property=\"og:description\" content=\"VODONEPROPUSNA ELASTOMERNA Vi-Pro\u00ae EPDM membrana za vanjsku primjenu izra\u0111ena je na bazi sinteti\u010dke gume s visokim koeficijentom propusnosti vodene pare. Koristi se za brtvljenje unutar okvira prozora i\/ili vanjskih nosivih konstrukcija. Vi-Pro\u00ae EPDM membrana pru\u017ea neprekidnu barijeru za vlagu, izdr\u017eljiva je, fleksibilna i otporna na strukturna kretanja. Dostupna je u crnoj boji, a povr\u0161ina membrane [&hellip;]\" \/>\n<meta property=\"og:url\" content=\"https:\/\/proventuss.eu\/hr\/produkt\/vanjska-membrana-vi-pro-epdm-membrane-external\/\" \/>\n<meta property=\"og:site_name\" content=\"Proventuss\" \/>\n<meta property=\"article:modified_time\" content=\"2024-09-04T07:39:04+00:00\" \/>\n<meta property=\"og:image\" content=\"https:\/\/proventuss.eu\/wp-content\/uploads\/2022\/04\/IMG_20240312_113049m-e1710922257508.jpg\" \/>\n\t<meta property=\"og:image:width\" content=\"352\" \/>\n\t<meta property=\"og:image:height\" content=\"500\" \/>\n\t<meta property=\"og:image:type\" content=\"image\/jpeg\" \/>\n<meta name=\"twitter:card\" content=\"summary_large_image\" \/>\n<meta name=\"twitter:label1\" content=\"Procijenjeno vrijeme \u010ditanja\" \/>\n\t<meta name=\"twitter:data1\" content=\"1 minuta\" \/>\n<script type=\"application\/ld+json\" class=\"yoast-schema-graph\">{\"@context\":\"https:\/\/schema.org\",\"@graph\":[{\"@type\":\"WebPage\",\"@id\":\"https:\/\/proventuss.eu\/hr\/produkt\/vanjska-membrana-vi-pro-epdm-membrane-external\/\",\"url\":\"https:\/\/proventuss.eu\/hr\/produkt\/vanjska-membrana-vi-pro-epdm-membrane-external\/\",\"name\":\"Vanjska membrana Vi-Pro\u00ae EPDM MEMBRANE EXTERNAL - Proventuss\",\"isPartOf\":{\"@id\":\"https:\/\/proventuss.eu\/#website\"},\"primaryImageOfPage\":{\"@id\":\"https:\/\/proventuss.eu\/hr\/produkt\/vanjska-membrana-vi-pro-epdm-membrane-external\/#primaryimage\"},\"image\":{\"@id\":\"https:\/\/proventuss.eu\/hr\/produkt\/vanjska-membrana-vi-pro-epdm-membrane-external\/#primaryimage\"},\"thumbnailUrl\":\"https:\/\/proventuss.eu\/wp-content\/uploads\/2022\/04\/IMG_20240312_113049m-e1710922257508.jpg\",\"datePublished\":\"2022-04-26T08:59:02+00:00\",\"dateModified\":\"2024-09-04T07:39:04+00:00\",\"breadcrumb\":{\"@id\":\"https:\/\/proventuss.eu\/hr\/produkt\/vanjska-membrana-vi-pro-epdm-membrane-external\/#breadcrumb\"},\"inLanguage\":\"hr\",\"potentialAction\":[{\"@type\":\"ReadAction\",\"target\":[\"https:\/\/proventuss.eu\/hr\/produkt\/vanjska-membrana-vi-pro-epdm-membrane-external\/\"]}]},{\"@type\":\"ImageObject\",\"inLanguage\":\"hr\",\"@id\":\"https:\/\/proventuss.eu\/hr\/produkt\/vanjska-membrana-vi-pro-epdm-membrane-external\/#primaryimage\",\"url\":\"https:\/\/proventuss.eu\/wp-content\/uploads\/2022\/04\/IMG_20240312_113049m-e1710922257508.jpg\",\"contentUrl\":\"https:\/\/proventuss.eu\/wp-content\/uploads\/2022\/04\/IMG_20240312_113049m-e1710922257508.jpg\",\"width\":352,\"height\":500,\"caption\":\"Na zdj\u0119ciu wodoszczelna, elastomerowa membrana zewn\u0119trzna stosowana do uszczelnie\u0144 w obr\u0119bie ram okiennych i\/ lub konstrukcji no\u015bnych zewn\u0119trznych.\"},{\"@type\":\"BreadcrumbList\",\"@id\":\"https:\/\/proventuss.eu\/hr\/produkt\/vanjska-membrana-vi-pro-epdm-membrane-external\/#breadcrumb\",\"itemListElement\":[{\"@type\":\"ListItem\",\"position\":1,\"name\":\"Home\",\"item\":\"https:\/\/proventuss.eu\/\"},{\"@type\":\"ListItem\",\"position\":2,\"name\":\"Shop\",\"item\":\"https:\/\/proventuss.eu\/hr\/pohraniti\/\"},{\"@type\":\"ListItem\",\"position\":3,\"name\":\"Vanjska membrana Vi-Pro\u00ae EPDM MEMBRANE EXTERNAL\"}]},{\"@type\":\"WebSite\",\"@id\":\"https:\/\/proventuss.eu\/#website\",\"url\":\"https:\/\/proventuss.eu\/\",\"name\":\"Proventuss\",\"description\":\"\",\"potentialAction\":[{\"@type\":\"SearchAction\",\"target\":{\"@type\":\"EntryPoint\",\"urlTemplate\":\"https:\/\/proventuss.eu\/?s={search_term_string}\"},\"query-input\":\"required name=search_term_string\"}],\"inLanguage\":\"hr\"}]}<\/script>\n<!-- \/ Yoast SEO plugin. -->","yoast_head_json":{"title":"Vanjska membrana Vi-Pro\u00ae EPDM MEMBRANE EXTERNAL - Proventuss","robots":{"index":"index","follow":"follow","max-snippet":"max-snippet:-1","max-image-preview":"max-image-preview:large","max-video-preview":"max-video-preview:-1"},"canonical":"https:\/\/proventuss.eu\/hr\/produkt\/vanjska-membrana-vi-pro-epdm-membrane-external\/","og_locale":"hr_HR","og_type":"article","og_title":"Vanjska membrana Vi-Pro\u00ae EPDM MEMBRANE EXTERNAL - Proventuss","og_description":"VODONEPROPUSNA ELASTOMERNA Vi-Pro\u00ae EPDM membrana za vanjsku primjenu izra\u0111ena je na bazi sinteti\u010dke gume s visokim koeficijentom propusnosti vodene pare. Koristi se za brtvljenje unutar okvira prozora i\/ili vanjskih nosivih konstrukcija. Vi-Pro\u00ae EPDM membrana pru\u017ea neprekidnu barijeru za vlagu, izdr\u017eljiva je, fleksibilna i otporna na strukturna kretanja. Dostupna je u crnoj boji, a povr\u0161ina membrane [&hellip;]","og_url":"https:\/\/proventuss.eu\/hr\/produkt\/vanjska-membrana-vi-pro-epdm-membrane-external\/","og_site_name":"Proventuss","article_modified_time":"2024-09-04T07:39:04+00:00","og_image":[{"width":352,"height":500,"url":"https:\/\/proventuss.eu\/wp-content\/uploads\/2022\/04\/IMG_20240312_113049m-e1710922257508.jpg","type":"image\/jpeg"}],"twitter_card":"summary_large_image","twitter_misc":{"Procijenjeno vrijeme \u010ditanja":"1 minuta"},"schema":{"@context":"https:\/\/schema.org","@graph":[{"@type":"WebPage","@id":"https:\/\/proventuss.eu\/hr\/produkt\/vanjska-membrana-vi-pro-epdm-membrane-external\/","url":"https:\/\/proventuss.eu\/hr\/produkt\/vanjska-membrana-vi-pro-epdm-membrane-external\/","name":"Vanjska membrana Vi-Pro\u00ae EPDM MEMBRANE EXTERNAL - Proventuss","isPartOf":{"@id":"https:\/\/proventuss.eu\/#website"},"primaryImageOfPage":{"@id":"https:\/\/proventuss.eu\/hr\/produkt\/vanjska-membrana-vi-pro-epdm-membrane-external\/#primaryimage"},"image":{"@id":"https:\/\/proventuss.eu\/hr\/produkt\/vanjska-membrana-vi-pro-epdm-membrane-external\/#primaryimage"},"thumbnailUrl":"https:\/\/proventuss.eu\/wp-content\/uploads\/2022\/04\/IMG_20240312_113049m-e1710922257508.jpg","datePublished":"2022-04-26T08:59:02+00:00","dateModified":"2024-09-04T07:39:04+00:00","breadcrumb":{"@id":"https:\/\/proventuss.eu\/hr\/produkt\/vanjska-membrana-vi-pro-epdm-membrane-external\/#breadcrumb"},"inLanguage":"hr","potentialAction":[{"@type":"ReadAction","target":["https:\/\/proventuss.eu\/hr\/produkt\/vanjska-membrana-vi-pro-epdm-membrane-external\/"]}]},{"@type":"ImageObject","inLanguage":"hr","@id":"https:\/\/proventuss.eu\/hr\/produkt\/vanjska-membrana-vi-pro-epdm-membrane-external\/#primaryimage","url":"https:\/\/proventuss.eu\/wp-content\/uploads\/2022\/04\/IMG_20240312_113049m-e1710922257508.jpg","contentUrl":"https:\/\/proventuss.eu\/wp-content\/uploads\/2022\/04\/IMG_20240312_113049m-e1710922257508.jpg","width":352,"height":500,"caption":"Na zdj\u0119ciu wodoszczelna, elastomerowa membrana zewn\u0119trzna stosowana do uszczelnie\u0144 w obr\u0119bie ram okiennych i\/ lub konstrukcji no\u015bnych zewn\u0119trznych."},{"@type":"BreadcrumbList","@id":"https:\/\/proventuss.eu\/hr\/produkt\/vanjska-membrana-vi-pro-epdm-membrane-external\/#breadcrumb","itemListElement":[{"@type":"ListItem","position":1,"name":"Home","item":"https:\/\/proventuss.eu\/"},{"@type":"ListItem","position":2,"name":"Shop","item":"https:\/\/proventuss.eu\/hr\/pohraniti\/"},{"@type":"ListItem","position":3,"name":"Vanjska membrana Vi-Pro\u00ae EPDM MEMBRANE EXTERNAL"}]},{"@type":"WebSite","@id":"https:\/\/proventuss.eu\/#website","url":"https:\/\/proventuss.eu\/","name":"Proventuss","description":"","potentialAction":[{"@type":"SearchAction","target":{"@type":"EntryPoint","urlTemplate":"https:\/\/proventuss.eu\/?s={search_term_string}"},"query-input":"required name=search_term_string"}],"inLanguage":"hr"}]}},"_links":{"self":[{"href":"https:\/\/proventuss.eu\/hr\/wp-json\/wp\/v2\/product\/2871"}],"collection":[{"href":"https:\/\/proventuss.eu\/hr\/wp-json\/wp\/v2\/product"}],"about":[{"href":"https:\/\/proventuss.eu\/hr\/wp-json\/wp\/v2\/types\/product"}],"replies":[{"embeddable":true,"href":"https:\/\/proventuss.eu\/hr\/wp-json\/wp\/v2\/comments?post=2871"}],"wp:featuredmedia":[{"embeddable":true,"href":"https:\/\/proventuss.eu\/hr\/wp-json\/wp\/v2\/media\/15218"}],"wp:attachment":[{"href":"https:\/\/proventuss.eu\/hr\/wp-json\/wp\/v2\/media?parent=2871"}],"wp:term":[{"taxonomy":"product_cat","embeddable":true,"href":"https:\/\/proventuss.eu\/hr\/wp-json\/wp\/v2\/product_cat?post=2871"},{"taxonomy":"product_tag","embeddable":true,"href":"https:\/\/proventuss.eu\/hr\/wp-json\/wp\/v2\/product_tag?post=2871"}],"curies":[{"name":"wp","href":"https:\/\/api.w.org\/{rel}","templated":true}]}}