{"id":2866,"date":"2022-04-19T13:10:32","date_gmt":"2022-04-19T13:10:32","guid":{"rendered":"https:\/\/proventuss.eu\/produkt\/dowsil-791\/"},"modified":"2025-04-04T08:29:15","modified_gmt":"2025-04-04T08:29:15","slug":"silikonsko-brtvilo-otporno-na-vremenske-uvjete-dowsil-791","status":"publish","type":"product","link":"https:\/\/proventuss.eu\/hr\/proizvod\/silikonsko-brtvilo-otporno-na-vremenske-uvjete-dowsil-791\/","title":{"rendered":"Silikonsko brtvilo otporno na vremenske uvjete DOWSIL 791"},"content":{"rendered":"<p><strong>NEUTRALNO SILIKONSKO BRTVILO ZA OSIGURAVANJE OTPORNOSTI NA VREMENSKE UVJETE<\/strong>, jednokomponentno silikonsko brtvilo niskog modula dizajnirano posebno za za\u0161titu strukturno ostakljenih fasada od vremenskih utjecaja. Mo\u017ee se koristiti za ostakljenje i brtvljenje ovje\u0161enih fasada, fasada s u\u010dvr\u0161\u0107enim staklom i tradicionalnih fasada gdje se koriste staklo, aluminij, cigla, keramika i drugi tradicionalni gra\u0111evinski materijali.<\/p>\n<p><strong>PREDNOSTI:<\/strong><br \/>\n\u2022 Idealno za dilatacijske, spojne, perimetarske i druge pomi\u010dne spojeve<br \/>\n\u2022 Visoka otpornost na ozon, ultraljubi\u010dasto zra\u010denje i temperaturne ekstreme<br \/>\n\u2022 Sposobnost pomicanja spojeva \u00b1 50%<br \/>\n\u2022 \u0160irok raspon radnih temperatura<br \/>\n\u2022 Neutralno stvrdnjavanje s katalizatorom na bazi titana<br \/>\n\u2022 Kompatibilno s oblo\u017eenim staklom, pocin\u010danim \u010delikom, bakrom, gra\u0111evinskom keramikom<br \/>\n\u2022 Izvrsno prianjanje bez temeljnog premaza na ve\u0107inu podloga<br \/>\n\u2022 Blagi miris<br \/>\n\u2022 Jednostavno za primjenu i upotrebu s alatom<br \/>\n\u2022 U skladu s normom ISO 11600-F&amp;G-25LM<\/p>\n<p><strong>PAKIRANJE:<\/strong> kartu\u0161a 310 ml, Kobasica 600 ml<br \/>\n<strong>BOJA:<\/strong> crna, siva, bijela, metalno siva, metalno \u010delik-siva, sme\u0111a, antracit, boje po \u017eelji<\/p>\n","protected":false},"excerpt":{"rendered":"<p>NEUTRALNO SILIKONSKO BRTVILO ZA OSIGURAVANJE OTPORNOSTI NA VREMENSKE UVJETE, jednokomponentno silikonsko brtvilo niskog modula dizajnirano posebno za za\u0161titu strukturno ostakljenih fasada od vremenskih utjecaja. Mo\u017ee se koristiti za ostakljenje i brtvljenje ovje\u0161enih fasada, fasada s u\u010dvr\u0161\u0107enim staklom i tradicionalnih fasada gdje se koriste staklo, aluminij, cigla, keramika i drugi tradicionalni gra\u0111evinski materijali. PREDNOSTI: \u2022 Idealno [&hellip;]<\/p>\n","protected":false},"featured_media":2195,"comment_status":"open","ping_status":"closed","template":"","meta":{"_acf_changed":false},"product_cat":[120],"product_tag":[],"acf":[],"yoast_head":"<!-- This site is optimized with the Yoast SEO plugin v22.9 - https:\/\/yoast.com\/wordpress\/plugins\/seo\/ -->\n<title>Silikonsko brtvilo otporno na vremenske uvjete DOWSIL 791 - Proventuss<\/title>\n<meta name=\"robots\" content=\"index, follow, max-snippet:-1, max-image-preview:large, max-video-preview:-1\" \/>\n<link rel=\"canonical\" href=\"https:\/\/proventuss.eu\/hr\/produkt\/silikonsko-brtvilo-otporno-na-vremenske-uvjete-dowsil-791\/\" \/>\n<meta property=\"og:locale\" content=\"hr_HR\" \/>\n<meta property=\"og:type\" content=\"article\" \/>\n<meta property=\"og:title\" content=\"Silikonsko brtvilo otporno na vremenske uvjete DOWSIL 791 - Proventuss\" \/>\n<meta property=\"og:description\" content=\"NEUTRALNO SILIKONSKO BRTVILO ZA OSIGURAVANJE OTPORNOSTI NA VREMENSKE UVJETE, jednokomponentno silikonsko brtvilo niskog modula dizajnirano posebno za za\u0161titu strukturno ostakljenih fasada od vremenskih utjecaja. Mo\u017ee se koristiti za ostakljenje i brtvljenje ovje\u0161enih fasada, fasada s u\u010dvr\u0161\u0107enim staklom i tradicionalnih fasada gdje se koriste staklo, aluminij, cigla, keramika i drugi tradicionalni gra\u0111evinski materijali. PREDNOSTI: \u2022 Idealno [&hellip;]\" \/>\n<meta property=\"og:url\" content=\"https:\/\/proventuss.eu\/hr\/produkt\/silikonsko-brtvilo-otporno-na-vremenske-uvjete-dowsil-791\/\" \/>\n<meta property=\"og:site_name\" content=\"Proventuss\" \/>\n<meta property=\"article:modified_time\" content=\"2025-04-04T08:29:15+00:00\" \/>\n<meta property=\"og:image\" content=\"https:\/\/proventuss.eu\/wp-content\/uploads\/2022\/04\/791.jpg\" \/>\n\t<meta property=\"og:image:width\" content=\"408\" \/>\n\t<meta property=\"og:image:height\" content=\"1136\" \/>\n\t<meta property=\"og:image:type\" content=\"image\/jpeg\" \/>\n<meta name=\"twitter:card\" content=\"summary_large_image\" \/>\n<meta name=\"twitter:label1\" content=\"Procijenjeno vrijeme \u010ditanja\" \/>\n\t<meta name=\"twitter:data1\" content=\"2 minute\" \/>\n<script type=\"application\/ld+json\" class=\"yoast-schema-graph\">{\"@context\":\"https:\/\/schema.org\",\"@graph\":[{\"@type\":\"WebPage\",\"@id\":\"https:\/\/proventuss.eu\/hr\/produkt\/silikonsko-brtvilo-otporno-na-vremenske-uvjete-dowsil-791\/\",\"url\":\"https:\/\/proventuss.eu\/hr\/produkt\/silikonsko-brtvilo-otporno-na-vremenske-uvjete-dowsil-791\/\",\"name\":\"Silikonsko brtvilo otporno na vremenske uvjete DOWSIL 791 - Proventuss\",\"isPartOf\":{\"@id\":\"https:\/\/proventuss.eu\/#website\"},\"primaryImageOfPage\":{\"@id\":\"https:\/\/proventuss.eu\/hr\/produkt\/silikonsko-brtvilo-otporno-na-vremenske-uvjete-dowsil-791\/#primaryimage\"},\"image\":{\"@id\":\"https:\/\/proventuss.eu\/hr\/produkt\/silikonsko-brtvilo-otporno-na-vremenske-uvjete-dowsil-791\/#primaryimage\"},\"thumbnailUrl\":\"https:\/\/proventuss.eu\/wp-content\/uploads\/2022\/04\/791.jpg\",\"datePublished\":\"2022-04-19T13:10:32+00:00\",\"dateModified\":\"2025-04-04T08:29:15+00:00\",\"breadcrumb\":{\"@id\":\"https:\/\/proventuss.eu\/hr\/produkt\/silikonsko-brtvilo-otporno-na-vremenske-uvjete-dowsil-791\/#breadcrumb\"},\"inLanguage\":\"hr\",\"potentialAction\":[{\"@type\":\"ReadAction\",\"target\":[\"https:\/\/proventuss.eu\/hr\/produkt\/silikonsko-brtvilo-otporno-na-vremenske-uvjete-dowsil-791\/\"]}]},{\"@type\":\"ImageObject\",\"inLanguage\":\"hr\",\"@id\":\"https:\/\/proventuss.eu\/hr\/produkt\/silikonsko-brtvilo-otporno-na-vremenske-uvjete-dowsil-791\/#primaryimage\",\"url\":\"https:\/\/proventuss.eu\/wp-content\/uploads\/2022\/04\/791.jpg\",\"contentUrl\":\"https:\/\/proventuss.eu\/wp-content\/uploads\/2022\/04\/791.jpg\",\"width\":408,\"height\":1136},{\"@type\":\"BreadcrumbList\",\"@id\":\"https:\/\/proventuss.eu\/hr\/produkt\/silikonsko-brtvilo-otporno-na-vremenske-uvjete-dowsil-791\/#breadcrumb\",\"itemListElement\":[{\"@type\":\"ListItem\",\"position\":1,\"name\":\"Home\",\"item\":\"https:\/\/proventuss.eu\/\"},{\"@type\":\"ListItem\",\"position\":2,\"name\":\"Shop\",\"item\":\"https:\/\/proventuss.eu\/hr\/pohraniti\/\"},{\"@type\":\"ListItem\",\"position\":3,\"name\":\"Silikonsko brtvilo otporno na vremenske uvjete DOWSIL 791\"}]},{\"@type\":\"WebSite\",\"@id\":\"https:\/\/proventuss.eu\/#website\",\"url\":\"https:\/\/proventuss.eu\/\",\"name\":\"Proventuss\",\"description\":\"\",\"potentialAction\":[{\"@type\":\"SearchAction\",\"target\":{\"@type\":\"EntryPoint\",\"urlTemplate\":\"https:\/\/proventuss.eu\/?s={search_term_string}\"},\"query-input\":\"required name=search_term_string\"}],\"inLanguage\":\"hr\"}]}<\/script>\n<!-- \/ Yoast SEO plugin. -->","yoast_head_json":{"title":"Silikonsko brtvilo otporno na vremenske uvjete DOWSIL 791 - Proventuss","robots":{"index":"index","follow":"follow","max-snippet":"max-snippet:-1","max-image-preview":"max-image-preview:large","max-video-preview":"max-video-preview:-1"},"canonical":"https:\/\/proventuss.eu\/hr\/produkt\/silikonsko-brtvilo-otporno-na-vremenske-uvjete-dowsil-791\/","og_locale":"hr_HR","og_type":"article","og_title":"Silikonsko brtvilo otporno na vremenske uvjete DOWSIL 791 - Proventuss","og_description":"NEUTRALNO SILIKONSKO BRTVILO ZA OSIGURAVANJE OTPORNOSTI NA VREMENSKE UVJETE, jednokomponentno silikonsko brtvilo niskog modula dizajnirano posebno za za\u0161titu strukturno ostakljenih fasada od vremenskih utjecaja. Mo\u017ee se koristiti za ostakljenje i brtvljenje ovje\u0161enih fasada, fasada s u\u010dvr\u0161\u0107enim staklom i tradicionalnih fasada gdje se koriste staklo, aluminij, cigla, keramika i drugi tradicionalni gra\u0111evinski materijali. PREDNOSTI: \u2022 Idealno [&hellip;]","og_url":"https:\/\/proventuss.eu\/hr\/produkt\/silikonsko-brtvilo-otporno-na-vremenske-uvjete-dowsil-791\/","og_site_name":"Proventuss","article_modified_time":"2025-04-04T08:29:15+00:00","og_image":[{"width":408,"height":1136,"url":"https:\/\/proventuss.eu\/wp-content\/uploads\/2022\/04\/791.jpg","type":"image\/jpeg"}],"twitter_card":"summary_large_image","twitter_misc":{"Procijenjeno vrijeme \u010ditanja":"2 minute"},"schema":{"@context":"https:\/\/schema.org","@graph":[{"@type":"WebPage","@id":"https:\/\/proventuss.eu\/hr\/produkt\/silikonsko-brtvilo-otporno-na-vremenske-uvjete-dowsil-791\/","url":"https:\/\/proventuss.eu\/hr\/produkt\/silikonsko-brtvilo-otporno-na-vremenske-uvjete-dowsil-791\/","name":"Silikonsko brtvilo otporno na vremenske uvjete DOWSIL 791 - Proventuss","isPartOf":{"@id":"https:\/\/proventuss.eu\/#website"},"primaryImageOfPage":{"@id":"https:\/\/proventuss.eu\/hr\/produkt\/silikonsko-brtvilo-otporno-na-vremenske-uvjete-dowsil-791\/#primaryimage"},"image":{"@id":"https:\/\/proventuss.eu\/hr\/produkt\/silikonsko-brtvilo-otporno-na-vremenske-uvjete-dowsil-791\/#primaryimage"},"thumbnailUrl":"https:\/\/proventuss.eu\/wp-content\/uploads\/2022\/04\/791.jpg","datePublished":"2022-04-19T13:10:32+00:00","dateModified":"2025-04-04T08:29:15+00:00","breadcrumb":{"@id":"https:\/\/proventuss.eu\/hr\/produkt\/silikonsko-brtvilo-otporno-na-vremenske-uvjete-dowsil-791\/#breadcrumb"},"inLanguage":"hr","potentialAction":[{"@type":"ReadAction","target":["https:\/\/proventuss.eu\/hr\/produkt\/silikonsko-brtvilo-otporno-na-vremenske-uvjete-dowsil-791\/"]}]},{"@type":"ImageObject","inLanguage":"hr","@id":"https:\/\/proventuss.eu\/hr\/produkt\/silikonsko-brtvilo-otporno-na-vremenske-uvjete-dowsil-791\/#primaryimage","url":"https:\/\/proventuss.eu\/wp-content\/uploads\/2022\/04\/791.jpg","contentUrl":"https:\/\/proventuss.eu\/wp-content\/uploads\/2022\/04\/791.jpg","width":408,"height":1136},{"@type":"BreadcrumbList","@id":"https:\/\/proventuss.eu\/hr\/produkt\/silikonsko-brtvilo-otporno-na-vremenske-uvjete-dowsil-791\/#breadcrumb","itemListElement":[{"@type":"ListItem","position":1,"name":"Home","item":"https:\/\/proventuss.eu\/"},{"@type":"ListItem","position":2,"name":"Shop","item":"https:\/\/proventuss.eu\/hr\/pohraniti\/"},{"@type":"ListItem","position":3,"name":"Silikonsko brtvilo otporno na vremenske uvjete DOWSIL 791"}]},{"@type":"WebSite","@id":"https:\/\/proventuss.eu\/#website","url":"https:\/\/proventuss.eu\/","name":"Proventuss","description":"","potentialAction":[{"@type":"SearchAction","target":{"@type":"EntryPoint","urlTemplate":"https:\/\/proventuss.eu\/?s={search_term_string}"},"query-input":"required name=search_term_string"}],"inLanguage":"hr"}]}},"_links":{"self":[{"href":"https:\/\/proventuss.eu\/hr\/wp-json\/wp\/v2\/product\/2866"}],"collection":[{"href":"https:\/\/proventuss.eu\/hr\/wp-json\/wp\/v2\/product"}],"about":[{"href":"https:\/\/proventuss.eu\/hr\/wp-json\/wp\/v2\/types\/product"}],"replies":[{"embeddable":true,"href":"https:\/\/proventuss.eu\/hr\/wp-json\/wp\/v2\/comments?post=2866"}],"wp:featuredmedia":[{"embeddable":true,"href":"https:\/\/proventuss.eu\/hr\/wp-json\/wp\/v2\/media\/2195"}],"wp:attachment":[{"href":"https:\/\/proventuss.eu\/hr\/wp-json\/wp\/v2\/media?parent=2866"}],"wp:term":[{"taxonomy":"product_cat","embeddable":true,"href":"https:\/\/proventuss.eu\/hr\/wp-json\/wp\/v2\/product_cat?post=2866"},{"taxonomy":"product_tag","embeddable":true,"href":"https:\/\/proventuss.eu\/hr\/wp-json\/wp\/v2\/product_tag?post=2866"}],"curies":[{"name":"wp","href":"https:\/\/api.w.org\/{rel}","templated":true}]}}