{"id":18878,"date":"2024-09-20T09:25:33","date_gmt":"2024-09-20T09:25:33","guid":{"rendered":"https:\/\/proventuss.eu\/produkt\/sredstvo-za-brtvljenje-stakla\/"},"modified":"2024-09-20T09:25:33","modified_gmt":"2024-09-20T09:25:33","slug":"sredstvo-za-brtvljenje-stakla","status":"publish","type":"product","link":"https:\/\/proventuss.eu\/hr\/proizvod\/sredstvo-za-brtvljenje-stakla\/","title":{"rendered":"Sredstvo za brtvljenje stakla"},"content":{"rendered":"<p>Vi-Pro\u00ae WNS PLUS jednokomponentno je silikonsko brtvilo niskog modula s neutralnim oksimom koje reagira s atmosferskom vlagom i stvara iznimno otpornu elasti\u010dnu gumu. Ne sadr\u017ei korozivne niti jako mirisne dodatke. Vi-Pro\u00ae WNS PLUS zadr\u017eava svu elasti\u010dnost i svojstva prianjanja bez problema starenja, ostaju\u0107i stabilan na atmosferske utjecaje. Vi-Pro\u00ae WNS PLUS je visokokvalitetni 100% silikon koji \u0107e prianjati na ve\u0107inu podloga koje se obi\u010dno nalaze u gra\u0111evinarstvu, kao \u0161to su staklo, beton, cigla, ve\u0107ina vrsta drva, goli metali i mnoge plasti\u010dne povr\u0161ine.<\/p>\n<p><strong>Prednosti:<\/strong><\/p>\n<p>-Vrhunska kvaliteta.<br \/>\n-Nizak modul i visoka fleksibilnost i kretanje.<br \/>\n-Izvrsno prianjanje na \u0161irok raspon podloga bez potrebe za temeljnim premazom.<br \/>\n-Vrlo dobra otpornost na UV zra\u010denje, vremenske uvjete i starenje.<br \/>\n-Nizak miris.<br \/>\n-Nehr\u0111aju\u0107i.<br \/>\n-Izuzetno dug vijek trajanja.<\/p>\n<p><strong>Podru\u010dja primjene:<\/strong><\/p>\n<p>Vi-Pro\u00ae WNS PLUS je visokokvalitetno i otporno brtvilo. Ima izvrsnu adheziju na ve\u0107inu podloga koje se koriste u gra\u0111evinarstvu, kao \u0161to su staklo, aluminij, drvo, PVC, beton, itd. Posebno se preporu\u010duje za: Brtvljenje dilatacijskih spojeva na fasadama zavjesa, laganim fasadama i krovnim prozorima protiv vremenskih uvjeta. Ugradnja sustava prozora i vrata. Brtvljenje staklenika i rasadnika od stakla, polikarbonata ili metakrilata. Brtvljenje spojeva izme\u0111u podova i zidova, stepeni\u0161ta i ostalih gra\u0111evinskih spojeva. Za za\u0161titu od vremenskih uvjeta i brtvljenje gdje je potrebna trajnost u te\u0161kim uvjetima. Kompatibilan s gra\u0111evinskim silikonima za brtvljenje od vremenskih uvjeta.<\/p>\n","protected":false},"excerpt":{"rendered":"<p>Vi-Pro\u00ae WNS PLUS jednokomponentno je silikonsko brtvilo niskog modula s neutralnim oksimom koje reagira s atmosferskom vlagom i stvara iznimno otpornu elasti\u010dnu gumu. Ne sadr\u017ei korozivne niti jako mirisne dodatke. Vi-Pro\u00ae WNS PLUS zadr\u017eava svu elasti\u010dnost i svojstva prianjanja bez problema starenja, ostaju\u0107i stabilan na atmosferske utjecaje. Vi-Pro\u00ae WNS PLUS je visokokvalitetni 100% silikon koji [&hellip;]<\/p>\n","protected":false},"featured_media":18216,"comment_status":"open","ping_status":"closed","template":"","meta":{"_acf_changed":false},"product_cat":[121],"product_tag":[],"acf":[],"yoast_head":"<!-- This site is optimized with the Yoast SEO plugin v22.9 - https:\/\/yoast.com\/wordpress\/plugins\/seo\/ -->\n<title>Sredstvo za brtvljenje stakla - Proventuss<\/title>\n<meta name=\"robots\" content=\"index, follow, max-snippet:-1, max-image-preview:large, max-video-preview:-1\" \/>\n<link rel=\"canonical\" href=\"https:\/\/proventuss.eu\/hr\/produkt\/sredstvo-za-brtvljenje-stakla\/\" \/>\n<meta property=\"og:locale\" content=\"hr_HR\" \/>\n<meta property=\"og:type\" content=\"article\" \/>\n<meta property=\"og:title\" content=\"Sredstvo za brtvljenje stakla - Proventuss\" \/>\n<meta property=\"og:description\" content=\"Vi-Pro\u00ae WNS PLUS jednokomponentno je silikonsko brtvilo niskog modula s neutralnim oksimom koje reagira s atmosferskom vlagom i stvara iznimno otpornu elasti\u010dnu gumu. Ne sadr\u017ei korozivne niti jako mirisne dodatke. Vi-Pro\u00ae WNS PLUS zadr\u017eava svu elasti\u010dnost i svojstva prianjanja bez problema starenja, ostaju\u0107i stabilan na atmosferske utjecaje. Vi-Pro\u00ae WNS PLUS je visokokvalitetni 100% silikon koji [&hellip;]\" \/>\n<meta property=\"og:url\" content=\"https:\/\/proventuss.eu\/hr\/produkt\/sredstvo-za-brtvljenje-stakla\/\" \/>\n<meta property=\"og:site_name\" content=\"Proventuss\" \/>\n<meta property=\"og:image\" content=\"https:\/\/proventuss.eu\/wp-content\/uploads\/2024\/09\/Vi-Pro-WNS-PLUS_1-scaled-e1729669926633.jpg\" \/>\n\t<meta property=\"og:image:width\" content=\"2560\" \/>\n\t<meta property=\"og:image:height\" content=\"1707\" \/>\n\t<meta property=\"og:image:type\" content=\"image\/jpeg\" \/>\n<meta name=\"twitter:card\" content=\"summary_large_image\" \/>\n<meta name=\"twitter:label1\" content=\"Procijenjeno vrijeme \u010ditanja\" \/>\n\t<meta name=\"twitter:data1\" content=\"1 minuta\" \/>\n<script type=\"application\/ld+json\" class=\"yoast-schema-graph\">{\"@context\":\"https:\/\/schema.org\",\"@graph\":[{\"@type\":\"WebPage\",\"@id\":\"https:\/\/proventuss.eu\/hr\/produkt\/sredstvo-za-brtvljenje-stakla\/\",\"url\":\"https:\/\/proventuss.eu\/hr\/produkt\/sredstvo-za-brtvljenje-stakla\/\",\"name\":\"Sredstvo za brtvljenje stakla - Proventuss\",\"isPartOf\":{\"@id\":\"https:\/\/proventuss.eu\/#website\"},\"primaryImageOfPage\":{\"@id\":\"https:\/\/proventuss.eu\/hr\/produkt\/sredstvo-za-brtvljenje-stakla\/#primaryimage\"},\"image\":{\"@id\":\"https:\/\/proventuss.eu\/hr\/produkt\/sredstvo-za-brtvljenje-stakla\/#primaryimage\"},\"thumbnailUrl\":\"https:\/\/proventuss.eu\/wp-content\/uploads\/2024\/09\/Vi-Pro-WNS-PLUS_1-scaled-e1729669926633.jpg\",\"datePublished\":\"2024-09-20T09:25:33+00:00\",\"dateModified\":\"2024-09-20T09:25:33+00:00\",\"breadcrumb\":{\"@id\":\"https:\/\/proventuss.eu\/hr\/produkt\/sredstvo-za-brtvljenje-stakla\/#breadcrumb\"},\"inLanguage\":\"hr\",\"potentialAction\":[{\"@type\":\"ReadAction\",\"target\":[\"https:\/\/proventuss.eu\/hr\/produkt\/sredstvo-za-brtvljenje-stakla\/\"]}]},{\"@type\":\"ImageObject\",\"inLanguage\":\"hr\",\"@id\":\"https:\/\/proventuss.eu\/hr\/produkt\/sredstvo-za-brtvljenje-stakla\/#primaryimage\",\"url\":\"https:\/\/proventuss.eu\/wp-content\/uploads\/2024\/09\/Vi-Pro-WNS-PLUS_1-scaled-e1729669926633.jpg\",\"contentUrl\":\"https:\/\/proventuss.eu\/wp-content\/uploads\/2024\/09\/Vi-Pro-WNS-PLUS_1-scaled-e1729669926633.jpg\",\"width\":2560,\"height\":1707,\"caption\":\"Na zdj\u0119ciu uszczelniacz do zabezpieczania przed warunkami atmosferycznymi i uszczelniania, gdzie wymagana jest trwa\u0142o\u015b\u0107 w trudnych warunkach.\"},{\"@type\":\"BreadcrumbList\",\"@id\":\"https:\/\/proventuss.eu\/hr\/produkt\/sredstvo-za-brtvljenje-stakla\/#breadcrumb\",\"itemListElement\":[{\"@type\":\"ListItem\",\"position\":1,\"name\":\"Home\",\"item\":\"https:\/\/proventuss.eu\/\"},{\"@type\":\"ListItem\",\"position\":2,\"name\":\"Shop\",\"item\":\"https:\/\/proventuss.eu\/hr\/pohraniti\/\"},{\"@type\":\"ListItem\",\"position\":3,\"name\":\"Sredstvo za brtvljenje stakla\"}]},{\"@type\":\"WebSite\",\"@id\":\"https:\/\/proventuss.eu\/#website\",\"url\":\"https:\/\/proventuss.eu\/\",\"name\":\"Proventuss\",\"description\":\"\",\"potentialAction\":[{\"@type\":\"SearchAction\",\"target\":{\"@type\":\"EntryPoint\",\"urlTemplate\":\"https:\/\/proventuss.eu\/?s={search_term_string}\"},\"query-input\":\"required name=search_term_string\"}],\"inLanguage\":\"hr\"}]}<\/script>\n<!-- \/ Yoast SEO plugin. -->","yoast_head_json":{"title":"Sredstvo za brtvljenje stakla - Proventuss","robots":{"index":"index","follow":"follow","max-snippet":"max-snippet:-1","max-image-preview":"max-image-preview:large","max-video-preview":"max-video-preview:-1"},"canonical":"https:\/\/proventuss.eu\/hr\/produkt\/sredstvo-za-brtvljenje-stakla\/","og_locale":"hr_HR","og_type":"article","og_title":"Sredstvo za brtvljenje stakla - Proventuss","og_description":"Vi-Pro\u00ae WNS PLUS jednokomponentno je silikonsko brtvilo niskog modula s neutralnim oksimom koje reagira s atmosferskom vlagom i stvara iznimno otpornu elasti\u010dnu gumu. Ne sadr\u017ei korozivne niti jako mirisne dodatke. Vi-Pro\u00ae WNS PLUS zadr\u017eava svu elasti\u010dnost i svojstva prianjanja bez problema starenja, ostaju\u0107i stabilan na atmosferske utjecaje. Vi-Pro\u00ae WNS PLUS je visokokvalitetni 100% silikon koji [&hellip;]","og_url":"https:\/\/proventuss.eu\/hr\/produkt\/sredstvo-za-brtvljenje-stakla\/","og_site_name":"Proventuss","og_image":[{"width":2560,"height":1707,"url":"https:\/\/proventuss.eu\/wp-content\/uploads\/2024\/09\/Vi-Pro-WNS-PLUS_1-scaled-e1729669926633.jpg","type":"image\/jpeg"}],"twitter_card":"summary_large_image","twitter_misc":{"Procijenjeno vrijeme \u010ditanja":"1 minuta"},"schema":{"@context":"https:\/\/schema.org","@graph":[{"@type":"WebPage","@id":"https:\/\/proventuss.eu\/hr\/produkt\/sredstvo-za-brtvljenje-stakla\/","url":"https:\/\/proventuss.eu\/hr\/produkt\/sredstvo-za-brtvljenje-stakla\/","name":"Sredstvo za brtvljenje stakla - Proventuss","isPartOf":{"@id":"https:\/\/proventuss.eu\/#website"},"primaryImageOfPage":{"@id":"https:\/\/proventuss.eu\/hr\/produkt\/sredstvo-za-brtvljenje-stakla\/#primaryimage"},"image":{"@id":"https:\/\/proventuss.eu\/hr\/produkt\/sredstvo-za-brtvljenje-stakla\/#primaryimage"},"thumbnailUrl":"https:\/\/proventuss.eu\/wp-content\/uploads\/2024\/09\/Vi-Pro-WNS-PLUS_1-scaled-e1729669926633.jpg","datePublished":"2024-09-20T09:25:33+00:00","dateModified":"2024-09-20T09:25:33+00:00","breadcrumb":{"@id":"https:\/\/proventuss.eu\/hr\/produkt\/sredstvo-za-brtvljenje-stakla\/#breadcrumb"},"inLanguage":"hr","potentialAction":[{"@type":"ReadAction","target":["https:\/\/proventuss.eu\/hr\/produkt\/sredstvo-za-brtvljenje-stakla\/"]}]},{"@type":"ImageObject","inLanguage":"hr","@id":"https:\/\/proventuss.eu\/hr\/produkt\/sredstvo-za-brtvljenje-stakla\/#primaryimage","url":"https:\/\/proventuss.eu\/wp-content\/uploads\/2024\/09\/Vi-Pro-WNS-PLUS_1-scaled-e1729669926633.jpg","contentUrl":"https:\/\/proventuss.eu\/wp-content\/uploads\/2024\/09\/Vi-Pro-WNS-PLUS_1-scaled-e1729669926633.jpg","width":2560,"height":1707,"caption":"Na zdj\u0119ciu uszczelniacz do zabezpieczania przed warunkami atmosferycznymi i uszczelniania, gdzie wymagana jest trwa\u0142o\u015b\u0107 w trudnych warunkach."},{"@type":"BreadcrumbList","@id":"https:\/\/proventuss.eu\/hr\/produkt\/sredstvo-za-brtvljenje-stakla\/#breadcrumb","itemListElement":[{"@type":"ListItem","position":1,"name":"Home","item":"https:\/\/proventuss.eu\/"},{"@type":"ListItem","position":2,"name":"Shop","item":"https:\/\/proventuss.eu\/hr\/pohraniti\/"},{"@type":"ListItem","position":3,"name":"Sredstvo za brtvljenje stakla"}]},{"@type":"WebSite","@id":"https:\/\/proventuss.eu\/#website","url":"https:\/\/proventuss.eu\/","name":"Proventuss","description":"","potentialAction":[{"@type":"SearchAction","target":{"@type":"EntryPoint","urlTemplate":"https:\/\/proventuss.eu\/?s={search_term_string}"},"query-input":"required name=search_term_string"}],"inLanguage":"hr"}]}},"_links":{"self":[{"href":"https:\/\/proventuss.eu\/hr\/wp-json\/wp\/v2\/product\/18878"}],"collection":[{"href":"https:\/\/proventuss.eu\/hr\/wp-json\/wp\/v2\/product"}],"about":[{"href":"https:\/\/proventuss.eu\/hr\/wp-json\/wp\/v2\/types\/product"}],"replies":[{"embeddable":true,"href":"https:\/\/proventuss.eu\/hr\/wp-json\/wp\/v2\/comments?post=18878"}],"wp:featuredmedia":[{"embeddable":true,"href":"https:\/\/proventuss.eu\/hr\/wp-json\/wp\/v2\/media\/18216"}],"wp:attachment":[{"href":"https:\/\/proventuss.eu\/hr\/wp-json\/wp\/v2\/media?parent=18878"}],"wp:term":[{"taxonomy":"product_cat","embeddable":true,"href":"https:\/\/proventuss.eu\/hr\/wp-json\/wp\/v2\/product_cat?post=18878"},{"taxonomy":"product_tag","embeddable":true,"href":"https:\/\/proventuss.eu\/hr\/wp-json\/wp\/v2\/product_tag?post=18878"}],"curies":[{"name":"wp","href":"https:\/\/api.w.org\/{rel}","templated":true}]}}