{"id":18005,"date":"2024-10-22T09:30:08","date_gmt":"2024-10-22T09:30:08","guid":{"rendered":"https:\/\/proventuss.eu\/produkt\/vi-pro-pneumatic-gun-2k-675-ml\/"},"modified":"2024-10-22T12:18:24","modified_gmt":"2024-10-22T12:18:24","slug":"vi-pro-pneumatic-gun-2k-675-ml","status":"publish","type":"product","link":"https:\/\/proventuss.eu\/hr\/proizvod\/vi-pro-pneumatic-gun-2k-675-ml\/","title":{"rendered":"Vi-Pro\u00ae PNEUMATIC GUN 2K 675 ML"},"content":{"rendered":"<p>Profesionalni pneumatski aplikator za istiskivanje svih vrsta proizvoda visoke viskoznosti i kemijskih sidara, pakiran u kartu\u0161e od 675 ml.<\/p>\n<ul>\n<li>Karakteristi\u010dne zna\u010dajke:<\/li>\n<li>Neto te\u017eina &#8211; 4.600 kg<\/li>\n<li>Radni pritisak &#8211; 0-10 bara<\/li>\n<li>Maksimalna sila &#8211; 600 Kgf (10 bar &#8211; 145 PSI) &#8211; 5,88 kN<\/li>\n<li>Priklju\u010dak &#8211; 1\/4 mu\u0161ki plin<\/li>\n<li>Razina buke &#8211; &lt;80dB<\/li>\n<li>Integrirani reduktor tlaka<\/li>\n<li>Vrijednost integriranog ispu\u0161tanja (bez kapanja)<\/li>\n<li>Pneumatski povrat<\/li>\n<\/ul>\n<p>Pakiranje: 1 kom u kartonu.<\/p>\n","protected":false},"excerpt":{"rendered":"<p>Profesionalni pneumatski aplikator za istiskivanje svih vrsta proizvoda visoke viskoznosti i kemijskih sidara, pakiran u kartu\u0161e od 675 ml. Karakteristi\u010dne zna\u010dajke: Neto te\u017eina &#8211; 4.600 kg Radni pritisak &#8211; 0-10 bara Maksimalna sila &#8211; 600 Kgf (10 bar &#8211; 145 PSI) &#8211; 5,88 kN Priklju\u010dak &#8211; 1\/4 mu\u0161ki plin Razina buke &#8211; &lt;80dB Integrirani reduktor [&hellip;]<\/p>\n","protected":false},"featured_media":18020,"comment_status":"open","ping_status":"closed","template":"","meta":{"_acf_changed":false},"product_cat":[157,159],"product_tag":[],"acf":[],"yoast_head":"<!-- This site is optimized with the Yoast SEO plugin v22.9 - https:\/\/yoast.com\/wordpress\/plugins\/seo\/ -->\n<title>Vi-Pro\u00ae PNEUMATIC GUN 2K 675 ML - Proventuss<\/title>\n<meta name=\"robots\" content=\"index, follow, max-snippet:-1, max-image-preview:large, max-video-preview:-1\" \/>\n<link rel=\"canonical\" href=\"https:\/\/proventuss.eu\/hr\/produkt\/vi-pro-pneumatic-gun-2k-675-ml\/\" \/>\n<meta property=\"og:locale\" content=\"hr_HR\" \/>\n<meta property=\"og:type\" content=\"article\" \/>\n<meta property=\"og:title\" content=\"Vi-Pro\u00ae PNEUMATIC GUN 2K 675 ML - Proventuss\" \/>\n<meta property=\"og:description\" content=\"Profesionalni pneumatski aplikator za istiskivanje svih vrsta proizvoda visoke viskoznosti i kemijskih sidara, pakiran u kartu\u0161e od 675 ml. Karakteristi\u010dne zna\u010dajke: Neto te\u017eina &#8211; 4.600 kg Radni pritisak &#8211; 0-10 bara Maksimalna sila &#8211; 600 Kgf (10 bar &#8211; 145 PSI) &#8211; 5,88 kN Priklju\u010dak &#8211; 1\/4 mu\u0161ki plin Razina buke &#8211; &lt;80dB Integrirani reduktor [&hellip;]\" \/>\n<meta property=\"og:url\" content=\"https:\/\/proventuss.eu\/hr\/produkt\/vi-pro-pneumatic-gun-2k-675-ml\/\" \/>\n<meta property=\"og:site_name\" content=\"Proventuss\" \/>\n<meta property=\"article:modified_time\" content=\"2024-10-22T12:18:24+00:00\" \/>\n<meta property=\"og:image\" content=\"https:\/\/proventuss.eu\/wp-content\/uploads\/2024\/10\/Vi-Pro\u00ae-PNEUMATIC-GUN-2K-675-ML-scaled-e1729590065862.jpg\" \/>\n\t<meta property=\"og:image:width\" content=\"2560\" \/>\n\t<meta property=\"og:image:height\" content=\"1707\" \/>\n\t<meta property=\"og:image:type\" content=\"image\/jpeg\" \/>\n<meta name=\"twitter:card\" content=\"summary_large_image\" \/>\n<meta name=\"twitter:label1\" content=\"Procijenjeno vrijeme \u010ditanja\" \/>\n\t<meta name=\"twitter:data1\" content=\"1 minuta\" \/>\n<script type=\"application\/ld+json\" class=\"yoast-schema-graph\">{\"@context\":\"https:\/\/schema.org\",\"@graph\":[{\"@type\":\"WebPage\",\"@id\":\"https:\/\/proventuss.eu\/hr\/produkt\/vi-pro-pneumatic-gun-2k-675-ml\/\",\"url\":\"https:\/\/proventuss.eu\/hr\/produkt\/vi-pro-pneumatic-gun-2k-675-ml\/\",\"name\":\"Vi-Pro\u00ae PNEUMATIC GUN 2K 675 ML - Proventuss\",\"isPartOf\":{\"@id\":\"https:\/\/proventuss.eu\/#website\"},\"primaryImageOfPage\":{\"@id\":\"https:\/\/proventuss.eu\/hr\/produkt\/vi-pro-pneumatic-gun-2k-675-ml\/#primaryimage\"},\"image\":{\"@id\":\"https:\/\/proventuss.eu\/hr\/produkt\/vi-pro-pneumatic-gun-2k-675-ml\/#primaryimage\"},\"thumbnailUrl\":\"https:\/\/proventuss.eu\/wp-content\/uploads\/2024\/10\/Vi-Pro\u00ae-PNEUMATIC-GUN-2K-675-ML-scaled-e1729590065862.jpg\",\"datePublished\":\"2024-10-22T09:30:08+00:00\",\"dateModified\":\"2024-10-22T12:18:24+00:00\",\"breadcrumb\":{\"@id\":\"https:\/\/proventuss.eu\/hr\/produkt\/vi-pro-pneumatic-gun-2k-675-ml\/#breadcrumb\"},\"inLanguage\":\"hr\",\"potentialAction\":[{\"@type\":\"ReadAction\",\"target\":[\"https:\/\/proventuss.eu\/hr\/produkt\/vi-pro-pneumatic-gun-2k-675-ml\/\"]}]},{\"@type\":\"ImageObject\",\"inLanguage\":\"hr\",\"@id\":\"https:\/\/proventuss.eu\/hr\/produkt\/vi-pro-pneumatic-gun-2k-675-ml\/#primaryimage\",\"url\":\"https:\/\/proventuss.eu\/wp-content\/uploads\/2024\/10\/Vi-Pro\u00ae-PNEUMATIC-GUN-2K-675-ML-scaled-e1729590065862.jpg\",\"contentUrl\":\"https:\/\/proventuss.eu\/wp-content\/uploads\/2024\/10\/Vi-Pro\u00ae-PNEUMATIC-GUN-2K-675-ML-scaled-e1729590065862.jpg\",\"width\":2560,\"height\":1707,\"caption\":\"Na zdj\u0119ciu pistolet pneumatyczny do wyt\u0142aczania wszelkiego rodzaju produkt\u00f3w o du\u017cej lepko\u015bci pakowanych w podw\u00f3jne kartusze o pojemno\u015bci 675 ml.\"},{\"@type\":\"BreadcrumbList\",\"@id\":\"https:\/\/proventuss.eu\/hr\/produkt\/vi-pro-pneumatic-gun-2k-675-ml\/#breadcrumb\",\"itemListElement\":[{\"@type\":\"ListItem\",\"position\":1,\"name\":\"Home\",\"item\":\"https:\/\/proventuss.eu\/\"},{\"@type\":\"ListItem\",\"position\":2,\"name\":\"Shop\",\"item\":\"https:\/\/proventuss.eu\/hr\/pohraniti\/\"},{\"@type\":\"ListItem\",\"position\":3,\"name\":\"Vi-Pro\u00ae PNEUMATIC GUN 2K 675 ML\"}]},{\"@type\":\"WebSite\",\"@id\":\"https:\/\/proventuss.eu\/#website\",\"url\":\"https:\/\/proventuss.eu\/\",\"name\":\"Proventuss\",\"description\":\"\",\"potentialAction\":[{\"@type\":\"SearchAction\",\"target\":{\"@type\":\"EntryPoint\",\"urlTemplate\":\"https:\/\/proventuss.eu\/?s={search_term_string}\"},\"query-input\":\"required name=search_term_string\"}],\"inLanguage\":\"hr\"}]}<\/script>\n<!-- \/ Yoast SEO plugin. -->","yoast_head_json":{"title":"Vi-Pro\u00ae PNEUMATIC GUN 2K 675 ML - Proventuss","robots":{"index":"index","follow":"follow","max-snippet":"max-snippet:-1","max-image-preview":"max-image-preview:large","max-video-preview":"max-video-preview:-1"},"canonical":"https:\/\/proventuss.eu\/hr\/produkt\/vi-pro-pneumatic-gun-2k-675-ml\/","og_locale":"hr_HR","og_type":"article","og_title":"Vi-Pro\u00ae PNEUMATIC GUN 2K 675 ML - Proventuss","og_description":"Profesionalni pneumatski aplikator za istiskivanje svih vrsta proizvoda visoke viskoznosti i kemijskih sidara, pakiran u kartu\u0161e od 675 ml. Karakteristi\u010dne zna\u010dajke: Neto te\u017eina &#8211; 4.600 kg Radni pritisak &#8211; 0-10 bara Maksimalna sila &#8211; 600 Kgf (10 bar &#8211; 145 PSI) &#8211; 5,88 kN Priklju\u010dak &#8211; 1\/4 mu\u0161ki plin Razina buke &#8211; &lt;80dB Integrirani reduktor [&hellip;]","og_url":"https:\/\/proventuss.eu\/hr\/produkt\/vi-pro-pneumatic-gun-2k-675-ml\/","og_site_name":"Proventuss","article_modified_time":"2024-10-22T12:18:24+00:00","og_image":[{"width":2560,"height":1707,"url":"https:\/\/proventuss.eu\/wp-content\/uploads\/2024\/10\/Vi-Pro\u00ae-PNEUMATIC-GUN-2K-675-ML-scaled-e1729590065862.jpg","type":"image\/jpeg"}],"twitter_card":"summary_large_image","twitter_misc":{"Procijenjeno vrijeme \u010ditanja":"1 minuta"},"schema":{"@context":"https:\/\/schema.org","@graph":[{"@type":"WebPage","@id":"https:\/\/proventuss.eu\/hr\/produkt\/vi-pro-pneumatic-gun-2k-675-ml\/","url":"https:\/\/proventuss.eu\/hr\/produkt\/vi-pro-pneumatic-gun-2k-675-ml\/","name":"Vi-Pro\u00ae PNEUMATIC GUN 2K 675 ML - Proventuss","isPartOf":{"@id":"https:\/\/proventuss.eu\/#website"},"primaryImageOfPage":{"@id":"https:\/\/proventuss.eu\/hr\/produkt\/vi-pro-pneumatic-gun-2k-675-ml\/#primaryimage"},"image":{"@id":"https:\/\/proventuss.eu\/hr\/produkt\/vi-pro-pneumatic-gun-2k-675-ml\/#primaryimage"},"thumbnailUrl":"https:\/\/proventuss.eu\/wp-content\/uploads\/2024\/10\/Vi-Pro\u00ae-PNEUMATIC-GUN-2K-675-ML-scaled-e1729590065862.jpg","datePublished":"2024-10-22T09:30:08+00:00","dateModified":"2024-10-22T12:18:24+00:00","breadcrumb":{"@id":"https:\/\/proventuss.eu\/hr\/produkt\/vi-pro-pneumatic-gun-2k-675-ml\/#breadcrumb"},"inLanguage":"hr","potentialAction":[{"@type":"ReadAction","target":["https:\/\/proventuss.eu\/hr\/produkt\/vi-pro-pneumatic-gun-2k-675-ml\/"]}]},{"@type":"ImageObject","inLanguage":"hr","@id":"https:\/\/proventuss.eu\/hr\/produkt\/vi-pro-pneumatic-gun-2k-675-ml\/#primaryimage","url":"https:\/\/proventuss.eu\/wp-content\/uploads\/2024\/10\/Vi-Pro\u00ae-PNEUMATIC-GUN-2K-675-ML-scaled-e1729590065862.jpg","contentUrl":"https:\/\/proventuss.eu\/wp-content\/uploads\/2024\/10\/Vi-Pro\u00ae-PNEUMATIC-GUN-2K-675-ML-scaled-e1729590065862.jpg","width":2560,"height":1707,"caption":"Na zdj\u0119ciu pistolet pneumatyczny do wyt\u0142aczania wszelkiego rodzaju produkt\u00f3w o du\u017cej lepko\u015bci pakowanych w podw\u00f3jne kartusze o pojemno\u015bci 675 ml."},{"@type":"BreadcrumbList","@id":"https:\/\/proventuss.eu\/hr\/produkt\/vi-pro-pneumatic-gun-2k-675-ml\/#breadcrumb","itemListElement":[{"@type":"ListItem","position":1,"name":"Home","item":"https:\/\/proventuss.eu\/"},{"@type":"ListItem","position":2,"name":"Shop","item":"https:\/\/proventuss.eu\/hr\/pohraniti\/"},{"@type":"ListItem","position":3,"name":"Vi-Pro\u00ae PNEUMATIC GUN 2K 675 ML"}]},{"@type":"WebSite","@id":"https:\/\/proventuss.eu\/#website","url":"https:\/\/proventuss.eu\/","name":"Proventuss","description":"","potentialAction":[{"@type":"SearchAction","target":{"@type":"EntryPoint","urlTemplate":"https:\/\/proventuss.eu\/?s={search_term_string}"},"query-input":"required name=search_term_string"}],"inLanguage":"hr"}]}},"_links":{"self":[{"href":"https:\/\/proventuss.eu\/hr\/wp-json\/wp\/v2\/product\/18005"}],"collection":[{"href":"https:\/\/proventuss.eu\/hr\/wp-json\/wp\/v2\/product"}],"about":[{"href":"https:\/\/proventuss.eu\/hr\/wp-json\/wp\/v2\/types\/product"}],"replies":[{"embeddable":true,"href":"https:\/\/proventuss.eu\/hr\/wp-json\/wp\/v2\/comments?post=18005"}],"wp:featuredmedia":[{"embeddable":true,"href":"https:\/\/proventuss.eu\/hr\/wp-json\/wp\/v2\/media\/18020"}],"wp:attachment":[{"href":"https:\/\/proventuss.eu\/hr\/wp-json\/wp\/v2\/media?parent=18005"}],"wp:term":[{"taxonomy":"product_cat","embeddable":true,"href":"https:\/\/proventuss.eu\/hr\/wp-json\/wp\/v2\/product_cat?post=18005"},{"taxonomy":"product_tag","embeddable":true,"href":"https:\/\/proventuss.eu\/hr\/wp-json\/wp\/v2\/product_tag?post=18005"}],"curies":[{"name":"wp","href":"https:\/\/api.w.org\/{rel}","templated":true}]}}