{"id":17660,"date":"2024-09-27T09:40:16","date_gmt":"2024-09-27T09:40:16","guid":{"rendered":"https:\/\/proventuss.eu\/produkt\/vi-pro-epdm-membrane-self-adhesive\/"},"modified":"2024-10-23T10:28:29","modified_gmt":"2024-10-23T10:28:29","slug":"vi-pro-epdm-membrane-self-adhesive","status":"publish","type":"product","link":"https:\/\/proventuss.eu\/hr\/proizvod\/vi-pro-epdm-membrane-self-adhesive\/","title":{"rendered":"Vi-Pro EPDM Membrane Self Adhesive"},"content":{"rendered":"<p>Vi-Pro\u00ae EPDM Membrane Self-Adhesive je hidroizolacijska membrana izra\u0111ena od EPDM gume s modificiranim akrilnim ljepilom na bijeloj dvostranoj za\u0161titnoj foliji od PP silikona. Ljepilo je \u010disti poliakril na bazi vodene disperzije. Ima visoku i vrlo visoku adheziju u kombinaciji s izvrsnim parametrima otpornosti na starenje i vremenske uvjete. Prianjanje na vrlo \u0161irok raspon povr\u0161ina je izvrsno, uklju\u010duju\u0107i niskoenergetske podloge (npr. PE, PP i netkani materijali). \u0160tovi\u0161e, ljepilo ima izvrsna svojstva pri niskim temperaturama. Ljepilo je APEO i ne sadr\u017ei otapala.<\/p>\n<p><strong>Prijave:<\/strong><\/p>\n<p>Posebno je prikladan za projekte brtvljenja vanjskih prozora i fasada. Ova membrana ima visok afinitet prema glavnim najpopularnijim podlogama u gra\u0111evinarstvu, kao \u0161to su cement, metal, drvo i plastika, \u010dak i uz umjerenu koli\u010dinu prljav\u0161tine u obliku povr\u0161inske pra\u0161ine, kao i prisutnost vode u kondenzacijskom re\u017eimu.<\/p>\n<p><strong>Zna\u010dajke i specifikacije:<\/strong><\/p>\n<ul>\n<li>Potpuno vodootporan.<\/li>\n<li>Ostaje fleksibilan na niskim temperaturama i otporan je na temperaturne \u0161okove do 250\u00baC.<\/li>\n<li>Dobri rezultati u prisutnosti vru\u0107e vode i pare pod visokim pritiskom.<\/li>\n<li>Izvrsna otpornost na oksidaciju, vremenske uvjete i ozon.<\/li>\n<li>Otporan na ve\u0107inu anorganskih kemikalija.<\/li>\n<li>Otporan na UV zra\u010denje i starenje.<\/li>\n<li>Visoka otpornost na vlagu i vodu.<\/li>\n<li>Minimalna trajnost 10 godina.<\/li>\n<li>Interliner: poliolefinska folija, 60 \u03bcm.<\/li>\n<li>Baza: PES\/PVA mre\u017eica, dijagonala.<\/li>\n<li>Boja ljepila: bijela.<\/li>\n<\/ul>\n","protected":false},"excerpt":{"rendered":"<p>Vi-Pro\u00ae EPDM Membrane Self-Adhesive je hidroizolacijska membrana izra\u0111ena od EPDM gume s modificiranim akrilnim ljepilom na bijeloj dvostranoj za\u0161titnoj foliji od PP silikona. Ljepilo je \u010disti poliakril na bazi vodene disperzije. Ima visoku i vrlo visoku adheziju u kombinaciji s izvrsnim parametrima otpornosti na starenje i vremenske uvjete. Prianjanje na vrlo \u0161irok raspon povr\u0161ina je [&hellip;]<\/p>\n","protected":false},"featured_media":17631,"comment_status":"open","ping_status":"closed","template":"","meta":{"_acf_changed":false},"product_cat":[116],"product_tag":[],"acf":[],"yoast_head":"<!-- This site is optimized with the Yoast SEO plugin v22.9 - https:\/\/yoast.com\/wordpress\/plugins\/seo\/ -->\n<title>Vi-Pro EPDM Membrane Self Adhesive - Proventuss<\/title>\n<meta name=\"robots\" content=\"index, follow, max-snippet:-1, max-image-preview:large, max-video-preview:-1\" \/>\n<link rel=\"canonical\" href=\"https:\/\/proventuss.eu\/hr\/produkt\/vi-pro-epdm-membrane-self-adhesive\/\" \/>\n<meta property=\"og:locale\" content=\"hr_HR\" \/>\n<meta property=\"og:type\" content=\"article\" \/>\n<meta property=\"og:title\" content=\"Vi-Pro EPDM Membrane Self Adhesive - Proventuss\" \/>\n<meta property=\"og:description\" content=\"Vi-Pro\u00ae EPDM Membrane Self-Adhesive je hidroizolacijska membrana izra\u0111ena od EPDM gume s modificiranim akrilnim ljepilom na bijeloj dvostranoj za\u0161titnoj foliji od PP silikona. Ljepilo je \u010disti poliakril na bazi vodene disperzije. Ima visoku i vrlo visoku adheziju u kombinaciji s izvrsnim parametrima otpornosti na starenje i vremenske uvjete. Prianjanje na vrlo \u0161irok raspon povr\u0161ina je [&hellip;]\" \/>\n<meta property=\"og:url\" content=\"https:\/\/proventuss.eu\/hr\/produkt\/vi-pro-epdm-membrane-self-adhesive\/\" \/>\n<meta property=\"og:site_name\" content=\"Proventuss\" \/>\n<meta property=\"article:modified_time\" content=\"2024-10-23T10:28:29+00:00\" \/>\n<meta property=\"og:image\" content=\"https:\/\/proventuss.eu\/wp-content\/uploads\/2024\/09\/7515a1m.jpg\" \/>\n\t<meta property=\"og:image:width\" content=\"1500\" \/>\n\t<meta property=\"og:image:height\" content=\"998\" \/>\n\t<meta property=\"og:image:type\" content=\"image\/jpeg\" \/>\n<meta name=\"twitter:card\" content=\"summary_large_image\" \/>\n<meta name=\"twitter:label1\" content=\"Procijenjeno vrijeme \u010ditanja\" \/>\n\t<meta name=\"twitter:data1\" content=\"2 minute\" \/>\n<script type=\"application\/ld+json\" class=\"yoast-schema-graph\">{\"@context\":\"https:\/\/schema.org\",\"@graph\":[{\"@type\":\"WebPage\",\"@id\":\"https:\/\/proventuss.eu\/hr\/produkt\/vi-pro-epdm-membrane-self-adhesive\/\",\"url\":\"https:\/\/proventuss.eu\/hr\/produkt\/vi-pro-epdm-membrane-self-adhesive\/\",\"name\":\"Vi-Pro EPDM Membrane Self Adhesive - Proventuss\",\"isPartOf\":{\"@id\":\"https:\/\/proventuss.eu\/#website\"},\"primaryImageOfPage\":{\"@id\":\"https:\/\/proventuss.eu\/hr\/produkt\/vi-pro-epdm-membrane-self-adhesive\/#primaryimage\"},\"image\":{\"@id\":\"https:\/\/proventuss.eu\/hr\/produkt\/vi-pro-epdm-membrane-self-adhesive\/#primaryimage\"},\"thumbnailUrl\":\"https:\/\/proventuss.eu\/wp-content\/uploads\/2024\/09\/7515a1m.jpg\",\"datePublished\":\"2024-09-27T09:40:16+00:00\",\"dateModified\":\"2024-10-23T10:28:29+00:00\",\"breadcrumb\":{\"@id\":\"https:\/\/proventuss.eu\/hr\/produkt\/vi-pro-epdm-membrane-self-adhesive\/#breadcrumb\"},\"inLanguage\":\"hr\",\"potentialAction\":[{\"@type\":\"ReadAction\",\"target\":[\"https:\/\/proventuss.eu\/hr\/produkt\/vi-pro-epdm-membrane-self-adhesive\/\"]}]},{\"@type\":\"ImageObject\",\"inLanguage\":\"hr\",\"@id\":\"https:\/\/proventuss.eu\/hr\/produkt\/vi-pro-epdm-membrane-self-adhesive\/#primaryimage\",\"url\":\"https:\/\/proventuss.eu\/wp-content\/uploads\/2024\/09\/7515a1m.jpg\",\"contentUrl\":\"https:\/\/proventuss.eu\/wp-content\/uploads\/2024\/09\/7515a1m.jpg\",\"width\":1500,\"height\":998},{\"@type\":\"BreadcrumbList\",\"@id\":\"https:\/\/proventuss.eu\/hr\/produkt\/vi-pro-epdm-membrane-self-adhesive\/#breadcrumb\",\"itemListElement\":[{\"@type\":\"ListItem\",\"position\":1,\"name\":\"Home\",\"item\":\"https:\/\/proventuss.eu\/\"},{\"@type\":\"ListItem\",\"position\":2,\"name\":\"Shop\",\"item\":\"https:\/\/proventuss.eu\/hr\/pohraniti\/\"},{\"@type\":\"ListItem\",\"position\":3,\"name\":\"Vi-Pro EPDM Membrane Self Adhesive\"}]},{\"@type\":\"WebSite\",\"@id\":\"https:\/\/proventuss.eu\/#website\",\"url\":\"https:\/\/proventuss.eu\/\",\"name\":\"Proventuss\",\"description\":\"\",\"potentialAction\":[{\"@type\":\"SearchAction\",\"target\":{\"@type\":\"EntryPoint\",\"urlTemplate\":\"https:\/\/proventuss.eu\/?s={search_term_string}\"},\"query-input\":\"required name=search_term_string\"}],\"inLanguage\":\"hr\"}]}<\/script>\n<!-- \/ Yoast SEO plugin. -->","yoast_head_json":{"title":"Vi-Pro EPDM Membrane Self Adhesive - Proventuss","robots":{"index":"index","follow":"follow","max-snippet":"max-snippet:-1","max-image-preview":"max-image-preview:large","max-video-preview":"max-video-preview:-1"},"canonical":"https:\/\/proventuss.eu\/hr\/produkt\/vi-pro-epdm-membrane-self-adhesive\/","og_locale":"hr_HR","og_type":"article","og_title":"Vi-Pro EPDM Membrane Self Adhesive - Proventuss","og_description":"Vi-Pro\u00ae EPDM Membrane Self-Adhesive je hidroizolacijska membrana izra\u0111ena od EPDM gume s modificiranim akrilnim ljepilom na bijeloj dvostranoj za\u0161titnoj foliji od PP silikona. Ljepilo je \u010disti poliakril na bazi vodene disperzije. Ima visoku i vrlo visoku adheziju u kombinaciji s izvrsnim parametrima otpornosti na starenje i vremenske uvjete. Prianjanje na vrlo \u0161irok raspon povr\u0161ina je [&hellip;]","og_url":"https:\/\/proventuss.eu\/hr\/produkt\/vi-pro-epdm-membrane-self-adhesive\/","og_site_name":"Proventuss","article_modified_time":"2024-10-23T10:28:29+00:00","og_image":[{"width":1500,"height":998,"url":"https:\/\/proventuss.eu\/wp-content\/uploads\/2024\/09\/7515a1m.jpg","type":"image\/jpeg"}],"twitter_card":"summary_large_image","twitter_misc":{"Procijenjeno vrijeme \u010ditanja":"2 minute"},"schema":{"@context":"https:\/\/schema.org","@graph":[{"@type":"WebPage","@id":"https:\/\/proventuss.eu\/hr\/produkt\/vi-pro-epdm-membrane-self-adhesive\/","url":"https:\/\/proventuss.eu\/hr\/produkt\/vi-pro-epdm-membrane-self-adhesive\/","name":"Vi-Pro EPDM Membrane Self Adhesive - Proventuss","isPartOf":{"@id":"https:\/\/proventuss.eu\/#website"},"primaryImageOfPage":{"@id":"https:\/\/proventuss.eu\/hr\/produkt\/vi-pro-epdm-membrane-self-adhesive\/#primaryimage"},"image":{"@id":"https:\/\/proventuss.eu\/hr\/produkt\/vi-pro-epdm-membrane-self-adhesive\/#primaryimage"},"thumbnailUrl":"https:\/\/proventuss.eu\/wp-content\/uploads\/2024\/09\/7515a1m.jpg","datePublished":"2024-09-27T09:40:16+00:00","dateModified":"2024-10-23T10:28:29+00:00","breadcrumb":{"@id":"https:\/\/proventuss.eu\/hr\/produkt\/vi-pro-epdm-membrane-self-adhesive\/#breadcrumb"},"inLanguage":"hr","potentialAction":[{"@type":"ReadAction","target":["https:\/\/proventuss.eu\/hr\/produkt\/vi-pro-epdm-membrane-self-adhesive\/"]}]},{"@type":"ImageObject","inLanguage":"hr","@id":"https:\/\/proventuss.eu\/hr\/produkt\/vi-pro-epdm-membrane-self-adhesive\/#primaryimage","url":"https:\/\/proventuss.eu\/wp-content\/uploads\/2024\/09\/7515a1m.jpg","contentUrl":"https:\/\/proventuss.eu\/wp-content\/uploads\/2024\/09\/7515a1m.jpg","width":1500,"height":998},{"@type":"BreadcrumbList","@id":"https:\/\/proventuss.eu\/hr\/produkt\/vi-pro-epdm-membrane-self-adhesive\/#breadcrumb","itemListElement":[{"@type":"ListItem","position":1,"name":"Home","item":"https:\/\/proventuss.eu\/"},{"@type":"ListItem","position":2,"name":"Shop","item":"https:\/\/proventuss.eu\/hr\/pohraniti\/"},{"@type":"ListItem","position":3,"name":"Vi-Pro EPDM Membrane Self Adhesive"}]},{"@type":"WebSite","@id":"https:\/\/proventuss.eu\/#website","url":"https:\/\/proventuss.eu\/","name":"Proventuss","description":"","potentialAction":[{"@type":"SearchAction","target":{"@type":"EntryPoint","urlTemplate":"https:\/\/proventuss.eu\/?s={search_term_string}"},"query-input":"required name=search_term_string"}],"inLanguage":"hr"}]}},"_links":{"self":[{"href":"https:\/\/proventuss.eu\/hr\/wp-json\/wp\/v2\/product\/17660"}],"collection":[{"href":"https:\/\/proventuss.eu\/hr\/wp-json\/wp\/v2\/product"}],"about":[{"href":"https:\/\/proventuss.eu\/hr\/wp-json\/wp\/v2\/types\/product"}],"replies":[{"embeddable":true,"href":"https:\/\/proventuss.eu\/hr\/wp-json\/wp\/v2\/comments?post=17660"}],"wp:featuredmedia":[{"embeddable":true,"href":"https:\/\/proventuss.eu\/hr\/wp-json\/wp\/v2\/media\/17631"}],"wp:attachment":[{"href":"https:\/\/proventuss.eu\/hr\/wp-json\/wp\/v2\/media?parent=17660"}],"wp:term":[{"taxonomy":"product_cat","embeddable":true,"href":"https:\/\/proventuss.eu\/hr\/wp-json\/wp\/v2\/product_cat?post=17660"},{"taxonomy":"product_tag","embeddable":true,"href":"https:\/\/proventuss.eu\/hr\/wp-json\/wp\/v2\/product_tag?post=17660"}],"curies":[{"name":"wp","href":"https:\/\/api.w.org\/{rel}","templated":true}]}}