{"id":17133,"date":"2023-08-29T09:54:12","date_gmt":"2023-08-29T09:54:12","guid":{"rendered":"https:\/\/proventuss.eu\/produkt\/vi-pro-primer-135\/"},"modified":"2024-08-02T09:15:02","modified_gmt":"2024-08-02T09:15:02","slug":"vi-pro-primer-135","status":"publish","type":"product","link":"https:\/\/proventuss.eu\/hr\/proizvod\/vi-pro-primer-135\/","title":{"rendered":"Vi-Pro Primer 135"},"content":{"rendered":"<p>Vi-Pro Primer 135 jednostupanjski je crni adhezijski temeljni premaz (2 u 1), dizajniran posebno za pobolj\u0161anje prionjivosti mnogih gra\u0111evinskih materijala.<\/p>\n<p>PREDNOSTI:<br \/>\n\u2022 Omogu\u0107uje izvrsno prianjanje za brtvila Vi-Pro Strongbond.<br \/>\n\u2022 Savr\u0161eno za obnavljanje ogrebotina od boje na varovima radi za\u0161tite od korozije.<br \/>\n\u2022 Otporan na UV zra\u010denje, pogodan za nano\u0161enje UV premaza na prozirno staklo.<br \/>\n\u2022 Omogu\u0107uje pobolj\u0161ano prianjanje na sve neporozne materijale koji se koriste u industriji i gra\u0111evinarstvu, kao \u0161to su obojene povr\u0161ine, FRP, plastika, staklo, aluminij i neki metali.<\/p>\n","protected":false},"excerpt":{"rendered":"<p>Vi-Pro Primer 135 jednostupanjski je crni adhezijski temeljni premaz (2 u 1), dizajniran posebno za pobolj\u0161anje prionjivosti mnogih gra\u0111evinskih materijala. PREDNOSTI: \u2022 Omogu\u0107uje izvrsno prianjanje za brtvila Vi-Pro Strongbond. \u2022 Savr\u0161eno za obnavljanje ogrebotina od boje na varovima radi za\u0161tite od korozije. \u2022 Otporan na UV zra\u010denje, pogodan za nano\u0161enje UV premaza na prozirno staklo. [&hellip;]<\/p>\n","protected":false},"featured_media":13707,"comment_status":"open","ping_status":"closed","template":"","meta":{"_acf_changed":false},"product_cat":[170,172],"product_tag":[],"acf":[],"yoast_head":"<!-- This site is optimized with the Yoast SEO plugin v22.9 - https:\/\/yoast.com\/wordpress\/plugins\/seo\/ -->\n<title>Vi-Pro Primer 135 - Proventuss<\/title>\n<meta name=\"description\" content=\"Vi-Pro Primer 135 jednostupanjski je crni temeljni premaz dizajniran posebno za pobolj\u0161anje prianjanja na mnoge gra\u0111evinske materijale.\" \/>\n<meta name=\"robots\" content=\"index, follow, max-snippet:-1, max-image-preview:large, max-video-preview:-1\" \/>\n<link rel=\"canonical\" href=\"https:\/\/proventuss.eu\/hr\/produkt\/vi-pro-primer-135\/\" \/>\n<meta property=\"og:locale\" content=\"hr_HR\" \/>\n<meta property=\"og:type\" content=\"article\" \/>\n<meta property=\"og:title\" content=\"Vi-Pro Primer 135 - Proventuss\" \/>\n<meta property=\"og:description\" content=\"Vi-Pro Primer 135 jednostupanjski je crni temeljni premaz dizajniran posebno za pobolj\u0161anje prianjanja na mnoge gra\u0111evinske materijale.\" \/>\n<meta property=\"og:url\" content=\"https:\/\/proventuss.eu\/hr\/produkt\/vi-pro-primer-135\/\" \/>\n<meta property=\"og:site_name\" content=\"Proventuss\" \/>\n<meta property=\"article:modified_time\" content=\"2024-08-02T09:15:02+00:00\" \/>\n<meta property=\"og:image\" content=\"https:\/\/proventuss.eu\/wp-content\/uploads\/2023\/08\/Vi-Pro-Primer-135m.jpg\" \/>\n\t<meta property=\"og:image:width\" content=\"636\" \/>\n\t<meta property=\"og:image:height\" content=\"1059\" \/>\n\t<meta property=\"og:image:type\" content=\"image\/jpeg\" \/>\n<meta name=\"twitter:card\" content=\"summary_large_image\" \/>\n<meta name=\"twitter:label1\" content=\"Procijenjeno vrijeme \u010ditanja\" \/>\n\t<meta name=\"twitter:data1\" content=\"1 minuta\" \/>\n<script type=\"application\/ld+json\" class=\"yoast-schema-graph\">{\"@context\":\"https:\/\/schema.org\",\"@graph\":[{\"@type\":\"WebPage\",\"@id\":\"https:\/\/proventuss.eu\/hr\/produkt\/vi-pro-primer-135\/\",\"url\":\"https:\/\/proventuss.eu\/hr\/produkt\/vi-pro-primer-135\/\",\"name\":\"Vi-Pro Primer 135 - Proventuss\",\"isPartOf\":{\"@id\":\"https:\/\/proventuss.eu\/#website\"},\"primaryImageOfPage\":{\"@id\":\"https:\/\/proventuss.eu\/hr\/produkt\/vi-pro-primer-135\/#primaryimage\"},\"image\":{\"@id\":\"https:\/\/proventuss.eu\/hr\/produkt\/vi-pro-primer-135\/#primaryimage\"},\"thumbnailUrl\":\"https:\/\/proventuss.eu\/wp-content\/uploads\/2023\/08\/Vi-Pro-Primer-135m.jpg\",\"datePublished\":\"2023-08-29T09:54:12+00:00\",\"dateModified\":\"2024-08-02T09:15:02+00:00\",\"description\":\"Vi-Pro Primer 135 jednostupanjski je crni temeljni premaz dizajniran posebno za pobolj\u0161anje prianjanja na mnoge gra\u0111evinske materijale.\",\"breadcrumb\":{\"@id\":\"https:\/\/proventuss.eu\/hr\/produkt\/vi-pro-primer-135\/#breadcrumb\"},\"inLanguage\":\"hr\",\"potentialAction\":[{\"@type\":\"ReadAction\",\"target\":[\"https:\/\/proventuss.eu\/hr\/produkt\/vi-pro-primer-135\/\"]}]},{\"@type\":\"ImageObject\",\"inLanguage\":\"hr\",\"@id\":\"https:\/\/proventuss.eu\/hr\/produkt\/vi-pro-primer-135\/#primaryimage\",\"url\":\"https:\/\/proventuss.eu\/wp-content\/uploads\/2023\/08\/Vi-Pro-Primer-135m.jpg\",\"contentUrl\":\"https:\/\/proventuss.eu\/wp-content\/uploads\/2023\/08\/Vi-Pro-Primer-135m.jpg\",\"width\":636,\"height\":1059,\"caption\":\"Na zdj\u0119ciu jednoetapowy czarny podk\u0142ad zwi\u0119kszaj\u0105cy przyczepno\u015b\u0107 Vi-Pro Primer 135 zaprojektowany specjalnie do poprawy adhezji dla wielu materia\u0142\u00f3w budowlanych.\"},{\"@type\":\"BreadcrumbList\",\"@id\":\"https:\/\/proventuss.eu\/hr\/produkt\/vi-pro-primer-135\/#breadcrumb\",\"itemListElement\":[{\"@type\":\"ListItem\",\"position\":1,\"name\":\"Home\",\"item\":\"https:\/\/proventuss.eu\/\"},{\"@type\":\"ListItem\",\"position\":2,\"name\":\"Shop\",\"item\":\"https:\/\/proventuss.eu\/hr\/pohraniti\/\"},{\"@type\":\"ListItem\",\"position\":3,\"name\":\"Vi-Pro Primer 135\"}]},{\"@type\":\"WebSite\",\"@id\":\"https:\/\/proventuss.eu\/#website\",\"url\":\"https:\/\/proventuss.eu\/\",\"name\":\"Proventuss\",\"description\":\"\",\"potentialAction\":[{\"@type\":\"SearchAction\",\"target\":{\"@type\":\"EntryPoint\",\"urlTemplate\":\"https:\/\/proventuss.eu\/?s={search_term_string}\"},\"query-input\":\"required name=search_term_string\"}],\"inLanguage\":\"hr\"}]}<\/script>\n<!-- \/ Yoast SEO plugin. -->","yoast_head_json":{"title":"Vi-Pro Primer 135 - Proventuss","description":"Vi-Pro Primer 135 jednostupanjski je crni temeljni premaz dizajniran posebno za pobolj\u0161anje prianjanja na mnoge gra\u0111evinske materijale.","robots":{"index":"index","follow":"follow","max-snippet":"max-snippet:-1","max-image-preview":"max-image-preview:large","max-video-preview":"max-video-preview:-1"},"canonical":"https:\/\/proventuss.eu\/hr\/produkt\/vi-pro-primer-135\/","og_locale":"hr_HR","og_type":"article","og_title":"Vi-Pro Primer 135 - Proventuss","og_description":"Vi-Pro Primer 135 jednostupanjski je crni temeljni premaz dizajniran posebno za pobolj\u0161anje prianjanja na mnoge gra\u0111evinske materijale.","og_url":"https:\/\/proventuss.eu\/hr\/produkt\/vi-pro-primer-135\/","og_site_name":"Proventuss","article_modified_time":"2024-08-02T09:15:02+00:00","og_image":[{"width":636,"height":1059,"url":"https:\/\/proventuss.eu\/wp-content\/uploads\/2023\/08\/Vi-Pro-Primer-135m.jpg","type":"image\/jpeg"}],"twitter_card":"summary_large_image","twitter_misc":{"Procijenjeno vrijeme \u010ditanja":"1 minuta"},"schema":{"@context":"https:\/\/schema.org","@graph":[{"@type":"WebPage","@id":"https:\/\/proventuss.eu\/hr\/produkt\/vi-pro-primer-135\/","url":"https:\/\/proventuss.eu\/hr\/produkt\/vi-pro-primer-135\/","name":"Vi-Pro Primer 135 - Proventuss","isPartOf":{"@id":"https:\/\/proventuss.eu\/#website"},"primaryImageOfPage":{"@id":"https:\/\/proventuss.eu\/hr\/produkt\/vi-pro-primer-135\/#primaryimage"},"image":{"@id":"https:\/\/proventuss.eu\/hr\/produkt\/vi-pro-primer-135\/#primaryimage"},"thumbnailUrl":"https:\/\/proventuss.eu\/wp-content\/uploads\/2023\/08\/Vi-Pro-Primer-135m.jpg","datePublished":"2023-08-29T09:54:12+00:00","dateModified":"2024-08-02T09:15:02+00:00","description":"Vi-Pro Primer 135 jednostupanjski je crni temeljni premaz dizajniran posebno za pobolj\u0161anje prianjanja na mnoge gra\u0111evinske materijale.","breadcrumb":{"@id":"https:\/\/proventuss.eu\/hr\/produkt\/vi-pro-primer-135\/#breadcrumb"},"inLanguage":"hr","potentialAction":[{"@type":"ReadAction","target":["https:\/\/proventuss.eu\/hr\/produkt\/vi-pro-primer-135\/"]}]},{"@type":"ImageObject","inLanguage":"hr","@id":"https:\/\/proventuss.eu\/hr\/produkt\/vi-pro-primer-135\/#primaryimage","url":"https:\/\/proventuss.eu\/wp-content\/uploads\/2023\/08\/Vi-Pro-Primer-135m.jpg","contentUrl":"https:\/\/proventuss.eu\/wp-content\/uploads\/2023\/08\/Vi-Pro-Primer-135m.jpg","width":636,"height":1059,"caption":"Na zdj\u0119ciu jednoetapowy czarny podk\u0142ad zwi\u0119kszaj\u0105cy przyczepno\u015b\u0107 Vi-Pro Primer 135 zaprojektowany specjalnie do poprawy adhezji dla wielu materia\u0142\u00f3w budowlanych."},{"@type":"BreadcrumbList","@id":"https:\/\/proventuss.eu\/hr\/produkt\/vi-pro-primer-135\/#breadcrumb","itemListElement":[{"@type":"ListItem","position":1,"name":"Home","item":"https:\/\/proventuss.eu\/"},{"@type":"ListItem","position":2,"name":"Shop","item":"https:\/\/proventuss.eu\/hr\/pohraniti\/"},{"@type":"ListItem","position":3,"name":"Vi-Pro Primer 135"}]},{"@type":"WebSite","@id":"https:\/\/proventuss.eu\/#website","url":"https:\/\/proventuss.eu\/","name":"Proventuss","description":"","potentialAction":[{"@type":"SearchAction","target":{"@type":"EntryPoint","urlTemplate":"https:\/\/proventuss.eu\/?s={search_term_string}"},"query-input":"required name=search_term_string"}],"inLanguage":"hr"}]}},"_links":{"self":[{"href":"https:\/\/proventuss.eu\/hr\/wp-json\/wp\/v2\/product\/17133"}],"collection":[{"href":"https:\/\/proventuss.eu\/hr\/wp-json\/wp\/v2\/product"}],"about":[{"href":"https:\/\/proventuss.eu\/hr\/wp-json\/wp\/v2\/types\/product"}],"replies":[{"embeddable":true,"href":"https:\/\/proventuss.eu\/hr\/wp-json\/wp\/v2\/comments?post=17133"}],"wp:featuredmedia":[{"embeddable":true,"href":"https:\/\/proventuss.eu\/hr\/wp-json\/wp\/v2\/media\/13707"}],"wp:attachment":[{"href":"https:\/\/proventuss.eu\/hr\/wp-json\/wp\/v2\/media?parent=17133"}],"wp:term":[{"taxonomy":"product_cat","embeddable":true,"href":"https:\/\/proventuss.eu\/hr\/wp-json\/wp\/v2\/product_cat?post=17133"},{"taxonomy":"product_tag","embeddable":true,"href":"https:\/\/proventuss.eu\/hr\/wp-json\/wp\/v2\/product_tag?post=17133"}],"curies":[{"name":"wp","href":"https:\/\/api.w.org\/{rel}","templated":true}]}}