{"id":16716,"date":"2024-06-28T12:59:19","date_gmt":"2024-06-28T12:59:19","guid":{"rendered":"https:\/\/proventuss.eu\/produkt\/dupont-great-stuff-pro-all-seasons\/"},"modified":"2024-11-27T08:13:25","modified_gmt":"2024-11-27T08:13:25","slug":"dupont-great-stuff-pro-all-seasons","status":"publish","type":"product","link":"https:\/\/proventuss.eu\/hr\/proizvod\/dupont-great-stuff-pro-all-seasons\/","title":{"rendered":"DuPont\u2122 Great Stuff Pro All Seasons"},"content":{"rendered":"<p>Great Stuff\u2122 Pro All Seasons jednokomponentna je poliuretanska brtvena pjena otvrdnjavaju\u0107a na vlazi, dizajnirana za upotrebu u svim vremenskim uvjetima, uklju\u010duju\u0107i niske temperature i ekstremne vremenske uvjete.<\/p>\n<p>Prianja na ve\u0107inu uobi\u010dajenih gra\u0111evinskih materijala uklju\u010duju\u0107i drvo, beton, gips plo\u010de i plastiku, osim glatkih povr\u0161ina od polietilena, silikona, ulja i masti ili sli\u010dnih podloga.<\/p>\n<p>PREDNOSTI:<\/p>\n<ul>\n<li>Mo\u017ee se koristiti na temperaturama od -10\u00b0 do +35\u00b0C.<\/li>\n<li>Izvrsna svojstva toplinske izolacije.<\/li>\n<li>Otporan je na temperature -55\u00b0 do +80\u00b0C.<\/li>\n<li>Nizak tlak.<\/li>\n<\/ul>\n<p>DuPont Great Stuff\u2122 Pro All Seasons pjena niske ekspanzije idealna je za ugradnju PVC, drvenih i aluminijskih prozora i vrata. Tako\u0111er se mo\u017ee koristiti za popunjavanje rupa, praznina i udubljenja u raznim gra\u0111evinskim materijalima.<\/p>\n","protected":false},"excerpt":{"rendered":"<p>Great Stuff\u2122 Pro All Seasons jednokomponentna je poliuretanska brtvena pjena otvrdnjavaju\u0107a na vlazi, dizajnirana za upotrebu u svim vremenskim uvjetima, uklju\u010duju\u0107i niske temperature i ekstremne vremenske uvjete. Prianja na ve\u0107inu uobi\u010dajenih gra\u0111evinskih materijala uklju\u010duju\u0107i drvo, beton, gips plo\u010de i plastiku, osim glatkih povr\u0161ina od polietilena, silikona, ulja i masti ili sli\u010dnih podloga. PREDNOSTI: Mo\u017ee se [&hellip;]<\/p>\n","protected":false},"featured_media":17264,"comment_status":"open","ping_status":"closed","template":"","meta":{"_acf_changed":false},"product_cat":[121,138],"product_tag":[],"acf":[],"yoast_head":"<!-- This site is optimized with the Yoast SEO plugin v22.9 - https:\/\/yoast.com\/wordpress\/plugins\/seo\/ -->\n<title>DuPont\u2122 Great Stuff Pro All Seasons - Proventuss<\/title>\n<meta name=\"robots\" content=\"index, follow, max-snippet:-1, max-image-preview:large, max-video-preview:-1\" \/>\n<link rel=\"canonical\" href=\"https:\/\/proventuss.eu\/hr\/produkt\/dupont-great-stuff-pro-all-seasons\/\" \/>\n<meta property=\"og:locale\" content=\"hr_HR\" \/>\n<meta property=\"og:type\" content=\"article\" \/>\n<meta property=\"og:title\" content=\"DuPont\u2122 Great Stuff Pro All Seasons - Proventuss\" \/>\n<meta property=\"og:description\" content=\"Great Stuff\u2122 Pro All Seasons jednokomponentna je poliuretanska brtvena pjena otvrdnjavaju\u0107a na vlazi, dizajnirana za upotrebu u svim vremenskim uvjetima, uklju\u010duju\u0107i niske temperature i ekstremne vremenske uvjete. Prianja na ve\u0107inu uobi\u010dajenih gra\u0111evinskih materijala uklju\u010duju\u0107i drvo, beton, gips plo\u010de i plastiku, osim glatkih povr\u0161ina od polietilena, silikona, ulja i masti ili sli\u010dnih podloga. PREDNOSTI: Mo\u017ee se [&hellip;]\" \/>\n<meta property=\"og:url\" content=\"https:\/\/proventuss.eu\/hr\/produkt\/dupont-great-stuff-pro-all-seasons\/\" \/>\n<meta property=\"og:site_name\" content=\"Proventuss\" \/>\n<meta property=\"article:modified_time\" content=\"2024-11-27T08:13:25+00:00\" \/>\n<meta property=\"og:image\" content=\"https:\/\/proventuss.eu\/wp-content\/uploads\/2024\/06\/MG_7486a-scaled-e1723199826161.jpg\" \/>\n\t<meta property=\"og:image:width\" content=\"2133\" \/>\n\t<meta property=\"og:image:height\" content=\"2560\" \/>\n\t<meta property=\"og:image:type\" content=\"image\/jpeg\" \/>\n<meta name=\"twitter:card\" content=\"summary_large_image\" \/>\n<meta name=\"twitter:label1\" content=\"Procijenjeno vrijeme \u010ditanja\" \/>\n\t<meta name=\"twitter:data1\" content=\"1 minuta\" \/>\n<script type=\"application\/ld+json\" class=\"yoast-schema-graph\">{\"@context\":\"https:\/\/schema.org\",\"@graph\":[{\"@type\":\"WebPage\",\"@id\":\"https:\/\/proventuss.eu\/hr\/produkt\/dupont-great-stuff-pro-all-seasons\/\",\"url\":\"https:\/\/proventuss.eu\/hr\/produkt\/dupont-great-stuff-pro-all-seasons\/\",\"name\":\"DuPont\u2122 Great Stuff Pro All Seasons - Proventuss\",\"isPartOf\":{\"@id\":\"https:\/\/proventuss.eu\/#website\"},\"primaryImageOfPage\":{\"@id\":\"https:\/\/proventuss.eu\/hr\/produkt\/dupont-great-stuff-pro-all-seasons\/#primaryimage\"},\"image\":{\"@id\":\"https:\/\/proventuss.eu\/hr\/produkt\/dupont-great-stuff-pro-all-seasons\/#primaryimage\"},\"thumbnailUrl\":\"https:\/\/proventuss.eu\/wp-content\/uploads\/2024\/06\/MG_7486a-scaled-e1723199826161.jpg\",\"datePublished\":\"2024-06-28T12:59:19+00:00\",\"dateModified\":\"2024-11-27T08:13:25+00:00\",\"breadcrumb\":{\"@id\":\"https:\/\/proventuss.eu\/hr\/produkt\/dupont-great-stuff-pro-all-seasons\/#breadcrumb\"},\"inLanguage\":\"hr\",\"potentialAction\":[{\"@type\":\"ReadAction\",\"target\":[\"https:\/\/proventuss.eu\/hr\/produkt\/dupont-great-stuff-pro-all-seasons\/\"]}]},{\"@type\":\"ImageObject\",\"inLanguage\":\"hr\",\"@id\":\"https:\/\/proventuss.eu\/hr\/produkt\/dupont-great-stuff-pro-all-seasons\/#primaryimage\",\"url\":\"https:\/\/proventuss.eu\/wp-content\/uploads\/2024\/06\/MG_7486a-scaled-e1723199826161.jpg\",\"contentUrl\":\"https:\/\/proventuss.eu\/wp-content\/uploads\/2024\/06\/MG_7486a-scaled-e1723199826161.jpg\",\"width\":2133,\"height\":2560,\"caption\":\"Na zdj\u0119ciu piana DuPont\"},{\"@type\":\"BreadcrumbList\",\"@id\":\"https:\/\/proventuss.eu\/hr\/produkt\/dupont-great-stuff-pro-all-seasons\/#breadcrumb\",\"itemListElement\":[{\"@type\":\"ListItem\",\"position\":1,\"name\":\"Home\",\"item\":\"https:\/\/proventuss.eu\/\"},{\"@type\":\"ListItem\",\"position\":2,\"name\":\"Shop\",\"item\":\"https:\/\/proventuss.eu\/hr\/pohraniti\/\"},{\"@type\":\"ListItem\",\"position\":3,\"name\":\"DuPont\u2122 Great Stuff Pro All Seasons\"}]},{\"@type\":\"WebSite\",\"@id\":\"https:\/\/proventuss.eu\/#website\",\"url\":\"https:\/\/proventuss.eu\/\",\"name\":\"Proventuss\",\"description\":\"\",\"potentialAction\":[{\"@type\":\"SearchAction\",\"target\":{\"@type\":\"EntryPoint\",\"urlTemplate\":\"https:\/\/proventuss.eu\/?s={search_term_string}\"},\"query-input\":\"required name=search_term_string\"}],\"inLanguage\":\"hr\"}]}<\/script>\n<!-- \/ Yoast SEO plugin. -->","yoast_head_json":{"title":"DuPont\u2122 Great Stuff Pro All Seasons - Proventuss","robots":{"index":"index","follow":"follow","max-snippet":"max-snippet:-1","max-image-preview":"max-image-preview:large","max-video-preview":"max-video-preview:-1"},"canonical":"https:\/\/proventuss.eu\/hr\/produkt\/dupont-great-stuff-pro-all-seasons\/","og_locale":"hr_HR","og_type":"article","og_title":"DuPont\u2122 Great Stuff Pro All Seasons - Proventuss","og_description":"Great Stuff\u2122 Pro All Seasons jednokomponentna je poliuretanska brtvena pjena otvrdnjavaju\u0107a na vlazi, dizajnirana za upotrebu u svim vremenskim uvjetima, uklju\u010duju\u0107i niske temperature i ekstremne vremenske uvjete. Prianja na ve\u0107inu uobi\u010dajenih gra\u0111evinskih materijala uklju\u010duju\u0107i drvo, beton, gips plo\u010de i plastiku, osim glatkih povr\u0161ina od polietilena, silikona, ulja i masti ili sli\u010dnih podloga. PREDNOSTI: Mo\u017ee se [&hellip;]","og_url":"https:\/\/proventuss.eu\/hr\/produkt\/dupont-great-stuff-pro-all-seasons\/","og_site_name":"Proventuss","article_modified_time":"2024-11-27T08:13:25+00:00","og_image":[{"width":2133,"height":2560,"url":"https:\/\/proventuss.eu\/wp-content\/uploads\/2024\/06\/MG_7486a-scaled-e1723199826161.jpg","type":"image\/jpeg"}],"twitter_card":"summary_large_image","twitter_misc":{"Procijenjeno vrijeme \u010ditanja":"1 minuta"},"schema":{"@context":"https:\/\/schema.org","@graph":[{"@type":"WebPage","@id":"https:\/\/proventuss.eu\/hr\/produkt\/dupont-great-stuff-pro-all-seasons\/","url":"https:\/\/proventuss.eu\/hr\/produkt\/dupont-great-stuff-pro-all-seasons\/","name":"DuPont\u2122 Great Stuff Pro All Seasons - Proventuss","isPartOf":{"@id":"https:\/\/proventuss.eu\/#website"},"primaryImageOfPage":{"@id":"https:\/\/proventuss.eu\/hr\/produkt\/dupont-great-stuff-pro-all-seasons\/#primaryimage"},"image":{"@id":"https:\/\/proventuss.eu\/hr\/produkt\/dupont-great-stuff-pro-all-seasons\/#primaryimage"},"thumbnailUrl":"https:\/\/proventuss.eu\/wp-content\/uploads\/2024\/06\/MG_7486a-scaled-e1723199826161.jpg","datePublished":"2024-06-28T12:59:19+00:00","dateModified":"2024-11-27T08:13:25+00:00","breadcrumb":{"@id":"https:\/\/proventuss.eu\/hr\/produkt\/dupont-great-stuff-pro-all-seasons\/#breadcrumb"},"inLanguage":"hr","potentialAction":[{"@type":"ReadAction","target":["https:\/\/proventuss.eu\/hr\/produkt\/dupont-great-stuff-pro-all-seasons\/"]}]},{"@type":"ImageObject","inLanguage":"hr","@id":"https:\/\/proventuss.eu\/hr\/produkt\/dupont-great-stuff-pro-all-seasons\/#primaryimage","url":"https:\/\/proventuss.eu\/wp-content\/uploads\/2024\/06\/MG_7486a-scaled-e1723199826161.jpg","contentUrl":"https:\/\/proventuss.eu\/wp-content\/uploads\/2024\/06\/MG_7486a-scaled-e1723199826161.jpg","width":2133,"height":2560,"caption":"Na zdj\u0119ciu piana DuPont"},{"@type":"BreadcrumbList","@id":"https:\/\/proventuss.eu\/hr\/produkt\/dupont-great-stuff-pro-all-seasons\/#breadcrumb","itemListElement":[{"@type":"ListItem","position":1,"name":"Home","item":"https:\/\/proventuss.eu\/"},{"@type":"ListItem","position":2,"name":"Shop","item":"https:\/\/proventuss.eu\/hr\/pohraniti\/"},{"@type":"ListItem","position":3,"name":"DuPont\u2122 Great Stuff Pro All Seasons"}]},{"@type":"WebSite","@id":"https:\/\/proventuss.eu\/#website","url":"https:\/\/proventuss.eu\/","name":"Proventuss","description":"","potentialAction":[{"@type":"SearchAction","target":{"@type":"EntryPoint","urlTemplate":"https:\/\/proventuss.eu\/?s={search_term_string}"},"query-input":"required name=search_term_string"}],"inLanguage":"hr"}]}},"_links":{"self":[{"href":"https:\/\/proventuss.eu\/hr\/wp-json\/wp\/v2\/product\/16716"}],"collection":[{"href":"https:\/\/proventuss.eu\/hr\/wp-json\/wp\/v2\/product"}],"about":[{"href":"https:\/\/proventuss.eu\/hr\/wp-json\/wp\/v2\/types\/product"}],"replies":[{"embeddable":true,"href":"https:\/\/proventuss.eu\/hr\/wp-json\/wp\/v2\/comments?post=16716"}],"wp:featuredmedia":[{"embeddable":true,"href":"https:\/\/proventuss.eu\/hr\/wp-json\/wp\/v2\/media\/17264"}],"wp:attachment":[{"href":"https:\/\/proventuss.eu\/hr\/wp-json\/wp\/v2\/media?parent=16716"}],"wp:term":[{"taxonomy":"product_cat","embeddable":true,"href":"https:\/\/proventuss.eu\/hr\/wp-json\/wp\/v2\/product_cat?post=16716"},{"taxonomy":"product_tag","embeddable":true,"href":"https:\/\/proventuss.eu\/hr\/wp-json\/wp\/v2\/product_tag?post=16716"}],"curies":[{"name":"wp","href":"https:\/\/api.w.org\/{rel}","templated":true}]}}