{"id":15727,"date":"2024-05-10T13:01:10","date_gmt":"2024-05-10T13:01:10","guid":{"rendered":"https:\/\/proventuss.eu\/produkt\/vi-pro-pu-2k-polyurethane-adhesive\/"},"modified":"2024-11-04T11:53:06","modified_gmt":"2024-11-04T11:53:06","slug":"vi-pro-pu-2k-polyurethane-adhesive","status":"publish","type":"product","link":"https:\/\/proventuss.eu\/hr\/proizvod\/vi-pro-pu-2k-polyurethane-adhesive\/","title":{"rendered":"Vi-Pro PU 2K POLYURETHANE ADHESIVE"},"content":{"rendered":"<p><strong>Vi-Pro\u00ae PU 2K POLYURETHANE ADHESIVE<\/strong> je dvokomponentno reaktivno ljepilo na bazi poliuretana za spajanje metala me\u0111usobno i s drugim materijalima i aplikatorima kao \u0161to su drvo, tvrdi PVC i GFK. Ljepilo je posebno pogodno za lijepljenje uglova u konstrukciji aluminijskih prozora i vrata te kontejnera i vozila. Ako koristite performanse, odaberite Vi-Pro\u00ae PU 2K POLYURETHANE ADHESIVE, kompozitne elemente s osjetljivim PS, PUR i PVC. S obzirom na to da ljepilo ne sadr\u017ei tvari, prikladno je za lijepljenje premazanih i anodiziranih aluminijskih povr\u0161ina.<\/p>\n<p>Dvokomponentno Vi-Pro\u00ae PU 2K POLYURETHANE ADHESIVE ima tvrdu i izdr\u017eljivu ljepljivu spojnicu i ure\u0111aj koji zadovoljava osnovne uvjete, \u0161to je izvrsno rje\u0161enje za primjenu u mnogo razli\u010ditih ure\u0111aja.<\/p>\n<p><strong>\u00a0<\/strong><\/p>\n<p><strong>Posebne karakteristike:<\/strong><\/p>\n<ul>\n<li>Visoka \u010dvrsto\u0107a zadr\u017eavanja i smicanja<\/li>\n<li>\u0160irok spektar prionjivosti<\/li>\n<li>Brzo stvrdnjavanje<\/li>\n<li>Dobra svojstva punjenja<\/li>\n<li>Stabilnost<\/li>\n<li>Mo\u017ee se tonirati<\/li>\n<li>Mo\u017ee se premazivati<\/li>\n<\/ul>\n<p><strong>\u00a0<\/strong><\/p>\n<p><strong>Vi-Pro\u00ae PU 2K POLYURETHANE ADHESIVE<\/strong> <strong>koristi se u raznim industrijskim podru\u010djima:<\/strong><\/p>\n<ul>\n<li>Izrada prozora, vrata i fasada<\/li>\n<li>Kontejneri i konstrukcija automobila<\/li>\n<li>Obrada keramike, umjetnog i prirodnog kamena<\/li>\n<li>Op\u0107a obrada metala<\/li>\n<li>Obrada betona i gra\u0111evinskih materijala<\/li>\n<li>Tehnika ventilacije i klimatizacije<\/li>\n<li>Tehnologija izolacije i kompozitnih plo\u010da<\/li>\n<li>Prerada drva<\/li>\n<\/ul>\n","protected":false},"excerpt":{"rendered":"<p>Vi-Pro\u00ae PU 2K POLYURETHANE ADHESIVE je dvokomponentno reaktivno ljepilo na bazi poliuretana za spajanje metala me\u0111usobno i s drugim materijalima i aplikatorima kao \u0161to su drvo, tvrdi PVC i GFK. Ljepilo je posebno pogodno za lijepljenje uglova u konstrukciji aluminijskih prozora i vrata te kontejnera i vozila. Ako koristite performanse, odaberite Vi-Pro\u00ae PU 2K POLYURETHANE [&hellip;]<\/p>\n","protected":false},"featured_media":15841,"comment_status":"open","ping_status":"closed","template":"","meta":{"_acf_changed":false},"product_cat":[121],"product_tag":[],"acf":[],"yoast_head":"<!-- This site is optimized with the Yoast SEO plugin v22.9 - https:\/\/yoast.com\/wordpress\/plugins\/seo\/ -->\n<title>Vi-Pro PU 2K POLYURETHANE ADHESIVE - Proventuss<\/title>\n<meta name=\"robots\" content=\"index, follow, max-snippet:-1, max-image-preview:large, max-video-preview:-1\" \/>\n<link rel=\"canonical\" href=\"https:\/\/proventuss.eu\/hr\/produkt\/vi-pro-pu-2k-polyurethane-adhesive\/\" \/>\n<meta property=\"og:locale\" content=\"hr_HR\" \/>\n<meta property=\"og:type\" content=\"article\" \/>\n<meta property=\"og:title\" content=\"Vi-Pro PU 2K POLYURETHANE ADHESIVE - Proventuss\" \/>\n<meta property=\"og:description\" content=\"Vi-Pro\u00ae PU 2K POLYURETHANE ADHESIVE je dvokomponentno reaktivno ljepilo na bazi poliuretana za spajanje metala me\u0111usobno i s drugim materijalima i aplikatorima kao \u0161to su drvo, tvrdi PVC i GFK. Ljepilo je posebno pogodno za lijepljenje uglova u konstrukciji aluminijskih prozora i vrata te kontejnera i vozila. Ako koristite performanse, odaberite Vi-Pro\u00ae PU 2K POLYURETHANE [&hellip;]\" \/>\n<meta property=\"og:url\" content=\"https:\/\/proventuss.eu\/hr\/produkt\/vi-pro-pu-2k-polyurethane-adhesive\/\" \/>\n<meta property=\"og:site_name\" content=\"Proventuss\" \/>\n<meta property=\"article:modified_time\" content=\"2024-11-04T11:53:06+00:00\" \/>\n<meta property=\"og:image\" content=\"https:\/\/proventuss.eu\/wp-content\/uploads\/2024\/05\/MG_7407m.jpg\" \/>\n\t<meta property=\"og:image:width\" content=\"678\" \/>\n\t<meta property=\"og:image:height\" content=\"1445\" \/>\n\t<meta property=\"og:image:type\" content=\"image\/jpeg\" \/>\n<meta name=\"twitter:card\" content=\"summary_large_image\" \/>\n<meta name=\"twitter:label1\" content=\"Procijenjeno vrijeme \u010ditanja\" \/>\n\t<meta name=\"twitter:data1\" content=\"2 minute\" \/>\n<script type=\"application\/ld+json\" class=\"yoast-schema-graph\">{\"@context\":\"https:\/\/schema.org\",\"@graph\":[{\"@type\":\"WebPage\",\"@id\":\"https:\/\/proventuss.eu\/hr\/produkt\/vi-pro-pu-2k-polyurethane-adhesive\/\",\"url\":\"https:\/\/proventuss.eu\/hr\/produkt\/vi-pro-pu-2k-polyurethane-adhesive\/\",\"name\":\"Vi-Pro PU 2K POLYURETHANE ADHESIVE - Proventuss\",\"isPartOf\":{\"@id\":\"https:\/\/proventuss.eu\/#website\"},\"primaryImageOfPage\":{\"@id\":\"https:\/\/proventuss.eu\/hr\/produkt\/vi-pro-pu-2k-polyurethane-adhesive\/#primaryimage\"},\"image\":{\"@id\":\"https:\/\/proventuss.eu\/hr\/produkt\/vi-pro-pu-2k-polyurethane-adhesive\/#primaryimage\"},\"thumbnailUrl\":\"https:\/\/proventuss.eu\/wp-content\/uploads\/2024\/05\/MG_7407m.jpg\",\"datePublished\":\"2024-05-10T13:01:10+00:00\",\"dateModified\":\"2024-11-04T11:53:06+00:00\",\"breadcrumb\":{\"@id\":\"https:\/\/proventuss.eu\/hr\/produkt\/vi-pro-pu-2k-polyurethane-adhesive\/#breadcrumb\"},\"inLanguage\":\"hr\",\"potentialAction\":[{\"@type\":\"ReadAction\",\"target\":[\"https:\/\/proventuss.eu\/hr\/produkt\/vi-pro-pu-2k-polyurethane-adhesive\/\"]}]},{\"@type\":\"ImageObject\",\"inLanguage\":\"hr\",\"@id\":\"https:\/\/proventuss.eu\/hr\/produkt\/vi-pro-pu-2k-polyurethane-adhesive\/#primaryimage\",\"url\":\"https:\/\/proventuss.eu\/wp-content\/uploads\/2024\/05\/MG_7407m.jpg\",\"contentUrl\":\"https:\/\/proventuss.eu\/wp-content\/uploads\/2024\/05\/MG_7407m.jpg\",\"width\":678,\"height\":1445,\"caption\":\"Na zdj\u0119ciu dwusk\u0142adnikowy klej reaktywny przeznaczony do \u0142\u0105czenia metali mi\u0119dzy sob\u0105 oraz z innymi materia\u0142ami, takimi jak drewno, twarde PCV i GRP.\"},{\"@type\":\"BreadcrumbList\",\"@id\":\"https:\/\/proventuss.eu\/hr\/produkt\/vi-pro-pu-2k-polyurethane-adhesive\/#breadcrumb\",\"itemListElement\":[{\"@type\":\"ListItem\",\"position\":1,\"name\":\"Home\",\"item\":\"https:\/\/proventuss.eu\/\"},{\"@type\":\"ListItem\",\"position\":2,\"name\":\"Shop\",\"item\":\"https:\/\/proventuss.eu\/hr\/pohraniti\/\"},{\"@type\":\"ListItem\",\"position\":3,\"name\":\"Vi-Pro PU 2K POLYURETHANE ADHESIVE\"}]},{\"@type\":\"WebSite\",\"@id\":\"https:\/\/proventuss.eu\/#website\",\"url\":\"https:\/\/proventuss.eu\/\",\"name\":\"Proventuss\",\"description\":\"\",\"potentialAction\":[{\"@type\":\"SearchAction\",\"target\":{\"@type\":\"EntryPoint\",\"urlTemplate\":\"https:\/\/proventuss.eu\/?s={search_term_string}\"},\"query-input\":\"required name=search_term_string\"}],\"inLanguage\":\"hr\"}]}<\/script>\n<!-- \/ Yoast SEO plugin. -->","yoast_head_json":{"title":"Vi-Pro PU 2K POLYURETHANE ADHESIVE - Proventuss","robots":{"index":"index","follow":"follow","max-snippet":"max-snippet:-1","max-image-preview":"max-image-preview:large","max-video-preview":"max-video-preview:-1"},"canonical":"https:\/\/proventuss.eu\/hr\/produkt\/vi-pro-pu-2k-polyurethane-adhesive\/","og_locale":"hr_HR","og_type":"article","og_title":"Vi-Pro PU 2K POLYURETHANE ADHESIVE - Proventuss","og_description":"Vi-Pro\u00ae PU 2K POLYURETHANE ADHESIVE je dvokomponentno reaktivno ljepilo na bazi poliuretana za spajanje metala me\u0111usobno i s drugim materijalima i aplikatorima kao \u0161to su drvo, tvrdi PVC i GFK. Ljepilo je posebno pogodno za lijepljenje uglova u konstrukciji aluminijskih prozora i vrata te kontejnera i vozila. Ako koristite performanse, odaberite Vi-Pro\u00ae PU 2K POLYURETHANE [&hellip;]","og_url":"https:\/\/proventuss.eu\/hr\/produkt\/vi-pro-pu-2k-polyurethane-adhesive\/","og_site_name":"Proventuss","article_modified_time":"2024-11-04T11:53:06+00:00","og_image":[{"width":678,"height":1445,"url":"https:\/\/proventuss.eu\/wp-content\/uploads\/2024\/05\/MG_7407m.jpg","type":"image\/jpeg"}],"twitter_card":"summary_large_image","twitter_misc":{"Procijenjeno vrijeme \u010ditanja":"2 minute"},"schema":{"@context":"https:\/\/schema.org","@graph":[{"@type":"WebPage","@id":"https:\/\/proventuss.eu\/hr\/produkt\/vi-pro-pu-2k-polyurethane-adhesive\/","url":"https:\/\/proventuss.eu\/hr\/produkt\/vi-pro-pu-2k-polyurethane-adhesive\/","name":"Vi-Pro PU 2K POLYURETHANE ADHESIVE - Proventuss","isPartOf":{"@id":"https:\/\/proventuss.eu\/#website"},"primaryImageOfPage":{"@id":"https:\/\/proventuss.eu\/hr\/produkt\/vi-pro-pu-2k-polyurethane-adhesive\/#primaryimage"},"image":{"@id":"https:\/\/proventuss.eu\/hr\/produkt\/vi-pro-pu-2k-polyurethane-adhesive\/#primaryimage"},"thumbnailUrl":"https:\/\/proventuss.eu\/wp-content\/uploads\/2024\/05\/MG_7407m.jpg","datePublished":"2024-05-10T13:01:10+00:00","dateModified":"2024-11-04T11:53:06+00:00","breadcrumb":{"@id":"https:\/\/proventuss.eu\/hr\/produkt\/vi-pro-pu-2k-polyurethane-adhesive\/#breadcrumb"},"inLanguage":"hr","potentialAction":[{"@type":"ReadAction","target":["https:\/\/proventuss.eu\/hr\/produkt\/vi-pro-pu-2k-polyurethane-adhesive\/"]}]},{"@type":"ImageObject","inLanguage":"hr","@id":"https:\/\/proventuss.eu\/hr\/produkt\/vi-pro-pu-2k-polyurethane-adhesive\/#primaryimage","url":"https:\/\/proventuss.eu\/wp-content\/uploads\/2024\/05\/MG_7407m.jpg","contentUrl":"https:\/\/proventuss.eu\/wp-content\/uploads\/2024\/05\/MG_7407m.jpg","width":678,"height":1445,"caption":"Na zdj\u0119ciu dwusk\u0142adnikowy klej reaktywny przeznaczony do \u0142\u0105czenia metali mi\u0119dzy sob\u0105 oraz z innymi materia\u0142ami, takimi jak drewno, twarde PCV i GRP."},{"@type":"BreadcrumbList","@id":"https:\/\/proventuss.eu\/hr\/produkt\/vi-pro-pu-2k-polyurethane-adhesive\/#breadcrumb","itemListElement":[{"@type":"ListItem","position":1,"name":"Home","item":"https:\/\/proventuss.eu\/"},{"@type":"ListItem","position":2,"name":"Shop","item":"https:\/\/proventuss.eu\/hr\/pohraniti\/"},{"@type":"ListItem","position":3,"name":"Vi-Pro PU 2K POLYURETHANE ADHESIVE"}]},{"@type":"WebSite","@id":"https:\/\/proventuss.eu\/#website","url":"https:\/\/proventuss.eu\/","name":"Proventuss","description":"","potentialAction":[{"@type":"SearchAction","target":{"@type":"EntryPoint","urlTemplate":"https:\/\/proventuss.eu\/?s={search_term_string}"},"query-input":"required name=search_term_string"}],"inLanguage":"hr"}]}},"_links":{"self":[{"href":"https:\/\/proventuss.eu\/hr\/wp-json\/wp\/v2\/product\/15727"}],"collection":[{"href":"https:\/\/proventuss.eu\/hr\/wp-json\/wp\/v2\/product"}],"about":[{"href":"https:\/\/proventuss.eu\/hr\/wp-json\/wp\/v2\/types\/product"}],"replies":[{"embeddable":true,"href":"https:\/\/proventuss.eu\/hr\/wp-json\/wp\/v2\/comments?post=15727"}],"wp:featuredmedia":[{"embeddable":true,"href":"https:\/\/proventuss.eu\/hr\/wp-json\/wp\/v2\/media\/15841"}],"wp:attachment":[{"href":"https:\/\/proventuss.eu\/hr\/wp-json\/wp\/v2\/media?parent=15727"}],"wp:term":[{"taxonomy":"product_cat","embeddable":true,"href":"https:\/\/proventuss.eu\/hr\/wp-json\/wp\/v2\/product_cat?post=15727"},{"taxonomy":"product_tag","embeddable":true,"href":"https:\/\/proventuss.eu\/hr\/wp-json\/wp\/v2\/product_tag?post=15727"}],"curies":[{"name":"wp","href":"https:\/\/api.w.org\/{rel}","templated":true}]}}