{"id":15660,"date":"2024-04-25T09:06:48","date_gmt":"2024-04-25T09:06:48","guid":{"rendered":"https:\/\/proventuss.eu\/produkt\/dupont-insta-stik-flex\/"},"modified":"2024-11-27T08:39:38","modified_gmt":"2024-11-27T08:39:38","slug":"dupont-insta-stik-flex","status":"publish","type":"product","link":"https:\/\/proventuss.eu\/hr\/proizvod\/dupont-insta-stik-flex\/","title":{"rendered":"DuPont\u2122 Insta Stik\u2122 Flex+"},"content":{"rendered":"<p>Du Pont\u2122 Insta Stik\u2122 Flex+ je trajno fleksibilna, otporna pjena za nepropusnu monta\u017eu prozora i vrata, koja ne zahtijeva upotrebu unutarnje trake ili folije za teku\u0107u parnu branu.<\/p>\n<p>DuPont\u2122 Insta Stik\u2122 Flex+ jednokomponentna je poliuretanska pjena koja otvrdnjava na vlazi, otporna na vatru. Uglavnom se koristi za trajnu, \u010dvrstu ugradnju prozora i vrata.<\/p>\n<p>Zahvaljuju\u0107i svojoj impresivnoj fleksibilnosti, nosi se s pomacima okvira prozora uzrokovanim temperaturnim promjenama i optere\u0107enjem vjetrom, bez naru\u0161avanja nepropusnosti. \u0160tovi\u0161e, brtvena pjena ima dobra zvu\u010dna i toplinska izolacijska svojstva.<\/p>\n<p>Certificirana najvi\u0161a klasa nepropusnosti 4, na 600 Pa prema standardima EN 12207:2016 i EN 1026:2016, postignuta bez unutarnje trake.\u201d (ITB: KOT \u2013 2023\/2465 izdanje 1).<\/p>\n<p>PREDNOSTI:<br \/>\n&#8211; Visoka u\u010dinkovitost i dugotrajna nepropusnost.<br \/>\n&#8211; Dobra zvu\u010dna i toplinska izolacijska svojstva.<br \/>\n&#8211; 25 godina jamstva.<br \/>\n&#8211; Smanjenje vremena i materijala potrebnih za tijesnu monta\u017eu.<br \/>\n&#8211; Svojstva otporna na vatru.<\/p>\n","protected":false},"excerpt":{"rendered":"<p>Du Pont\u2122 Insta Stik\u2122 Flex+ je trajno fleksibilna, otporna pjena za nepropusnu monta\u017eu prozora i vrata, koja ne zahtijeva upotrebu unutarnje trake ili folije za teku\u0107u parnu branu. DuPont\u2122 Insta Stik\u2122 Flex+ jednokomponentna je poliuretanska pjena koja otvrdnjava na vlazi, otporna na vatru. Uglavnom se koristi za trajnu, \u010dvrstu ugradnju prozora i vrata. Zahvaljuju\u0107i svojoj [&hellip;]<\/p>\n","protected":false},"featured_media":17522,"comment_status":"open","ping_status":"closed","template":"","meta":{"_acf_changed":false},"product_cat":[121,138],"product_tag":[],"acf":[],"yoast_head":"<!-- This site is optimized with the Yoast SEO plugin v22.9 - https:\/\/yoast.com\/wordpress\/plugins\/seo\/ -->\n<title>DuPont\u2122 Insta Stik\u2122 Flex+ - Proventuss<\/title>\n<meta name=\"robots\" content=\"index, follow, max-snippet:-1, max-image-preview:large, max-video-preview:-1\" \/>\n<link rel=\"canonical\" href=\"https:\/\/proventuss.eu\/hr\/produkt\/dupont-insta-stik-flex\/\" \/>\n<meta property=\"og:locale\" content=\"hr_HR\" \/>\n<meta property=\"og:type\" content=\"article\" \/>\n<meta property=\"og:title\" content=\"DuPont\u2122 Insta Stik\u2122 Flex+ - Proventuss\" \/>\n<meta property=\"og:description\" content=\"Du Pont\u2122 Insta Stik\u2122 Flex+ je trajno fleksibilna, otporna pjena za nepropusnu monta\u017eu prozora i vrata, koja ne zahtijeva upotrebu unutarnje trake ili folije za teku\u0107u parnu branu. DuPont\u2122 Insta Stik\u2122 Flex+ jednokomponentna je poliuretanska pjena koja otvrdnjava na vlazi, otporna na vatru. Uglavnom se koristi za trajnu, \u010dvrstu ugradnju prozora i vrata. Zahvaljuju\u0107i svojoj [&hellip;]\" \/>\n<meta property=\"og:url\" content=\"https:\/\/proventuss.eu\/hr\/produkt\/dupont-insta-stik-flex\/\" \/>\n<meta property=\"og:site_name\" content=\"Proventuss\" \/>\n<meta property=\"article:modified_time\" content=\"2024-11-27T08:39:38+00:00\" \/>\n<meta property=\"og:image\" content=\"https:\/\/proventuss.eu\/wp-content\/uploads\/2024\/04\/DuPont-Insta-Stik-Flex-2.png\" \/>\n\t<meta property=\"og:image:width\" content=\"588\" \/>\n\t<meta property=\"og:image:height\" content=\"672\" \/>\n\t<meta property=\"og:image:type\" content=\"image\/png\" \/>\n<meta name=\"twitter:card\" content=\"summary_large_image\" \/>\n<meta name=\"twitter:label1\" content=\"Procijenjeno vrijeme \u010ditanja\" \/>\n\t<meta name=\"twitter:data1\" content=\"1 minuta\" \/>\n<script type=\"application\/ld+json\" class=\"yoast-schema-graph\">{\"@context\":\"https:\/\/schema.org\",\"@graph\":[{\"@type\":\"WebPage\",\"@id\":\"https:\/\/proventuss.eu\/hr\/produkt\/dupont-insta-stik-flex\/\",\"url\":\"https:\/\/proventuss.eu\/hr\/produkt\/dupont-insta-stik-flex\/\",\"name\":\"DuPont\u2122 Insta Stik\u2122 Flex+ - Proventuss\",\"isPartOf\":{\"@id\":\"https:\/\/proventuss.eu\/#website\"},\"primaryImageOfPage\":{\"@id\":\"https:\/\/proventuss.eu\/hr\/produkt\/dupont-insta-stik-flex\/#primaryimage\"},\"image\":{\"@id\":\"https:\/\/proventuss.eu\/hr\/produkt\/dupont-insta-stik-flex\/#primaryimage\"},\"thumbnailUrl\":\"https:\/\/proventuss.eu\/wp-content\/uploads\/2024\/04\/DuPont-Insta-Stik-Flex-2.png\",\"datePublished\":\"2024-04-25T09:06:48+00:00\",\"dateModified\":\"2024-11-27T08:39:38+00:00\",\"breadcrumb\":{\"@id\":\"https:\/\/proventuss.eu\/hr\/produkt\/dupont-insta-stik-flex\/#breadcrumb\"},\"inLanguage\":\"hr\",\"potentialAction\":[{\"@type\":\"ReadAction\",\"target\":[\"https:\/\/proventuss.eu\/hr\/produkt\/dupont-insta-stik-flex\/\"]}]},{\"@type\":\"ImageObject\",\"inLanguage\":\"hr\",\"@id\":\"https:\/\/proventuss.eu\/hr\/produkt\/dupont-insta-stik-flex\/#primaryimage\",\"url\":\"https:\/\/proventuss.eu\/wp-content\/uploads\/2024\/04\/DuPont-Insta-Stik-Flex-2.png\",\"contentUrl\":\"https:\/\/proventuss.eu\/wp-content\/uploads\/2024\/04\/DuPont-Insta-Stik-Flex-2.png\",\"width\":588,\"height\":672,\"caption\":\"Piana DuPont InstaStik Flex Plus stosowana do trwa\u0142ego, szczelnego monta\u017cu okien i drzwi. Wykazuje dobre w\u0142a\u015bciwo\u015bci akustyczne i termoizolacyjne.\"},{\"@type\":\"BreadcrumbList\",\"@id\":\"https:\/\/proventuss.eu\/hr\/produkt\/dupont-insta-stik-flex\/#breadcrumb\",\"itemListElement\":[{\"@type\":\"ListItem\",\"position\":1,\"name\":\"Home\",\"item\":\"https:\/\/proventuss.eu\/\"},{\"@type\":\"ListItem\",\"position\":2,\"name\":\"Shop\",\"item\":\"https:\/\/proventuss.eu\/hr\/pohraniti\/\"},{\"@type\":\"ListItem\",\"position\":3,\"name\":\"DuPont\u2122 Insta Stik\u2122 Flex+\"}]},{\"@type\":\"WebSite\",\"@id\":\"https:\/\/proventuss.eu\/#website\",\"url\":\"https:\/\/proventuss.eu\/\",\"name\":\"Proventuss\",\"description\":\"\",\"potentialAction\":[{\"@type\":\"SearchAction\",\"target\":{\"@type\":\"EntryPoint\",\"urlTemplate\":\"https:\/\/proventuss.eu\/?s={search_term_string}\"},\"query-input\":\"required name=search_term_string\"}],\"inLanguage\":\"hr\"}]}<\/script>\n<!-- \/ Yoast SEO plugin. -->","yoast_head_json":{"title":"DuPont\u2122 Insta Stik\u2122 Flex+ - Proventuss","robots":{"index":"index","follow":"follow","max-snippet":"max-snippet:-1","max-image-preview":"max-image-preview:large","max-video-preview":"max-video-preview:-1"},"canonical":"https:\/\/proventuss.eu\/hr\/produkt\/dupont-insta-stik-flex\/","og_locale":"hr_HR","og_type":"article","og_title":"DuPont\u2122 Insta Stik\u2122 Flex+ - Proventuss","og_description":"Du Pont\u2122 Insta Stik\u2122 Flex+ je trajno fleksibilna, otporna pjena za nepropusnu monta\u017eu prozora i vrata, koja ne zahtijeva upotrebu unutarnje trake ili folije za teku\u0107u parnu branu. DuPont\u2122 Insta Stik\u2122 Flex+ jednokomponentna je poliuretanska pjena koja otvrdnjava na vlazi, otporna na vatru. Uglavnom se koristi za trajnu, \u010dvrstu ugradnju prozora i vrata. Zahvaljuju\u0107i svojoj [&hellip;]","og_url":"https:\/\/proventuss.eu\/hr\/produkt\/dupont-insta-stik-flex\/","og_site_name":"Proventuss","article_modified_time":"2024-11-27T08:39:38+00:00","og_image":[{"width":588,"height":672,"url":"https:\/\/proventuss.eu\/wp-content\/uploads\/2024\/04\/DuPont-Insta-Stik-Flex-2.png","type":"image\/png"}],"twitter_card":"summary_large_image","twitter_misc":{"Procijenjeno vrijeme \u010ditanja":"1 minuta"},"schema":{"@context":"https:\/\/schema.org","@graph":[{"@type":"WebPage","@id":"https:\/\/proventuss.eu\/hr\/produkt\/dupont-insta-stik-flex\/","url":"https:\/\/proventuss.eu\/hr\/produkt\/dupont-insta-stik-flex\/","name":"DuPont\u2122 Insta Stik\u2122 Flex+ - Proventuss","isPartOf":{"@id":"https:\/\/proventuss.eu\/#website"},"primaryImageOfPage":{"@id":"https:\/\/proventuss.eu\/hr\/produkt\/dupont-insta-stik-flex\/#primaryimage"},"image":{"@id":"https:\/\/proventuss.eu\/hr\/produkt\/dupont-insta-stik-flex\/#primaryimage"},"thumbnailUrl":"https:\/\/proventuss.eu\/wp-content\/uploads\/2024\/04\/DuPont-Insta-Stik-Flex-2.png","datePublished":"2024-04-25T09:06:48+00:00","dateModified":"2024-11-27T08:39:38+00:00","breadcrumb":{"@id":"https:\/\/proventuss.eu\/hr\/produkt\/dupont-insta-stik-flex\/#breadcrumb"},"inLanguage":"hr","potentialAction":[{"@type":"ReadAction","target":["https:\/\/proventuss.eu\/hr\/produkt\/dupont-insta-stik-flex\/"]}]},{"@type":"ImageObject","inLanguage":"hr","@id":"https:\/\/proventuss.eu\/hr\/produkt\/dupont-insta-stik-flex\/#primaryimage","url":"https:\/\/proventuss.eu\/wp-content\/uploads\/2024\/04\/DuPont-Insta-Stik-Flex-2.png","contentUrl":"https:\/\/proventuss.eu\/wp-content\/uploads\/2024\/04\/DuPont-Insta-Stik-Flex-2.png","width":588,"height":672,"caption":"Piana DuPont InstaStik Flex Plus stosowana do trwa\u0142ego, szczelnego monta\u017cu okien i drzwi. Wykazuje dobre w\u0142a\u015bciwo\u015bci akustyczne i termoizolacyjne."},{"@type":"BreadcrumbList","@id":"https:\/\/proventuss.eu\/hr\/produkt\/dupont-insta-stik-flex\/#breadcrumb","itemListElement":[{"@type":"ListItem","position":1,"name":"Home","item":"https:\/\/proventuss.eu\/"},{"@type":"ListItem","position":2,"name":"Shop","item":"https:\/\/proventuss.eu\/hr\/pohraniti\/"},{"@type":"ListItem","position":3,"name":"DuPont\u2122 Insta Stik\u2122 Flex+"}]},{"@type":"WebSite","@id":"https:\/\/proventuss.eu\/#website","url":"https:\/\/proventuss.eu\/","name":"Proventuss","description":"","potentialAction":[{"@type":"SearchAction","target":{"@type":"EntryPoint","urlTemplate":"https:\/\/proventuss.eu\/?s={search_term_string}"},"query-input":"required name=search_term_string"}],"inLanguage":"hr"}]}},"_links":{"self":[{"href":"https:\/\/proventuss.eu\/hr\/wp-json\/wp\/v2\/product\/15660"}],"collection":[{"href":"https:\/\/proventuss.eu\/hr\/wp-json\/wp\/v2\/product"}],"about":[{"href":"https:\/\/proventuss.eu\/hr\/wp-json\/wp\/v2\/types\/product"}],"replies":[{"embeddable":true,"href":"https:\/\/proventuss.eu\/hr\/wp-json\/wp\/v2\/comments?post=15660"}],"wp:featuredmedia":[{"embeddable":true,"href":"https:\/\/proventuss.eu\/hr\/wp-json\/wp\/v2\/media\/17522"}],"wp:attachment":[{"href":"https:\/\/proventuss.eu\/hr\/wp-json\/wp\/v2\/media?parent=15660"}],"wp:term":[{"taxonomy":"product_cat","embeddable":true,"href":"https:\/\/proventuss.eu\/hr\/wp-json\/wp\/v2\/product_cat?post=15660"},{"taxonomy":"product_tag","embeddable":true,"href":"https:\/\/proventuss.eu\/hr\/wp-json\/wp\/v2\/product_tag?post=15660"}],"curies":[{"name":"wp","href":"https:\/\/api.w.org\/{rel}","templated":true}]}}