{"id":13545,"date":"2023-03-24T07:52:13","date_gmt":"2023-03-24T07:52:13","guid":{"rendered":"https:\/\/proventuss.eu\/produkt\/dowsil-pv-7326-potting-agent\/"},"modified":"2023-07-19T09:05:25","modified_gmt":"2023-07-19T09:05:25","slug":"dowsil-pv-7326-potting-agent","status":"publish","type":"product","link":"https:\/\/proventuss.eu\/hr\/proizvod\/dowsil-pv-7326-potting-agent\/","title":{"rendered":"DOWSIL\u2122 PV-7326 Potting Agent"},"content":{"rendered":"<p>Ovo dvokomponentno, 6:1, sredstvo za zalijevanje je teku\u0107a solucija dizajnirana za razvodne kutije i ima UL certifikat. Pru\u017ea za\u0161titu od elemenata okoli\u0161a kako bi se sprije\u010dila korozija unutar razvodnih kutija. Sredstvo za zalijevanje ima dobre performanse prianjanja na uobi\u010dajene podloge razvodnih kutija i kompatibilno je s ljepilima za razvodne kutije.<\/p>\n<p><strong>Prednosti:<\/strong><br \/>\n\u2013 Omogu\u0107uje dobro odvo\u0111enje topline s toplinskom vodljivosti &gt;0.5 W\/mk<br \/>\n\u2013 UL94 V0 Certificiran prema klasi plamena<br \/>\n\u2013 Brzo stvrdnavanje na sobnoj temepraturi<br \/>\n\u2013 Niska viskoznost za izbjegavanje \u0161upljina.<\/p>\n","protected":false},"excerpt":{"rendered":"<p>Ovo dvokomponentno, 6:1, sredstvo za zalijevanje je teku\u0107a solucija dizajnirana za razvodne kutije i ima UL certifikat. Pru\u017ea za\u0161titu od elemenata okoli\u0161a kako bi se sprije\u010dila korozija unutar razvodnih kutija. Sredstvo za zalijevanje ima dobre performanse prianjanja na uobi\u010dajene podloge razvodnih kutija i kompatibilno je s ljepilima za razvodne kutije. Prednosti: \u2013 Omogu\u0107uje dobro odvo\u0111enje [&hellip;]<\/p>\n","protected":false},"featured_media":11565,"comment_status":"open","ping_status":"closed","template":"","meta":{"_acf_changed":false},"product_cat":[15],"product_tag":[],"acf":[],"yoast_head":"<!-- This site is optimized with the Yoast SEO plugin v22.9 - https:\/\/yoast.com\/wordpress\/plugins\/seo\/ -->\n<title>DOWSIL\u2122 PV-7326 Potting Agent - Proventuss<\/title>\n<meta name=\"robots\" content=\"index, follow, max-snippet:-1, max-image-preview:large, max-video-preview:-1\" \/>\n<link rel=\"canonical\" href=\"https:\/\/proventuss.eu\/hr\/produkt\/dowsil-pv-7326-potting-agent\/\" \/>\n<meta property=\"og:locale\" content=\"hr_HR\" \/>\n<meta property=\"og:type\" content=\"article\" \/>\n<meta property=\"og:title\" content=\"DOWSIL\u2122 PV-7326 Potting Agent - Proventuss\" \/>\n<meta property=\"og:description\" content=\"Ovo dvokomponentno, 6:1, sredstvo za zalijevanje je teku\u0107a solucija dizajnirana za razvodne kutije i ima UL certifikat. Pru\u017ea za\u0161titu od elemenata okoli\u0161a kako bi se sprije\u010dila korozija unutar razvodnih kutija. Sredstvo za zalijevanje ima dobre performanse prianjanja na uobi\u010dajene podloge razvodnih kutija i kompatibilno je s ljepilima za razvodne kutije. Prednosti: \u2013 Omogu\u0107uje dobro odvo\u0111enje [&hellip;]\" \/>\n<meta property=\"og:url\" content=\"https:\/\/proventuss.eu\/hr\/produkt\/dowsil-pv-7326-potting-agent\/\" \/>\n<meta property=\"og:site_name\" content=\"Proventuss\" \/>\n<meta property=\"article:modified_time\" content=\"2023-07-19T09:05:25+00:00\" \/>\n<meta property=\"og:image\" content=\"https:\/\/proventuss.eu\/wp-content\/uploads\/2023\/03\/shutterstock_653095735m.jpg\" \/>\n\t<meta property=\"og:image:width\" content=\"1153\" \/>\n\t<meta property=\"og:image:height\" content=\"749\" \/>\n\t<meta property=\"og:image:type\" content=\"image\/jpeg\" \/>\n<meta name=\"twitter:card\" content=\"summary_large_image\" \/>\n<meta name=\"twitter:label1\" content=\"Procijenjeno vrijeme \u010ditanja\" \/>\n\t<meta name=\"twitter:data1\" content=\"1 minuta\" \/>\n<script type=\"application\/ld+json\" class=\"yoast-schema-graph\">{\"@context\":\"https:\/\/schema.org\",\"@graph\":[{\"@type\":\"WebPage\",\"@id\":\"https:\/\/proventuss.eu\/hr\/produkt\/dowsil-pv-7326-potting-agent\/\",\"url\":\"https:\/\/proventuss.eu\/hr\/produkt\/dowsil-pv-7326-potting-agent\/\",\"name\":\"DOWSIL\u2122 PV-7326 Potting Agent - Proventuss\",\"isPartOf\":{\"@id\":\"https:\/\/proventuss.eu\/#website\"},\"primaryImageOfPage\":{\"@id\":\"https:\/\/proventuss.eu\/hr\/produkt\/dowsil-pv-7326-potting-agent\/#primaryimage\"},\"image\":{\"@id\":\"https:\/\/proventuss.eu\/hr\/produkt\/dowsil-pv-7326-potting-agent\/#primaryimage\"},\"thumbnailUrl\":\"https:\/\/proventuss.eu\/wp-content\/uploads\/2023\/03\/shutterstock_653095735m.jpg\",\"datePublished\":\"2023-03-24T07:52:13+00:00\",\"dateModified\":\"2023-07-19T09:05:25+00:00\",\"breadcrumb\":{\"@id\":\"https:\/\/proventuss.eu\/hr\/produkt\/dowsil-pv-7326-potting-agent\/#breadcrumb\"},\"inLanguage\":\"hr\",\"potentialAction\":[{\"@type\":\"ReadAction\",\"target\":[\"https:\/\/proventuss.eu\/hr\/produkt\/dowsil-pv-7326-potting-agent\/\"]}]},{\"@type\":\"ImageObject\",\"inLanguage\":\"hr\",\"@id\":\"https:\/\/proventuss.eu\/hr\/produkt\/dowsil-pv-7326-potting-agent\/#primaryimage\",\"url\":\"https:\/\/proventuss.eu\/wp-content\/uploads\/2023\/03\/shutterstock_653095735m.jpg\",\"contentUrl\":\"https:\/\/proventuss.eu\/wp-content\/uploads\/2023\/03\/shutterstock_653095735m.jpg\",\"width\":1153,\"height\":749,\"caption\":\"Solar panels, photovoltaic, alternative electricity source. Background\"},{\"@type\":\"BreadcrumbList\",\"@id\":\"https:\/\/proventuss.eu\/hr\/produkt\/dowsil-pv-7326-potting-agent\/#breadcrumb\",\"itemListElement\":[{\"@type\":\"ListItem\",\"position\":1,\"name\":\"Home\",\"item\":\"https:\/\/proventuss.eu\/\"},{\"@type\":\"ListItem\",\"position\":2,\"name\":\"Shop\",\"item\":\"https:\/\/proventuss.eu\/hr\/pohraniti\/\"},{\"@type\":\"ListItem\",\"position\":3,\"name\":\"DOWSIL\u2122 PV-7326 Potting Agent\"}]},{\"@type\":\"WebSite\",\"@id\":\"https:\/\/proventuss.eu\/#website\",\"url\":\"https:\/\/proventuss.eu\/\",\"name\":\"Proventuss\",\"description\":\"\",\"potentialAction\":[{\"@type\":\"SearchAction\",\"target\":{\"@type\":\"EntryPoint\",\"urlTemplate\":\"https:\/\/proventuss.eu\/?s={search_term_string}\"},\"query-input\":\"required name=search_term_string\"}],\"inLanguage\":\"hr\"}]}<\/script>\n<!-- \/ Yoast SEO plugin. -->","yoast_head_json":{"title":"DOWSIL\u2122 PV-7326 Potting Agent - Proventuss","robots":{"index":"index","follow":"follow","max-snippet":"max-snippet:-1","max-image-preview":"max-image-preview:large","max-video-preview":"max-video-preview:-1"},"canonical":"https:\/\/proventuss.eu\/hr\/produkt\/dowsil-pv-7326-potting-agent\/","og_locale":"hr_HR","og_type":"article","og_title":"DOWSIL\u2122 PV-7326 Potting Agent - Proventuss","og_description":"Ovo dvokomponentno, 6:1, sredstvo za zalijevanje je teku\u0107a solucija dizajnirana za razvodne kutije i ima UL certifikat. Pru\u017ea za\u0161titu od elemenata okoli\u0161a kako bi se sprije\u010dila korozija unutar razvodnih kutija. Sredstvo za zalijevanje ima dobre performanse prianjanja na uobi\u010dajene podloge razvodnih kutija i kompatibilno je s ljepilima za razvodne kutije. Prednosti: \u2013 Omogu\u0107uje dobro odvo\u0111enje [&hellip;]","og_url":"https:\/\/proventuss.eu\/hr\/produkt\/dowsil-pv-7326-potting-agent\/","og_site_name":"Proventuss","article_modified_time":"2023-07-19T09:05:25+00:00","og_image":[{"width":1153,"height":749,"url":"https:\/\/proventuss.eu\/wp-content\/uploads\/2023\/03\/shutterstock_653095735m.jpg","type":"image\/jpeg"}],"twitter_card":"summary_large_image","twitter_misc":{"Procijenjeno vrijeme \u010ditanja":"1 minuta"},"schema":{"@context":"https:\/\/schema.org","@graph":[{"@type":"WebPage","@id":"https:\/\/proventuss.eu\/hr\/produkt\/dowsil-pv-7326-potting-agent\/","url":"https:\/\/proventuss.eu\/hr\/produkt\/dowsil-pv-7326-potting-agent\/","name":"DOWSIL\u2122 PV-7326 Potting Agent - Proventuss","isPartOf":{"@id":"https:\/\/proventuss.eu\/#website"},"primaryImageOfPage":{"@id":"https:\/\/proventuss.eu\/hr\/produkt\/dowsil-pv-7326-potting-agent\/#primaryimage"},"image":{"@id":"https:\/\/proventuss.eu\/hr\/produkt\/dowsil-pv-7326-potting-agent\/#primaryimage"},"thumbnailUrl":"https:\/\/proventuss.eu\/wp-content\/uploads\/2023\/03\/shutterstock_653095735m.jpg","datePublished":"2023-03-24T07:52:13+00:00","dateModified":"2023-07-19T09:05:25+00:00","breadcrumb":{"@id":"https:\/\/proventuss.eu\/hr\/produkt\/dowsil-pv-7326-potting-agent\/#breadcrumb"},"inLanguage":"hr","potentialAction":[{"@type":"ReadAction","target":["https:\/\/proventuss.eu\/hr\/produkt\/dowsil-pv-7326-potting-agent\/"]}]},{"@type":"ImageObject","inLanguage":"hr","@id":"https:\/\/proventuss.eu\/hr\/produkt\/dowsil-pv-7326-potting-agent\/#primaryimage","url":"https:\/\/proventuss.eu\/wp-content\/uploads\/2023\/03\/shutterstock_653095735m.jpg","contentUrl":"https:\/\/proventuss.eu\/wp-content\/uploads\/2023\/03\/shutterstock_653095735m.jpg","width":1153,"height":749,"caption":"Solar panels, photovoltaic, alternative electricity source. Background"},{"@type":"BreadcrumbList","@id":"https:\/\/proventuss.eu\/hr\/produkt\/dowsil-pv-7326-potting-agent\/#breadcrumb","itemListElement":[{"@type":"ListItem","position":1,"name":"Home","item":"https:\/\/proventuss.eu\/"},{"@type":"ListItem","position":2,"name":"Shop","item":"https:\/\/proventuss.eu\/hr\/pohraniti\/"},{"@type":"ListItem","position":3,"name":"DOWSIL\u2122 PV-7326 Potting Agent"}]},{"@type":"WebSite","@id":"https:\/\/proventuss.eu\/#website","url":"https:\/\/proventuss.eu\/","name":"Proventuss","description":"","potentialAction":[{"@type":"SearchAction","target":{"@type":"EntryPoint","urlTemplate":"https:\/\/proventuss.eu\/?s={search_term_string}"},"query-input":"required name=search_term_string"}],"inLanguage":"hr"}]}},"_links":{"self":[{"href":"https:\/\/proventuss.eu\/hr\/wp-json\/wp\/v2\/product\/13545"}],"collection":[{"href":"https:\/\/proventuss.eu\/hr\/wp-json\/wp\/v2\/product"}],"about":[{"href":"https:\/\/proventuss.eu\/hr\/wp-json\/wp\/v2\/types\/product"}],"replies":[{"embeddable":true,"href":"https:\/\/proventuss.eu\/hr\/wp-json\/wp\/v2\/comments?post=13545"}],"wp:featuredmedia":[{"embeddable":true,"href":"https:\/\/proventuss.eu\/hr\/wp-json\/wp\/v2\/media\/11565"}],"wp:attachment":[{"href":"https:\/\/proventuss.eu\/hr\/wp-json\/wp\/v2\/media?parent=13545"}],"wp:term":[{"taxonomy":"product_cat","embeddable":true,"href":"https:\/\/proventuss.eu\/hr\/wp-json\/wp\/v2\/product_cat?post=13545"},{"taxonomy":"product_tag","embeddable":true,"href":"https:\/\/proventuss.eu\/hr\/wp-json\/wp\/v2\/product_tag?post=13545"}],"curies":[{"name":"wp","href":"https:\/\/api.w.org\/{rel}","templated":true}]}}