{"id":13544,"date":"2023-03-24T07:43:55","date_gmt":"2023-03-24T07:43:55","guid":{"rendered":"https:\/\/proventuss.eu\/produkt\/dowsil-pv-6326-solar-cell-encapsulant\/"},"modified":"2023-07-19T09:01:48","modified_gmt":"2023-07-19T09:01:48","slug":"dowsil-pv-6326-solar-cell-encapsulant","status":"publish","type":"product","link":"https:\/\/proventuss.eu\/hr\/proizvod\/dowsil-pv-6326-solar-cell-encapsulant\/","title":{"rendered":"DOWSIL\u2122 PV-6326 Solar Cell Encapsulant"},"content":{"rendered":"<p>Dvokomponentni prozirni silikon, s omjerom mje\u0161anja 1 prema 1, prikladan je za kapsuliranje solarnih \u0107elija gdje se moraju tolerirati ekstremni uvjeti i dugotrajnost. Proizvod se mo\u017ee koristiti za razli\u010dite procese kapsuliranja solarnih \u0107elija na sobnoj temperaturi uklju\u010duju\u0107i lijevanje i vakumsko laminiranje. Dvokomponentna smjesa stvrdnjava na sobnoj temperaturi ili uz blagu toplinu do fleksibilnog elastomera. Niska viskoznost, samoniveliranje i dugo otvoreno vrijeme rada \u010dine ovaj proizvod izvrsnom opcijom. Proizvod je priznat prema UL 94 i UL 746C f1.<\/p>\n<p><strong>Prednosti:<\/strong><br \/>\n\u2013 Niska viskoznost, smanjenje \u0161upljina<br \/>\n\u2013 Prianjanje bez temeljnog premaza na sobnoj temperaturi<br \/>\n\u2013 Opti\u010dki proziran<br \/>\n\u2013 Stabilan na vi\u0161im temepraturama i UV zra\u010denju<br \/>\n\u2013 Otporan na plamen \u2013 UL 94 HB.<\/p>\n","protected":false},"excerpt":{"rendered":"<p>Dvokomponentni prozirni silikon, s omjerom mje\u0161anja 1 prema 1, prikladan je za kapsuliranje solarnih \u0107elija gdje se moraju tolerirati ekstremni uvjeti i dugotrajnost. Proizvod se mo\u017ee koristiti za razli\u010dite procese kapsuliranja solarnih \u0107elija na sobnoj temperaturi uklju\u010duju\u0107i lijevanje i vakumsko laminiranje. Dvokomponentna smjesa stvrdnjava na sobnoj temperaturi ili uz blagu toplinu do fleksibilnog elastomera. Niska [&hellip;]<\/p>\n","protected":false},"featured_media":11536,"comment_status":"open","ping_status":"closed","template":"","meta":{"_acf_changed":false},"product_cat":[15],"product_tag":[],"acf":[],"yoast_head":"<!-- This site is optimized with the Yoast SEO plugin v22.9 - https:\/\/yoast.com\/wordpress\/plugins\/seo\/ -->\n<title>DOWSIL\u2122 PV-6326 Solar Cell Encapsulant - Proventuss<\/title>\n<meta name=\"robots\" content=\"index, follow, max-snippet:-1, max-image-preview:large, max-video-preview:-1\" \/>\n<link rel=\"canonical\" href=\"https:\/\/proventuss.eu\/hr\/produkt\/dowsil-pv-6326-solar-cell-encapsulant\/\" \/>\n<meta property=\"og:locale\" content=\"hr_HR\" \/>\n<meta property=\"og:type\" content=\"article\" \/>\n<meta property=\"og:title\" content=\"DOWSIL\u2122 PV-6326 Solar Cell Encapsulant - Proventuss\" \/>\n<meta property=\"og:description\" content=\"Dvokomponentni prozirni silikon, s omjerom mje\u0161anja 1 prema 1, prikladan je za kapsuliranje solarnih \u0107elija gdje se moraju tolerirati ekstremni uvjeti i dugotrajnost. Proizvod se mo\u017ee koristiti za razli\u010dite procese kapsuliranja solarnih \u0107elija na sobnoj temperaturi uklju\u010duju\u0107i lijevanje i vakumsko laminiranje. Dvokomponentna smjesa stvrdnjava na sobnoj temperaturi ili uz blagu toplinu do fleksibilnog elastomera. Niska [&hellip;]\" \/>\n<meta property=\"og:url\" content=\"https:\/\/proventuss.eu\/hr\/produkt\/dowsil-pv-6326-solar-cell-encapsulant\/\" \/>\n<meta property=\"og:site_name\" content=\"Proventuss\" \/>\n<meta property=\"article:modified_time\" content=\"2023-07-19T09:01:48+00:00\" \/>\n<meta property=\"og:image\" content=\"https:\/\/proventuss.eu\/wp-content\/uploads\/2023\/03\/shutterstock_521992327m.jpg\" \/>\n\t<meta property=\"og:image:width\" content=\"1198\" \/>\n\t<meta property=\"og:image:height\" content=\"799\" \/>\n\t<meta property=\"og:image:type\" content=\"image\/jpeg\" \/>\n<meta name=\"twitter:card\" content=\"summary_large_image\" \/>\n<meta name=\"twitter:label1\" content=\"Procijenjeno vrijeme \u010ditanja\" \/>\n\t<meta name=\"twitter:data1\" content=\"1 minuta\" \/>\n<script type=\"application\/ld+json\" class=\"yoast-schema-graph\">{\"@context\":\"https:\/\/schema.org\",\"@graph\":[{\"@type\":\"WebPage\",\"@id\":\"https:\/\/proventuss.eu\/hr\/produkt\/dowsil-pv-6326-solar-cell-encapsulant\/\",\"url\":\"https:\/\/proventuss.eu\/hr\/produkt\/dowsil-pv-6326-solar-cell-encapsulant\/\",\"name\":\"DOWSIL\u2122 PV-6326 Solar Cell Encapsulant - Proventuss\",\"isPartOf\":{\"@id\":\"https:\/\/proventuss.eu\/#website\"},\"primaryImageOfPage\":{\"@id\":\"https:\/\/proventuss.eu\/hr\/produkt\/dowsil-pv-6326-solar-cell-encapsulant\/#primaryimage\"},\"image\":{\"@id\":\"https:\/\/proventuss.eu\/hr\/produkt\/dowsil-pv-6326-solar-cell-encapsulant\/#primaryimage\"},\"thumbnailUrl\":\"https:\/\/proventuss.eu\/wp-content\/uploads\/2023\/03\/shutterstock_521992327m.jpg\",\"datePublished\":\"2023-03-24T07:43:55+00:00\",\"dateModified\":\"2023-07-19T09:01:48+00:00\",\"breadcrumb\":{\"@id\":\"https:\/\/proventuss.eu\/hr\/produkt\/dowsil-pv-6326-solar-cell-encapsulant\/#breadcrumb\"},\"inLanguage\":\"hr\",\"potentialAction\":[{\"@type\":\"ReadAction\",\"target\":[\"https:\/\/proventuss.eu\/hr\/produkt\/dowsil-pv-6326-solar-cell-encapsulant\/\"]}]},{\"@type\":\"ImageObject\",\"inLanguage\":\"hr\",\"@id\":\"https:\/\/proventuss.eu\/hr\/produkt\/dowsil-pv-6326-solar-cell-encapsulant\/#primaryimage\",\"url\":\"https:\/\/proventuss.eu\/wp-content\/uploads\/2023\/03\/shutterstock_521992327m.jpg\",\"contentUrl\":\"https:\/\/proventuss.eu\/wp-content\/uploads\/2023\/03\/shutterstock_521992327m.jpg\",\"width\":1198,\"height\":799,\"caption\":\"photovoltaics in solar power station energy from natural\"},{\"@type\":\"BreadcrumbList\",\"@id\":\"https:\/\/proventuss.eu\/hr\/produkt\/dowsil-pv-6326-solar-cell-encapsulant\/#breadcrumb\",\"itemListElement\":[{\"@type\":\"ListItem\",\"position\":1,\"name\":\"Home\",\"item\":\"https:\/\/proventuss.eu\/\"},{\"@type\":\"ListItem\",\"position\":2,\"name\":\"Shop\",\"item\":\"https:\/\/proventuss.eu\/hr\/pohraniti\/\"},{\"@type\":\"ListItem\",\"position\":3,\"name\":\"DOWSIL\u2122 PV-6326 Solar Cell Encapsulant\"}]},{\"@type\":\"WebSite\",\"@id\":\"https:\/\/proventuss.eu\/#website\",\"url\":\"https:\/\/proventuss.eu\/\",\"name\":\"Proventuss\",\"description\":\"\",\"potentialAction\":[{\"@type\":\"SearchAction\",\"target\":{\"@type\":\"EntryPoint\",\"urlTemplate\":\"https:\/\/proventuss.eu\/?s={search_term_string}\"},\"query-input\":\"required name=search_term_string\"}],\"inLanguage\":\"hr\"}]}<\/script>\n<!-- \/ Yoast SEO plugin. -->","yoast_head_json":{"title":"DOWSIL\u2122 PV-6326 Solar Cell Encapsulant - Proventuss","robots":{"index":"index","follow":"follow","max-snippet":"max-snippet:-1","max-image-preview":"max-image-preview:large","max-video-preview":"max-video-preview:-1"},"canonical":"https:\/\/proventuss.eu\/hr\/produkt\/dowsil-pv-6326-solar-cell-encapsulant\/","og_locale":"hr_HR","og_type":"article","og_title":"DOWSIL\u2122 PV-6326 Solar Cell Encapsulant - Proventuss","og_description":"Dvokomponentni prozirni silikon, s omjerom mje\u0161anja 1 prema 1, prikladan je za kapsuliranje solarnih \u0107elija gdje se moraju tolerirati ekstremni uvjeti i dugotrajnost. Proizvod se mo\u017ee koristiti za razli\u010dite procese kapsuliranja solarnih \u0107elija na sobnoj temperaturi uklju\u010duju\u0107i lijevanje i vakumsko laminiranje. Dvokomponentna smjesa stvrdnjava na sobnoj temperaturi ili uz blagu toplinu do fleksibilnog elastomera. Niska [&hellip;]","og_url":"https:\/\/proventuss.eu\/hr\/produkt\/dowsil-pv-6326-solar-cell-encapsulant\/","og_site_name":"Proventuss","article_modified_time":"2023-07-19T09:01:48+00:00","og_image":[{"width":1198,"height":799,"url":"https:\/\/proventuss.eu\/wp-content\/uploads\/2023\/03\/shutterstock_521992327m.jpg","type":"image\/jpeg"}],"twitter_card":"summary_large_image","twitter_misc":{"Procijenjeno vrijeme \u010ditanja":"1 minuta"},"schema":{"@context":"https:\/\/schema.org","@graph":[{"@type":"WebPage","@id":"https:\/\/proventuss.eu\/hr\/produkt\/dowsil-pv-6326-solar-cell-encapsulant\/","url":"https:\/\/proventuss.eu\/hr\/produkt\/dowsil-pv-6326-solar-cell-encapsulant\/","name":"DOWSIL\u2122 PV-6326 Solar Cell Encapsulant - Proventuss","isPartOf":{"@id":"https:\/\/proventuss.eu\/#website"},"primaryImageOfPage":{"@id":"https:\/\/proventuss.eu\/hr\/produkt\/dowsil-pv-6326-solar-cell-encapsulant\/#primaryimage"},"image":{"@id":"https:\/\/proventuss.eu\/hr\/produkt\/dowsil-pv-6326-solar-cell-encapsulant\/#primaryimage"},"thumbnailUrl":"https:\/\/proventuss.eu\/wp-content\/uploads\/2023\/03\/shutterstock_521992327m.jpg","datePublished":"2023-03-24T07:43:55+00:00","dateModified":"2023-07-19T09:01:48+00:00","breadcrumb":{"@id":"https:\/\/proventuss.eu\/hr\/produkt\/dowsil-pv-6326-solar-cell-encapsulant\/#breadcrumb"},"inLanguage":"hr","potentialAction":[{"@type":"ReadAction","target":["https:\/\/proventuss.eu\/hr\/produkt\/dowsil-pv-6326-solar-cell-encapsulant\/"]}]},{"@type":"ImageObject","inLanguage":"hr","@id":"https:\/\/proventuss.eu\/hr\/produkt\/dowsil-pv-6326-solar-cell-encapsulant\/#primaryimage","url":"https:\/\/proventuss.eu\/wp-content\/uploads\/2023\/03\/shutterstock_521992327m.jpg","contentUrl":"https:\/\/proventuss.eu\/wp-content\/uploads\/2023\/03\/shutterstock_521992327m.jpg","width":1198,"height":799,"caption":"photovoltaics in solar power station energy from natural"},{"@type":"BreadcrumbList","@id":"https:\/\/proventuss.eu\/hr\/produkt\/dowsil-pv-6326-solar-cell-encapsulant\/#breadcrumb","itemListElement":[{"@type":"ListItem","position":1,"name":"Home","item":"https:\/\/proventuss.eu\/"},{"@type":"ListItem","position":2,"name":"Shop","item":"https:\/\/proventuss.eu\/hr\/pohraniti\/"},{"@type":"ListItem","position":3,"name":"DOWSIL\u2122 PV-6326 Solar Cell Encapsulant"}]},{"@type":"WebSite","@id":"https:\/\/proventuss.eu\/#website","url":"https:\/\/proventuss.eu\/","name":"Proventuss","description":"","potentialAction":[{"@type":"SearchAction","target":{"@type":"EntryPoint","urlTemplate":"https:\/\/proventuss.eu\/?s={search_term_string}"},"query-input":"required name=search_term_string"}],"inLanguage":"hr"}]}},"_links":{"self":[{"href":"https:\/\/proventuss.eu\/hr\/wp-json\/wp\/v2\/product\/13544"}],"collection":[{"href":"https:\/\/proventuss.eu\/hr\/wp-json\/wp\/v2\/product"}],"about":[{"href":"https:\/\/proventuss.eu\/hr\/wp-json\/wp\/v2\/types\/product"}],"replies":[{"embeddable":true,"href":"https:\/\/proventuss.eu\/hr\/wp-json\/wp\/v2\/comments?post=13544"}],"wp:featuredmedia":[{"embeddable":true,"href":"https:\/\/proventuss.eu\/hr\/wp-json\/wp\/v2\/media\/11536"}],"wp:attachment":[{"href":"https:\/\/proventuss.eu\/hr\/wp-json\/wp\/v2\/media?parent=13544"}],"wp:term":[{"taxonomy":"product_cat","embeddable":true,"href":"https:\/\/proventuss.eu\/hr\/wp-json\/wp\/v2\/product_cat?post=13544"},{"taxonomy":"product_tag","embeddable":true,"href":"https:\/\/proventuss.eu\/hr\/wp-json\/wp\/v2\/product_tag?post=13544"}],"curies":[{"name":"wp","href":"https:\/\/api.w.org\/{rel}","templated":true}]}}