{"id":13001,"date":"2023-02-14T13:21:42","date_gmt":"2023-02-14T13:21:42","guid":{"rendered":"https:\/\/proventuss.eu\/produkt\/contiflow-versa\/"},"modified":"2023-05-26T09:34:21","modified_gmt":"2023-05-26T09:34:21","slug":"contiflow-versa","status":"publish","type":"product","link":"https:\/\/proventuss.eu\/hr\/proizvod\/contiflow-versa\/","title":{"rendered":"ContiFlow Versa"},"content":{"rendered":"<p>Conti Flow Versa je kompaktni mobilni 2K sustav za doziranje i mje\u0161anje materijala od niske do visoke viskoznosti. Njegova fleksibilnost \u010dini sustav Va\u0161im partnerom u izazovnim radnim prostorima.<\/p>\n<p><strong>STANDARDNE FUNKCIJE:<\/strong><br \/>\n&#8211; 7\u201c zaslon osjetljiv na dodir<br \/>\n&#8211; Visoka to\u010dnost doziranja zahvaljuju\u0107i maloj udaljenosti od jedinice za doziranje do aplikacije<br \/>\n&#8211; Izuzetno udoban rad s fleksibilnom okretnom rukom i osloncem za balansiranje<br \/>\n&#8211; S razli\u010ditim opcijama i funkcijama koje se mogu konfigurirati prema va\u0161im zahtjevima<br \/>\n&#8211; Uklj. udoban ru\u010dni pi\u0161tolj Gamma Mix s ergonomskim dizajnom prekida\u010da<br \/>\n&#8211; Nadzor ulaznog i izlaznog tlaka<br \/>\n&#8211; Mogu\u0107i razli\u010diti sustavi dobave<br \/>\n&#8211; Upozorenje o praznoj ba\u010dvi<\/p>\n<p><strong>OPCIJE: <\/strong><\/p>\n<p>&#8211; Do 600 g lagan i udoban pi\u0161tolj za primjenu uklj. podesivi kut i jedinica za mije\u0161anje postavljeni na okretnu ruku<br \/>\n&#8211; Kontrola omjera mije\u0161anja pomo\u0107u mjernih \u0107elija<br \/>\n&#8211; Dostupan u kombinaciji s RT jedinicama za napajanje ili tla\u010dnom posudom, ovisno o materijalu i potro\u0161nji &#8211; Mogu\u0107e do 8 stupnjeva grijanja<br \/>\n&#8211; Nadzor omjera mije\u0161anja (opcija uklju\u010duju\u0107i regulaciju)<br \/>\n&#8211; MPC (kontrola tlaka) za RTM\/RIM procese u proizvodnji<br \/>\n&#8211; Do 64 programa rada<br \/>\n&#8211; Tijelo stroja koje se mo\u017ee okretati<br \/>\n&#8211; Alternativno s no\u017enim ili ru\u010dnim prekida\u010dem<br \/>\n&#8211; Evakuacija<br \/>\n&#8211; Povratni ventil<br \/>\n&#8211; Elektri\u010dna mje\u0161alica<\/p>\n","protected":false},"excerpt":{"rendered":"<p>Conti Flow Versa je kompaktni mobilni 2K sustav za doziranje i mje\u0161anje materijala od niske do visoke viskoznosti. Njegova fleksibilnost \u010dini sustav Va\u0161im partnerom u izazovnim radnim prostorima. STANDARDNE FUNKCIJE: &#8211; 7\u201c zaslon osjetljiv na dodir &#8211; Visoka to\u010dnost doziranja zahvaljuju\u0107i maloj udaljenosti od jedinice za doziranje do aplikacije &#8211; Izuzetno udoban rad s fleksibilnom [&hellip;]<\/p>\n","protected":false},"featured_media":11313,"comment_status":"open","ping_status":"closed","template":"","meta":{"_acf_changed":false},"product_cat":[157,162],"product_tag":[],"acf":[],"yoast_head":"<!-- This site is optimized with the Yoast SEO plugin v22.9 - https:\/\/yoast.com\/wordpress\/plugins\/seo\/ -->\n<title>ContiFlow Versa - Proventuss<\/title>\n<meta name=\"robots\" content=\"index, follow, max-snippet:-1, max-image-preview:large, max-video-preview:-1\" \/>\n<link rel=\"canonical\" href=\"https:\/\/proventuss.eu\/hr\/produkt\/contiflow-versa\/\" \/>\n<meta property=\"og:locale\" content=\"hr_HR\" \/>\n<meta property=\"og:type\" content=\"article\" \/>\n<meta property=\"og:title\" content=\"ContiFlow Versa - Proventuss\" \/>\n<meta property=\"og:description\" content=\"Conti Flow Versa je kompaktni mobilni 2K sustav za doziranje i mje\u0161anje materijala od niske do visoke viskoznosti. Njegova fleksibilnost \u010dini sustav Va\u0161im partnerom u izazovnim radnim prostorima. STANDARDNE FUNKCIJE: &#8211; 7\u201c zaslon osjetljiv na dodir &#8211; Visoka to\u010dnost doziranja zahvaljuju\u0107i maloj udaljenosti od jedinice za doziranje do aplikacije &#8211; Izuzetno udoban rad s fleksibilnom [&hellip;]\" \/>\n<meta property=\"og:url\" content=\"https:\/\/proventuss.eu\/hr\/produkt\/contiflow-versa\/\" \/>\n<meta property=\"og:site_name\" content=\"Proventuss\" \/>\n<meta property=\"article:modified_time\" content=\"2023-05-26T09:34:21+00:00\" \/>\n<meta property=\"og:image\" content=\"https:\/\/proventuss.eu\/wp-content\/uploads\/2023\/02\/Conti-Flow-Versa-1500x1200-1.png\" \/>\n\t<meta property=\"og:image:width\" content=\"1200\" \/>\n\t<meta property=\"og:image:height\" content=\"1500\" \/>\n\t<meta property=\"og:image:type\" content=\"image\/png\" \/>\n<meta name=\"twitter:card\" content=\"summary_large_image\" \/>\n<meta name=\"twitter:label1\" content=\"Procijenjeno vrijeme \u010ditanja\" \/>\n\t<meta name=\"twitter:data1\" content=\"1 minuta\" \/>\n<script type=\"application\/ld+json\" class=\"yoast-schema-graph\">{\"@context\":\"https:\/\/schema.org\",\"@graph\":[{\"@type\":\"WebPage\",\"@id\":\"https:\/\/proventuss.eu\/hr\/produkt\/contiflow-versa\/\",\"url\":\"https:\/\/proventuss.eu\/hr\/produkt\/contiflow-versa\/\",\"name\":\"ContiFlow Versa - Proventuss\",\"isPartOf\":{\"@id\":\"https:\/\/proventuss.eu\/#website\"},\"primaryImageOfPage\":{\"@id\":\"https:\/\/proventuss.eu\/hr\/produkt\/contiflow-versa\/#primaryimage\"},\"image\":{\"@id\":\"https:\/\/proventuss.eu\/hr\/produkt\/contiflow-versa\/#primaryimage\"},\"thumbnailUrl\":\"https:\/\/proventuss.eu\/wp-content\/uploads\/2023\/02\/Conti-Flow-Versa-1500x1200-1.png\",\"datePublished\":\"2023-02-14T13:21:42+00:00\",\"dateModified\":\"2023-05-26T09:34:21+00:00\",\"breadcrumb\":{\"@id\":\"https:\/\/proventuss.eu\/hr\/produkt\/contiflow-versa\/#breadcrumb\"},\"inLanguage\":\"hr\",\"potentialAction\":[{\"@type\":\"ReadAction\",\"target\":[\"https:\/\/proventuss.eu\/hr\/produkt\/contiflow-versa\/\"]}]},{\"@type\":\"ImageObject\",\"inLanguage\":\"hr\",\"@id\":\"https:\/\/proventuss.eu\/hr\/produkt\/contiflow-versa\/#primaryimage\",\"url\":\"https:\/\/proventuss.eu\/wp-content\/uploads\/2023\/02\/Conti-Flow-Versa-1500x1200-1.png\",\"contentUrl\":\"https:\/\/proventuss.eu\/wp-content\/uploads\/2023\/02\/Conti-Flow-Versa-1500x1200-1.png\",\"width\":1200,\"height\":1500},{\"@type\":\"BreadcrumbList\",\"@id\":\"https:\/\/proventuss.eu\/hr\/produkt\/contiflow-versa\/#breadcrumb\",\"itemListElement\":[{\"@type\":\"ListItem\",\"position\":1,\"name\":\"Home\",\"item\":\"https:\/\/proventuss.eu\/\"},{\"@type\":\"ListItem\",\"position\":2,\"name\":\"Shop\",\"item\":\"https:\/\/proventuss.eu\/hr\/pohraniti\/\"},{\"@type\":\"ListItem\",\"position\":3,\"name\":\"ContiFlow Versa\"}]},{\"@type\":\"WebSite\",\"@id\":\"https:\/\/proventuss.eu\/#website\",\"url\":\"https:\/\/proventuss.eu\/\",\"name\":\"Proventuss\",\"description\":\"\",\"potentialAction\":[{\"@type\":\"SearchAction\",\"target\":{\"@type\":\"EntryPoint\",\"urlTemplate\":\"https:\/\/proventuss.eu\/?s={search_term_string}\"},\"query-input\":\"required name=search_term_string\"}],\"inLanguage\":\"hr\"}]}<\/script>\n<!-- \/ Yoast SEO plugin. -->","yoast_head_json":{"title":"ContiFlow Versa - Proventuss","robots":{"index":"index","follow":"follow","max-snippet":"max-snippet:-1","max-image-preview":"max-image-preview:large","max-video-preview":"max-video-preview:-1"},"canonical":"https:\/\/proventuss.eu\/hr\/produkt\/contiflow-versa\/","og_locale":"hr_HR","og_type":"article","og_title":"ContiFlow Versa - Proventuss","og_description":"Conti Flow Versa je kompaktni mobilni 2K sustav za doziranje i mje\u0161anje materijala od niske do visoke viskoznosti. Njegova fleksibilnost \u010dini sustav Va\u0161im partnerom u izazovnim radnim prostorima. STANDARDNE FUNKCIJE: &#8211; 7\u201c zaslon osjetljiv na dodir &#8211; Visoka to\u010dnost doziranja zahvaljuju\u0107i maloj udaljenosti od jedinice za doziranje do aplikacije &#8211; Izuzetno udoban rad s fleksibilnom [&hellip;]","og_url":"https:\/\/proventuss.eu\/hr\/produkt\/contiflow-versa\/","og_site_name":"Proventuss","article_modified_time":"2023-05-26T09:34:21+00:00","og_image":[{"width":1200,"height":1500,"url":"https:\/\/proventuss.eu\/wp-content\/uploads\/2023\/02\/Conti-Flow-Versa-1500x1200-1.png","type":"image\/png"}],"twitter_card":"summary_large_image","twitter_misc":{"Procijenjeno vrijeme \u010ditanja":"1 minuta"},"schema":{"@context":"https:\/\/schema.org","@graph":[{"@type":"WebPage","@id":"https:\/\/proventuss.eu\/hr\/produkt\/contiflow-versa\/","url":"https:\/\/proventuss.eu\/hr\/produkt\/contiflow-versa\/","name":"ContiFlow Versa - Proventuss","isPartOf":{"@id":"https:\/\/proventuss.eu\/#website"},"primaryImageOfPage":{"@id":"https:\/\/proventuss.eu\/hr\/produkt\/contiflow-versa\/#primaryimage"},"image":{"@id":"https:\/\/proventuss.eu\/hr\/produkt\/contiflow-versa\/#primaryimage"},"thumbnailUrl":"https:\/\/proventuss.eu\/wp-content\/uploads\/2023\/02\/Conti-Flow-Versa-1500x1200-1.png","datePublished":"2023-02-14T13:21:42+00:00","dateModified":"2023-05-26T09:34:21+00:00","breadcrumb":{"@id":"https:\/\/proventuss.eu\/hr\/produkt\/contiflow-versa\/#breadcrumb"},"inLanguage":"hr","potentialAction":[{"@type":"ReadAction","target":["https:\/\/proventuss.eu\/hr\/produkt\/contiflow-versa\/"]}]},{"@type":"ImageObject","inLanguage":"hr","@id":"https:\/\/proventuss.eu\/hr\/produkt\/contiflow-versa\/#primaryimage","url":"https:\/\/proventuss.eu\/wp-content\/uploads\/2023\/02\/Conti-Flow-Versa-1500x1200-1.png","contentUrl":"https:\/\/proventuss.eu\/wp-content\/uploads\/2023\/02\/Conti-Flow-Versa-1500x1200-1.png","width":1200,"height":1500},{"@type":"BreadcrumbList","@id":"https:\/\/proventuss.eu\/hr\/produkt\/contiflow-versa\/#breadcrumb","itemListElement":[{"@type":"ListItem","position":1,"name":"Home","item":"https:\/\/proventuss.eu\/"},{"@type":"ListItem","position":2,"name":"Shop","item":"https:\/\/proventuss.eu\/hr\/pohraniti\/"},{"@type":"ListItem","position":3,"name":"ContiFlow Versa"}]},{"@type":"WebSite","@id":"https:\/\/proventuss.eu\/#website","url":"https:\/\/proventuss.eu\/","name":"Proventuss","description":"","potentialAction":[{"@type":"SearchAction","target":{"@type":"EntryPoint","urlTemplate":"https:\/\/proventuss.eu\/?s={search_term_string}"},"query-input":"required name=search_term_string"}],"inLanguage":"hr"}]}},"_links":{"self":[{"href":"https:\/\/proventuss.eu\/hr\/wp-json\/wp\/v2\/product\/13001"}],"collection":[{"href":"https:\/\/proventuss.eu\/hr\/wp-json\/wp\/v2\/product"}],"about":[{"href":"https:\/\/proventuss.eu\/hr\/wp-json\/wp\/v2\/types\/product"}],"replies":[{"embeddable":true,"href":"https:\/\/proventuss.eu\/hr\/wp-json\/wp\/v2\/comments?post=13001"}],"wp:featuredmedia":[{"embeddable":true,"href":"https:\/\/proventuss.eu\/hr\/wp-json\/wp\/v2\/media\/11313"}],"wp:attachment":[{"href":"https:\/\/proventuss.eu\/hr\/wp-json\/wp\/v2\/media?parent=13001"}],"wp:term":[{"taxonomy":"product_cat","embeddable":true,"href":"https:\/\/proventuss.eu\/hr\/wp-json\/wp\/v2\/product_cat?post=13001"},{"taxonomy":"product_tag","embeddable":true,"href":"https:\/\/proventuss.eu\/hr\/wp-json\/wp\/v2\/product_tag?post=13001"}],"curies":[{"name":"wp","href":"https:\/\/api.w.org\/{rel}","templated":true}]}}