{"id":11155,"date":"2023-02-15T12:12:57","date_gmt":"2023-02-15T12:12:57","guid":{"rendered":"https:\/\/proventuss.eu\/?post_type=product&#038;p=11155"},"modified":"2023-02-15T12:12:58","modified_gmt":"2023-02-15T12:12:58","slug":"dupont-great-stuff-pro","status":"publish","type":"product","link":"https:\/\/proventuss.eu\/hr\/proizvod\/dupont-great-stuff-pro\/","title":{"rendered":"DuPont Great Stuff Pro"},"content":{"rendered":"<p>Za hladno, suho i vla\u017eno vrijeme.\u00a0Puni, brtvi i izolira.<\/p>\n<p>Poliuretanska pjena<\/p>\n<ul>\n<li>Jednokomponentna poliuretanska pjena za punjenje, u\u010dvr\u0161\u0107ivanje i izolaciju tijekom nepovoljnih vremenskih uvjeta.<\/li>\n<\/ul>\n<p>\u010cuvati u vertikalnom polo\u017eaju na hladnom i suhom mjestu<\/p>\n<p>Upute:<\/p>\n<ul>\n<li>Uvjeti rada: do -10 \u00b0 C, tijekom suhog ili vla\u017enog vremena<\/li>\n<li>Prije uporabe dobro protresite spremnik<\/li>\n<li>Dobro zavrnite pi\u0161tolj na ventil<\/li>\n<li>Povr\u0161ine moraju biti o\u010di\u0161\u0107ene od ostataka raznih \u010destica, ulja i masti<\/li>\n<li>Ispunjava \u0161upljine do 75%<\/li>\n<li>Navla\u017eite povr\u0161ine i izme\u0111u slojeva prije nano\u0161enja ljepila (iznad 0\u00b0C)<\/li>\n<li>Ostavite pi\u0161tolj pri\u010dvr\u0161\u0107en na bocu ljepila dok se ne isprazni<\/li>\n<\/ul>\n<p>Karakteristike:<\/p>\n<ul>\n<li>Vodonepropusno, vodootporno, mo\u017ee se polirati i bojati<\/li>\n<li>Izvrsno prianja uz beton, opeku, \u017ebuku, kamen, drvo, metal i ve\u0107inu plasti\u010dnih materijala<\/li>\n<li>Temperaturna otpornost:<\/li>\n<\/ul>\n<p>od -40\u00b0C do +100\u00b0C<\/p>\n<ul>\n<li>Za\u0161tititi od sun\u010devog svjetla<\/li>\n<\/ul>\n<p>bojanjem, \u017ebukanjem ili brtvljenjem<\/p>\n<p>&nbsp;<\/p>\n<p>Jamstveno razdoblje:<\/p>\n<p>&nbsp;<\/p>\n<p>Iskoristite prije datuma isteka koji se nalazi na dnu boce<\/p>\n","protected":false},"excerpt":{"rendered":"<p>Za hladno, suho i vla\u017eno vrijeme.\u00a0Puni, brtvi i izolira. Poliuretanska pjena Jednokomponentna poliuretanska pjena za punjenje, u\u010dvr\u0161\u0107ivanje i izolaciju tijekom nepovoljnih vremenskih uvjeta. \u010cuvati u vertikalnom polo\u017eaju na hladnom i suhom mjestu Upute: Uvjeti rada: do -10 \u00b0 C, tijekom suhog ili vla\u017enog vremena Prije uporabe dobro protresite spremnik Dobro zavrnite pi\u0161tolj na ventil Povr\u0161ine [&hellip;]<\/p>\n","protected":false},"featured_media":11156,"comment_status":"open","ping_status":"closed","template":"","meta":{"_acf_changed":false},"product_cat":[138],"product_tag":[],"acf":[],"yoast_head":"<!-- This site is optimized with the Yoast SEO plugin v22.9 - https:\/\/yoast.com\/wordpress\/plugins\/seo\/ -->\n<title>DuPont Great Stuff Pro - Proventuss<\/title>\n<meta name=\"robots\" content=\"index, follow, max-snippet:-1, max-image-preview:large, max-video-preview:-1\" \/>\n<link rel=\"canonical\" href=\"https:\/\/proventuss.eu\/hr\/produkt\/dupont-great-stuff-pro\/\" \/>\n<meta property=\"og:locale\" content=\"hr_HR\" \/>\n<meta property=\"og:type\" content=\"article\" \/>\n<meta property=\"og:title\" content=\"DuPont Great Stuff Pro - Proventuss\" \/>\n<meta property=\"og:description\" content=\"Za hladno, suho i vla\u017eno vrijeme.\u00a0Puni, brtvi i izolira. Poliuretanska pjena Jednokomponentna poliuretanska pjena za punjenje, u\u010dvr\u0161\u0107ivanje i izolaciju tijekom nepovoljnih vremenskih uvjeta. \u010cuvati u vertikalnom polo\u017eaju na hladnom i suhom mjestu Upute: Uvjeti rada: do -10 \u00b0 C, tijekom suhog ili vla\u017enog vremena Prije uporabe dobro protresite spremnik Dobro zavrnite pi\u0161tolj na ventil Povr\u0161ine [&hellip;]\" \/>\n<meta property=\"og:url\" content=\"https:\/\/proventuss.eu\/hr\/produkt\/dupont-great-stuff-pro\/\" \/>\n<meta property=\"og:site_name\" content=\"Proventuss\" \/>\n<meta property=\"article:modified_time\" content=\"2023-02-15T12:12:58+00:00\" \/>\n<meta property=\"og:image\" content=\"https:\/\/proventuss.eu\/wp-content\/uploads\/2023\/02\/99047471_GSP_AS_MockUp_191120.jpg\" \/>\n\t<meta property=\"og:image:width\" content=\"568\" \/>\n\t<meta property=\"og:image:height\" content=\"1504\" \/>\n\t<meta property=\"og:image:type\" content=\"image\/jpeg\" \/>\n<meta name=\"twitter:card\" content=\"summary_large_image\" \/>\n<meta name=\"twitter:label1\" content=\"Procijenjeno vrijeme \u010ditanja\" \/>\n\t<meta name=\"twitter:data1\" content=\"1 minuta\" \/>\n<script type=\"application\/ld+json\" class=\"yoast-schema-graph\">{\"@context\":\"https:\/\/schema.org\",\"@graph\":[{\"@type\":\"WebPage\",\"@id\":\"https:\/\/proventuss.eu\/hr\/produkt\/dupont-great-stuff-pro\/\",\"url\":\"https:\/\/proventuss.eu\/hr\/produkt\/dupont-great-stuff-pro\/\",\"name\":\"DuPont Great Stuff Pro - Proventuss\",\"isPartOf\":{\"@id\":\"https:\/\/proventuss.eu\/#website\"},\"primaryImageOfPage\":{\"@id\":\"https:\/\/proventuss.eu\/hr\/produkt\/dupont-great-stuff-pro\/#primaryimage\"},\"image\":{\"@id\":\"https:\/\/proventuss.eu\/hr\/produkt\/dupont-great-stuff-pro\/#primaryimage\"},\"thumbnailUrl\":\"https:\/\/proventuss.eu\/wp-content\/uploads\/2023\/02\/99047471_GSP_AS_MockUp_191120.jpg\",\"datePublished\":\"2023-02-15T12:12:57+00:00\",\"dateModified\":\"2023-02-15T12:12:58+00:00\",\"breadcrumb\":{\"@id\":\"https:\/\/proventuss.eu\/hr\/produkt\/dupont-great-stuff-pro\/#breadcrumb\"},\"inLanguage\":\"hr\",\"potentialAction\":[{\"@type\":\"ReadAction\",\"target\":[\"https:\/\/proventuss.eu\/hr\/produkt\/dupont-great-stuff-pro\/\"]}]},{\"@type\":\"ImageObject\",\"inLanguage\":\"hr\",\"@id\":\"https:\/\/proventuss.eu\/hr\/produkt\/dupont-great-stuff-pro\/#primaryimage\",\"url\":\"https:\/\/proventuss.eu\/wp-content\/uploads\/2023\/02\/99047471_GSP_AS_MockUp_191120.jpg\",\"contentUrl\":\"https:\/\/proventuss.eu\/wp-content\/uploads\/2023\/02\/99047471_GSP_AS_MockUp_191120.jpg\",\"width\":568,\"height\":1504},{\"@type\":\"BreadcrumbList\",\"@id\":\"https:\/\/proventuss.eu\/hr\/produkt\/dupont-great-stuff-pro\/#breadcrumb\",\"itemListElement\":[{\"@type\":\"ListItem\",\"position\":1,\"name\":\"Home\",\"item\":\"https:\/\/proventuss.eu\/\"},{\"@type\":\"ListItem\",\"position\":2,\"name\":\"Shop\",\"item\":\"https:\/\/proventuss.eu\/hr\/pohraniti\/\"},{\"@type\":\"ListItem\",\"position\":3,\"name\":\"DuPont Great Stuff Pro\"}]},{\"@type\":\"WebSite\",\"@id\":\"https:\/\/proventuss.eu\/#website\",\"url\":\"https:\/\/proventuss.eu\/\",\"name\":\"Proventuss\",\"description\":\"\",\"potentialAction\":[{\"@type\":\"SearchAction\",\"target\":{\"@type\":\"EntryPoint\",\"urlTemplate\":\"https:\/\/proventuss.eu\/?s={search_term_string}\"},\"query-input\":\"required name=search_term_string\"}],\"inLanguage\":\"hr\"}]}<\/script>\n<!-- \/ Yoast SEO plugin. -->","yoast_head_json":{"title":"DuPont Great Stuff Pro - Proventuss","robots":{"index":"index","follow":"follow","max-snippet":"max-snippet:-1","max-image-preview":"max-image-preview:large","max-video-preview":"max-video-preview:-1"},"canonical":"https:\/\/proventuss.eu\/hr\/produkt\/dupont-great-stuff-pro\/","og_locale":"hr_HR","og_type":"article","og_title":"DuPont Great Stuff Pro - Proventuss","og_description":"Za hladno, suho i vla\u017eno vrijeme.\u00a0Puni, brtvi i izolira. Poliuretanska pjena Jednokomponentna poliuretanska pjena za punjenje, u\u010dvr\u0161\u0107ivanje i izolaciju tijekom nepovoljnih vremenskih uvjeta. \u010cuvati u vertikalnom polo\u017eaju na hladnom i suhom mjestu Upute: Uvjeti rada: do -10 \u00b0 C, tijekom suhog ili vla\u017enog vremena Prije uporabe dobro protresite spremnik Dobro zavrnite pi\u0161tolj na ventil Povr\u0161ine [&hellip;]","og_url":"https:\/\/proventuss.eu\/hr\/produkt\/dupont-great-stuff-pro\/","og_site_name":"Proventuss","article_modified_time":"2023-02-15T12:12:58+00:00","og_image":[{"width":568,"height":1504,"url":"https:\/\/proventuss.eu\/wp-content\/uploads\/2023\/02\/99047471_GSP_AS_MockUp_191120.jpg","type":"image\/jpeg"}],"twitter_card":"summary_large_image","twitter_misc":{"Procijenjeno vrijeme \u010ditanja":"1 minuta"},"schema":{"@context":"https:\/\/schema.org","@graph":[{"@type":"WebPage","@id":"https:\/\/proventuss.eu\/hr\/produkt\/dupont-great-stuff-pro\/","url":"https:\/\/proventuss.eu\/hr\/produkt\/dupont-great-stuff-pro\/","name":"DuPont Great Stuff Pro - Proventuss","isPartOf":{"@id":"https:\/\/proventuss.eu\/#website"},"primaryImageOfPage":{"@id":"https:\/\/proventuss.eu\/hr\/produkt\/dupont-great-stuff-pro\/#primaryimage"},"image":{"@id":"https:\/\/proventuss.eu\/hr\/produkt\/dupont-great-stuff-pro\/#primaryimage"},"thumbnailUrl":"https:\/\/proventuss.eu\/wp-content\/uploads\/2023\/02\/99047471_GSP_AS_MockUp_191120.jpg","datePublished":"2023-02-15T12:12:57+00:00","dateModified":"2023-02-15T12:12:58+00:00","breadcrumb":{"@id":"https:\/\/proventuss.eu\/hr\/produkt\/dupont-great-stuff-pro\/#breadcrumb"},"inLanguage":"hr","potentialAction":[{"@type":"ReadAction","target":["https:\/\/proventuss.eu\/hr\/produkt\/dupont-great-stuff-pro\/"]}]},{"@type":"ImageObject","inLanguage":"hr","@id":"https:\/\/proventuss.eu\/hr\/produkt\/dupont-great-stuff-pro\/#primaryimage","url":"https:\/\/proventuss.eu\/wp-content\/uploads\/2023\/02\/99047471_GSP_AS_MockUp_191120.jpg","contentUrl":"https:\/\/proventuss.eu\/wp-content\/uploads\/2023\/02\/99047471_GSP_AS_MockUp_191120.jpg","width":568,"height":1504},{"@type":"BreadcrumbList","@id":"https:\/\/proventuss.eu\/hr\/produkt\/dupont-great-stuff-pro\/#breadcrumb","itemListElement":[{"@type":"ListItem","position":1,"name":"Home","item":"https:\/\/proventuss.eu\/"},{"@type":"ListItem","position":2,"name":"Shop","item":"https:\/\/proventuss.eu\/hr\/pohraniti\/"},{"@type":"ListItem","position":3,"name":"DuPont Great Stuff Pro"}]},{"@type":"WebSite","@id":"https:\/\/proventuss.eu\/#website","url":"https:\/\/proventuss.eu\/","name":"Proventuss","description":"","potentialAction":[{"@type":"SearchAction","target":{"@type":"EntryPoint","urlTemplate":"https:\/\/proventuss.eu\/?s={search_term_string}"},"query-input":"required name=search_term_string"}],"inLanguage":"hr"}]}},"_links":{"self":[{"href":"https:\/\/proventuss.eu\/hr\/wp-json\/wp\/v2\/product\/11155"}],"collection":[{"href":"https:\/\/proventuss.eu\/hr\/wp-json\/wp\/v2\/product"}],"about":[{"href":"https:\/\/proventuss.eu\/hr\/wp-json\/wp\/v2\/types\/product"}],"replies":[{"embeddable":true,"href":"https:\/\/proventuss.eu\/hr\/wp-json\/wp\/v2\/comments?post=11155"}],"wp:featuredmedia":[{"embeddable":true,"href":"https:\/\/proventuss.eu\/hr\/wp-json\/wp\/v2\/media\/11156"}],"wp:attachment":[{"href":"https:\/\/proventuss.eu\/hr\/wp-json\/wp\/v2\/media?parent=11155"}],"wp:term":[{"taxonomy":"product_cat","embeddable":true,"href":"https:\/\/proventuss.eu\/hr\/wp-json\/wp\/v2\/product_cat?post=11155"},{"taxonomy":"product_tag","embeddable":true,"href":"https:\/\/proventuss.eu\/hr\/wp-json\/wp\/v2\/product_tag?post=11155"}],"curies":[{"name":"wp","href":"https:\/\/api.w.org\/{rel}","templated":true}]}}