{"id":2842,"date":"2022-05-24T08:56:52","date_gmt":"2022-05-24T08:56:52","guid":{"rendered":"https:\/\/proventuss.eu\/politika-privatnosti\/"},"modified":"2022-06-20T10:51:58","modified_gmt":"2022-06-20T10:51:58","slug":"politika-privatnosti","status":"publish","type":"page","link":"https:\/\/proventuss.eu\/hr\/politika-privatnosti\/","title":{"rendered":"politika privatnosti"},"content":{"rendered":"\t\t<div data-elementor-type=\"wp-page\" data-elementor-id=\"2842\" class=\"elementor elementor-2842 elementor-1770\" data-elementor-post-type=\"page\">\n\t\t\t\t\t\t<section class=\"elementor-section elementor-top-section elementor-element elementor-element-60fc409a elementor-section-height-min-height elementor-section-boxed elementor-section-height-default elementor-section-items-middle\" data-id=\"60fc409a\" data-element_type=\"section\" data-settings=\"{&quot;background_background&quot;:&quot;classic&quot;}\">\n\t\t\t\t\t\t\t<div class=\"elementor-background-overlay\"><\/div>\n\t\t\t\t\t\t\t<div class=\"elementor-container elementor-column-gap-default\">\n\t\t\t\t\t<div class=\"elementor-column elementor-col-50 elementor-top-column elementor-element elementor-element-433247ac\" data-id=\"433247ac\" data-element_type=\"column\">\n\t\t\t<div class=\"elementor-widget-wrap elementor-element-populated\">\n\t\t\t\t\t\t\t<\/div>\n\t\t<\/div>\n\t\t\t\t<div class=\"elementor-column elementor-col-50 elementor-top-column elementor-element elementor-element-60d2a8b7\" data-id=\"60d2a8b7\" data-element_type=\"column\">\n\t\t\t<div class=\"elementor-widget-wrap\">\n\t\t\t\t\t\t\t<\/div>\n\t\t<\/div>\n\t\t\t\t\t<\/div>\n\t\t<\/section>\n\t\t\t\t<section class=\"elementor-section elementor-top-section elementor-element elementor-element-faa45c2 elementor-section-boxed elementor-section-height-default elementor-section-height-default\" data-id=\"faa45c2\" data-element_type=\"section\">\n\t\t\t\t\t\t<div class=\"elementor-container elementor-column-gap-default\">\n\t\t\t\t\t<div class=\"elementor-column elementor-col-100 elementor-top-column elementor-element elementor-element-278a36e\" data-id=\"278a36e\" data-element_type=\"column\">\n\t\t\t<div class=\"elementor-widget-wrap elementor-element-populated\">\n\t\t\t\t\t\t<div class=\"elementor-element elementor-element-596965b elementor-invisible elementor-widget elementor-widget-heading\" data-id=\"596965b\" data-element_type=\"widget\" data-settings=\"{&quot;_animation&quot;:&quot;fadeInUp&quot;,&quot;_animation_delay&quot;:1000}\" data-widget_type=\"heading.default\">\n\t\t\t\t<div class=\"elementor-widget-container\">\n\t\t\t<style>\/*! elementor - v3.22.0 - 26-06-2024 *\/\n.elementor-heading-title{padding:0;margin:0;line-height:1}.elementor-widget-heading .elementor-heading-title[class*=elementor-size-]>a{color:inherit;font-size:inherit;line-height:inherit}.elementor-widget-heading .elementor-heading-title.elementor-size-small{font-size:15px}.elementor-widget-heading .elementor-heading-title.elementor-size-medium{font-size:19px}.elementor-widget-heading .elementor-heading-title.elementor-size-large{font-size:29px}.elementor-widget-heading .elementor-heading-title.elementor-size-xl{font-size:39px}.elementor-widget-heading .elementor-heading-title.elementor-size-xxl{font-size:59px}<\/style><p class=\"elementor-heading-title elementor-size-default\">INFORMACIJSKA KLUZULA\n\n<\/p>\t\t<\/div>\n\t\t\t\t<\/div>\n\t\t\t\t<div class=\"elementor-element elementor-element-44e7143 elementor-widget elementor-widget-heading\" data-id=\"44e7143\" data-element_type=\"widget\" data-widget_type=\"heading.default\">\n\t\t\t\t<div class=\"elementor-widget-container\">\n\t\t\t<p class=\"elementor-heading-title elementor-size-default\">GDPR<\/p>\t\t<\/div>\n\t\t\t\t<\/div>\n\t\t\t\t<div class=\"elementor-element elementor-element-983145b elementor-widget elementor-widget-text-editor\" data-id=\"983145b\" data-element_type=\"widget\" data-widget_type=\"text-editor.default\">\n\t\t\t\t<div class=\"elementor-widget-container\">\n\t\t\t<style>\/*! elementor - v3.22.0 - 26-06-2024 *\/\n.elementor-widget-text-editor.elementor-drop-cap-view-stacked .elementor-drop-cap{background-color:#69727d;color:#fff}.elementor-widget-text-editor.elementor-drop-cap-view-framed .elementor-drop-cap{color:#69727d;border:3px solid;background-color:transparent}.elementor-widget-text-editor:not(.elementor-drop-cap-view-default) .elementor-drop-cap{margin-top:8px}.elementor-widget-text-editor:not(.elementor-drop-cap-view-default) .elementor-drop-cap-letter{width:1em;height:1em}.elementor-widget-text-editor .elementor-drop-cap{float:left;text-align:center;line-height:1;font-size:50px}.elementor-widget-text-editor .elementor-drop-cap-letter{display:inline-block}<\/style>\t\t\t\t<p>Od 25. svibnja 2018. godine primjenjuje se Uredba (EU) 2016\/679 Europskog parlamenta i Vije\u0107a od 27. travnja 2016. o za\u0161titi osobnih podataka fizi\u010dkih osoba, poznatoj kao GDPR (\u010dlanak 13. GDPR-a)<br><br><strong>Ovaj dokument sadr\u017ei informacije o na\u010delima obrade va\u0161ih podataka u Proventuss Polska Sp. z o. o<\/strong><\/p>\t\t\t\t\t\t<\/div>\n\t\t\t\t<\/div>\n\t\t\t\t<div class=\"elementor-element elementor-element-2be1242 elementor-widget elementor-widget-text-editor\" data-id=\"2be1242\" data-element_type=\"widget\" data-widget_type=\"text-editor.default\">\n\t\t\t\t<div class=\"elementor-widget-container\">\n\t\t\t\t\t\t\t<p><strong>1. Administrator osobnih podataka<\/strong><\/p><p>Administrator va\u0161ih osobnih podataka je Proventuss Polska Sp. z o. o. sa sjedi\u0161tem u Var\u0161avi, 02-247 Warszawa, ul. Flisa 4, rodo@proventuss.eu, tel. 22 122 85 40  <\/p>\t\t\t\t\t\t<\/div>\n\t\t\t\t<\/div>\n\t\t\t\t<div class=\"elementor-element elementor-element-dc6f615 elementor-widget elementor-widget-text-editor\" data-id=\"dc6f615\" data-element_type=\"widget\" data-widget_type=\"text-editor.default\">\n\t\t\t\t<div class=\"elementor-widget-container\">\n\t\t\t\t\t\t\t<p><strong>2. Kontakt podaci inspektora za za\u0161titu osobnih podataka<\/strong><\/p><p>Inspektor za za\u0161titu osobnih podataka nije imenovan.<\/p>\t\t\t\t\t\t<\/div>\n\t\t\t\t<\/div>\n\t\t\t\t<div class=\"elementor-element elementor-element-dab9672 elementor-widget elementor-widget-text-editor\" data-id=\"dab9672\" data-element_type=\"widget\" data-widget_type=\"text-editor.default\">\n\t\t\t\t<div class=\"elementor-widget-container\">\n\t\t\t\t\t\t\t<p><strong>3. Svrhe obrade osobnih podataka i pravni temelj obrade<\/strong><\/p><p>Va\u0161i osobni podaci obra\u0111uju se u svrhu: sklapanja i izvr\u0161avanja ugovora\/ugovora, izvr\u0161avanja naloga (\u010dlanak 6. stavak 1. to\u010dka b GDPR-a), ispunjavanja fiskalnih i ra\u010dunovodstvenih obveza (pohrana ra\u010duna), arhivskih obveza (\u010dlanak 6.1. slovo c GDPR-a).<\/p>\t\t\t\t\t\t<\/div>\n\t\t\t\t<\/div>\n\t\t\t\t<div class=\"elementor-element elementor-element-0db248b elementor-widget elementor-widget-text-editor\" data-id=\"0db248b\" data-element_type=\"widget\" data-widget_type=\"text-editor.default\">\n\t\t\t\t<div class=\"elementor-widget-container\">\n\t\t\t\t\t\t\t<p><strong>4. Ako obrada proizlazi iz legitimnih interesa koje vodi administrator osobnih podataka<\/strong><\/p><p>Obrada va\u0161ih osobnih podataka proizlazi iz legitimnog interesa istrage ili obrane od bilo kakvih zahtjeva vezanih uz ugovor (nalog) sklopljen s vama (\u010dlanak 6. stavak 1. to\u010dka f) GDPR-a).<\/p>\t\t\t\t\t\t<\/div>\n\t\t\t\t<\/div>\n\t\t\t\t<div class=\"elementor-element elementor-element-bf42522 elementor-widget elementor-widget-text-editor\" data-id=\"bf42522\" data-element_type=\"widget\" data-widget_type=\"text-editor.default\">\n\t\t\t\t<div class=\"elementor-widget-container\">\n\t\t\t\t\t\t\t<p><strong>5. Podaci o primateljima osobnih podataka ili kategorijama primatelja, ako ih ima<\/strong><\/p><p>Pristup va\u0161im osobnim podacima bit \u0107e dostupan subjektima kojima predajemo aktivnosti koje zahtijevaju obradu podataka: vanjski ra\u010dunovodstveni ured, odvjetni\u010dko dru\u0161tvo, logistika, kurirske i po\u0161tanske tvrtke, operateri IT sustava, subjekti ovla\u0161teni prema va\u017ee\u0107em zakonu (sudovi i dr\u017eavna tijela), kao i uredi za ekonomske informacije, dru\u0161tva za osiguranje i naplatu dugova.<\/p>\t\t\t\t\t\t<\/div>\n\t\t\t\t<\/div>\n\t\t\t\t<div class=\"elementor-element elementor-element-37ff798 elementor-widget elementor-widget-text-editor\" data-id=\"37ff798\" data-element_type=\"widget\" data-widget_type=\"text-editor.default\">\n\t\t\t\t<div class=\"elementor-widget-container\">\n\t\t\t\t\t\t\t<p><strong>6. Prijenos osobnih podataka u tre\u0107u zemlju<\/strong><\/p><p>Va\u0161i se podaci ne prenose u tre\u0107e zemlje, tj. izvan Europskog gospodarskog prostora.<\/p>\t\t\t\t\t\t<\/div>\n\t\t\t\t<\/div>\n\t\t\t\t<div class=\"elementor-element elementor-element-0060a2d elementor-widget elementor-widget-text-editor\" data-id=\"0060a2d\" data-element_type=\"widget\" data-widget_type=\"text-editor.default\">\n\t\t\t\t<div class=\"elementor-widget-container\">\n\t\t\t\t\t\t\t<p><strong>7. Razdoblje u kojem \u0107e se osobni podaci pohranjivati<\/strong><\/p><p>Osobni podaci pohranjuju se za vrijeme: izvr\u0161enja ugovora (izvr\u0161enje naloga za kupnju i prodaju), a nakon njegovog raskida 6 godina; Va\u0161i osobni podaci obra\u0111ivati \u0107e se tijekom razdoblja potrebnog za postizanje ciljeva iz to\u010dke 3., a nakon tog razdoblja do zastare potra\u017eivanja ili do isteka obveza pohrane podataka koje proizlaze iz zakonskih odredbi.<\/p>\t\t\t\t\t\t<\/div>\n\t\t\t\t<\/div>\n\t\t\t\t<div class=\"elementor-element elementor-element-3f06eb4 elementor-widget elementor-widget-text-editor\" data-id=\"3f06eb4\" data-element_type=\"widget\" data-widget_type=\"text-editor.default\">\n\t\t\t\t<div class=\"elementor-widget-container\">\n\t\t\t\t\t\t\t<p><strong>8. Informacija o pravu na zahtjev administratora za pristup osobnim podacima<\/strong><\/p><p>Imate pravo pristupa svojim podacima i pravo ispravljanja, brisanja, ograni\u010davanja obrade, zahtjeva za kopiju podataka za obradu, prijenosa podataka i prigovora. Administrator je du\u017ean ukloniti podatke ili ograni\u010diti njihovu obradu samo kada nastupe odre\u0111ene okolnosti opisane u odredbama o za\u0161titi osobnih podataka. Uzimanje u obzir prigovora na obradu podataka, \u010dije je davanje bilo dobrovoljno, mo\u017ee sprije\u010diti izvr\u0161enje ugovora.<\/p>\t\t\t\t\t\t<\/div>\n\t\t\t\t<\/div>\n\t\t\t\t<div class=\"elementor-element elementor-element-d793826 elementor-widget elementor-widget-text-editor\" data-id=\"d793826\" data-element_type=\"widget\" data-widget_type=\"text-editor.default\">\n\t\t\t\t<div class=\"elementor-widget-container\">\n\t\t\t\t\t\t\t<p><strong>9. Informacije o pravu na povla\u010denje privole u bilo kojem trenutku<\/strong><\/p><p>Imate pravo povu\u0107i svoju privolu u bilo kojem trenutku bez utjecaja na zakonitost obrade koja je provedena na temelju privole prije njenog povla\u010denja.<\/p>\t\t\t\t\t\t<\/div>\n\t\t\t\t<\/div>\n\t\t\t\t<div class=\"elementor-element elementor-element-a066906 elementor-widget elementor-widget-text-editor\" data-id=\"a066906\" data-element_type=\"widget\" data-widget_type=\"text-editor.default\">\n\t\t\t\t<div class=\"elementor-widget-container\">\n\t\t\t\t\t\t\t<p><strong>10. Podaci o pravu na prigovor nadzornom tijelu<\/strong><\/p><p>Imate pravo ulo\u017eiti pritu\u017ebu protiv nas nadzornom tijelu ako smatrate da obrada va\u0161ih podataka kr\u0161i GDPR.<\/p>\t\t\t\t\t\t<\/div>\n\t\t\t\t<\/div>\n\t\t\t\t<div class=\"elementor-element elementor-element-bc8f1e1 elementor-widget elementor-widget-text-editor\" data-id=\"bc8f1e1\" data-element_type=\"widget\" data-widget_type=\"text-editor.default\">\n\t\t\t\t<div class=\"elementor-widget-container\">\n\t\t\t\t\t\t\t<p><strong>11. Informacije je li pru\u017eanje osobnih podataka zakonski ili ugovorni uvjet ili uvjet za sklapanje ugovora<\/strong><\/p><p>Davanje osobnih podataka je dobrovoljno, ali potrebno za sklapanje ugovora, ispunjenje kupoprodajnog naloga.<\/p>\t\t\t\t\t\t<\/div>\n\t\t\t\t<\/div>\n\t\t\t\t<div class=\"elementor-element elementor-element-c056064 elementor-widget elementor-widget-text-editor\" data-id=\"c056064\" data-element_type=\"widget\" data-widget_type=\"text-editor.default\">\n\t\t\t\t<div class=\"elementor-widget-container\">\n\t\t\t\t\t\t\t<p><strong>12. Informacije o automatiziranom dono\u0161enju odluka, uklju\u010duju\u0107i profiliranje iz \u010dl. 22 sek. 1. i 4. te &#8211; barem u tim slu\u010dajevima &#8211; relevantne informacije o pravilima za njihovo poduzimanje, kao i zna\u010daj i predvi\u0111ene posljedice takve obrade za ispitanika<\/strong><\/p><p>Va\u0161i osobni podaci ne\u0107e se automatski obra\u0111ivati bez zasebnog pristanka, uklju\u010duju\u0107i i na temelju profiliranja.<\/p>\t\t\t\t\t\t<\/div>\n\t\t\t\t<\/div>\n\t\t\t\t\t<\/div>\n\t\t<\/div>\n\t\t\t\t\t<\/div>\n\t\t<\/section>\n\t\t\t\t<\/div>\n\t\t","protected":false},"excerpt":{"rendered":"<p>INFORMACIJSKA KLUZULA GDPR Od 25. svibnja 2018. godine primjenjuje se Uredba (EU) 2016\/679 Europskog parlamenta i Vije\u0107a od 27. travnja 2016. o za\u0161titi osobnih podataka fizi\u010dkih osoba, poznatoj kao GDPR (\u010dlanak 13. GDPR-a) Ovaj dokument sadr\u017ei informacije o na\u010delima obrade va\u0161ih podataka u Proventuss Polska Sp. z o. o 1. Administrator osobnih podataka Administrator va\u0161ih [&hellip;]<\/p>\n","protected":false},"author":1,"featured_media":0,"parent":0,"menu_order":0,"comment_status":"closed","ping_status":"closed","template":"elementor_header_footer","meta":{"_acf_changed":false,"footnotes":""},"acf":[],"yoast_head":"<!-- This site is optimized with the Yoast SEO plugin v22.9 - https:\/\/yoast.com\/wordpress\/plugins\/seo\/ -->\n<title>politika privatnosti - Proventuss<\/title>\n<meta name=\"robots\" content=\"index, follow, max-snippet:-1, max-image-preview:large, max-video-preview:-1\" \/>\n<link rel=\"canonical\" href=\"https:\/\/proventuss.eu\/hr\/politika-privatnosti\/\" \/>\n<meta property=\"og:locale\" content=\"hr_HR\" \/>\n<meta property=\"og:type\" content=\"article\" \/>\n<meta property=\"og:title\" content=\"politika privatnosti - Proventuss\" \/>\n<meta property=\"og:description\" content=\"INFORMACIJSKA KLUZULA GDPR Od 25. svibnja 2018. godine primjenjuje se Uredba (EU) 2016\/679 Europskog parlamenta i Vije\u0107a od 27. travnja 2016. o za\u0161titi osobnih podataka fizi\u010dkih osoba, poznatoj kao GDPR (\u010dlanak 13. GDPR-a) Ovaj dokument sadr\u017ei informacije o na\u010delima obrade va\u0161ih podataka u Proventuss Polska Sp. z o. o 1. Administrator osobnih podataka Administrator va\u0161ih [&hellip;]\" \/>\n<meta property=\"og:url\" content=\"https:\/\/proventuss.eu\/hr\/politika-privatnosti\/\" \/>\n<meta property=\"og:site_name\" content=\"Proventuss\" \/>\n<meta property=\"article:modified_time\" content=\"2022-06-20T10:51:58+00:00\" \/>\n<meta name=\"twitter:card\" content=\"summary_large_image\" \/>\n<meta name=\"twitter:label1\" content=\"Procijenjeno vrijeme \u010ditanja\" \/>\n\t<meta name=\"twitter:data1\" content=\"3 minute\" \/>\n<script type=\"application\/ld+json\" class=\"yoast-schema-graph\">{\"@context\":\"https:\/\/schema.org\",\"@graph\":[{\"@type\":\"WebPage\",\"@id\":\"https:\/\/proventuss.eu\/hr\/politika-privatnosti\/\",\"url\":\"https:\/\/proventuss.eu\/hr\/politika-privatnosti\/\",\"name\":\"politika privatnosti - Proventuss\",\"isPartOf\":{\"@id\":\"https:\/\/proventuss.eu\/#website\"},\"datePublished\":\"2022-05-24T08:56:52+00:00\",\"dateModified\":\"2022-06-20T10:51:58+00:00\",\"breadcrumb\":{\"@id\":\"https:\/\/proventuss.eu\/hr\/politika-privatnosti\/#breadcrumb\"},\"inLanguage\":\"hr\",\"potentialAction\":[{\"@type\":\"ReadAction\",\"target\":[\"https:\/\/proventuss.eu\/hr\/politika-privatnosti\/\"]}]},{\"@type\":\"BreadcrumbList\",\"@id\":\"https:\/\/proventuss.eu\/hr\/politika-privatnosti\/#breadcrumb\",\"itemListElement\":[{\"@type\":\"ListItem\",\"position\":1,\"name\":\"Home\",\"item\":\"https:\/\/proventuss.eu\/\"},{\"@type\":\"ListItem\",\"position\":2,\"name\":\"politika privatnosti\"}]},{\"@type\":\"WebSite\",\"@id\":\"https:\/\/proventuss.eu\/#website\",\"url\":\"https:\/\/proventuss.eu\/\",\"name\":\"Proventuss\",\"description\":\"\",\"potentialAction\":[{\"@type\":\"SearchAction\",\"target\":{\"@type\":\"EntryPoint\",\"urlTemplate\":\"https:\/\/proventuss.eu\/?s={search_term_string}\"},\"query-input\":\"required name=search_term_string\"}],\"inLanguage\":\"hr\"}]}<\/script>\n<!-- \/ Yoast SEO plugin. -->","yoast_head_json":{"title":"politika privatnosti - Proventuss","robots":{"index":"index","follow":"follow","max-snippet":"max-snippet:-1","max-image-preview":"max-image-preview:large","max-video-preview":"max-video-preview:-1"},"canonical":"https:\/\/proventuss.eu\/hr\/politika-privatnosti\/","og_locale":"hr_HR","og_type":"article","og_title":"politika privatnosti - Proventuss","og_description":"INFORMACIJSKA KLUZULA GDPR Od 25. svibnja 2018. godine primjenjuje se Uredba (EU) 2016\/679 Europskog parlamenta i Vije\u0107a od 27. travnja 2016. o za\u0161titi osobnih podataka fizi\u010dkih osoba, poznatoj kao GDPR (\u010dlanak 13. GDPR-a) Ovaj dokument sadr\u017ei informacije o na\u010delima obrade va\u0161ih podataka u Proventuss Polska Sp. z o. o 1. Administrator osobnih podataka Administrator va\u0161ih [&hellip;]","og_url":"https:\/\/proventuss.eu\/hr\/politika-privatnosti\/","og_site_name":"Proventuss","article_modified_time":"2022-06-20T10:51:58+00:00","twitter_card":"summary_large_image","twitter_misc":{"Procijenjeno vrijeme \u010ditanja":"3 minute"},"schema":{"@context":"https:\/\/schema.org","@graph":[{"@type":"WebPage","@id":"https:\/\/proventuss.eu\/hr\/politika-privatnosti\/","url":"https:\/\/proventuss.eu\/hr\/politika-privatnosti\/","name":"politika privatnosti - Proventuss","isPartOf":{"@id":"https:\/\/proventuss.eu\/#website"},"datePublished":"2022-05-24T08:56:52+00:00","dateModified":"2022-06-20T10:51:58+00:00","breadcrumb":{"@id":"https:\/\/proventuss.eu\/hr\/politika-privatnosti\/#breadcrumb"},"inLanguage":"hr","potentialAction":[{"@type":"ReadAction","target":["https:\/\/proventuss.eu\/hr\/politika-privatnosti\/"]}]},{"@type":"BreadcrumbList","@id":"https:\/\/proventuss.eu\/hr\/politika-privatnosti\/#breadcrumb","itemListElement":[{"@type":"ListItem","position":1,"name":"Home","item":"https:\/\/proventuss.eu\/"},{"@type":"ListItem","position":2,"name":"politika privatnosti"}]},{"@type":"WebSite","@id":"https:\/\/proventuss.eu\/#website","url":"https:\/\/proventuss.eu\/","name":"Proventuss","description":"","potentialAction":[{"@type":"SearchAction","target":{"@type":"EntryPoint","urlTemplate":"https:\/\/proventuss.eu\/?s={search_term_string}"},"query-input":"required name=search_term_string"}],"inLanguage":"hr"}]}},"_links":{"self":[{"href":"https:\/\/proventuss.eu\/hr\/wp-json\/wp\/v2\/pages\/2842"}],"collection":[{"href":"https:\/\/proventuss.eu\/hr\/wp-json\/wp\/v2\/pages"}],"about":[{"href":"https:\/\/proventuss.eu\/hr\/wp-json\/wp\/v2\/types\/page"}],"author":[{"embeddable":true,"href":"https:\/\/proventuss.eu\/hr\/wp-json\/wp\/v2\/users\/1"}],"replies":[{"embeddable":true,"href":"https:\/\/proventuss.eu\/hr\/wp-json\/wp\/v2\/comments?post=2842"}],"version-history":[{"count":1,"href":"https:\/\/proventuss.eu\/hr\/wp-json\/wp\/v2\/pages\/2842\/revisions"}],"predecessor-version":[{"id":2848,"href":"https:\/\/proventuss.eu\/hr\/wp-json\/wp\/v2\/pages\/2842\/revisions\/2848"}],"wp:attachment":[{"href":"https:\/\/proventuss.eu\/hr\/wp-json\/wp\/v2\/media?parent=2842"}],"curies":[{"name":"wp","href":"https:\/\/api.w.org\/{rel}","templated":true}]}}