{"id":2820,"date":"2022-05-18T07:50:39","date_gmt":"2022-05-18T07:50:39","guid":{"rendered":"https:\/\/proventuss.eu\/kalkulator-tablice-potrosnje-materijala\/kalkulator-potrosnje\/"},"modified":"2022-07-05T09:35:57","modified_gmt":"2022-07-05T09:35:57","slug":"kalkulator-potrosnje","status":"publish","type":"page","link":"https:\/\/proventuss.eu\/hr\/kalkulator-tablice-potrosnje-materijala\/kalkulator-potrosnje\/","title":{"rendered":"Kalkulator potro\u0161nje"},"content":{"rendered":"\t\t<div data-elementor-type=\"wp-page\" data-elementor-id=\"2820\" class=\"elementor elementor-2820 elementor-1313\" data-elementor-post-type=\"page\">\n\t\t\t\t\t\t<section class=\"elementor-section elementor-top-section elementor-element elementor-element-16f0fd5 elementor-section-height-min-height elementor-section-boxed elementor-section-height-default elementor-section-items-middle\" data-id=\"16f0fd5\" data-element_type=\"section\" data-settings=\"{&quot;background_background&quot;:&quot;classic&quot;}\">\n\t\t\t\t\t\t\t<div class=\"elementor-background-overlay\"><\/div>\n\t\t\t\t\t\t\t<div class=\"elementor-container elementor-column-gap-default\">\n\t\t\t\t\t<div class=\"elementor-column elementor-col-50 elementor-top-column elementor-element elementor-element-fcc2505\" data-id=\"fcc2505\" data-element_type=\"column\">\n\t\t\t<div class=\"elementor-widget-wrap elementor-element-populated\">\n\t\t\t\t\t\t\t<\/div>\n\t\t<\/div>\n\t\t\t\t<div class=\"elementor-column elementor-col-50 elementor-top-column elementor-element elementor-element-24e50ee\" data-id=\"24e50ee\" data-element_type=\"column\">\n\t\t\t<div class=\"elementor-widget-wrap\">\n\t\t\t\t\t\t\t<\/div>\n\t\t<\/div>\n\t\t\t\t\t<\/div>\n\t\t<\/section>\n\t\t\t\t<section class=\"elementor-section elementor-top-section elementor-element elementor-element-0c0b20f elementor-section-boxed elementor-section-height-default elementor-section-height-default\" data-id=\"0c0b20f\" data-element_type=\"section\">\n\t\t\t\t\t\t<div class=\"elementor-container elementor-column-gap-default\">\n\t\t\t\t\t<div class=\"elementor-column elementor-col-100 elementor-top-column elementor-element elementor-element-3ba744c\" data-id=\"3ba744c\" data-element_type=\"column\">\n\t\t\t<div class=\"elementor-widget-wrap elementor-element-populated\">\n\t\t\t\t\t\t<div class=\"elementor-element elementor-element-dcfecc9 elementor-widget elementor-widget-text-editor\" data-id=\"dcfecc9\" data-element_type=\"widget\" data-widget_type=\"text-editor.default\">\n\t\t\t\t<div class=\"elementor-widget-container\">\n\t\t\t<style>\/*! elementor - v3.22.0 - 26-06-2024 *\/\n.elementor-widget-text-editor.elementor-drop-cap-view-stacked .elementor-drop-cap{background-color:#69727d;color:#fff}.elementor-widget-text-editor.elementor-drop-cap-view-framed .elementor-drop-cap{color:#69727d;border:3px solid;background-color:transparent}.elementor-widget-text-editor:not(.elementor-drop-cap-view-default) .elementor-drop-cap{margin-top:8px}.elementor-widget-text-editor:not(.elementor-drop-cap-view-default) .elementor-drop-cap-letter{width:1em;height:1em}.elementor-widget-text-editor .elementor-drop-cap{float:left;text-align:center;line-height:1;font-size:50px}.elementor-widget-text-editor .elementor-drop-cap-letter{display:inline-block}<\/style>\t\t\t\t<p><script src=\"https:\/\/proventuss.eu\/calc\/kalkulator.js\" type=\"text\/javascript\"><\/script><script type=\"text\/javascript\">\/\/ <![CDATA[ readyCalc(); \/\/ ]]><\/script><\/p><table id=\"kalkulator\" style=\"background-color: #ffffff; width: 100%; height: 240px;\"><tbody><tr style=\"height: 24px;\"><td style=\"width: 50%; height: 24px;\">Dubina spoja (mm)<\/td><td style=\"width: 50%; height: 24px;\"><input name=\"gleb_do_sred_prost\" type=\"number\" value=\"10\" \/><\/td><\/tr><tr style=\"height: 24px;\"><td style=\"width: 33.2226%; height: 24px;\">\u0160irina spojnice (mm)<\/td><td style=\"width: 60.4651%; height: 24px;\"><input name=\"szer_zlacza\" type=\"number\" value=\"20\" \/><\/td><\/tr><tr style=\"height: 48px;\"><td style=\"width: 33.2226%; height: 48px;\">Duljina spojnice &#8211; radni metri (m)<\/td><td style=\"width: 60.4651%; height: 48px;\"><input name=\"dl_zlacza_prost\" type=\"number\" value=\"100\" \/><\/td><\/tr><tr style=\"height: 24px;\"><td style=\"width: 33.2226%; height: 24px;\">otpad -%<\/td><td style=\"width: 60.4651%; height: 24px;\"><input name=\"odpad_prost\" type=\"number\" value=\"10\" \/><\/td><\/tr><tr style=\"height: 48px;\"><td style=\"width: 33.2226%; height: 48px;\">Potro\u0161nja brtvila (litre) [dm3]<\/td><td style=\"width: 60.4651%; height: 48px;\"><input style=\"font-weight: bold;\" name=\"kons_prost\" type=\"readonly\" \/><\/td><\/tr><tr style=\"height: 24px;\"><td style=\"width: 33.2226%; height: 24px;\">Kartu\u0161a (310 ml)<\/td><td style=\"width: 60.4651%; height: 24px;\"><input style=\"font-weight: bold;\" name=\"kart310_prost\" type=\"readonly\" \/><\/td><\/tr><tr style=\"height: 24px;\"><td style=\"width: 33.2226%; height: 24px;\">Kartu\u0161a (280 ml)<\/td><td style=\"width: 60.4651%; height: 24px;\"><input style=\"font-weight: bold;\" name=\"kart280_prost\" type=\"readonly\" \/><\/td><\/tr><tr style=\"height: 24px;\"><td style=\"width: 33.2226%; height: 24px;\">Kartu\u0161a (280 ml)<\/td><td style=\"width: 60.4651%; height: 24px;\"><input style=\"font-weight: bold;\" name=\"kart600_prost\" type=\"readonly\" \/><\/td><\/tr><\/tbody><\/table>\t\t\t\t\t\t<\/div>\n\t\t\t\t<\/div>\n\t\t\t\t<div class=\"elementor-element elementor-element-9d5cfd5 elementor-widget elementor-widget-text-editor\" data-id=\"9d5cfd5\" data-element_type=\"widget\" data-widget_type=\"text-editor.default\">\n\t\t\t\t<div class=\"elementor-widget-container\">\n\t\t\t\t\t\t\t<p><strong>Savjet:<\/strong><\/p><p>Navedene vrijednosti su pribli\u017ene i samo su indikativne. Vrijednosti se mogu mijenjati ovisno o vrsti materijala, uvjetima na gradili\u0161tu ili individualnim preferencijama ili preporukama. Ovisno o tehnici obrade, na\u010dinu primjene i uvjetima, potrebno je uzeti u obzir 10 do 30% ve\u0107u potra\u017enju.<\/p>\t\t\t\t\t\t<\/div>\n\t\t\t\t<\/div>\n\t\t\t\t<div class=\"elementor-element elementor-element-63fa3cb elementor-widget elementor-widget-heading\" data-id=\"63fa3cb\" data-element_type=\"widget\" data-widget_type=\"heading.default\">\n\t\t\t\t<div class=\"elementor-widget-container\">\n\t\t\t<style>\/*! elementor - v3.22.0 - 26-06-2024 *\/\n.elementor-heading-title{padding:0;margin:0;line-height:1}.elementor-widget-heading .elementor-heading-title[class*=elementor-size-]>a{color:inherit;font-size:inherit;line-height:inherit}.elementor-widget-heading .elementor-heading-title.elementor-size-small{font-size:15px}.elementor-widget-heading .elementor-heading-title.elementor-size-medium{font-size:19px}.elementor-widget-heading .elementor-heading-title.elementor-size-large{font-size:29px}.elementor-widget-heading .elementor-heading-title.elementor-size-xl{font-size:39px}.elementor-widget-heading .elementor-heading-title.elementor-size-xxl{font-size:59px}<\/style><p class=\"elementor-heading-title elementor-size-default\">Procijenjena potro\u0161nja za poroznu povr\u0161inu <\/p>\t\t<\/div>\n\t\t\t\t<\/div>\n\t\t\t\t<div class=\"elementor-element elementor-element-708a265 elementor-widget elementor-widget-text-editor\" data-id=\"708a265\" data-element_type=\"widget\" data-widget_type=\"text-editor.default\">\n\t\t\t\t<div class=\"elementor-widget-container\">\n\t\t\t\t\t\t\t<table id=\"kalkulator\" style=\"background-color: #ffffff;\"><tbody><tr><td style=\"width: 50%;\">Primer 1200 OS &#8211; pakiranje 500 ml<\/td><td style=\"width: 50%;\"><strong>~ 400 mb \/ l<\/strong><\/td><\/tr><tr><td style=\"width: 33.2226%;\">Primer C &#8211; 384 g pak<\/td><td style=\"width: 60.4651%;\"><strong>~ 400 mb \/ l<\/strong><\/td><\/tr><tr><td style=\"width: 33.2226%;\">Primer P &#8211; pakiranje od 500 ml<\/td><td style=\"width: 60.4651%;\"><strong>~ 450 mb \/ l<\/strong><\/td><\/tr><tr><td style=\"width: 48.285%; text-align: center; background: #00B2AA; color: #ffffff; text-transform: uppercase;\" colspan=\"2\"><b>Sredstva za \u010di\u0161\u0107enje i zagla\u0111ivanje<\/b><\/td><\/tr><tr><td style=\"width: 33.2226%;\">Vi-Pro\u00ae Easy To Tool &#8211; sredstvo za zagla\u0111ivanje 1 L (koncentrat)<\/td><td style=\"width: 60.4651%;\"><strong>koncentracija 5 &#8211; 10%<\/strong><\/td><\/tr><\/tbody><\/table>\t\t\t\t\t\t<\/div>\n\t\t\t\t<\/div>\n\t\t\t\t<div class=\"elementor-element elementor-element-78743df elementor-widget elementor-widget-heading\" data-id=\"78743df\" data-element_type=\"widget\" data-widget_type=\"heading.default\">\n\t\t\t\t<div class=\"elementor-widget-container\">\n\t\t\t<p class=\"elementor-heading-title elementor-size-default\">Procijenjena potro\u0161nja za neporoznu povr\u0161inu<\/p>\t\t<\/div>\n\t\t\t\t<\/div>\n\t\t\t\t<div class=\"elementor-element elementor-element-3b27f5c elementor-widget elementor-widget-text-editor\" data-id=\"3b27f5c\" data-element_type=\"widget\" data-widget_type=\"text-editor.default\">\n\t\t\t\t<div class=\"elementor-widget-container\">\n\t\t\t\t\t\t\t<p>pakiranjepakiranje\u010dista\u010d<\/p><table id=\"kalkulator\" style=\"width: 100%;\"><tbody><tr><td style=\"width: 50%;\">R40 \/ 41 \u010dista\u010d &#8211; 1l<\/td><td style=\"width: 50%;\"><b>~ 1000 mb \/ l<\/b><\/td><\/tr><tr><td style=\"width: 48.285%;\">Primer 1200 OS \/ 1203 &#8211; 500 ml<\/td><td style=\"width: 49.6042%;\"><b>~ 800 mb \/ l<\/b><\/td><\/tr><tr><td style=\"width: 48.285%;\">Primer C &#8211; pakiranje 384 g<\/td><td style=\"width: 49.6042%;\"><b>~ 800 mb \/ l<\/b><\/td><\/tr><tr><td style=\"width: 97.8892%; text-align: center; background: #00b2aa; color: #ffffff; text-transform: uppercase;\" colspan=\"2\"><b>Sredstva za \u010di\u0161\u0107enje i zagla\u0111ivanje<\/b><\/td><\/tr><tr><td style=\"width: 48.285%;\">Vi-Pro\u00ae Easy To Clean &#8211; 1 L<\/td><td style=\"width: 49.6042%;\"><b>~ 1000 mb \/ l<\/b><\/td><\/tr><tr><td style=\"width: 48.285%;\">Vi-Pro\u00ae Easy To Tool &#8211; sredstvo za zagla\u0111ivanje 1 L (koncentrat)<\/td><td style=\"width: 49.6042%;\"><b>od 10 do 20 L<\/b><\/td><\/tr><tr><td style=\"width: 48.285%;\">Vi-Pro\u00ae Universal Wipes &#8211; maramice za \u010di\u0161\u0107enje<\/td><td style=\"width: 49.6042%;\"><b>150 kom\/pak.<\/b><\/td><\/tr><\/tbody><\/table>\t\t\t\t\t\t<\/div>\n\t\t\t\t<\/div>\n\t\t\t\t\t<\/div>\n\t\t<\/div>\n\t\t\t\t\t<\/div>\n\t\t<\/section>\n\t\t\t\t<\/div>\n\t\t","protected":false},"excerpt":{"rendered":"<p>Dubina spoja (mm) \u0160irina spojnice (mm) Duljina spojnice &#8211; radni metri (m) otpad -% Potro\u0161nja brtvila (litre) [dm3] Kartu\u0161a (310 ml) Kartu\u0161a (280 ml) Kartu\u0161a (280 ml) Savjet: Navedene vrijednosti su pribli\u017ene i samo su indikativne. Vrijednosti se mogu mijenjati ovisno o vrsti materijala, uvjetima na gradili\u0161tu ili individualnim preferencijama ili preporukama. Ovisno o tehnici [&hellip;]<\/p>\n","protected":false},"author":1,"featured_media":0,"parent":2805,"menu_order":0,"comment_status":"closed","ping_status":"closed","template":"elementor_header_footer","meta":{"_acf_changed":false,"footnotes":""},"acf":[],"yoast_head":"<!-- This site is optimized with the Yoast SEO plugin v22.9 - https:\/\/yoast.com\/wordpress\/plugins\/seo\/ -->\n<title>Kalkulator potro\u0161nje - Proventuss<\/title>\n<meta name=\"robots\" content=\"index, follow, max-snippet:-1, max-image-preview:large, max-video-preview:-1\" \/>\n<link rel=\"canonical\" href=\"https:\/\/proventuss.eu\/hr\/kalkulator-tablice-potrosnje-materijala\/kalkulator-potrosnje\/\" \/>\n<meta property=\"og:locale\" content=\"hr_HR\" \/>\n<meta property=\"og:type\" content=\"article\" \/>\n<meta property=\"og:title\" content=\"Kalkulator potro\u0161nje - Proventuss\" \/>\n<meta property=\"og:description\" content=\"Dubina spoja (mm) \u0160irina spojnice (mm) Duljina spojnice &#8211; radni metri (m) otpad -% Potro\u0161nja brtvila (litre) [dm3] Kartu\u0161a (310 ml) Kartu\u0161a (280 ml) Kartu\u0161a (280 ml) Savjet: Navedene vrijednosti su pribli\u017ene i samo su indikativne. Vrijednosti se mogu mijenjati ovisno o vrsti materijala, uvjetima na gradili\u0161tu ili individualnim preferencijama ili preporukama. Ovisno o tehnici [&hellip;]\" \/>\n<meta property=\"og:url\" content=\"https:\/\/proventuss.eu\/hr\/kalkulator-tablice-potrosnje-materijala\/kalkulator-potrosnje\/\" \/>\n<meta property=\"og:site_name\" content=\"Proventuss\" \/>\n<meta property=\"article:modified_time\" content=\"2022-07-05T09:35:57+00:00\" \/>\n<meta name=\"twitter:card\" content=\"summary_large_image\" \/>\n<meta name=\"twitter:label1\" content=\"Procijenjeno vrijeme \u010ditanja\" \/>\n\t<meta name=\"twitter:data1\" content=\"1 minuta\" \/>\n<script type=\"application\/ld+json\" class=\"yoast-schema-graph\">{\"@context\":\"https:\/\/schema.org\",\"@graph\":[{\"@type\":\"WebPage\",\"@id\":\"https:\/\/proventuss.eu\/hr\/kalkulator-tablice-potrosnje-materijala\/kalkulator-potrosnje\/\",\"url\":\"https:\/\/proventuss.eu\/hr\/kalkulator-tablice-potrosnje-materijala\/kalkulator-potrosnje\/\",\"name\":\"Kalkulator potro\u0161nje - Proventuss\",\"isPartOf\":{\"@id\":\"https:\/\/proventuss.eu\/#website\"},\"datePublished\":\"2022-05-18T07:50:39+00:00\",\"dateModified\":\"2022-07-05T09:35:57+00:00\",\"breadcrumb\":{\"@id\":\"https:\/\/proventuss.eu\/hr\/kalkulator-tablice-potrosnje-materijala\/kalkulator-potrosnje\/#breadcrumb\"},\"inLanguage\":\"hr\",\"potentialAction\":[{\"@type\":\"ReadAction\",\"target\":[\"https:\/\/proventuss.eu\/hr\/kalkulator-tablice-potrosnje-materijala\/kalkulator-potrosnje\/\"]}]},{\"@type\":\"BreadcrumbList\",\"@id\":\"https:\/\/proventuss.eu\/hr\/kalkulator-tablice-potrosnje-materijala\/kalkulator-potrosnje\/#breadcrumb\",\"itemListElement\":[{\"@type\":\"ListItem\",\"position\":1,\"name\":\"Home\",\"item\":\"https:\/\/proventuss.eu\/\"},{\"@type\":\"ListItem\",\"position\":2,\"name\":\"Kalkulator \/ tablice potro\u0161nje materijala\",\"item\":\"https:\/\/proventuss.eu\/hr\/kalkulator-tablice-potrosnje-materijala\/\"},{\"@type\":\"ListItem\",\"position\":3,\"name\":\"Kalkulator potro\u0161nje\"}]},{\"@type\":\"WebSite\",\"@id\":\"https:\/\/proventuss.eu\/#website\",\"url\":\"https:\/\/proventuss.eu\/\",\"name\":\"Proventuss\",\"description\":\"\",\"potentialAction\":[{\"@type\":\"SearchAction\",\"target\":{\"@type\":\"EntryPoint\",\"urlTemplate\":\"https:\/\/proventuss.eu\/?s={search_term_string}\"},\"query-input\":\"required name=search_term_string\"}],\"inLanguage\":\"hr\"}]}<\/script>\n<!-- \/ Yoast SEO plugin. -->","yoast_head_json":{"title":"Kalkulator potro\u0161nje - Proventuss","robots":{"index":"index","follow":"follow","max-snippet":"max-snippet:-1","max-image-preview":"max-image-preview:large","max-video-preview":"max-video-preview:-1"},"canonical":"https:\/\/proventuss.eu\/hr\/kalkulator-tablice-potrosnje-materijala\/kalkulator-potrosnje\/","og_locale":"hr_HR","og_type":"article","og_title":"Kalkulator potro\u0161nje - Proventuss","og_description":"Dubina spoja (mm) \u0160irina spojnice (mm) Duljina spojnice &#8211; radni metri (m) otpad -% Potro\u0161nja brtvila (litre) [dm3] Kartu\u0161a (310 ml) Kartu\u0161a (280 ml) Kartu\u0161a (280 ml) Savjet: Navedene vrijednosti su pribli\u017ene i samo su indikativne. Vrijednosti se mogu mijenjati ovisno o vrsti materijala, uvjetima na gradili\u0161tu ili individualnim preferencijama ili preporukama. Ovisno o tehnici [&hellip;]","og_url":"https:\/\/proventuss.eu\/hr\/kalkulator-tablice-potrosnje-materijala\/kalkulator-potrosnje\/","og_site_name":"Proventuss","article_modified_time":"2022-07-05T09:35:57+00:00","twitter_card":"summary_large_image","twitter_misc":{"Procijenjeno vrijeme \u010ditanja":"1 minuta"},"schema":{"@context":"https:\/\/schema.org","@graph":[{"@type":"WebPage","@id":"https:\/\/proventuss.eu\/hr\/kalkulator-tablice-potrosnje-materijala\/kalkulator-potrosnje\/","url":"https:\/\/proventuss.eu\/hr\/kalkulator-tablice-potrosnje-materijala\/kalkulator-potrosnje\/","name":"Kalkulator potro\u0161nje - Proventuss","isPartOf":{"@id":"https:\/\/proventuss.eu\/#website"},"datePublished":"2022-05-18T07:50:39+00:00","dateModified":"2022-07-05T09:35:57+00:00","breadcrumb":{"@id":"https:\/\/proventuss.eu\/hr\/kalkulator-tablice-potrosnje-materijala\/kalkulator-potrosnje\/#breadcrumb"},"inLanguage":"hr","potentialAction":[{"@type":"ReadAction","target":["https:\/\/proventuss.eu\/hr\/kalkulator-tablice-potrosnje-materijala\/kalkulator-potrosnje\/"]}]},{"@type":"BreadcrumbList","@id":"https:\/\/proventuss.eu\/hr\/kalkulator-tablice-potrosnje-materijala\/kalkulator-potrosnje\/#breadcrumb","itemListElement":[{"@type":"ListItem","position":1,"name":"Home","item":"https:\/\/proventuss.eu\/"},{"@type":"ListItem","position":2,"name":"Kalkulator \/ tablice potro\u0161nje materijala","item":"https:\/\/proventuss.eu\/hr\/kalkulator-tablice-potrosnje-materijala\/"},{"@type":"ListItem","position":3,"name":"Kalkulator potro\u0161nje"}]},{"@type":"WebSite","@id":"https:\/\/proventuss.eu\/#website","url":"https:\/\/proventuss.eu\/","name":"Proventuss","description":"","potentialAction":[{"@type":"SearchAction","target":{"@type":"EntryPoint","urlTemplate":"https:\/\/proventuss.eu\/?s={search_term_string}"},"query-input":"required name=search_term_string"}],"inLanguage":"hr"}]}},"_links":{"self":[{"href":"https:\/\/proventuss.eu\/hr\/wp-json\/wp\/v2\/pages\/2820"}],"collection":[{"href":"https:\/\/proventuss.eu\/hr\/wp-json\/wp\/v2\/pages"}],"about":[{"href":"https:\/\/proventuss.eu\/hr\/wp-json\/wp\/v2\/types\/page"}],"author":[{"embeddable":true,"href":"https:\/\/proventuss.eu\/hr\/wp-json\/wp\/v2\/users\/1"}],"replies":[{"embeddable":true,"href":"https:\/\/proventuss.eu\/hr\/wp-json\/wp\/v2\/comments?post=2820"}],"version-history":[{"count":7,"href":"https:\/\/proventuss.eu\/hr\/wp-json\/wp\/v2\/pages\/2820\/revisions"}],"predecessor-version":[{"id":3790,"href":"https:\/\/proventuss.eu\/hr\/wp-json\/wp\/v2\/pages\/2820\/revisions\/3790"}],"up":[{"embeddable":true,"href":"https:\/\/proventuss.eu\/hr\/wp-json\/wp\/v2\/pages\/2805"}],"wp:attachment":[{"href":"https:\/\/proventuss.eu\/hr\/wp-json\/wp\/v2\/media?parent=2820"}],"curies":[{"name":"wp","href":"https:\/\/api.w.org\/{rel}","templated":true}]}}