{"id":2797,"date":"2022-06-01T10:41:52","date_gmt":"2022-06-01T10:41:52","guid":{"rendered":"https:\/\/proventuss.eu\/voditelj-projekta\/"},"modified":"2022-07-12T10:07:42","modified_gmt":"2022-07-12T10:07:42","slug":"voditelj-projekta","status":"publish","type":"page","link":"https:\/\/proventuss.eu\/hr\/karijera\/voditelj-projekta\/","title":{"rendered":"Voditelj projekta"},"content":{"rendered":"\t\t<div data-elementor-type=\"wp-page\" data-elementor-id=\"2797\" class=\"elementor elementor-2797 elementor-1863\" data-elementor-post-type=\"page\">\n\t\t\t\t\t\t<section class=\"elementor-section elementor-top-section elementor-element elementor-element-60fc409a elementor-section-height-min-height elementor-section-boxed elementor-section-height-default elementor-section-items-middle\" data-id=\"60fc409a\" data-element_type=\"section\" data-settings=\"{&quot;background_background&quot;:&quot;classic&quot;}\">\n\t\t\t\t\t\t\t<div class=\"elementor-background-overlay\"><\/div>\n\t\t\t\t\t\t\t<div class=\"elementor-container elementor-column-gap-default\">\n\t\t\t\t\t<div class=\"elementor-column elementor-col-50 elementor-top-column elementor-element elementor-element-433247ac\" data-id=\"433247ac\" data-element_type=\"column\">\n\t\t\t<div class=\"elementor-widget-wrap elementor-element-populated\">\n\t\t\t\t\t\t\t<\/div>\n\t\t<\/div>\n\t\t\t\t<div class=\"elementor-column elementor-col-50 elementor-top-column elementor-element elementor-element-60d2a8b7\" data-id=\"60d2a8b7\" data-element_type=\"column\">\n\t\t\t<div class=\"elementor-widget-wrap\">\n\t\t\t\t\t\t\t<\/div>\n\t\t<\/div>\n\t\t\t\t\t<\/div>\n\t\t<\/section>\n\t\t\t\t<section class=\"elementor-section elementor-top-section elementor-element elementor-element-faa45c2 elementor-section-boxed elementor-section-height-default elementor-section-height-default\" data-id=\"faa45c2\" data-element_type=\"section\">\n\t\t\t\t\t\t<div class=\"elementor-container elementor-column-gap-default\">\n\t\t\t\t\t<div class=\"elementor-column elementor-col-100 elementor-top-column elementor-element elementor-element-278a36e\" data-id=\"278a36e\" data-element_type=\"column\">\n\t\t\t<div class=\"elementor-widget-wrap elementor-element-populated\">\n\t\t\t\t\t\t<div class=\"elementor-element elementor-element-596965b elementor-invisible elementor-widget elementor-widget-heading\" data-id=\"596965b\" data-element_type=\"widget\" data-settings=\"{&quot;_animation&quot;:&quot;fadeInUp&quot;,&quot;_animation_delay&quot;:1000}\" data-widget_type=\"heading.default\">\n\t\t\t\t<div class=\"elementor-widget-container\">\n\t\t\t<style>\/*! elementor - v3.22.0 - 26-06-2024 *\/\n.elementor-heading-title{padding:0;margin:0;line-height:1}.elementor-widget-heading .elementor-heading-title[class*=elementor-size-]>a{color:inherit;font-size:inherit;line-height:inherit}.elementor-widget-heading .elementor-heading-title.elementor-size-small{font-size:15px}.elementor-widget-heading .elementor-heading-title.elementor-size-medium{font-size:19px}.elementor-widget-heading .elementor-heading-title.elementor-size-large{font-size:29px}.elementor-widget-heading .elementor-heading-title.elementor-size-xl{font-size:39px}.elementor-widget-heading .elementor-heading-title.elementor-size-xxl{font-size:59px}<\/style><p class=\"elementor-heading-title elementor-size-default\">REGIJA: CIJELA POLJSKA<\/p>\t\t<\/div>\n\t\t\t\t<\/div>\n\t\t\t\t<div class=\"elementor-element elementor-element-f588e78 elementor-widget elementor-widget-image\" data-id=\"f588e78\" data-element_type=\"widget\" data-widget_type=\"image.default\">\n\t\t\t\t<div class=\"elementor-widget-container\">\n\t\t\t<style>\/*! elementor - v3.22.0 - 26-06-2024 *\/\n.elementor-widget-image{text-align:center}.elementor-widget-image a{display:inline-block}.elementor-widget-image a img[src$=\".svg\"]{width:48px}.elementor-widget-image img{vertical-align:middle;display:inline-block}<\/style>\t\t\t\t\t\t\t\t\t\t<img fetchpriority=\"high\" decoding=\"async\" width=\"690\" height=\"200\" src=\"https:\/\/proventuss.eu\/wp-content\/uploads\/2022\/06\/work.jpg\" class=\"attachment-full size-full wp-image-2635\" alt=\"\" srcset=\"https:\/\/proventuss.eu\/wp-content\/uploads\/2022\/06\/work.jpg 690w, https:\/\/proventuss.eu\/wp-content\/uploads\/2022\/06\/work-300x87.jpg 300w, https:\/\/proventuss.eu\/wp-content\/uploads\/2022\/06\/work-600x174.jpg 600w\" sizes=\"(max-width: 690px) 100vw, 690px\" \/>\t\t\t\t\t\t\t\t\t\t\t\t\t<\/div>\n\t\t\t\t<\/div>\n\t\t\t\t<div class=\"elementor-element elementor-element-983145b elementor-widget elementor-widget-text-editor\" data-id=\"983145b\" data-element_type=\"widget\" data-widget_type=\"text-editor.default\">\n\t\t\t\t<div class=\"elementor-widget-container\">\n\t\t\t<style>\/*! elementor - v3.22.0 - 26-06-2024 *\/\n.elementor-widget-text-editor.elementor-drop-cap-view-stacked .elementor-drop-cap{background-color:#69727d;color:#fff}.elementor-widget-text-editor.elementor-drop-cap-view-framed .elementor-drop-cap{color:#69727d;border:3px solid;background-color:transparent}.elementor-widget-text-editor:not(.elementor-drop-cap-view-default) .elementor-drop-cap{margin-top:8px}.elementor-widget-text-editor:not(.elementor-drop-cap-view-default) .elementor-drop-cap-letter{width:1em;height:1em}.elementor-widget-text-editor .elementor-drop-cap{float:left;text-align:center;line-height:1;font-size:50px}.elementor-widget-text-editor .elementor-drop-cap-letter{display:inline-block}<\/style>\t\t\t\t<p>Uvoznik i distributer masa za brtvljenje i hidroizolacije tra\u017ei osobu&nbsp; <span style=\"font-size: 1rem;\">za poziciju:<\/span><\/p>\t\t\t\t\t\t<\/div>\n\t\t\t\t<\/div>\n\t\t\t\t<div class=\"elementor-element elementor-element-44e7143 elementor-widget elementor-widget-heading\" data-id=\"44e7143\" data-element_type=\"widget\" data-widget_type=\"heading.default\">\n\t\t\t\t<div class=\"elementor-widget-container\">\n\t\t\t<p class=\"elementor-heading-title elementor-size-default\">Voditelj projekta<\/p>\t\t<\/div>\n\t\t\t\t<\/div>\n\t\t\t\t<div class=\"elementor-element elementor-element-ad150a9 elementor-widget elementor-widget-text-editor\" data-id=\"ad150a9\" data-element_type=\"widget\" data-widget_type=\"text-editor.default\">\n\t\t\t\t<div class=\"elementor-widget-container\">\n\t\t\t\t\t\t\t<p>Uvoznik i distributer masa za brtvljenje i hidroizolacije tra\u017ei osobu&nbsp; <span style=\"font-size: 1rem;\">za poziciju:<\/span><\/p>\t\t\t\t\t\t<\/div>\n\t\t\t\t<\/div>\n\t\t\t\t<div class=\"elementor-element elementor-element-f779df1 elementor-widget elementor-widget-text-editor\" data-id=\"f779df1\" data-element_type=\"widget\" data-widget_type=\"text-editor.default\">\n\t\t\t\t<div class=\"elementor-widget-container\">\n\t\t\t\t\t\t\t<p><strong>regija: cijela Poljska (m\/\u017e)<\/strong><\/p>\t\t\t\t\t\t<\/div>\n\t\t\t\t<\/div>\n\t\t\t\t<div class=\"elementor-element elementor-element-76e8e8f elementor-widget elementor-widget-text-editor\" data-id=\"76e8e8f\" data-element_type=\"widget\" data-widget_type=\"text-editor.default\">\n\t\t\t\t<div class=\"elementor-widget-container\">\n\t\t\t\t\t\t\t<p><strong>Du\u017enosti<\/strong><\/p><ul><li>izvo\u0111enje investicijskih projekata, prodaja proizvoda uz savjetovanje<\/li><li>stalna slu\u017eba za korisnike i uspostavljanje kontakata s novim tvrtkama<\/li><li>suradnja s klijentima &#8211; GW, investitorima, izvo\u0111a\u010dima &#8211; u podru\u010dju tehni\u010dkog savjetovanja<\/li><li>sastanci i prodaja kupcima diljem Poljske<\/li><li>priprema ponuda i vo\u0111enje B2B trgovinskih pregovora<\/li><li>provedbu prodajnog plana i postavljene poslovne ciljeve<\/li><\/ul><p><strong><br>Zahtjevi<\/strong><\/p><ul><li>vi\u0161e tehni\u010dko ili ekonomsko obrazovanje<\/li><li>\u017eivi u bilo kojoj regiji Poljske<\/li><li>terenski rad s klijentima diljem Poljske<\/li><li>spremnost za poslovna putovanja i sastanke s klijentima diljem Poilskog<\/li><li>poznavanje rada na ra\u010dunalu u Microsoft Office okru\u017eenju<\/li><li>voza\u010dka dozvola B kategorije<\/li><li>minimalno 3 godine iskustva u prodaji<\/li><li>iskustvo na sli\u010dnoj poziciji u gra\u0111evinarstvu<\/li><li>poznavanje tr\u017ei\u0161ta hidroizolacijskih materijala i kupaca u ovoj industriji<\/li><li>dostupnost, spremnost za \u010desta putovanja<\/li><li>komunikativno poznavanje engleskog jezika<\/li><\/ul><p><strong><br>nudimo<\/strong><\/p><ul><li>stabilni uvjeti zaposlenja i pla\u0107e &#8211; ugovor o radu ili B2B<\/li><li>slu\u017ebeni automobil i alat potreban za rad<\/li><li>mogu\u0107nost sudjelovanja na doma\u0107im i stranim usavr\u0161avanjima<\/li><li>rad u timu motiviranih ljudi<\/li><\/ul>\t\t\t\t\t\t<\/div>\n\t\t\t\t<\/div>\n\t\t\t\t<div class=\"elementor-element elementor-element-50516f5 elementor-widget elementor-widget-text-editor\" data-id=\"50516f5\" data-element_type=\"widget\" data-widget_type=\"text-editor.default\">\n\t\t\t\t<div class=\"elementor-widget-container\">\n\t\t\t\t\t\t\t<p>Ako ste zainteresirani, po\u0161aljite svoju prijavu klikom na gumb za prijavu.<\/p>\t\t\t\t\t\t<\/div>\n\t\t\t\t<\/div>\n\t\t\t\t<div class=\"elementor-element elementor-element-f4c39ba elementor-align-center elementor-widget elementor-widget-button\" data-id=\"f4c39ba\" data-element_type=\"widget\" data-widget_type=\"button.default\">\n\t\t\t\t<div class=\"elementor-widget-container\">\n\t\t\t\t\t<div class=\"elementor-button-wrapper\">\n\t\t\t<a class=\"elementor-button elementor-button-link elementor-size-sm elementor-animation-float\" href=\"mailto:%20rekrutacja@proventuss.eu\">\n\t\t\t\t\t\t<span class=\"elementor-button-content-wrapper\">\n\t\t\t\t\t\t<span class=\"elementor-button-icon\">\n\t\t\t\t<i aria-hidden=\"true\" class=\"icon icon-right-arrow2\"><\/i>\t\t\t<\/span>\n\t\t\t\t\t\t\t\t\t<span class=\"elementor-button-text\">Prijavite se<\/span>\n\t\t\t\t\t<\/span>\n\t\t\t\t\t<\/a>\n\t\t<\/div>\n\t\t\t\t<\/div>\n\t\t\t\t<\/div>\n\t\t\t\t\t<\/div>\n\t\t<\/div>\n\t\t\t\t\t<\/div>\n\t\t<\/section>\n\t\t\t\t<\/div>\n\t\t","protected":false},"excerpt":{"rendered":"<p>REGIJA: CIJELA POLJSKA Uvoznik i distributer masa za brtvljenje i hidroizolacije tra\u017ei osobu&nbsp; za poziciju: Voditelj projekta Uvoznik i distributer masa za brtvljenje i hidroizolacije tra\u017ei osobu&nbsp; za poziciju: regija: cijela Poljska (m\/\u017e) Du\u017enosti izvo\u0111enje investicijskih projekata, prodaja proizvoda uz savjetovanje stalna slu\u017eba za korisnike i uspostavljanje kontakata s novim tvrtkama suradnja s klijentima &#8211; [&hellip;]<\/p>\n","protected":false},"author":1,"featured_media":0,"parent":2816,"menu_order":0,"comment_status":"closed","ping_status":"closed","template":"elementor_header_footer","meta":{"_acf_changed":false,"footnotes":""},"acf":[],"yoast_head":"<!-- This site is optimized with the Yoast SEO plugin v22.9 - https:\/\/yoast.com\/wordpress\/plugins\/seo\/ -->\n<title>Voditelj projekta - Proventuss<\/title>\n<meta name=\"robots\" content=\"index, follow, max-snippet:-1, max-image-preview:large, max-video-preview:-1\" \/>\n<link rel=\"canonical\" href=\"https:\/\/proventuss.eu\/hr\/karijera\/voditelj-projekta\/\" \/>\n<meta property=\"og:locale\" content=\"hr_HR\" \/>\n<meta property=\"og:type\" content=\"article\" \/>\n<meta property=\"og:title\" content=\"Voditelj projekta - Proventuss\" \/>\n<meta property=\"og:description\" content=\"REGIJA: CIJELA POLJSKA Uvoznik i distributer masa za brtvljenje i hidroizolacije tra\u017ei osobu&nbsp; za poziciju: Voditelj projekta Uvoznik i distributer masa za brtvljenje i hidroizolacije tra\u017ei osobu&nbsp; za poziciju: regija: cijela Poljska (m\/\u017e) Du\u017enosti izvo\u0111enje investicijskih projekata, prodaja proizvoda uz savjetovanje stalna slu\u017eba za korisnike i uspostavljanje kontakata s novim tvrtkama suradnja s klijentima &#8211; [&hellip;]\" \/>\n<meta property=\"og:url\" content=\"https:\/\/proventuss.eu\/hr\/karijera\/voditelj-projekta\/\" \/>\n<meta property=\"og:site_name\" content=\"Proventuss\" \/>\n<meta property=\"article:modified_time\" content=\"2022-07-12T10:07:42+00:00\" \/>\n<meta property=\"og:image\" content=\"https:\/\/proventuss.eu\/wp-content\/uploads\/2022\/06\/work.jpg\" \/>\n<meta name=\"twitter:card\" content=\"summary_large_image\" \/>\n<meta name=\"twitter:label1\" content=\"Procijenjeno vrijeme \u010ditanja\" \/>\n\t<meta name=\"twitter:data1\" content=\"1 minuta\" \/>\n<script type=\"application\/ld+json\" class=\"yoast-schema-graph\">{\"@context\":\"https:\/\/schema.org\",\"@graph\":[{\"@type\":\"WebPage\",\"@id\":\"https:\/\/proventuss.eu\/hr\/karijera\/voditelj-projekta\/\",\"url\":\"https:\/\/proventuss.eu\/hr\/karijera\/voditelj-projekta\/\",\"name\":\"Voditelj projekta - Proventuss\",\"isPartOf\":{\"@id\":\"https:\/\/proventuss.eu\/#website\"},\"primaryImageOfPage\":{\"@id\":\"https:\/\/proventuss.eu\/hr\/karijera\/voditelj-projekta\/#primaryimage\"},\"image\":{\"@id\":\"https:\/\/proventuss.eu\/hr\/karijera\/voditelj-projekta\/#primaryimage\"},\"thumbnailUrl\":\"https:\/\/proventuss.eu\/wp-content\/uploads\/2022\/06\/work.jpg\",\"datePublished\":\"2022-06-01T10:41:52+00:00\",\"dateModified\":\"2022-07-12T10:07:42+00:00\",\"breadcrumb\":{\"@id\":\"https:\/\/proventuss.eu\/hr\/karijera\/voditelj-projekta\/#breadcrumb\"},\"inLanguage\":\"hr\",\"potentialAction\":[{\"@type\":\"ReadAction\",\"target\":[\"https:\/\/proventuss.eu\/hr\/karijera\/voditelj-projekta\/\"]}]},{\"@type\":\"ImageObject\",\"inLanguage\":\"hr\",\"@id\":\"https:\/\/proventuss.eu\/hr\/karijera\/voditelj-projekta\/#primaryimage\",\"url\":\"https:\/\/proventuss.eu\/wp-content\/uploads\/2022\/06\/work.jpg\",\"contentUrl\":\"https:\/\/proventuss.eu\/wp-content\/uploads\/2022\/06\/work.jpg\"},{\"@type\":\"BreadcrumbList\",\"@id\":\"https:\/\/proventuss.eu\/hr\/karijera\/voditelj-projekta\/#breadcrumb\",\"itemListElement\":[{\"@type\":\"ListItem\",\"position\":1,\"name\":\"Home\",\"item\":\"https:\/\/proventuss.eu\/\"},{\"@type\":\"ListItem\",\"position\":2,\"name\":\"Karijera\",\"item\":\"https:\/\/proventuss.eu\/hr\/karijera\/\"},{\"@type\":\"ListItem\",\"position\":3,\"name\":\"Voditelj projekta\"}]},{\"@type\":\"WebSite\",\"@id\":\"https:\/\/proventuss.eu\/#website\",\"url\":\"https:\/\/proventuss.eu\/\",\"name\":\"Proventuss\",\"description\":\"\",\"potentialAction\":[{\"@type\":\"SearchAction\",\"target\":{\"@type\":\"EntryPoint\",\"urlTemplate\":\"https:\/\/proventuss.eu\/?s={search_term_string}\"},\"query-input\":\"required name=search_term_string\"}],\"inLanguage\":\"hr\"}]}<\/script>\n<!-- \/ Yoast SEO plugin. -->","yoast_head_json":{"title":"Voditelj projekta - Proventuss","robots":{"index":"index","follow":"follow","max-snippet":"max-snippet:-1","max-image-preview":"max-image-preview:large","max-video-preview":"max-video-preview:-1"},"canonical":"https:\/\/proventuss.eu\/hr\/karijera\/voditelj-projekta\/","og_locale":"hr_HR","og_type":"article","og_title":"Voditelj projekta - Proventuss","og_description":"REGIJA: CIJELA POLJSKA Uvoznik i distributer masa za brtvljenje i hidroizolacije tra\u017ei osobu&nbsp; za poziciju: Voditelj projekta Uvoznik i distributer masa za brtvljenje i hidroizolacije tra\u017ei osobu&nbsp; za poziciju: regija: cijela Poljska (m\/\u017e) Du\u017enosti izvo\u0111enje investicijskih projekata, prodaja proizvoda uz savjetovanje stalna slu\u017eba za korisnike i uspostavljanje kontakata s novim tvrtkama suradnja s klijentima &#8211; [&hellip;]","og_url":"https:\/\/proventuss.eu\/hr\/karijera\/voditelj-projekta\/","og_site_name":"Proventuss","article_modified_time":"2022-07-12T10:07:42+00:00","og_image":[{"url":"https:\/\/proventuss.eu\/wp-content\/uploads\/2022\/06\/work.jpg"}],"twitter_card":"summary_large_image","twitter_misc":{"Procijenjeno vrijeme \u010ditanja":"1 minuta"},"schema":{"@context":"https:\/\/schema.org","@graph":[{"@type":"WebPage","@id":"https:\/\/proventuss.eu\/hr\/karijera\/voditelj-projekta\/","url":"https:\/\/proventuss.eu\/hr\/karijera\/voditelj-projekta\/","name":"Voditelj projekta - Proventuss","isPartOf":{"@id":"https:\/\/proventuss.eu\/#website"},"primaryImageOfPage":{"@id":"https:\/\/proventuss.eu\/hr\/karijera\/voditelj-projekta\/#primaryimage"},"image":{"@id":"https:\/\/proventuss.eu\/hr\/karijera\/voditelj-projekta\/#primaryimage"},"thumbnailUrl":"https:\/\/proventuss.eu\/wp-content\/uploads\/2022\/06\/work.jpg","datePublished":"2022-06-01T10:41:52+00:00","dateModified":"2022-07-12T10:07:42+00:00","breadcrumb":{"@id":"https:\/\/proventuss.eu\/hr\/karijera\/voditelj-projekta\/#breadcrumb"},"inLanguage":"hr","potentialAction":[{"@type":"ReadAction","target":["https:\/\/proventuss.eu\/hr\/karijera\/voditelj-projekta\/"]}]},{"@type":"ImageObject","inLanguage":"hr","@id":"https:\/\/proventuss.eu\/hr\/karijera\/voditelj-projekta\/#primaryimage","url":"https:\/\/proventuss.eu\/wp-content\/uploads\/2022\/06\/work.jpg","contentUrl":"https:\/\/proventuss.eu\/wp-content\/uploads\/2022\/06\/work.jpg"},{"@type":"BreadcrumbList","@id":"https:\/\/proventuss.eu\/hr\/karijera\/voditelj-projekta\/#breadcrumb","itemListElement":[{"@type":"ListItem","position":1,"name":"Home","item":"https:\/\/proventuss.eu\/"},{"@type":"ListItem","position":2,"name":"Karijera","item":"https:\/\/proventuss.eu\/hr\/karijera\/"},{"@type":"ListItem","position":3,"name":"Voditelj projekta"}]},{"@type":"WebSite","@id":"https:\/\/proventuss.eu\/#website","url":"https:\/\/proventuss.eu\/","name":"Proventuss","description":"","potentialAction":[{"@type":"SearchAction","target":{"@type":"EntryPoint","urlTemplate":"https:\/\/proventuss.eu\/?s={search_term_string}"},"query-input":"required name=search_term_string"}],"inLanguage":"hr"}]}},"_links":{"self":[{"href":"https:\/\/proventuss.eu\/hr\/wp-json\/wp\/v2\/pages\/2797"}],"collection":[{"href":"https:\/\/proventuss.eu\/hr\/wp-json\/wp\/v2\/pages"}],"about":[{"href":"https:\/\/proventuss.eu\/hr\/wp-json\/wp\/v2\/types\/page"}],"author":[{"embeddable":true,"href":"https:\/\/proventuss.eu\/hr\/wp-json\/wp\/v2\/users\/1"}],"replies":[{"embeddable":true,"href":"https:\/\/proventuss.eu\/hr\/wp-json\/wp\/v2\/comments?post=2797"}],"version-history":[{"count":4,"href":"https:\/\/proventuss.eu\/hr\/wp-json\/wp\/v2\/pages\/2797\/revisions"}],"predecessor-version":[{"id":3805,"href":"https:\/\/proventuss.eu\/hr\/wp-json\/wp\/v2\/pages\/2797\/revisions\/3805"}],"up":[{"embeddable":true,"href":"https:\/\/proventuss.eu\/hr\/wp-json\/wp\/v2\/pages\/2816"}],"wp:attachment":[{"href":"https:\/\/proventuss.eu\/hr\/wp-json\/wp\/v2\/media?parent=2797"}],"curies":[{"name":"wp","href":"https:\/\/api.w.org\/{rel}","templated":true}]}}