{"id":2729,"date":"2022-06-20T10:44:26","date_gmt":"2022-06-20T10:44:26","guid":{"rendered":"https:\/\/proventuss.eu\/politika-povrata\/"},"modified":"2022-06-20T10:51:16","modified_gmt":"2022-06-20T10:51:16","slug":"politika-povrata","status":"publish","type":"page","link":"https:\/\/proventuss.eu\/hr\/politika-povrata\/","title":{"rendered":"Politika povrata"},"content":{"rendered":"\n<p><b>Ovo je primjer stranice.<\/b><\/p>\n\n<h3>Overview<\/h3>\n\n<p>Na\u0161a politika povrata i povrata traje 30 dana. Ako je pro\u0161lo 30 dana od va\u0161e kupnje, ne mo\u017eemo vam ponuditi puni povrat ili zamjenu.<\/p>\n\n<p>Da biste ispunili uvjete za povrat, va\u0161 predmet mora biti neiskori\u0161ten i u istom stanju u kojem ste ga primili. Tako\u0111er mora biti u originalnom pakiranju.<\/p>\n\n<p>Nekoliko vrsta robe izuzeto je od vra\u0107anja. Pokvarljiva roba poput hrane, cvije\u0107a, novina ili \u010dasopisa ne mo\u017ee se vratiti. Tako\u0111er ne prihva\u0107amo proizvode koji su intimna ili sanitarna roba, opasni materijali ili zapaljive teku\u0107ine ili plinovi.<\/p>\n\n<p>Dodatni nepovratni artikli:<\/p>\n\n<ul>\n<li>Poklon kartice<\/li>\n<li>Softverski proizvodi za preuzimanje<\/li>\n<li>Neki predmeti za zdravlje i osobnu njegu<\/li>\n<\/ul>\n\n<p>Za dovr\u0161etak povrata potreban nam je ra\u010dun ili dokaz o kupnji.<\/p>\n\n<p>Molimo vas da svoju kupnju ne vra\u0107ate proizvo\u0111a\u010du.<\/p>\n\n<p>Postoje odre\u0111ene situacije u kojima se odobravaju samo djelomi\u010dni povrati:<\/p>\n\n<ul>\n<li>Knjiga s o\u010ditim znakovima kori\u0161tenja<\/li>\n<li>CD, DVD, VHS traka, softver, video igrica, kazeta ili vinilna plo\u010da koja je otvorena.<\/li>\n<li>Svaki predmet koji nije u izvornom stanju, o\u0161te\u0107en je ili nedostaje dijelovi iz razloga koji nisu posljedica na\u0161e pogre\u0161ke.<\/li>\n<li>Svaki predmet koji je vra\u0107en vi\u0161e od 30 dana nakon isporuke<\/li>\n<\/ul>\n\n<h2>Refunds<\/h2>\n\n<p>Nakon \u0161to va\u0161 povrat bude primljen i pregledan, poslat \u0107emo vam e-poruku da vas obavijestimo da smo primili va\u0161 vra\u0107eni artikl. Tako\u0111er \u0107emo vas obavijestiti o odobrenju ili odbijanju va\u0161eg povrata novca.<\/p>\n\n<p>Ako ste odobreni, tada \u0107e se va\u0161 povrat novca obraditi, a kredit \u0107e se automatski primijeniti na va\u0161u kreditnu karticu ili izvorni na\u010din pla\u0107anja, unutar odre\u0111enog broja dana.<\/p>\n\n<b>Late or missing refunds<\/b>\n\n<p>Ako jo\u0161 niste primili povrat novca, prvo ponovno provjerite svoj bankovni ra\u010dun.<\/p>\n\n<p>Zatim se obratite izdavatelju kreditne kartice, mo\u017ee pro\u0107i neko vrijeme prije nego \u0161to povrat novca bude slu\u017ebeno objavljen.<\/p>\n\n<p>Zatim kontaktirajte svoju banku. \u010cesto postoji odre\u0111eno vrijeme obrade prije nego \u0161to se objavi povrat.<\/p>\n\n<p>Ako ste sve ovo u\u010dinili, a jo\u0161 uvijek niste primili povrat novca, kontaktirajte nas na {email address}.<\/p>\n\n<b>Sale items<\/b>\n\n<p>Povrat se mo\u017ee izvr\u0161iti samo za artikle s redovnim cijenama. Artikli na rasprodaji ne mogu se vratiti.<\/p>\n\n<h2>Exchanges<\/h2>\n\n<p>Zamjenjujemo samo artikle ako su neispravni ili o\u0161te\u0107eni. Ako ga trebate zamijeniti za isti artikl, po\u0161aljite nam e-po\u0161tu na {email address} i po\u0161aljite svoj predmet na: {physical address}.<\/p>\n\n<h2>Gifts<\/h2>\n\n<p>Ako je artikal ozna\u010den kao dar prilikom kupnje i isporu\u010den izravno vama, dobit \u0107ete poklon bonus u vrijednosti povrata. Nakon primitka vra\u0107enog artikla, poklon bon \u0107e vam biti poslan po\u0161tom.<\/p>\n\n<p>Ako artikal prilikom kupnje nije bio ozna\u010den kao dar ili je darivatelj poslao narud\u017ebu sebi da bi je kasnije dao, darivatelju \u0107emo poslati povrat novca i on \u0107e saznati za va\u0161 povrat.<\/p>\n\n<h2>Shipping returns<\/h2>\n\n<p>Da biste vratili svoj proizvod, trebali biste svoj proizvod poslati po\u0161tom na: {physical address}.<\/p>\n\n<p>Vi \u0107ete biti odgovorni za pla\u0107anje vlastitih tro\u0161kova dostave za povrat va\u0161eg artikla. Tro\u0161kovi dostave su nepovratni. Ako dobijete povrat, tro\u0161ak povratne dostave bit \u0107e oduzet od va\u0161eg povrata.<\/p>\n\n<p>Ovisno o tome gdje \u017eivite, vrijeme koje mo\u017ee potrajati da va\u0161 razmijenjeni proizvod stigne do vas mo\u017ee varirati.<\/p>\n\n<p>Ako vra\u0107ate skuplje artikle, razmislite o kori\u0161tenju usluge dostave koju je mogu\u0107e pratiti ili o kupnji osiguranja dostave. Ne jam\u010dimo da \u0107emo primiti va\u0161 vra\u0107eni predmet.<\/p>\n\n<h2>Need help?<\/h2>\n\n<p>Kontaktirajte nas na{email} za pitanja vezana uz povrat i povrat.<\/p>\n","protected":false},"excerpt":{"rendered":"<p>Ovo je primjer stranice. Overview Na\u0161a politika povrata i povrata traje 30 dana. Ako je pro\u0161lo 30 dana od va\u0161e kupnje, ne mo\u017eemo vam ponuditi puni povrat ili zamjenu. Da biste ispunili uvjete za povrat, va\u0161 predmet mora biti neiskori\u0161ten i u istom stanju u kojem ste ga primili. Tako\u0111er mora biti u originalnom pakiranju. [&hellip;]<\/p>\n","protected":false},"author":1,"featured_media":0,"parent":0,"menu_order":0,"comment_status":"closed","ping_status":"closed","template":"","meta":{"_acf_changed":false,"footnotes":""},"acf":[],"yoast_head":"<!-- This site is optimized with the Yoast SEO plugin v22.9 - https:\/\/yoast.com\/wordpress\/plugins\/seo\/ -->\n<title>Politika povrata - Proventuss<\/title>\n<meta name=\"robots\" content=\"index, follow, max-snippet:-1, max-image-preview:large, max-video-preview:-1\" \/>\n<link rel=\"canonical\" href=\"https:\/\/proventuss.eu\/hr\/politika-povrata\/\" \/>\n<meta property=\"og:locale\" content=\"hr_HR\" \/>\n<meta property=\"og:type\" content=\"article\" \/>\n<meta property=\"og:title\" content=\"Politika povrata - Proventuss\" \/>\n<meta property=\"og:description\" content=\"Ovo je primjer stranice. Overview Na\u0161a politika povrata i povrata traje 30 dana. Ako je pro\u0161lo 30 dana od va\u0161e kupnje, ne mo\u017eemo vam ponuditi puni povrat ili zamjenu. Da biste ispunili uvjete za povrat, va\u0161 predmet mora biti neiskori\u0161ten i u istom stanju u kojem ste ga primili. Tako\u0111er mora biti u originalnom pakiranju. [&hellip;]\" \/>\n<meta property=\"og:url\" content=\"https:\/\/proventuss.eu\/hr\/politika-povrata\/\" \/>\n<meta property=\"og:site_name\" content=\"Proventuss\" \/>\n<meta property=\"article:modified_time\" content=\"2022-06-20T10:51:16+00:00\" \/>\n<meta name=\"twitter:card\" content=\"summary_large_image\" \/>\n<meta name=\"twitter:label1\" content=\"Procijenjeno vrijeme \u010ditanja\" \/>\n\t<meta name=\"twitter:data1\" content=\"3 minute\" \/>\n<script type=\"application\/ld+json\" class=\"yoast-schema-graph\">{\"@context\":\"https:\/\/schema.org\",\"@graph\":[{\"@type\":\"WebPage\",\"@id\":\"https:\/\/proventuss.eu\/hr\/politika-povrata\/\",\"url\":\"https:\/\/proventuss.eu\/hr\/politika-povrata\/\",\"name\":\"Politika povrata - Proventuss\",\"isPartOf\":{\"@id\":\"https:\/\/proventuss.eu\/#website\"},\"datePublished\":\"2022-06-20T10:44:26+00:00\",\"dateModified\":\"2022-06-20T10:51:16+00:00\",\"breadcrumb\":{\"@id\":\"https:\/\/proventuss.eu\/hr\/politika-povrata\/#breadcrumb\"},\"inLanguage\":\"hr\",\"potentialAction\":[{\"@type\":\"ReadAction\",\"target\":[\"https:\/\/proventuss.eu\/hr\/politika-povrata\/\"]}]},{\"@type\":\"BreadcrumbList\",\"@id\":\"https:\/\/proventuss.eu\/hr\/politika-povrata\/#breadcrumb\",\"itemListElement\":[{\"@type\":\"ListItem\",\"position\":1,\"name\":\"Home\",\"item\":\"https:\/\/proventuss.eu\/\"},{\"@type\":\"ListItem\",\"position\":2,\"name\":\"Politika povrata\"}]},{\"@type\":\"WebSite\",\"@id\":\"https:\/\/proventuss.eu\/#website\",\"url\":\"https:\/\/proventuss.eu\/\",\"name\":\"Proventuss\",\"description\":\"\",\"potentialAction\":[{\"@type\":\"SearchAction\",\"target\":{\"@type\":\"EntryPoint\",\"urlTemplate\":\"https:\/\/proventuss.eu\/?s={search_term_string}\"},\"query-input\":\"required name=search_term_string\"}],\"inLanguage\":\"hr\"}]}<\/script>\n<!-- \/ Yoast SEO plugin. -->","yoast_head_json":{"title":"Politika povrata - Proventuss","robots":{"index":"index","follow":"follow","max-snippet":"max-snippet:-1","max-image-preview":"max-image-preview:large","max-video-preview":"max-video-preview:-1"},"canonical":"https:\/\/proventuss.eu\/hr\/politika-povrata\/","og_locale":"hr_HR","og_type":"article","og_title":"Politika povrata - Proventuss","og_description":"Ovo je primjer stranice. Overview Na\u0161a politika povrata i povrata traje 30 dana. Ako je pro\u0161lo 30 dana od va\u0161e kupnje, ne mo\u017eemo vam ponuditi puni povrat ili zamjenu. Da biste ispunili uvjete za povrat, va\u0161 predmet mora biti neiskori\u0161ten i u istom stanju u kojem ste ga primili. Tako\u0111er mora biti u originalnom pakiranju. [&hellip;]","og_url":"https:\/\/proventuss.eu\/hr\/politika-povrata\/","og_site_name":"Proventuss","article_modified_time":"2022-06-20T10:51:16+00:00","twitter_card":"summary_large_image","twitter_misc":{"Procijenjeno vrijeme \u010ditanja":"3 minute"},"schema":{"@context":"https:\/\/schema.org","@graph":[{"@type":"WebPage","@id":"https:\/\/proventuss.eu\/hr\/politika-povrata\/","url":"https:\/\/proventuss.eu\/hr\/politika-povrata\/","name":"Politika povrata - Proventuss","isPartOf":{"@id":"https:\/\/proventuss.eu\/#website"},"datePublished":"2022-06-20T10:44:26+00:00","dateModified":"2022-06-20T10:51:16+00:00","breadcrumb":{"@id":"https:\/\/proventuss.eu\/hr\/politika-povrata\/#breadcrumb"},"inLanguage":"hr","potentialAction":[{"@type":"ReadAction","target":["https:\/\/proventuss.eu\/hr\/politika-povrata\/"]}]},{"@type":"BreadcrumbList","@id":"https:\/\/proventuss.eu\/hr\/politika-povrata\/#breadcrumb","itemListElement":[{"@type":"ListItem","position":1,"name":"Home","item":"https:\/\/proventuss.eu\/"},{"@type":"ListItem","position":2,"name":"Politika povrata"}]},{"@type":"WebSite","@id":"https:\/\/proventuss.eu\/#website","url":"https:\/\/proventuss.eu\/","name":"Proventuss","description":"","potentialAction":[{"@type":"SearchAction","target":{"@type":"EntryPoint","urlTemplate":"https:\/\/proventuss.eu\/?s={search_term_string}"},"query-input":"required name=search_term_string"}],"inLanguage":"hr"}]}},"_links":{"self":[{"href":"https:\/\/proventuss.eu\/hr\/wp-json\/wp\/v2\/pages\/2729"}],"collection":[{"href":"https:\/\/proventuss.eu\/hr\/wp-json\/wp\/v2\/pages"}],"about":[{"href":"https:\/\/proventuss.eu\/hr\/wp-json\/wp\/v2\/types\/page"}],"author":[{"embeddable":true,"href":"https:\/\/proventuss.eu\/hr\/wp-json\/wp\/v2\/users\/1"}],"replies":[{"embeddable":true,"href":"https:\/\/proventuss.eu\/hr\/wp-json\/wp\/v2\/comments?post=2729"}],"version-history":[{"count":3,"href":"https:\/\/proventuss.eu\/hr\/wp-json\/wp\/v2\/pages\/2729\/revisions"}],"predecessor-version":[{"id":2750,"href":"https:\/\/proventuss.eu\/hr\/wp-json\/wp\/v2\/pages\/2729\/revisions\/2750"}],"wp:attachment":[{"href":"https:\/\/proventuss.eu\/hr\/wp-json\/wp\/v2\/media?parent=2729"}],"curies":[{"name":"wp","href":"https:\/\/api.w.org\/{rel}","templated":true}]}}