{"id":9150,"date":"2022-10-11T11:11:15","date_gmt":"2022-10-11T11:11:15","guid":{"rendered":"https:\/\/proventuss.eu\/?post_type=product&#038;p=9150"},"modified":"2025-04-07T12:17:39","modified_gmt":"2025-04-07T12:17:39","slug":"vi-pro-window-tape-inside-en","status":"publish","type":"product","link":"https:\/\/proventuss.eu\/en\/product\/vi-pro-window-tape-inside-en\/","title":{"rendered":"Vi-Pro Window Tape Inside"},"content":{"rendered":"<p>Vapor-tight tape with an adhesive strip enabling permanent<br \/>\nattachment to the window frame. It creates an impermeable<br \/>\nbarrier to gases and water vapor, protecting the insulating<br \/>\nlayer of the window joint against moisture.<br \/>\n<strong>Advantages:<\/strong><br \/>\n&#8211; The plastic non-woven fabric from which the tape is made<br \/>\nallows it to be painted and plastered<br \/>\n&#8211; Flexible \u2013 compensates for movements resulting from thermal<br \/>\nexpansion<br \/>\n&#8211; Very good adhesion to most building materials<br \/>\n&#8211; Fixing to the wall using Vi-Pro Strongbond 25 MS.<br \/>\n<strong>Applications:<\/strong><br \/>\nAll types of windows and doors<br \/>\nDamp-proof installation from inside of the building.<\/p>\n","protected":false},"excerpt":{"rendered":"<p>Vapor-tight tape with an adhesive strip enabling permanent attachment to the window frame. It creates an impermeable barrier to gases and water vapor, protecting the insulating layer of the window joint against moisture. Advantages: &#8211; The plastic non-woven fabric from which the tape is made allows it to be painted and plastered &#8211; Flexible \u2013 [&hellip;]<\/p>\n","protected":false},"featured_media":9137,"comment_status":"open","ping_status":"closed","template":"","meta":{"_acf_changed":false},"product_cat":[154],"product_tag":[],"acf":[],"yoast_head":"<!-- This site is optimized with the Yoast SEO plugin v22.9 - https:\/\/yoast.com\/wordpress\/plugins\/seo\/ -->\n<title>Vi-Pro Window Tape Inside - Proventuss<\/title>\n<meta name=\"description\" content=\"Airtight and damp-proof membrane to be used on the inside of all types of window-to-wall joints. Can be plastered over on both sides. Self adhesive on the window side.\" \/>\n<meta name=\"robots\" content=\"index, follow, max-snippet:-1, max-image-preview:large, max-video-preview:-1\" \/>\n<link rel=\"canonical\" href=\"https:\/\/proventuss.eu\/en\/produkt\/vi-pro-window-tape-inside-en\/\" \/>\n<meta property=\"og:locale\" content=\"en_US\" \/>\n<meta property=\"og:type\" content=\"article\" \/>\n<meta property=\"og:title\" content=\"Vi-Pro Window Tape Inside - Proventuss\" \/>\n<meta property=\"og:description\" content=\"Airtight and damp-proof membrane to be used on the inside of all types of window-to-wall joints. Can be plastered over on both sides. Self adhesive on the window side.\" \/>\n<meta property=\"og:url\" content=\"https:\/\/proventuss.eu\/en\/produkt\/vi-pro-window-tape-inside-en\/\" \/>\n<meta property=\"og:site_name\" content=\"Proventuss\" \/>\n<meta property=\"article:modified_time\" content=\"2025-04-07T12:17:39+00:00\" \/>\n<meta property=\"og:image\" content=\"https:\/\/proventuss.eu\/wp-content\/uploads\/2022\/10\/MG_5935a1-1024x856.png\" \/>\n\t<meta property=\"og:image:width\" content=\"1024\" \/>\n\t<meta property=\"og:image:height\" content=\"856\" \/>\n\t<meta property=\"og:image:type\" content=\"image\/png\" \/>\n<meta name=\"twitter:card\" content=\"summary_large_image\" \/>\n<meta name=\"twitter:label1\" content=\"Est. reading time\" \/>\n\t<meta name=\"twitter:data1\" content=\"1 minute\" \/>\n<script type=\"application\/ld+json\" class=\"yoast-schema-graph\">{\"@context\":\"https:\/\/schema.org\",\"@graph\":[{\"@type\":\"WebPage\",\"@id\":\"https:\/\/proventuss.eu\/en\/produkt\/vi-pro-window-tape-inside-en\/\",\"url\":\"https:\/\/proventuss.eu\/en\/produkt\/vi-pro-window-tape-inside-en\/\",\"name\":\"Vi-Pro Window Tape Inside - Proventuss\",\"isPartOf\":{\"@id\":\"https:\/\/proventuss.eu\/#website\"},\"primaryImageOfPage\":{\"@id\":\"https:\/\/proventuss.eu\/en\/produkt\/vi-pro-window-tape-inside-en\/#primaryimage\"},\"image\":{\"@id\":\"https:\/\/proventuss.eu\/en\/produkt\/vi-pro-window-tape-inside-en\/#primaryimage\"},\"thumbnailUrl\":\"https:\/\/proventuss.eu\/wp-content\/uploads\/2022\/10\/MG_5935a1-e1665486003530.png\",\"datePublished\":\"2022-10-11T11:11:15+00:00\",\"dateModified\":\"2025-04-07T12:17:39+00:00\",\"description\":\"Airtight and damp-proof membrane to be used on the inside of all types of window-to-wall joints. Can be plastered over on both sides. Self adhesive on the window side.\",\"breadcrumb\":{\"@id\":\"https:\/\/proventuss.eu\/en\/produkt\/vi-pro-window-tape-inside-en\/#breadcrumb\"},\"inLanguage\":\"en-US\",\"potentialAction\":[{\"@type\":\"ReadAction\",\"target\":[\"https:\/\/proventuss.eu\/en\/produkt\/vi-pro-window-tape-inside-en\/\"]}]},{\"@type\":\"ImageObject\",\"inLanguage\":\"en-US\",\"@id\":\"https:\/\/proventuss.eu\/en\/produkt\/vi-pro-window-tape-inside-en\/#primaryimage\",\"url\":\"https:\/\/proventuss.eu\/wp-content\/uploads\/2022\/10\/MG_5935a1-e1665486003530.png\",\"contentUrl\":\"https:\/\/proventuss.eu\/wp-content\/uploads\/2022\/10\/MG_5935a1-e1665486003530.png\",\"width\":1792,\"height\":1498,\"caption\":\"Na zdj\u0119ciu paroszczelna ta\u015bma do ciep\u0142ego monta\u017cu Vi-Pro Window Tape Inside. Bardzo dobra przyczepno\u015b\u0107 do wi\u0119kszo\u015bci materia\u0142\u00f3w budowlanych.\"},{\"@type\":\"BreadcrumbList\",\"@id\":\"https:\/\/proventuss.eu\/en\/produkt\/vi-pro-window-tape-inside-en\/#breadcrumb\",\"itemListElement\":[{\"@type\":\"ListItem\",\"position\":1,\"name\":\"Home\",\"item\":\"https:\/\/proventuss.eu\/\"},{\"@type\":\"ListItem\",\"position\":2,\"name\":\"Shop\",\"item\":\"https:\/\/proventuss.eu\/en\/shop\/\"},{\"@type\":\"ListItem\",\"position\":3,\"name\":\"Vi-Pro Window Tape Inside\"}]},{\"@type\":\"WebSite\",\"@id\":\"https:\/\/proventuss.eu\/#website\",\"url\":\"https:\/\/proventuss.eu\/\",\"name\":\"Proventuss\",\"description\":\"\",\"potentialAction\":[{\"@type\":\"SearchAction\",\"target\":{\"@type\":\"EntryPoint\",\"urlTemplate\":\"https:\/\/proventuss.eu\/?s={search_term_string}\"},\"query-input\":\"required name=search_term_string\"}],\"inLanguage\":\"en-US\"}]}<\/script>\n<!-- \/ Yoast SEO plugin. -->","yoast_head_json":{"title":"Vi-Pro Window Tape Inside - Proventuss","description":"Airtight and damp-proof membrane to be used on the inside of all types of window-to-wall joints. Can be plastered over on both sides. Self adhesive on the window side.","robots":{"index":"index","follow":"follow","max-snippet":"max-snippet:-1","max-image-preview":"max-image-preview:large","max-video-preview":"max-video-preview:-1"},"canonical":"https:\/\/proventuss.eu\/en\/produkt\/vi-pro-window-tape-inside-en\/","og_locale":"en_US","og_type":"article","og_title":"Vi-Pro Window Tape Inside - Proventuss","og_description":"Airtight and damp-proof membrane to be used on the inside of all types of window-to-wall joints. Can be plastered over on both sides. Self adhesive on the window side.","og_url":"https:\/\/proventuss.eu\/en\/produkt\/vi-pro-window-tape-inside-en\/","og_site_name":"Proventuss","article_modified_time":"2025-04-07T12:17:39+00:00","og_image":[{"width":1024,"height":856,"url":"https:\/\/proventuss.eu\/wp-content\/uploads\/2022\/10\/MG_5935a1-1024x856.png","type":"image\/png"}],"twitter_card":"summary_large_image","twitter_misc":{"Est. reading time":"1 minute"},"schema":{"@context":"https:\/\/schema.org","@graph":[{"@type":"WebPage","@id":"https:\/\/proventuss.eu\/en\/produkt\/vi-pro-window-tape-inside-en\/","url":"https:\/\/proventuss.eu\/en\/produkt\/vi-pro-window-tape-inside-en\/","name":"Vi-Pro Window Tape Inside - Proventuss","isPartOf":{"@id":"https:\/\/proventuss.eu\/#website"},"primaryImageOfPage":{"@id":"https:\/\/proventuss.eu\/en\/produkt\/vi-pro-window-tape-inside-en\/#primaryimage"},"image":{"@id":"https:\/\/proventuss.eu\/en\/produkt\/vi-pro-window-tape-inside-en\/#primaryimage"},"thumbnailUrl":"https:\/\/proventuss.eu\/wp-content\/uploads\/2022\/10\/MG_5935a1-e1665486003530.png","datePublished":"2022-10-11T11:11:15+00:00","dateModified":"2025-04-07T12:17:39+00:00","description":"Airtight and damp-proof membrane to be used on the inside of all types of window-to-wall joints. Can be plastered over on both sides. Self adhesive on the window side.","breadcrumb":{"@id":"https:\/\/proventuss.eu\/en\/produkt\/vi-pro-window-tape-inside-en\/#breadcrumb"},"inLanguage":"en-US","potentialAction":[{"@type":"ReadAction","target":["https:\/\/proventuss.eu\/en\/produkt\/vi-pro-window-tape-inside-en\/"]}]},{"@type":"ImageObject","inLanguage":"en-US","@id":"https:\/\/proventuss.eu\/en\/produkt\/vi-pro-window-tape-inside-en\/#primaryimage","url":"https:\/\/proventuss.eu\/wp-content\/uploads\/2022\/10\/MG_5935a1-e1665486003530.png","contentUrl":"https:\/\/proventuss.eu\/wp-content\/uploads\/2022\/10\/MG_5935a1-e1665486003530.png","width":1792,"height":1498,"caption":"Na zdj\u0119ciu paroszczelna ta\u015bma do ciep\u0142ego monta\u017cu Vi-Pro Window Tape Inside. Bardzo dobra przyczepno\u015b\u0107 do wi\u0119kszo\u015bci materia\u0142\u00f3w budowlanych."},{"@type":"BreadcrumbList","@id":"https:\/\/proventuss.eu\/en\/produkt\/vi-pro-window-tape-inside-en\/#breadcrumb","itemListElement":[{"@type":"ListItem","position":1,"name":"Home","item":"https:\/\/proventuss.eu\/"},{"@type":"ListItem","position":2,"name":"Shop","item":"https:\/\/proventuss.eu\/en\/shop\/"},{"@type":"ListItem","position":3,"name":"Vi-Pro Window Tape Inside"}]},{"@type":"WebSite","@id":"https:\/\/proventuss.eu\/#website","url":"https:\/\/proventuss.eu\/","name":"Proventuss","description":"","potentialAction":[{"@type":"SearchAction","target":{"@type":"EntryPoint","urlTemplate":"https:\/\/proventuss.eu\/?s={search_term_string}"},"query-input":"required name=search_term_string"}],"inLanguage":"en-US"}]}},"_links":{"self":[{"href":"https:\/\/proventuss.eu\/en\/wp-json\/wp\/v2\/product\/9150"}],"collection":[{"href":"https:\/\/proventuss.eu\/en\/wp-json\/wp\/v2\/product"}],"about":[{"href":"https:\/\/proventuss.eu\/en\/wp-json\/wp\/v2\/types\/product"}],"replies":[{"embeddable":true,"href":"https:\/\/proventuss.eu\/en\/wp-json\/wp\/v2\/comments?post=9150"}],"wp:featuredmedia":[{"embeddable":true,"href":"https:\/\/proventuss.eu\/en\/wp-json\/wp\/v2\/media\/9137"}],"wp:attachment":[{"href":"https:\/\/proventuss.eu\/en\/wp-json\/wp\/v2\/media?parent=9150"}],"wp:term":[{"taxonomy":"product_cat","embeddable":true,"href":"https:\/\/proventuss.eu\/en\/wp-json\/wp\/v2\/product_cat?post=9150"},{"taxonomy":"product_tag","embeddable":true,"href":"https:\/\/proventuss.eu\/en\/wp-json\/wp\/v2\/product_tag?post=9150"}],"curies":[{"name":"wp","href":"https:\/\/api.w.org\/{rel}","templated":true}]}}