{"id":3063,"date":"2022-04-26T11:49:27","date_gmt":"2022-04-26T11:49:27","guid":{"rendered":"https:\/\/proventuss.eu\/produkt\/vi-pro-liquid-foil\/"},"modified":"2023-04-28T12:26:19","modified_gmt":"2023-04-28T12:26:19","slug":"liquid-foil-for-protecting-windows-vi-pro-liquid-foil","status":"publish","type":"product","link":"https:\/\/proventuss.eu\/en\/product\/liquid-foil-for-protecting-windows-vi-pro-liquid-foil\/","title":{"rendered":"Liquid foil for protecting windows Vi-Pro\u00ae LIQUID FOIL"},"content":{"rendered":"<p><strong>Vi-Pro\u00ae LIQUID FOIL<\/strong> is a clear or blue water based emulsion coating that can be applied to colored or unstained vertical or horizontal surfaces for temporary protection.<\/p>\n<p>Vi-Pro\u00ae LIQUID FOIL can be used for long-term protection, on some non-porous surfaces such as: aluminum, standard white PVC, glass, marble or granite surfaces, ceramics, laminated parquet, epoxy coated surfaces etc.<\/p>\n<p>It helps to easily remove dirt, protects against dirt, painting, scratches, welding spatter, water, moisture and corrosion.<\/p>\n<p><strong>ADVANTAGES:<\/strong><br \/>\n\u2022 Protects against welding burrs<br \/>\n\u2022 Peelable film is resistant to various paints and chemicals<br \/>\n\u2022 Thixotropic, it can be applied on vertical surfaces.<br \/>\n\u2022 Water-based it can be applied on electrostatic painted surfaces<br \/>\n\u2022 Application tools can be cleaned with water, making cleaning easy and cheap<br \/>\n\u2022 Safety (the product does not adversely affect the windows or frames, it is compatible)<br \/>\n\u2022 Environmentally friendly water-based product does not affect human health<\/p>\n<p><strong>BENEFITS:<\/strong><br \/>\n\u2022 Non-flammable<br \/>\n\u2022 Fast curing<br \/>\n\u2022 Efficient in use, no waste<br \/>\n\u2022 Easy to remove after protection period<br \/>\n\u2022 Improving the company&#8217;s image (no complaints)<br \/>\n\u2022 Reducing the risk of losses and costly repairs<br \/>\n\u2022 Quicker application than standard films<\/p>\n<p><strong>PACKAGING:<\/strong> 20 L<\/p>\n<p><iframe src=\"\/\/www.youtube.com\/embed\/PZkKRlxRgDY\" width=\"560\" height=\"314\" allowfullscreen=\"allowfullscreen\"><\/iframe><\/p>\n","protected":false},"excerpt":{"rendered":"<p>Vi-Pro\u00ae LIQUID FOIL is a clear or blue water based emulsion coating that can be applied to colored or unstained vertical or horizontal surfaces for temporary protection. Vi-Pro\u00ae LIQUID FOIL can be used for long-term protection, on some non-porous surfaces such as: aluminum, standard white PVC, glass, marble or granite surfaces, ceramics, laminated parquet, epoxy [&hellip;]<\/p>\n","protected":false},"featured_media":10716,"comment_status":"open","ping_status":"closed","template":"","meta":{"_acf_changed":false},"product_cat":[169],"product_tag":[],"acf":[],"yoast_head":"<!-- This site is optimized with the Yoast SEO plugin v22.9 - https:\/\/yoast.com\/wordpress\/plugins\/seo\/ -->\n<title>Liquid foil for protecting windows Vi-Pro\u00ae LIQUID FOIL - Proventuss<\/title>\n<meta name=\"description\" content=\"Protects against dirt, paint, scratches, welding spatter, water, moisture and corrosion. Efficient in use, without waste.\" \/>\n<meta name=\"robots\" content=\"index, follow, max-snippet:-1, max-image-preview:large, max-video-preview:-1\" \/>\n<link rel=\"canonical\" href=\"https:\/\/proventuss.eu\/en\/produkt\/liquid-foil-for-protecting-windows-vi-pro-liquid-foil\/\" \/>\n<meta property=\"og:locale\" content=\"en_US\" \/>\n<meta property=\"og:type\" content=\"article\" \/>\n<meta property=\"og:title\" content=\"Liquid foil for protecting windows Vi-Pro\u00ae LIQUID FOIL - Proventuss\" \/>\n<meta property=\"og:description\" content=\"Protects against dirt, paint, scratches, welding spatter, water, moisture and corrosion. Efficient in use, without waste.\" \/>\n<meta property=\"og:url\" content=\"https:\/\/proventuss.eu\/en\/produkt\/liquid-foil-for-protecting-windows-vi-pro-liquid-foil\/\" \/>\n<meta property=\"og:site_name\" content=\"Proventuss\" \/>\n<meta property=\"article:modified_time\" content=\"2023-04-28T12:26:19+00:00\" \/>\n<meta property=\"og:image\" content=\"https:\/\/proventuss.eu\/wp-content\/uploads\/2022\/04\/MG_5905a1M.png\" \/>\n\t<meta property=\"og:image:width\" content=\"1058\" \/>\n\t<meta property=\"og:image:height\" content=\"1200\" \/>\n\t<meta property=\"og:image:type\" content=\"image\/png\" \/>\n<meta name=\"twitter:card\" content=\"summary_large_image\" \/>\n<meta name=\"twitter:label1\" content=\"Est. reading time\" \/>\n\t<meta name=\"twitter:data1\" content=\"2 minutes\" \/>\n<script type=\"application\/ld+json\" class=\"yoast-schema-graph\">{\"@context\":\"https:\/\/schema.org\",\"@graph\":[{\"@type\":\"WebPage\",\"@id\":\"https:\/\/proventuss.eu\/en\/produkt\/liquid-foil-for-protecting-windows-vi-pro-liquid-foil\/\",\"url\":\"https:\/\/proventuss.eu\/en\/produkt\/liquid-foil-for-protecting-windows-vi-pro-liquid-foil\/\",\"name\":\"Liquid foil for protecting windows Vi-Pro\u00ae LIQUID FOIL - Proventuss\",\"isPartOf\":{\"@id\":\"https:\/\/proventuss.eu\/#website\"},\"primaryImageOfPage\":{\"@id\":\"https:\/\/proventuss.eu\/en\/produkt\/liquid-foil-for-protecting-windows-vi-pro-liquid-foil\/#primaryimage\"},\"image\":{\"@id\":\"https:\/\/proventuss.eu\/en\/produkt\/liquid-foil-for-protecting-windows-vi-pro-liquid-foil\/#primaryimage\"},\"thumbnailUrl\":\"https:\/\/proventuss.eu\/wp-content\/uploads\/2022\/04\/MG_5905a1M.png\",\"datePublished\":\"2022-04-26T11:49:27+00:00\",\"dateModified\":\"2023-04-28T12:26:19+00:00\",\"description\":\"Protects against dirt, paint, scratches, welding spatter, water, moisture and corrosion. Efficient in use, without waste.\",\"breadcrumb\":{\"@id\":\"https:\/\/proventuss.eu\/en\/produkt\/liquid-foil-for-protecting-windows-vi-pro-liquid-foil\/#breadcrumb\"},\"inLanguage\":\"en-US\",\"potentialAction\":[{\"@type\":\"ReadAction\",\"target\":[\"https:\/\/proventuss.eu\/en\/produkt\/liquid-foil-for-protecting-windows-vi-pro-liquid-foil\/\"]}]},{\"@type\":\"ImageObject\",\"inLanguage\":\"en-US\",\"@id\":\"https:\/\/proventuss.eu\/en\/produkt\/liquid-foil-for-protecting-windows-vi-pro-liquid-foil\/#primaryimage\",\"url\":\"https:\/\/proventuss.eu\/wp-content\/uploads\/2022\/04\/MG_5905a1M.png\",\"contentUrl\":\"https:\/\/proventuss.eu\/wp-content\/uploads\/2022\/04\/MG_5905a1M.png\",\"width\":1058,\"height\":1200,\"caption\":\"Na zdj\u0119ciu Folia w p\u0142ynie zabezpiecza przed zabrudzeniami, malowaniem, zarysowaniami, odpryskami spawalniczymi, wod\u0105, wilgoci\u0105 i korozj\u0105. Wydajna w u\u017cyciu. Czarne wiadro 20 L.\"},{\"@type\":\"BreadcrumbList\",\"@id\":\"https:\/\/proventuss.eu\/en\/produkt\/liquid-foil-for-protecting-windows-vi-pro-liquid-foil\/#breadcrumb\",\"itemListElement\":[{\"@type\":\"ListItem\",\"position\":1,\"name\":\"Home\",\"item\":\"https:\/\/proventuss.eu\/\"},{\"@type\":\"ListItem\",\"position\":2,\"name\":\"Shop\",\"item\":\"https:\/\/proventuss.eu\/en\/shop\/\"},{\"@type\":\"ListItem\",\"position\":3,\"name\":\"Liquid foil for protecting windows Vi-Pro\u00ae LIQUID FOIL\"}]},{\"@type\":\"WebSite\",\"@id\":\"https:\/\/proventuss.eu\/#website\",\"url\":\"https:\/\/proventuss.eu\/\",\"name\":\"Proventuss\",\"description\":\"\",\"potentialAction\":[{\"@type\":\"SearchAction\",\"target\":{\"@type\":\"EntryPoint\",\"urlTemplate\":\"https:\/\/proventuss.eu\/?s={search_term_string}\"},\"query-input\":\"required name=search_term_string\"}],\"inLanguage\":\"en-US\"}]}<\/script>\n<!-- \/ Yoast SEO plugin. -->","yoast_head_json":{"title":"Liquid foil for protecting windows Vi-Pro\u00ae LIQUID FOIL - Proventuss","description":"Protects against dirt, paint, scratches, welding spatter, water, moisture and corrosion. Efficient in use, without waste.","robots":{"index":"index","follow":"follow","max-snippet":"max-snippet:-1","max-image-preview":"max-image-preview:large","max-video-preview":"max-video-preview:-1"},"canonical":"https:\/\/proventuss.eu\/en\/produkt\/liquid-foil-for-protecting-windows-vi-pro-liquid-foil\/","og_locale":"en_US","og_type":"article","og_title":"Liquid foil for protecting windows Vi-Pro\u00ae LIQUID FOIL - Proventuss","og_description":"Protects against dirt, paint, scratches, welding spatter, water, moisture and corrosion. Efficient in use, without waste.","og_url":"https:\/\/proventuss.eu\/en\/produkt\/liquid-foil-for-protecting-windows-vi-pro-liquid-foil\/","og_site_name":"Proventuss","article_modified_time":"2023-04-28T12:26:19+00:00","og_image":[{"width":1058,"height":1200,"url":"https:\/\/proventuss.eu\/wp-content\/uploads\/2022\/04\/MG_5905a1M.png","type":"image\/png"}],"twitter_card":"summary_large_image","twitter_misc":{"Est. reading time":"2 minutes"},"schema":{"@context":"https:\/\/schema.org","@graph":[{"@type":"WebPage","@id":"https:\/\/proventuss.eu\/en\/produkt\/liquid-foil-for-protecting-windows-vi-pro-liquid-foil\/","url":"https:\/\/proventuss.eu\/en\/produkt\/liquid-foil-for-protecting-windows-vi-pro-liquid-foil\/","name":"Liquid foil for protecting windows Vi-Pro\u00ae LIQUID FOIL - Proventuss","isPartOf":{"@id":"https:\/\/proventuss.eu\/#website"},"primaryImageOfPage":{"@id":"https:\/\/proventuss.eu\/en\/produkt\/liquid-foil-for-protecting-windows-vi-pro-liquid-foil\/#primaryimage"},"image":{"@id":"https:\/\/proventuss.eu\/en\/produkt\/liquid-foil-for-protecting-windows-vi-pro-liquid-foil\/#primaryimage"},"thumbnailUrl":"https:\/\/proventuss.eu\/wp-content\/uploads\/2022\/04\/MG_5905a1M.png","datePublished":"2022-04-26T11:49:27+00:00","dateModified":"2023-04-28T12:26:19+00:00","description":"Protects against dirt, paint, scratches, welding spatter, water, moisture and corrosion. Efficient in use, without waste.","breadcrumb":{"@id":"https:\/\/proventuss.eu\/en\/produkt\/liquid-foil-for-protecting-windows-vi-pro-liquid-foil\/#breadcrumb"},"inLanguage":"en-US","potentialAction":[{"@type":"ReadAction","target":["https:\/\/proventuss.eu\/en\/produkt\/liquid-foil-for-protecting-windows-vi-pro-liquid-foil\/"]}]},{"@type":"ImageObject","inLanguage":"en-US","@id":"https:\/\/proventuss.eu\/en\/produkt\/liquid-foil-for-protecting-windows-vi-pro-liquid-foil\/#primaryimage","url":"https:\/\/proventuss.eu\/wp-content\/uploads\/2022\/04\/MG_5905a1M.png","contentUrl":"https:\/\/proventuss.eu\/wp-content\/uploads\/2022\/04\/MG_5905a1M.png","width":1058,"height":1200,"caption":"Na zdj\u0119ciu Folia w p\u0142ynie zabezpiecza przed zabrudzeniami, malowaniem, zarysowaniami, odpryskami spawalniczymi, wod\u0105, wilgoci\u0105 i korozj\u0105. Wydajna w u\u017cyciu. Czarne wiadro 20 L."},{"@type":"BreadcrumbList","@id":"https:\/\/proventuss.eu\/en\/produkt\/liquid-foil-for-protecting-windows-vi-pro-liquid-foil\/#breadcrumb","itemListElement":[{"@type":"ListItem","position":1,"name":"Home","item":"https:\/\/proventuss.eu\/"},{"@type":"ListItem","position":2,"name":"Shop","item":"https:\/\/proventuss.eu\/en\/shop\/"},{"@type":"ListItem","position":3,"name":"Liquid foil for protecting windows Vi-Pro\u00ae LIQUID FOIL"}]},{"@type":"WebSite","@id":"https:\/\/proventuss.eu\/#website","url":"https:\/\/proventuss.eu\/","name":"Proventuss","description":"","potentialAction":[{"@type":"SearchAction","target":{"@type":"EntryPoint","urlTemplate":"https:\/\/proventuss.eu\/?s={search_term_string}"},"query-input":"required name=search_term_string"}],"inLanguage":"en-US"}]}},"_links":{"self":[{"href":"https:\/\/proventuss.eu\/en\/wp-json\/wp\/v2\/product\/3063"}],"collection":[{"href":"https:\/\/proventuss.eu\/en\/wp-json\/wp\/v2\/product"}],"about":[{"href":"https:\/\/proventuss.eu\/en\/wp-json\/wp\/v2\/types\/product"}],"replies":[{"embeddable":true,"href":"https:\/\/proventuss.eu\/en\/wp-json\/wp\/v2\/comments?post=3063"}],"wp:featuredmedia":[{"embeddable":true,"href":"https:\/\/proventuss.eu\/en\/wp-json\/wp\/v2\/media\/10716"}],"wp:attachment":[{"href":"https:\/\/proventuss.eu\/en\/wp-json\/wp\/v2\/media?parent=3063"}],"wp:term":[{"taxonomy":"product_cat","embeddable":true,"href":"https:\/\/proventuss.eu\/en\/wp-json\/wp\/v2\/product_cat?post=3063"},{"taxonomy":"product_tag","embeddable":true,"href":"https:\/\/proventuss.eu\/en\/wp-json\/wp\/v2\/product_tag?post=3063"}],"curies":[{"name":"wp","href":"https:\/\/api.w.org\/{rel}","templated":true}]}}