{"id":3062,"date":"2022-04-26T11:43:08","date_gmt":"2022-04-26T11:43:08","guid":{"rendered":"https:\/\/proventuss.eu\/produkt\/vi-pro-spatter\/"},"modified":"2022-11-24T08:48:45","modified_gmt":"2022-11-24T08:48:45","slug":"a-spatula-for-smoothing-the-masses-vi-pro-spatula","status":"publish","type":"product","link":"https:\/\/proventuss.eu\/en\/product\/a-spatula-for-smoothing-the-masses-vi-pro-spatula\/","title":{"rendered":"A spatula for smoothing the masses Vi-Pro\u00ae SPATULA"},"content":{"rendered":"<p><strong>SEALANT SMOOTHING AND MODELING SPATULA<\/strong>, made of a specially selected material that provides anti-adhesive properties in contact with adhesives and sealants.<\/p>\n<p>The structure has appropriate curvatures and angles ensuring the possibility of using it in various applications.<\/p>\n<p>The material is also amenable to easy cutting and grinding, which allows you to choose the required size or angle depending on the specific application.<\/p>\n","protected":false},"excerpt":{"rendered":"<p>SEALANT SMOOTHING AND MODELING SPATULA, made of a specially selected material that provides anti-adhesive properties in contact with adhesives and sealants. The structure has appropriate curvatures and angles ensuring the possibility of using it in various applications. The material is also amenable to easy cutting and grinding, which allows you to choose the required size [&hellip;]<\/p>\n","protected":false},"featured_media":2152,"comment_status":"open","ping_status":"closed","template":"","meta":{"_acf_changed":false},"product_cat":[169,175],"product_tag":[],"acf":[],"yoast_head":"<!-- This site is optimized with the Yoast SEO plugin v22.9 - https:\/\/yoast.com\/wordpress\/plugins\/seo\/ -->\n<title>A spatula for smoothing the masses Vi-Pro\u00ae SPATULA - Proventuss<\/title>\n<meta name=\"description\" content=\"For smoothing and shaping sealing compounds. It has the right curves and angles to ensure it can be used in a variety of applications.\" \/>\n<meta name=\"robots\" content=\"index, follow, max-snippet:-1, max-image-preview:large, max-video-preview:-1\" \/>\n<link rel=\"canonical\" href=\"https:\/\/proventuss.eu\/en\/produkt\/a-spatula-for-smoothing-the-masses-vi-pro-spatula\/\" \/>\n<meta property=\"og:locale\" content=\"en_US\" \/>\n<meta property=\"og:type\" content=\"article\" \/>\n<meta property=\"og:title\" content=\"A spatula for smoothing the masses Vi-Pro\u00ae SPATULA - Proventuss\" \/>\n<meta property=\"og:description\" content=\"For smoothing and shaping sealing compounds. It has the right curves and angles to ensure it can be used in a variety of applications.\" \/>\n<meta property=\"og:url\" content=\"https:\/\/proventuss.eu\/en\/produkt\/a-spatula-for-smoothing-the-masses-vi-pro-spatula\/\" \/>\n<meta property=\"og:site_name\" content=\"Proventuss\" \/>\n<meta property=\"article:modified_time\" content=\"2022-11-24T08:48:45+00:00\" \/>\n<meta property=\"og:image\" content=\"https:\/\/proventuss.eu\/wp-content\/uploads\/2022\/04\/Szpatulka.png\" \/>\n\t<meta property=\"og:image:width\" content=\"640\" \/>\n\t<meta property=\"og:image:height\" content=\"640\" \/>\n\t<meta property=\"og:image:type\" content=\"image\/png\" \/>\n<meta name=\"twitter:card\" content=\"summary_large_image\" \/>\n<meta name=\"twitter:label1\" content=\"Est. reading time\" \/>\n\t<meta name=\"twitter:data1\" content=\"1 minute\" \/>\n<script type=\"application\/ld+json\" class=\"yoast-schema-graph\">{\"@context\":\"https:\/\/schema.org\",\"@graph\":[{\"@type\":\"WebPage\",\"@id\":\"https:\/\/proventuss.eu\/en\/produkt\/a-spatula-for-smoothing-the-masses-vi-pro-spatula\/\",\"url\":\"https:\/\/proventuss.eu\/en\/produkt\/a-spatula-for-smoothing-the-masses-vi-pro-spatula\/\",\"name\":\"A spatula for smoothing the masses Vi-Pro\u00ae SPATULA - Proventuss\",\"isPartOf\":{\"@id\":\"https:\/\/proventuss.eu\/#website\"},\"primaryImageOfPage\":{\"@id\":\"https:\/\/proventuss.eu\/en\/produkt\/a-spatula-for-smoothing-the-masses-vi-pro-spatula\/#primaryimage\"},\"image\":{\"@id\":\"https:\/\/proventuss.eu\/en\/produkt\/a-spatula-for-smoothing-the-masses-vi-pro-spatula\/#primaryimage\"},\"thumbnailUrl\":\"https:\/\/proventuss.eu\/wp-content\/uploads\/2022\/04\/Szpatulka.png\",\"datePublished\":\"2022-04-26T11:43:08+00:00\",\"dateModified\":\"2022-11-24T08:48:45+00:00\",\"description\":\"For smoothing and shaping sealing compounds. It has the right curves and angles to ensure it can be used in a variety of applications.\",\"breadcrumb\":{\"@id\":\"https:\/\/proventuss.eu\/en\/produkt\/a-spatula-for-smoothing-the-masses-vi-pro-spatula\/#breadcrumb\"},\"inLanguage\":\"en-US\",\"potentialAction\":[{\"@type\":\"ReadAction\",\"target\":[\"https:\/\/proventuss.eu\/en\/produkt\/a-spatula-for-smoothing-the-masses-vi-pro-spatula\/\"]}]},{\"@type\":\"ImageObject\",\"inLanguage\":\"en-US\",\"@id\":\"https:\/\/proventuss.eu\/en\/produkt\/a-spatula-for-smoothing-the-masses-vi-pro-spatula\/#primaryimage\",\"url\":\"https:\/\/proventuss.eu\/wp-content\/uploads\/2022\/04\/Szpatulka.png\",\"contentUrl\":\"https:\/\/proventuss.eu\/wp-content\/uploads\/2022\/04\/Szpatulka.png\",\"width\":640,\"height\":640,\"caption\":\"Na zdj\u0119ciu Szpachelka do wyg\u0142adzania i modelowania mas uszczelniaj\u0105cych. Zapewnia w\u0142a\u015bciwo\u015bci antyadhezyjne w kontakcie z klejami i uszczelniaczami. Kolor czarny.\"},{\"@type\":\"BreadcrumbList\",\"@id\":\"https:\/\/proventuss.eu\/en\/produkt\/a-spatula-for-smoothing-the-masses-vi-pro-spatula\/#breadcrumb\",\"itemListElement\":[{\"@type\":\"ListItem\",\"position\":1,\"name\":\"Home\",\"item\":\"https:\/\/proventuss.eu\/\"},{\"@type\":\"ListItem\",\"position\":2,\"name\":\"Shop\",\"item\":\"https:\/\/proventuss.eu\/en\/shop\/\"},{\"@type\":\"ListItem\",\"position\":3,\"name\":\"A spatula for smoothing the masses Vi-Pro\u00ae SPATULA\"}]},{\"@type\":\"WebSite\",\"@id\":\"https:\/\/proventuss.eu\/#website\",\"url\":\"https:\/\/proventuss.eu\/\",\"name\":\"Proventuss\",\"description\":\"\",\"potentialAction\":[{\"@type\":\"SearchAction\",\"target\":{\"@type\":\"EntryPoint\",\"urlTemplate\":\"https:\/\/proventuss.eu\/?s={search_term_string}\"},\"query-input\":\"required name=search_term_string\"}],\"inLanguage\":\"en-US\"}]}<\/script>\n<!-- \/ Yoast SEO plugin. -->","yoast_head_json":{"title":"A spatula for smoothing the masses Vi-Pro\u00ae SPATULA - Proventuss","description":"For smoothing and shaping sealing compounds. It has the right curves and angles to ensure it can be used in a variety of applications.","robots":{"index":"index","follow":"follow","max-snippet":"max-snippet:-1","max-image-preview":"max-image-preview:large","max-video-preview":"max-video-preview:-1"},"canonical":"https:\/\/proventuss.eu\/en\/produkt\/a-spatula-for-smoothing-the-masses-vi-pro-spatula\/","og_locale":"en_US","og_type":"article","og_title":"A spatula for smoothing the masses Vi-Pro\u00ae SPATULA - Proventuss","og_description":"For smoothing and shaping sealing compounds. It has the right curves and angles to ensure it can be used in a variety of applications.","og_url":"https:\/\/proventuss.eu\/en\/produkt\/a-spatula-for-smoothing-the-masses-vi-pro-spatula\/","og_site_name":"Proventuss","article_modified_time":"2022-11-24T08:48:45+00:00","og_image":[{"width":640,"height":640,"url":"https:\/\/proventuss.eu\/wp-content\/uploads\/2022\/04\/Szpatulka.png","type":"image\/png"}],"twitter_card":"summary_large_image","twitter_misc":{"Est. reading time":"1 minute"},"schema":{"@context":"https:\/\/schema.org","@graph":[{"@type":"WebPage","@id":"https:\/\/proventuss.eu\/en\/produkt\/a-spatula-for-smoothing-the-masses-vi-pro-spatula\/","url":"https:\/\/proventuss.eu\/en\/produkt\/a-spatula-for-smoothing-the-masses-vi-pro-spatula\/","name":"A spatula for smoothing the masses Vi-Pro\u00ae SPATULA - Proventuss","isPartOf":{"@id":"https:\/\/proventuss.eu\/#website"},"primaryImageOfPage":{"@id":"https:\/\/proventuss.eu\/en\/produkt\/a-spatula-for-smoothing-the-masses-vi-pro-spatula\/#primaryimage"},"image":{"@id":"https:\/\/proventuss.eu\/en\/produkt\/a-spatula-for-smoothing-the-masses-vi-pro-spatula\/#primaryimage"},"thumbnailUrl":"https:\/\/proventuss.eu\/wp-content\/uploads\/2022\/04\/Szpatulka.png","datePublished":"2022-04-26T11:43:08+00:00","dateModified":"2022-11-24T08:48:45+00:00","description":"For smoothing and shaping sealing compounds. It has the right curves and angles to ensure it can be used in a variety of applications.","breadcrumb":{"@id":"https:\/\/proventuss.eu\/en\/produkt\/a-spatula-for-smoothing-the-masses-vi-pro-spatula\/#breadcrumb"},"inLanguage":"en-US","potentialAction":[{"@type":"ReadAction","target":["https:\/\/proventuss.eu\/en\/produkt\/a-spatula-for-smoothing-the-masses-vi-pro-spatula\/"]}]},{"@type":"ImageObject","inLanguage":"en-US","@id":"https:\/\/proventuss.eu\/en\/produkt\/a-spatula-for-smoothing-the-masses-vi-pro-spatula\/#primaryimage","url":"https:\/\/proventuss.eu\/wp-content\/uploads\/2022\/04\/Szpatulka.png","contentUrl":"https:\/\/proventuss.eu\/wp-content\/uploads\/2022\/04\/Szpatulka.png","width":640,"height":640,"caption":"Na zdj\u0119ciu Szpachelka do wyg\u0142adzania i modelowania mas uszczelniaj\u0105cych. Zapewnia w\u0142a\u015bciwo\u015bci antyadhezyjne w kontakcie z klejami i uszczelniaczami. Kolor czarny."},{"@type":"BreadcrumbList","@id":"https:\/\/proventuss.eu\/en\/produkt\/a-spatula-for-smoothing-the-masses-vi-pro-spatula\/#breadcrumb","itemListElement":[{"@type":"ListItem","position":1,"name":"Home","item":"https:\/\/proventuss.eu\/"},{"@type":"ListItem","position":2,"name":"Shop","item":"https:\/\/proventuss.eu\/en\/shop\/"},{"@type":"ListItem","position":3,"name":"A spatula for smoothing the masses Vi-Pro\u00ae SPATULA"}]},{"@type":"WebSite","@id":"https:\/\/proventuss.eu\/#website","url":"https:\/\/proventuss.eu\/","name":"Proventuss","description":"","potentialAction":[{"@type":"SearchAction","target":{"@type":"EntryPoint","urlTemplate":"https:\/\/proventuss.eu\/?s={search_term_string}"},"query-input":"required name=search_term_string"}],"inLanguage":"en-US"}]}},"_links":{"self":[{"href":"https:\/\/proventuss.eu\/en\/wp-json\/wp\/v2\/product\/3062"}],"collection":[{"href":"https:\/\/proventuss.eu\/en\/wp-json\/wp\/v2\/product"}],"about":[{"href":"https:\/\/proventuss.eu\/en\/wp-json\/wp\/v2\/types\/product"}],"replies":[{"embeddable":true,"href":"https:\/\/proventuss.eu\/en\/wp-json\/wp\/v2\/comments?post=3062"}],"wp:featuredmedia":[{"embeddable":true,"href":"https:\/\/proventuss.eu\/en\/wp-json\/wp\/v2\/media\/2152"}],"wp:attachment":[{"href":"https:\/\/proventuss.eu\/en\/wp-json\/wp\/v2\/media?parent=3062"}],"wp:term":[{"taxonomy":"product_cat","embeddable":true,"href":"https:\/\/proventuss.eu\/en\/wp-json\/wp\/v2\/product_cat?post=3062"},{"taxonomy":"product_tag","embeddable":true,"href":"https:\/\/proventuss.eu\/en\/wp-json\/wp\/v2\/product_tag?post=3062"}],"curies":[{"name":"wp","href":"https:\/\/api.w.org\/{rel}","templated":true}]}}