{"id":3050,"date":"2022-04-26T11:48:09","date_gmt":"2022-04-26T11:48:09","guid":{"rendered":"https:\/\/proventuss.eu\/produkt\/vi-pro-easy-to-clean\/"},"modified":"2023-04-28T12:24:22","modified_gmt":"2023-04-28T12:24:22","slug":"cleaning-solvent-vi-pro-easy-to-clean","status":"publish","type":"product","link":"https:\/\/proventuss.eu\/en\/product\/cleaning-solvent-vi-pro-easy-to-clean\/","title":{"rendered":"Cleaning solvent Vi-Pro\u00ae EASY-TO-CLEAN"},"content":{"rendered":"<p><strong>GENERAL PURPOSE CLEANING SOLVENT<\/strong> for optimal cleaning of non-porous surfaces from dust, grease, oils, uncured sealant residues, etc.<\/p>\n<p>Recommended for non-porous surfaces: glass, metal, wood, plastics<\/p>\n<p><strong>BENEFITS:<\/strong><br \/>\n\u2022 Easy and safe to use<br \/>\n\u2022 Quickly evaporating<br \/>\n\u2022 Compatible with all Dowsil sealants<\/p>\n<p><strong>PACKAGING\/ COLOUR:<\/strong><br \/>\nPackaging: 1L can, 9 pcs \/ carton<br \/>\nColour: clear liquid<\/p>\n","protected":false},"excerpt":{"rendered":"<p>GENERAL PURPOSE CLEANING SOLVENT for optimal cleaning of non-porous surfaces from dust, grease, oils, uncured sealant residues, etc. Recommended for non-porous surfaces: glass, metal, wood, plastics BENEFITS: \u2022 Easy and safe to use \u2022 Quickly evaporating \u2022 Compatible with all Dowsil sealants PACKAGING\/ COLOUR: Packaging: 1L can, 9 pcs \/ carton Colour: clear liquid<\/p>\n","protected":false},"featured_media":2154,"comment_status":"open","ping_status":"closed","template":"","meta":{"_acf_changed":false},"product_cat":[169],"product_tag":[],"acf":[],"yoast_head":"<!-- This site is optimized with the Yoast SEO plugin v22.9 - https:\/\/yoast.com\/wordpress\/plugins\/seo\/ -->\n<title>Cleaning solvent Vi-Pro\u00ae EASY-TO-CLEAN - Proventuss<\/title>\n<meta name=\"description\" content=\"For cleaning non-porous surfaces from dust, grease, oil, residues of uncured sealants. Compatible with Dowsil sealants. Fast evaporating.\" \/>\n<meta name=\"robots\" content=\"index, follow, max-snippet:-1, max-image-preview:large, max-video-preview:-1\" \/>\n<link rel=\"canonical\" href=\"https:\/\/proventuss.eu\/en\/produkt\/cleaning-solvent-vi-pro-easy-to-clean\/\" \/>\n<meta property=\"og:locale\" content=\"en_US\" \/>\n<meta property=\"og:type\" content=\"article\" \/>\n<meta property=\"og:title\" content=\"Cleaning solvent Vi-Pro\u00ae EASY-TO-CLEAN - Proventuss\" \/>\n<meta property=\"og:description\" content=\"For cleaning non-porous surfaces from dust, grease, oil, residues of uncured sealants. Compatible with Dowsil sealants. Fast evaporating.\" \/>\n<meta property=\"og:url\" content=\"https:\/\/proventuss.eu\/en\/produkt\/cleaning-solvent-vi-pro-easy-to-clean\/\" \/>\n<meta property=\"og:site_name\" content=\"Proventuss\" \/>\n<meta property=\"article:modified_time\" content=\"2023-04-28T12:24:22+00:00\" \/>\n<meta property=\"og:image\" content=\"https:\/\/proventuss.eu\/wp-content\/uploads\/2022\/04\/Easy-To-Clean1.png\" \/>\n\t<meta property=\"og:image:width\" content=\"640\" \/>\n\t<meta property=\"og:image:height\" content=\"640\" \/>\n\t<meta property=\"og:image:type\" content=\"image\/png\" \/>\n<meta name=\"twitter:card\" content=\"summary_large_image\" \/>\n<meta name=\"twitter:label1\" content=\"Est. reading time\" \/>\n\t<meta name=\"twitter:data1\" content=\"1 minute\" \/>\n<script type=\"application\/ld+json\" class=\"yoast-schema-graph\">{\"@context\":\"https:\/\/schema.org\",\"@graph\":[{\"@type\":\"WebPage\",\"@id\":\"https:\/\/proventuss.eu\/en\/produkt\/cleaning-solvent-vi-pro-easy-to-clean\/\",\"url\":\"https:\/\/proventuss.eu\/en\/produkt\/cleaning-solvent-vi-pro-easy-to-clean\/\",\"name\":\"Cleaning solvent Vi-Pro\u00ae EASY-TO-CLEAN - Proventuss\",\"isPartOf\":{\"@id\":\"https:\/\/proventuss.eu\/#website\"},\"primaryImageOfPage\":{\"@id\":\"https:\/\/proventuss.eu\/en\/produkt\/cleaning-solvent-vi-pro-easy-to-clean\/#primaryimage\"},\"image\":{\"@id\":\"https:\/\/proventuss.eu\/en\/produkt\/cleaning-solvent-vi-pro-easy-to-clean\/#primaryimage\"},\"thumbnailUrl\":\"https:\/\/proventuss.eu\/wp-content\/uploads\/2022\/04\/Easy-To-Clean1.png\",\"datePublished\":\"2022-04-26T11:48:09+00:00\",\"dateModified\":\"2023-04-28T12:24:22+00:00\",\"description\":\"For cleaning non-porous surfaces from dust, grease, oil, residues of uncured sealants. Compatible with Dowsil sealants. Fast evaporating.\",\"breadcrumb\":{\"@id\":\"https:\/\/proventuss.eu\/en\/produkt\/cleaning-solvent-vi-pro-easy-to-clean\/#breadcrumb\"},\"inLanguage\":\"en-US\",\"potentialAction\":[{\"@type\":\"ReadAction\",\"target\":[\"https:\/\/proventuss.eu\/en\/produkt\/cleaning-solvent-vi-pro-easy-to-clean\/\"]}]},{\"@type\":\"ImageObject\",\"inLanguage\":\"en-US\",\"@id\":\"https:\/\/proventuss.eu\/en\/produkt\/cleaning-solvent-vi-pro-easy-to-clean\/#primaryimage\",\"url\":\"https:\/\/proventuss.eu\/wp-content\/uploads\/2022\/04\/Easy-To-Clean1.png\",\"contentUrl\":\"https:\/\/proventuss.eu\/wp-content\/uploads\/2022\/04\/Easy-To-Clean1.png\",\"width\":640,\"height\":640,\"caption\":\"Na zdj\u0119ciu Rozpuszczalnik czyszcz\u0105cy do czyszczenia powierzchni nieporowatych z kurzu, t\u0142uszczu, oleju, pozosta\u0142o\u015bci nieutwardzonych szczeliw.\"},{\"@type\":\"BreadcrumbList\",\"@id\":\"https:\/\/proventuss.eu\/en\/produkt\/cleaning-solvent-vi-pro-easy-to-clean\/#breadcrumb\",\"itemListElement\":[{\"@type\":\"ListItem\",\"position\":1,\"name\":\"Home\",\"item\":\"https:\/\/proventuss.eu\/\"},{\"@type\":\"ListItem\",\"position\":2,\"name\":\"Shop\",\"item\":\"https:\/\/proventuss.eu\/en\/shop\/\"},{\"@type\":\"ListItem\",\"position\":3,\"name\":\"Cleaning solvent Vi-Pro\u00ae EASY-TO-CLEAN\"}]},{\"@type\":\"WebSite\",\"@id\":\"https:\/\/proventuss.eu\/#website\",\"url\":\"https:\/\/proventuss.eu\/\",\"name\":\"Proventuss\",\"description\":\"\",\"potentialAction\":[{\"@type\":\"SearchAction\",\"target\":{\"@type\":\"EntryPoint\",\"urlTemplate\":\"https:\/\/proventuss.eu\/?s={search_term_string}\"},\"query-input\":\"required name=search_term_string\"}],\"inLanguage\":\"en-US\"}]}<\/script>\n<!-- \/ Yoast SEO plugin. -->","yoast_head_json":{"title":"Cleaning solvent Vi-Pro\u00ae EASY-TO-CLEAN - Proventuss","description":"For cleaning non-porous surfaces from dust, grease, oil, residues of uncured sealants. Compatible with Dowsil sealants. Fast evaporating.","robots":{"index":"index","follow":"follow","max-snippet":"max-snippet:-1","max-image-preview":"max-image-preview:large","max-video-preview":"max-video-preview:-1"},"canonical":"https:\/\/proventuss.eu\/en\/produkt\/cleaning-solvent-vi-pro-easy-to-clean\/","og_locale":"en_US","og_type":"article","og_title":"Cleaning solvent Vi-Pro\u00ae EASY-TO-CLEAN - Proventuss","og_description":"For cleaning non-porous surfaces from dust, grease, oil, residues of uncured sealants. Compatible with Dowsil sealants. Fast evaporating.","og_url":"https:\/\/proventuss.eu\/en\/produkt\/cleaning-solvent-vi-pro-easy-to-clean\/","og_site_name":"Proventuss","article_modified_time":"2023-04-28T12:24:22+00:00","og_image":[{"width":640,"height":640,"url":"https:\/\/proventuss.eu\/wp-content\/uploads\/2022\/04\/Easy-To-Clean1.png","type":"image\/png"}],"twitter_card":"summary_large_image","twitter_misc":{"Est. reading time":"1 minute"},"schema":{"@context":"https:\/\/schema.org","@graph":[{"@type":"WebPage","@id":"https:\/\/proventuss.eu\/en\/produkt\/cleaning-solvent-vi-pro-easy-to-clean\/","url":"https:\/\/proventuss.eu\/en\/produkt\/cleaning-solvent-vi-pro-easy-to-clean\/","name":"Cleaning solvent Vi-Pro\u00ae EASY-TO-CLEAN - Proventuss","isPartOf":{"@id":"https:\/\/proventuss.eu\/#website"},"primaryImageOfPage":{"@id":"https:\/\/proventuss.eu\/en\/produkt\/cleaning-solvent-vi-pro-easy-to-clean\/#primaryimage"},"image":{"@id":"https:\/\/proventuss.eu\/en\/produkt\/cleaning-solvent-vi-pro-easy-to-clean\/#primaryimage"},"thumbnailUrl":"https:\/\/proventuss.eu\/wp-content\/uploads\/2022\/04\/Easy-To-Clean1.png","datePublished":"2022-04-26T11:48:09+00:00","dateModified":"2023-04-28T12:24:22+00:00","description":"For cleaning non-porous surfaces from dust, grease, oil, residues of uncured sealants. Compatible with Dowsil sealants. Fast evaporating.","breadcrumb":{"@id":"https:\/\/proventuss.eu\/en\/produkt\/cleaning-solvent-vi-pro-easy-to-clean\/#breadcrumb"},"inLanguage":"en-US","potentialAction":[{"@type":"ReadAction","target":["https:\/\/proventuss.eu\/en\/produkt\/cleaning-solvent-vi-pro-easy-to-clean\/"]}]},{"@type":"ImageObject","inLanguage":"en-US","@id":"https:\/\/proventuss.eu\/en\/produkt\/cleaning-solvent-vi-pro-easy-to-clean\/#primaryimage","url":"https:\/\/proventuss.eu\/wp-content\/uploads\/2022\/04\/Easy-To-Clean1.png","contentUrl":"https:\/\/proventuss.eu\/wp-content\/uploads\/2022\/04\/Easy-To-Clean1.png","width":640,"height":640,"caption":"Na zdj\u0119ciu Rozpuszczalnik czyszcz\u0105cy do czyszczenia powierzchni nieporowatych z kurzu, t\u0142uszczu, oleju, pozosta\u0142o\u015bci nieutwardzonych szczeliw."},{"@type":"BreadcrumbList","@id":"https:\/\/proventuss.eu\/en\/produkt\/cleaning-solvent-vi-pro-easy-to-clean\/#breadcrumb","itemListElement":[{"@type":"ListItem","position":1,"name":"Home","item":"https:\/\/proventuss.eu\/"},{"@type":"ListItem","position":2,"name":"Shop","item":"https:\/\/proventuss.eu\/en\/shop\/"},{"@type":"ListItem","position":3,"name":"Cleaning solvent Vi-Pro\u00ae EASY-TO-CLEAN"}]},{"@type":"WebSite","@id":"https:\/\/proventuss.eu\/#website","url":"https:\/\/proventuss.eu\/","name":"Proventuss","description":"","potentialAction":[{"@type":"SearchAction","target":{"@type":"EntryPoint","urlTemplate":"https:\/\/proventuss.eu\/?s={search_term_string}"},"query-input":"required name=search_term_string"}],"inLanguage":"en-US"}]}},"_links":{"self":[{"href":"https:\/\/proventuss.eu\/en\/wp-json\/wp\/v2\/product\/3050"}],"collection":[{"href":"https:\/\/proventuss.eu\/en\/wp-json\/wp\/v2\/product"}],"about":[{"href":"https:\/\/proventuss.eu\/en\/wp-json\/wp\/v2\/types\/product"}],"replies":[{"embeddable":true,"href":"https:\/\/proventuss.eu\/en\/wp-json\/wp\/v2\/comments?post=3050"}],"wp:featuredmedia":[{"embeddable":true,"href":"https:\/\/proventuss.eu\/en\/wp-json\/wp\/v2\/media\/2154"}],"wp:attachment":[{"href":"https:\/\/proventuss.eu\/en\/wp-json\/wp\/v2\/media?parent=3050"}],"wp:term":[{"taxonomy":"product_cat","embeddable":true,"href":"https:\/\/proventuss.eu\/en\/wp-json\/wp\/v2\/product_cat?post=3050"},{"taxonomy":"product_tag","embeddable":true,"href":"https:\/\/proventuss.eu\/en\/wp-json\/wp\/v2\/product_tag?post=3050"}],"curies":[{"name":"wp","href":"https:\/\/api.w.org\/{rel}","templated":true}]}}