{"id":3047,"date":"2022-04-26T11:35:44","date_gmt":"2022-04-26T11:35:44","guid":{"rendered":"https:\/\/proventuss.eu\/produkt\/vi-pro-easy-to-tool\/"},"modified":"2023-07-18T10:09:47","modified_gmt":"2023-07-18T10:09:47","slug":"liquid-for-smoothing-sealants-vi-pro-easy-to-tool","status":"publish","type":"product","link":"https:\/\/proventuss.eu\/en\/product\/liquid-for-smoothing-sealants-vi-pro-easy-to-tool\/","title":{"rendered":"Liquid for smoothing sealants Vi-Pro\u00ae EASY TO TOOL"},"content":{"rendered":"<p>Vi-Pro Easy To Tool Liquid for Sealant Tooling is a concentrated smoothing agent, aqueous solution made of surfactants and additives, used to smooth silicone, polyurethane, polysulfide and hybrid sealants. The product is water based, and is safe for the workers. Vi-Pro Easy to Tool is suitable for tooling secondary sealants in insulating glass and also as a separating agent for use on racks.<\/p>\n<p><strong>Advantages:<\/strong><\/p>\n<ul>\n<li>Keeps the shine of the sealant surface intact.<\/li>\n<li>Colouring pigments of the sealant are not washed off.<\/li>\n<li>Dermatologically tested ingredients.<\/li>\n<li>Does not dry out the skin.<\/li>\n<li>Suitable for all sealants.<\/li>\n<li>Prevents IG units from sticking to the racks.<\/li>\n<li>Free of acids, lye and solvents; neutral.<\/li>\n<\/ul>\n","protected":false},"excerpt":{"rendered":"<p>Vi-Pro Easy To Tool Liquid for Sealant Tooling is a concentrated smoothing agent, aqueous solution made of surfactants and additives, used to smooth silicone, polyurethane, polysulfide and hybrid sealants. The product is water based, and is safe for the workers. Vi-Pro Easy to Tool is suitable for tooling secondary sealants in insulating glass and also [&hellip;]<\/p>\n","protected":false},"featured_media":2646,"comment_status":"open","ping_status":"closed","template":"","meta":{"_acf_changed":false},"product_cat":[169,175],"product_tag":[],"acf":[],"yoast_head":"<!-- This site is optimized with the Yoast SEO plugin v22.9 - https:\/\/yoast.com\/wordpress\/plugins\/seo\/ -->\n<title>Liquid for smoothing sealants Vi-Pro\u00ae EASY TO TOOL - Proventuss<\/title>\n<meta name=\"description\" content=\"Facilitates profiling and smoothing of joints and grouts of silicone, acrylic, polyurethane sealants. Concentrate for dilution with water.\" \/>\n<meta name=\"robots\" content=\"index, follow, max-snippet:-1, max-image-preview:large, max-video-preview:-1\" \/>\n<link rel=\"canonical\" href=\"https:\/\/proventuss.eu\/en\/produkt\/liquid-for-smoothing-sealants-vi-pro-easy-to-tool\/\" \/>\n<meta property=\"og:locale\" content=\"en_US\" \/>\n<meta property=\"og:type\" content=\"article\" \/>\n<meta property=\"og:title\" content=\"Liquid for smoothing sealants Vi-Pro\u00ae EASY TO TOOL - Proventuss\" \/>\n<meta property=\"og:description\" content=\"Facilitates profiling and smoothing of joints and grouts of silicone, acrylic, polyurethane sealants. Concentrate for dilution with water.\" \/>\n<meta property=\"og:url\" content=\"https:\/\/proventuss.eu\/en\/produkt\/liquid-for-smoothing-sealants-vi-pro-easy-to-tool\/\" \/>\n<meta property=\"og:site_name\" content=\"Proventuss\" \/>\n<meta property=\"article:modified_time\" content=\"2023-07-18T10:09:47+00:00\" \/>\n<meta property=\"og:image\" content=\"https:\/\/proventuss.eu\/wp-content\/uploads\/2022\/04\/ETT.png\" \/>\n\t<meta property=\"og:image:width\" content=\"372\" \/>\n\t<meta property=\"og:image:height\" content=\"800\" \/>\n\t<meta property=\"og:image:type\" content=\"image\/png\" \/>\n<meta name=\"twitter:card\" content=\"summary_large_image\" \/>\n<meta name=\"twitter:label1\" content=\"Est. reading time\" \/>\n\t<meta name=\"twitter:data1\" content=\"1 minute\" \/>\n<script type=\"application\/ld+json\" class=\"yoast-schema-graph\">{\"@context\":\"https:\/\/schema.org\",\"@graph\":[{\"@type\":\"WebPage\",\"@id\":\"https:\/\/proventuss.eu\/en\/produkt\/liquid-for-smoothing-sealants-vi-pro-easy-to-tool\/\",\"url\":\"https:\/\/proventuss.eu\/en\/produkt\/liquid-for-smoothing-sealants-vi-pro-easy-to-tool\/\",\"name\":\"Liquid for smoothing sealants Vi-Pro\u00ae EASY TO TOOL - Proventuss\",\"isPartOf\":{\"@id\":\"https:\/\/proventuss.eu\/#website\"},\"primaryImageOfPage\":{\"@id\":\"https:\/\/proventuss.eu\/en\/produkt\/liquid-for-smoothing-sealants-vi-pro-easy-to-tool\/#primaryimage\"},\"image\":{\"@id\":\"https:\/\/proventuss.eu\/en\/produkt\/liquid-for-smoothing-sealants-vi-pro-easy-to-tool\/#primaryimage\"},\"thumbnailUrl\":\"https:\/\/proventuss.eu\/wp-content\/uploads\/2022\/04\/ETT.png\",\"datePublished\":\"2022-04-26T11:35:44+00:00\",\"dateModified\":\"2023-07-18T10:09:47+00:00\",\"description\":\"Facilitates profiling and smoothing of joints and grouts of silicone, acrylic, polyurethane sealants. Concentrate for dilution with water.\",\"breadcrumb\":{\"@id\":\"https:\/\/proventuss.eu\/en\/produkt\/liquid-for-smoothing-sealants-vi-pro-easy-to-tool\/#breadcrumb\"},\"inLanguage\":\"en-US\",\"potentialAction\":[{\"@type\":\"ReadAction\",\"target\":[\"https:\/\/proventuss.eu\/en\/produkt\/liquid-for-smoothing-sealants-vi-pro-easy-to-tool\/\"]}]},{\"@type\":\"ImageObject\",\"inLanguage\":\"en-US\",\"@id\":\"https:\/\/proventuss.eu\/en\/produkt\/liquid-for-smoothing-sealants-vi-pro-easy-to-tool\/#primaryimage\",\"url\":\"https:\/\/proventuss.eu\/wp-content\/uploads\/2022\/04\/ETT.png\",\"contentUrl\":\"https:\/\/proventuss.eu\/wp-content\/uploads\/2022\/04\/ETT.png\",\"width\":372,\"height\":800,\"caption\":\"Na zdj\u0119ciu P\u0142yn do wyg\u0142adzania szczeliw u\u0142atwia profilowanie oraz wyg\u0142adzanie spoin i fug uszczelnie\u0144 silikonowych, akrylowych, poliuretanowych.\"},{\"@type\":\"BreadcrumbList\",\"@id\":\"https:\/\/proventuss.eu\/en\/produkt\/liquid-for-smoothing-sealants-vi-pro-easy-to-tool\/#breadcrumb\",\"itemListElement\":[{\"@type\":\"ListItem\",\"position\":1,\"name\":\"Home\",\"item\":\"https:\/\/proventuss.eu\/\"},{\"@type\":\"ListItem\",\"position\":2,\"name\":\"Shop\",\"item\":\"https:\/\/proventuss.eu\/en\/shop\/\"},{\"@type\":\"ListItem\",\"position\":3,\"name\":\"Liquid for smoothing sealants Vi-Pro\u00ae EASY TO TOOL\"}]},{\"@type\":\"WebSite\",\"@id\":\"https:\/\/proventuss.eu\/#website\",\"url\":\"https:\/\/proventuss.eu\/\",\"name\":\"Proventuss\",\"description\":\"\",\"potentialAction\":[{\"@type\":\"SearchAction\",\"target\":{\"@type\":\"EntryPoint\",\"urlTemplate\":\"https:\/\/proventuss.eu\/?s={search_term_string}\"},\"query-input\":\"required name=search_term_string\"}],\"inLanguage\":\"en-US\"}]}<\/script>\n<!-- \/ Yoast SEO plugin. -->","yoast_head_json":{"title":"Liquid for smoothing sealants Vi-Pro\u00ae EASY TO TOOL - Proventuss","description":"Facilitates profiling and smoothing of joints and grouts of silicone, acrylic, polyurethane sealants. Concentrate for dilution with water.","robots":{"index":"index","follow":"follow","max-snippet":"max-snippet:-1","max-image-preview":"max-image-preview:large","max-video-preview":"max-video-preview:-1"},"canonical":"https:\/\/proventuss.eu\/en\/produkt\/liquid-for-smoothing-sealants-vi-pro-easy-to-tool\/","og_locale":"en_US","og_type":"article","og_title":"Liquid for smoothing sealants Vi-Pro\u00ae EASY TO TOOL - Proventuss","og_description":"Facilitates profiling and smoothing of joints and grouts of silicone, acrylic, polyurethane sealants. Concentrate for dilution with water.","og_url":"https:\/\/proventuss.eu\/en\/produkt\/liquid-for-smoothing-sealants-vi-pro-easy-to-tool\/","og_site_name":"Proventuss","article_modified_time":"2023-07-18T10:09:47+00:00","og_image":[{"width":372,"height":800,"url":"https:\/\/proventuss.eu\/wp-content\/uploads\/2022\/04\/ETT.png","type":"image\/png"}],"twitter_card":"summary_large_image","twitter_misc":{"Est. reading time":"1 minute"},"schema":{"@context":"https:\/\/schema.org","@graph":[{"@type":"WebPage","@id":"https:\/\/proventuss.eu\/en\/produkt\/liquid-for-smoothing-sealants-vi-pro-easy-to-tool\/","url":"https:\/\/proventuss.eu\/en\/produkt\/liquid-for-smoothing-sealants-vi-pro-easy-to-tool\/","name":"Liquid for smoothing sealants Vi-Pro\u00ae EASY TO TOOL - Proventuss","isPartOf":{"@id":"https:\/\/proventuss.eu\/#website"},"primaryImageOfPage":{"@id":"https:\/\/proventuss.eu\/en\/produkt\/liquid-for-smoothing-sealants-vi-pro-easy-to-tool\/#primaryimage"},"image":{"@id":"https:\/\/proventuss.eu\/en\/produkt\/liquid-for-smoothing-sealants-vi-pro-easy-to-tool\/#primaryimage"},"thumbnailUrl":"https:\/\/proventuss.eu\/wp-content\/uploads\/2022\/04\/ETT.png","datePublished":"2022-04-26T11:35:44+00:00","dateModified":"2023-07-18T10:09:47+00:00","description":"Facilitates profiling and smoothing of joints and grouts of silicone, acrylic, polyurethane sealants. Concentrate for dilution with water.","breadcrumb":{"@id":"https:\/\/proventuss.eu\/en\/produkt\/liquid-for-smoothing-sealants-vi-pro-easy-to-tool\/#breadcrumb"},"inLanguage":"en-US","potentialAction":[{"@type":"ReadAction","target":["https:\/\/proventuss.eu\/en\/produkt\/liquid-for-smoothing-sealants-vi-pro-easy-to-tool\/"]}]},{"@type":"ImageObject","inLanguage":"en-US","@id":"https:\/\/proventuss.eu\/en\/produkt\/liquid-for-smoothing-sealants-vi-pro-easy-to-tool\/#primaryimage","url":"https:\/\/proventuss.eu\/wp-content\/uploads\/2022\/04\/ETT.png","contentUrl":"https:\/\/proventuss.eu\/wp-content\/uploads\/2022\/04\/ETT.png","width":372,"height":800,"caption":"Na zdj\u0119ciu P\u0142yn do wyg\u0142adzania szczeliw u\u0142atwia profilowanie oraz wyg\u0142adzanie spoin i fug uszczelnie\u0144 silikonowych, akrylowych, poliuretanowych."},{"@type":"BreadcrumbList","@id":"https:\/\/proventuss.eu\/en\/produkt\/liquid-for-smoothing-sealants-vi-pro-easy-to-tool\/#breadcrumb","itemListElement":[{"@type":"ListItem","position":1,"name":"Home","item":"https:\/\/proventuss.eu\/"},{"@type":"ListItem","position":2,"name":"Shop","item":"https:\/\/proventuss.eu\/en\/shop\/"},{"@type":"ListItem","position":3,"name":"Liquid for smoothing sealants Vi-Pro\u00ae EASY TO TOOL"}]},{"@type":"WebSite","@id":"https:\/\/proventuss.eu\/#website","url":"https:\/\/proventuss.eu\/","name":"Proventuss","description":"","potentialAction":[{"@type":"SearchAction","target":{"@type":"EntryPoint","urlTemplate":"https:\/\/proventuss.eu\/?s={search_term_string}"},"query-input":"required name=search_term_string"}],"inLanguage":"en-US"}]}},"_links":{"self":[{"href":"https:\/\/proventuss.eu\/en\/wp-json\/wp\/v2\/product\/3047"}],"collection":[{"href":"https:\/\/proventuss.eu\/en\/wp-json\/wp\/v2\/product"}],"about":[{"href":"https:\/\/proventuss.eu\/en\/wp-json\/wp\/v2\/types\/product"}],"replies":[{"embeddable":true,"href":"https:\/\/proventuss.eu\/en\/wp-json\/wp\/v2\/comments?post=3047"}],"wp:featuredmedia":[{"embeddable":true,"href":"https:\/\/proventuss.eu\/en\/wp-json\/wp\/v2\/media\/2646"}],"wp:attachment":[{"href":"https:\/\/proventuss.eu\/en\/wp-json\/wp\/v2\/media?parent=3047"}],"wp:term":[{"taxonomy":"product_cat","embeddable":true,"href":"https:\/\/proventuss.eu\/en\/wp-json\/wp\/v2\/product_cat?post=3047"},{"taxonomy":"product_tag","embeddable":true,"href":"https:\/\/proventuss.eu\/en\/wp-json\/wp\/v2\/product_tag?post=3047"}],"curies":[{"name":"wp","href":"https:\/\/api.w.org\/{rel}","templated":true}]}}