{"id":3037,"date":"2022-04-26T10:45:35","date_gmt":"2022-04-26T10:45:35","guid":{"rendered":"https:\/\/proventuss.eu\/produkt\/vi-pro-backer-rod\/"},"modified":"2022-11-24T08:24:14","modified_gmt":"2022-11-24T08:24:14","slug":"polyethylene-foam-filling-cord-vi-pro-backer-rod","status":"publish","type":"product","link":"https:\/\/proventuss.eu\/en\/product\/polyethylene-foam-filling-cord-vi-pro-backer-rod\/","title":{"rendered":"Polyethylene foam filling cord Vi-Pro\u00ae BACKER ROD"},"content":{"rendered":"<p><strong>POLYETHYLENE FOAM FILLING CORD.<\/strong> Flexible expansion and sealing for windows and facades installation, building insulation and other renovation and construction works is provided by a filling cord made of Vi-Pro\u00ae Backer Rod polyethylene foam.<\/p>\n<p>Universal and easy to install, the cord can be used inside and outside the building, on vertical and horizontal surfaces. The cord creates initial filling of the gaps, allows for their correct cross-section and reduces the consumption of filling material (e.g. silicone).<\/p>\n<p><strong>BENEFITS:<\/strong><br \/>\n\u2022 Universal &#8211; for sealing and dilatation in various applications<br \/>\n\u2022 Easy to use, to be cut to the desired length<\/p>\n<p><strong>AVAILABLE DIMENSIONS:<\/strong><br \/>\n6 mm, 8 mm, 10 mm<br \/>\nRoll of 25 m<\/p>\n","protected":false},"excerpt":{"rendered":"<p>POLYETHYLENE FOAM FILLING CORD. Flexible expansion and sealing for windows and facades installation, building insulation and other renovation and construction works is provided by a filling cord made of Vi-Pro\u00ae Backer Rod polyethylene foam. Universal and easy to install, the cord can be used inside and outside the building, on vertical and horizontal surfaces. The [&hellip;]<\/p>\n","protected":false},"featured_media":2118,"comment_status":"open","ping_status":"closed","template":"","meta":{"_acf_changed":false},"product_cat":[154],"product_tag":[],"acf":[],"yoast_head":"<!-- This site is optimized with the Yoast SEO plugin v22.9 - https:\/\/yoast.com\/wordpress\/plugins\/seo\/ -->\n<title>Polyethylene foam filling cord Vi-Pro\u00ae BACKER ROD - Proventuss<\/title>\n<meta name=\"description\" content=\"Flexible expansion joint filling and sealing for window and fa\u00e7ade installation, building insulation and other renovation and construction work.\" \/>\n<meta name=\"robots\" content=\"index, follow, max-snippet:-1, max-image-preview:large, max-video-preview:-1\" \/>\n<link rel=\"canonical\" href=\"https:\/\/proventuss.eu\/en\/produkt\/polyethylene-foam-filling-cord-vi-pro-backer-rod\/\" \/>\n<meta property=\"og:locale\" content=\"en_US\" \/>\n<meta property=\"og:type\" content=\"article\" \/>\n<meta property=\"og:title\" content=\"Polyethylene foam filling cord Vi-Pro\u00ae BACKER ROD - Proventuss\" \/>\n<meta property=\"og:description\" content=\"Flexible expansion joint filling and sealing for window and fa\u00e7ade installation, building insulation and other renovation and construction work.\" \/>\n<meta property=\"og:url\" content=\"https:\/\/proventuss.eu\/en\/produkt\/polyethylene-foam-filling-cord-vi-pro-backer-rod\/\" \/>\n<meta property=\"og:site_name\" content=\"Proventuss\" \/>\n<meta property=\"article:modified_time\" content=\"2022-11-24T08:24:14+00:00\" \/>\n<meta property=\"og:image\" content=\"https:\/\/proventuss.eu\/wp-content\/uploads\/2022\/04\/Vi-Pro-Backer-Rod-8-mm-na-25-m.png\" \/>\n\t<meta property=\"og:image:width\" content=\"640\" \/>\n\t<meta property=\"og:image:height\" content=\"640\" \/>\n\t<meta property=\"og:image:type\" content=\"image\/png\" \/>\n<meta name=\"twitter:card\" content=\"summary_large_image\" \/>\n<meta name=\"twitter:label1\" content=\"Est. reading time\" \/>\n\t<meta name=\"twitter:data1\" content=\"1 minute\" \/>\n<script type=\"application\/ld+json\" class=\"yoast-schema-graph\">{\"@context\":\"https:\/\/schema.org\",\"@graph\":[{\"@type\":\"WebPage\",\"@id\":\"https:\/\/proventuss.eu\/en\/produkt\/polyethylene-foam-filling-cord-vi-pro-backer-rod\/\",\"url\":\"https:\/\/proventuss.eu\/en\/produkt\/polyethylene-foam-filling-cord-vi-pro-backer-rod\/\",\"name\":\"Polyethylene foam filling cord Vi-Pro\u00ae BACKER ROD - Proventuss\",\"isPartOf\":{\"@id\":\"https:\/\/proventuss.eu\/#website\"},\"primaryImageOfPage\":{\"@id\":\"https:\/\/proventuss.eu\/en\/produkt\/polyethylene-foam-filling-cord-vi-pro-backer-rod\/#primaryimage\"},\"image\":{\"@id\":\"https:\/\/proventuss.eu\/en\/produkt\/polyethylene-foam-filling-cord-vi-pro-backer-rod\/#primaryimage\"},\"thumbnailUrl\":\"https:\/\/proventuss.eu\/wp-content\/uploads\/2022\/04\/Vi-Pro-Backer-Rod-8-mm-na-25-m.png\",\"datePublished\":\"2022-04-26T10:45:35+00:00\",\"dateModified\":\"2022-11-24T08:24:14+00:00\",\"description\":\"Flexible expansion joint filling and sealing for window and fa\u00e7ade installation, building insulation and other renovation and construction work.\",\"breadcrumb\":{\"@id\":\"https:\/\/proventuss.eu\/en\/produkt\/polyethylene-foam-filling-cord-vi-pro-backer-rod\/#breadcrumb\"},\"inLanguage\":\"en-US\",\"potentialAction\":[{\"@type\":\"ReadAction\",\"target\":[\"https:\/\/proventuss.eu\/en\/produkt\/polyethylene-foam-filling-cord-vi-pro-backer-rod\/\"]}]},{\"@type\":\"ImageObject\",\"inLanguage\":\"en-US\",\"@id\":\"https:\/\/proventuss.eu\/en\/produkt\/polyethylene-foam-filling-cord-vi-pro-backer-rod\/#primaryimage\",\"url\":\"https:\/\/proventuss.eu\/wp-content\/uploads\/2022\/04\/Vi-Pro-Backer-Rod-8-mm-na-25-m.png\",\"contentUrl\":\"https:\/\/proventuss.eu\/wp-content\/uploads\/2022\/04\/Vi-Pro-Backer-Rod-8-mm-na-25-m.png\",\"width\":640,\"height\":640,\"caption\":\"Na zdj\u0119ciu sznur wype\u0142niaj\u0105cy z pianki polietylenowej - elastyczne wype\u0142nienie dylatacyjne i uszczelnienie przy monta\u017cu okien i fasad.\"},{\"@type\":\"BreadcrumbList\",\"@id\":\"https:\/\/proventuss.eu\/en\/produkt\/polyethylene-foam-filling-cord-vi-pro-backer-rod\/#breadcrumb\",\"itemListElement\":[{\"@type\":\"ListItem\",\"position\":1,\"name\":\"Home\",\"item\":\"https:\/\/proventuss.eu\/\"},{\"@type\":\"ListItem\",\"position\":2,\"name\":\"Shop\",\"item\":\"https:\/\/proventuss.eu\/en\/shop\/\"},{\"@type\":\"ListItem\",\"position\":3,\"name\":\"Polyethylene foam filling cord Vi-Pro\u00ae BACKER ROD\"}]},{\"@type\":\"WebSite\",\"@id\":\"https:\/\/proventuss.eu\/#website\",\"url\":\"https:\/\/proventuss.eu\/\",\"name\":\"Proventuss\",\"description\":\"\",\"potentialAction\":[{\"@type\":\"SearchAction\",\"target\":{\"@type\":\"EntryPoint\",\"urlTemplate\":\"https:\/\/proventuss.eu\/?s={search_term_string}\"},\"query-input\":\"required name=search_term_string\"}],\"inLanguage\":\"en-US\"}]}<\/script>\n<!-- \/ Yoast SEO plugin. -->","yoast_head_json":{"title":"Polyethylene foam filling cord Vi-Pro\u00ae BACKER ROD - Proventuss","description":"Flexible expansion joint filling and sealing for window and fa\u00e7ade installation, building insulation and other renovation and construction work.","robots":{"index":"index","follow":"follow","max-snippet":"max-snippet:-1","max-image-preview":"max-image-preview:large","max-video-preview":"max-video-preview:-1"},"canonical":"https:\/\/proventuss.eu\/en\/produkt\/polyethylene-foam-filling-cord-vi-pro-backer-rod\/","og_locale":"en_US","og_type":"article","og_title":"Polyethylene foam filling cord Vi-Pro\u00ae BACKER ROD - Proventuss","og_description":"Flexible expansion joint filling and sealing for window and fa\u00e7ade installation, building insulation and other renovation and construction work.","og_url":"https:\/\/proventuss.eu\/en\/produkt\/polyethylene-foam-filling-cord-vi-pro-backer-rod\/","og_site_name":"Proventuss","article_modified_time":"2022-11-24T08:24:14+00:00","og_image":[{"width":640,"height":640,"url":"https:\/\/proventuss.eu\/wp-content\/uploads\/2022\/04\/Vi-Pro-Backer-Rod-8-mm-na-25-m.png","type":"image\/png"}],"twitter_card":"summary_large_image","twitter_misc":{"Est. reading time":"1 minute"},"schema":{"@context":"https:\/\/schema.org","@graph":[{"@type":"WebPage","@id":"https:\/\/proventuss.eu\/en\/produkt\/polyethylene-foam-filling-cord-vi-pro-backer-rod\/","url":"https:\/\/proventuss.eu\/en\/produkt\/polyethylene-foam-filling-cord-vi-pro-backer-rod\/","name":"Polyethylene foam filling cord Vi-Pro\u00ae BACKER ROD - Proventuss","isPartOf":{"@id":"https:\/\/proventuss.eu\/#website"},"primaryImageOfPage":{"@id":"https:\/\/proventuss.eu\/en\/produkt\/polyethylene-foam-filling-cord-vi-pro-backer-rod\/#primaryimage"},"image":{"@id":"https:\/\/proventuss.eu\/en\/produkt\/polyethylene-foam-filling-cord-vi-pro-backer-rod\/#primaryimage"},"thumbnailUrl":"https:\/\/proventuss.eu\/wp-content\/uploads\/2022\/04\/Vi-Pro-Backer-Rod-8-mm-na-25-m.png","datePublished":"2022-04-26T10:45:35+00:00","dateModified":"2022-11-24T08:24:14+00:00","description":"Flexible expansion joint filling and sealing for window and fa\u00e7ade installation, building insulation and other renovation and construction work.","breadcrumb":{"@id":"https:\/\/proventuss.eu\/en\/produkt\/polyethylene-foam-filling-cord-vi-pro-backer-rod\/#breadcrumb"},"inLanguage":"en-US","potentialAction":[{"@type":"ReadAction","target":["https:\/\/proventuss.eu\/en\/produkt\/polyethylene-foam-filling-cord-vi-pro-backer-rod\/"]}]},{"@type":"ImageObject","inLanguage":"en-US","@id":"https:\/\/proventuss.eu\/en\/produkt\/polyethylene-foam-filling-cord-vi-pro-backer-rod\/#primaryimage","url":"https:\/\/proventuss.eu\/wp-content\/uploads\/2022\/04\/Vi-Pro-Backer-Rod-8-mm-na-25-m.png","contentUrl":"https:\/\/proventuss.eu\/wp-content\/uploads\/2022\/04\/Vi-Pro-Backer-Rod-8-mm-na-25-m.png","width":640,"height":640,"caption":"Na zdj\u0119ciu sznur wype\u0142niaj\u0105cy z pianki polietylenowej - elastyczne wype\u0142nienie dylatacyjne i uszczelnienie przy monta\u017cu okien i fasad."},{"@type":"BreadcrumbList","@id":"https:\/\/proventuss.eu\/en\/produkt\/polyethylene-foam-filling-cord-vi-pro-backer-rod\/#breadcrumb","itemListElement":[{"@type":"ListItem","position":1,"name":"Home","item":"https:\/\/proventuss.eu\/"},{"@type":"ListItem","position":2,"name":"Shop","item":"https:\/\/proventuss.eu\/en\/shop\/"},{"@type":"ListItem","position":3,"name":"Polyethylene foam filling cord Vi-Pro\u00ae BACKER ROD"}]},{"@type":"WebSite","@id":"https:\/\/proventuss.eu\/#website","url":"https:\/\/proventuss.eu\/","name":"Proventuss","description":"","potentialAction":[{"@type":"SearchAction","target":{"@type":"EntryPoint","urlTemplate":"https:\/\/proventuss.eu\/?s={search_term_string}"},"query-input":"required name=search_term_string"}],"inLanguage":"en-US"}]}},"_links":{"self":[{"href":"https:\/\/proventuss.eu\/en\/wp-json\/wp\/v2\/product\/3037"}],"collection":[{"href":"https:\/\/proventuss.eu\/en\/wp-json\/wp\/v2\/product"}],"about":[{"href":"https:\/\/proventuss.eu\/en\/wp-json\/wp\/v2\/types\/product"}],"replies":[{"embeddable":true,"href":"https:\/\/proventuss.eu\/en\/wp-json\/wp\/v2\/comments?post=3037"}],"wp:featuredmedia":[{"embeddable":true,"href":"https:\/\/proventuss.eu\/en\/wp-json\/wp\/v2\/media\/2118"}],"wp:attachment":[{"href":"https:\/\/proventuss.eu\/en\/wp-json\/wp\/v2\/media?parent=3037"}],"wp:term":[{"taxonomy":"product_cat","embeddable":true,"href":"https:\/\/proventuss.eu\/en\/wp-json\/wp\/v2\/product_cat?post=3037"},{"taxonomy":"product_tag","embeddable":true,"href":"https:\/\/proventuss.eu\/en\/wp-json\/wp\/v2\/product_tag?post=3037"}],"curies":[{"name":"wp","href":"https:\/\/api.w.org\/{rel}","templated":true}]}}