{"id":3034,"date":"2022-04-26T10:34:58","date_gmt":"2022-04-26T10:34:58","guid":{"rendered":"https:\/\/proventuss.eu\/produkt\/vi-pro-strongbond-sb55-ms\/"},"modified":"2024-11-28T10:20:39","modified_gmt":"2024-11-28T10:20:39","slug":"one-component-elastic-adhesive-vi-pro-strongbond-sb55-ms","status":"publish","type":"product","link":"https:\/\/proventuss.eu\/en\/product\/one-component-elastic-adhesive-vi-pro-strongbond-sb55-ms\/","title":{"rendered":"One-component elastic adhesive Vi-Pro\u00ae Strongbond SB55 MS"},"content":{"rendered":"<p><strong>One-component elastic adhesive \/ sealant MS Polimer One-part MS polymer elastic adhesive and sealant.<\/strong><\/p>\n<p><strong>Vi-Pro\u00ae Strongbond SB55 MS<\/strong> is a multipurpose one-component, gun-grade, non-sagging \u2013 Silyl Modified Polymer elastic adhesive and sealant. It cures under the influence of atmospheric moisture to form a high performance, permanently flexible elastic adhesive. Solvent- and isocyanate-free.<\/p>\n<p><strong>TYPICAL APPLICATIONS:<\/strong><\/p>\n<p>Vi-Pro\u00ae Strongbond SB55 MS is versatile and performant elastic adhesive and sealant for use in elastic bonding and sealing applications in construction and industrial assembly, automotive, transportation (coach, caravan, refrigerated vehicles, containers), marine, air conditioning and ventilation, where a tough flexible rubber joint or a powerful elastic adhesive is required.<\/p>\n<p><strong>FEATURES:<\/strong><\/p>\n<ul>\n<li>Silyl-Modified Polymer<\/li>\n<li>Solvent and isocyanate free<\/li>\n<li>Good ageing and weather resistance<\/li>\n<li>Outstanding thixotropy, non-sagging, short cut-off string<\/li>\n<li>Permanently flexible over a wide range of temperatures<\/li>\n<li>No bubble formation<\/li>\n<li>Easy to gun with excellent tooling consistency<\/li>\n<li>Excellent primerless adhesion on all typical construction and industrial materials and substrates<\/li>\n<li>Neutral behavior, does not attack support surface<\/li>\n<li>No Hazard symbol required<\/li>\n<li>Over-paintable with many water and solvent based paints (preliminary tests recommended)<\/li>\n<\/ul>\n<p><strong>Suitable for bonding:<\/strong><\/p>\n<ul>\n<li>natural stone, ceramics, wood and stone veneer,<\/li>\n<li>insulated glass in window frames ( window bonding),<\/li>\n<li>EPDM gaskets and membranes,<\/li>\n<li>panel doors,<\/li>\n<li>internal panels and claddings,<\/li>\n<li>strengthening and reinforcing of various panels,<\/li>\n<li>steps on stairs<\/li>\n<\/ul>\n","protected":false},"excerpt":{"rendered":"<p>One-component elastic adhesive \/ sealant MS Polimer One-part MS polymer elastic adhesive and sealant. Vi-Pro\u00ae Strongbond SB55 MS is a multipurpose one-component, gun-grade, non-sagging \u2013 Silyl Modified Polymer elastic adhesive and sealant. It cures under the influence of atmospheric moisture to form a high performance, permanently flexible elastic adhesive. Solvent- and isocyanate-free. TYPICAL APPLICATIONS: Vi-Pro\u00ae [&hellip;]<\/p>\n","protected":false},"featured_media":4173,"comment_status":"open","ping_status":"closed","template":"","meta":{"_acf_changed":false},"product_cat":[142,113],"product_tag":[],"acf":[],"yoast_head":"<!-- This site is optimized with the Yoast SEO plugin v22.9 - https:\/\/yoast.com\/wordpress\/plugins\/seo\/ -->\n<title>One-component elastic adhesive Vi-Pro\u00ae Strongbond SB55 MS - Proventuss<\/title>\n<meta name=\"description\" content=\"Excellent adhesion without primer to all common building and industrial materials. Permanently elastic over a wide temperature range.\" \/>\n<meta name=\"robots\" content=\"index, follow, max-snippet:-1, max-image-preview:large, max-video-preview:-1\" \/>\n<link rel=\"canonical\" href=\"https:\/\/proventuss.eu\/en\/produkt\/one-component-elastic-adhesive-vi-pro-strongbond-sb55-ms\/\" \/>\n<meta property=\"og:locale\" content=\"en_US\" \/>\n<meta property=\"og:type\" content=\"article\" \/>\n<meta property=\"og:title\" content=\"One-component elastic adhesive Vi-Pro\u00ae Strongbond SB55 MS - Proventuss\" \/>\n<meta property=\"og:description\" content=\"Excellent adhesion without primer to all common building and industrial materials. Permanently elastic over a wide temperature range.\" \/>\n<meta property=\"og:url\" content=\"https:\/\/proventuss.eu\/en\/produkt\/one-component-elastic-adhesive-vi-pro-strongbond-sb55-ms\/\" \/>\n<meta property=\"og:site_name\" content=\"Proventuss\" \/>\n<meta property=\"article:modified_time\" content=\"2024-11-28T10:20:39+00:00\" \/>\n<meta property=\"og:image\" content=\"https:\/\/proventuss.eu\/wp-content\/uploads\/2022\/04\/Vi-Pro-Strongbond-SB55-MS.png\" \/>\n\t<meta property=\"og:image:width\" content=\"357\" \/>\n\t<meta property=\"og:image:height\" content=\"1920\" \/>\n\t<meta property=\"og:image:type\" content=\"image\/png\" \/>\n<meta name=\"twitter:card\" content=\"summary_large_image\" \/>\n<meta name=\"twitter:label1\" content=\"Est. reading time\" \/>\n\t<meta name=\"twitter:data1\" content=\"2 minutes\" \/>\n<script type=\"application\/ld+json\" class=\"yoast-schema-graph\">{\"@context\":\"https:\/\/schema.org\",\"@graph\":[{\"@type\":\"WebPage\",\"@id\":\"https:\/\/proventuss.eu\/en\/produkt\/one-component-elastic-adhesive-vi-pro-strongbond-sb55-ms\/\",\"url\":\"https:\/\/proventuss.eu\/en\/produkt\/one-component-elastic-adhesive-vi-pro-strongbond-sb55-ms\/\",\"name\":\"One-component elastic adhesive Vi-Pro\u00ae Strongbond SB55 MS - Proventuss\",\"isPartOf\":{\"@id\":\"https:\/\/proventuss.eu\/#website\"},\"primaryImageOfPage\":{\"@id\":\"https:\/\/proventuss.eu\/en\/produkt\/one-component-elastic-adhesive-vi-pro-strongbond-sb55-ms\/#primaryimage\"},\"image\":{\"@id\":\"https:\/\/proventuss.eu\/en\/produkt\/one-component-elastic-adhesive-vi-pro-strongbond-sb55-ms\/#primaryimage\"},\"thumbnailUrl\":\"https:\/\/proventuss.eu\/wp-content\/uploads\/2022\/04\/Vi-Pro-Strongbond-SB55-MS.png\",\"datePublished\":\"2022-04-26T10:34:58+00:00\",\"dateModified\":\"2024-11-28T10:20:39+00:00\",\"description\":\"Excellent adhesion without primer to all common building and industrial materials. Permanently elastic over a wide temperature range.\",\"breadcrumb\":{\"@id\":\"https:\/\/proventuss.eu\/en\/produkt\/one-component-elastic-adhesive-vi-pro-strongbond-sb55-ms\/#breadcrumb\"},\"inLanguage\":\"en-US\",\"potentialAction\":[{\"@type\":\"ReadAction\",\"target\":[\"https:\/\/proventuss.eu\/en\/produkt\/one-component-elastic-adhesive-vi-pro-strongbond-sb55-ms\/\"]}]},{\"@type\":\"ImageObject\",\"inLanguage\":\"en-US\",\"@id\":\"https:\/\/proventuss.eu\/en\/produkt\/one-component-elastic-adhesive-vi-pro-strongbond-sb55-ms\/#primaryimage\",\"url\":\"https:\/\/proventuss.eu\/wp-content\/uploads\/2022\/04\/Vi-Pro-Strongbond-SB55-MS.png\",\"contentUrl\":\"https:\/\/proventuss.eu\/wp-content\/uploads\/2022\/04\/Vi-Pro-Strongbond-SB55-MS.png\",\"width\":357,\"height\":1920,\"caption\":\"Na zdj\u0119ciu Jednosk\u0142adnikowy elastyczny klej - doskona\u0142a przyczepno\u015b\u0107 bez podk\u0142adu do wszystkich typowych materia\u0142\u00f3w budowlanych i przemys\u0142owych oraz pod\u0142o\u017cy. Kie\u0142baska 600 ml.\"},{\"@type\":\"BreadcrumbList\",\"@id\":\"https:\/\/proventuss.eu\/en\/produkt\/one-component-elastic-adhesive-vi-pro-strongbond-sb55-ms\/#breadcrumb\",\"itemListElement\":[{\"@type\":\"ListItem\",\"position\":1,\"name\":\"Home\",\"item\":\"https:\/\/proventuss.eu\/\"},{\"@type\":\"ListItem\",\"position\":2,\"name\":\"Shop\",\"item\":\"https:\/\/proventuss.eu\/en\/shop\/\"},{\"@type\":\"ListItem\",\"position\":3,\"name\":\"One-component elastic adhesive Vi-Pro\u00ae Strongbond SB55 MS\"}]},{\"@type\":\"WebSite\",\"@id\":\"https:\/\/proventuss.eu\/#website\",\"url\":\"https:\/\/proventuss.eu\/\",\"name\":\"Proventuss\",\"description\":\"\",\"potentialAction\":[{\"@type\":\"SearchAction\",\"target\":{\"@type\":\"EntryPoint\",\"urlTemplate\":\"https:\/\/proventuss.eu\/?s={search_term_string}\"},\"query-input\":\"required name=search_term_string\"}],\"inLanguage\":\"en-US\"}]}<\/script>\n<!-- \/ Yoast SEO plugin. -->","yoast_head_json":{"title":"One-component elastic adhesive Vi-Pro\u00ae Strongbond SB55 MS - Proventuss","description":"Excellent adhesion without primer to all common building and industrial materials. Permanently elastic over a wide temperature range.","robots":{"index":"index","follow":"follow","max-snippet":"max-snippet:-1","max-image-preview":"max-image-preview:large","max-video-preview":"max-video-preview:-1"},"canonical":"https:\/\/proventuss.eu\/en\/produkt\/one-component-elastic-adhesive-vi-pro-strongbond-sb55-ms\/","og_locale":"en_US","og_type":"article","og_title":"One-component elastic adhesive Vi-Pro\u00ae Strongbond SB55 MS - Proventuss","og_description":"Excellent adhesion without primer to all common building and industrial materials. Permanently elastic over a wide temperature range.","og_url":"https:\/\/proventuss.eu\/en\/produkt\/one-component-elastic-adhesive-vi-pro-strongbond-sb55-ms\/","og_site_name":"Proventuss","article_modified_time":"2024-11-28T10:20:39+00:00","og_image":[{"width":357,"height":1920,"url":"https:\/\/proventuss.eu\/wp-content\/uploads\/2022\/04\/Vi-Pro-Strongbond-SB55-MS.png","type":"image\/png"}],"twitter_card":"summary_large_image","twitter_misc":{"Est. reading time":"2 minutes"},"schema":{"@context":"https:\/\/schema.org","@graph":[{"@type":"WebPage","@id":"https:\/\/proventuss.eu\/en\/produkt\/one-component-elastic-adhesive-vi-pro-strongbond-sb55-ms\/","url":"https:\/\/proventuss.eu\/en\/produkt\/one-component-elastic-adhesive-vi-pro-strongbond-sb55-ms\/","name":"One-component elastic adhesive Vi-Pro\u00ae Strongbond SB55 MS - Proventuss","isPartOf":{"@id":"https:\/\/proventuss.eu\/#website"},"primaryImageOfPage":{"@id":"https:\/\/proventuss.eu\/en\/produkt\/one-component-elastic-adhesive-vi-pro-strongbond-sb55-ms\/#primaryimage"},"image":{"@id":"https:\/\/proventuss.eu\/en\/produkt\/one-component-elastic-adhesive-vi-pro-strongbond-sb55-ms\/#primaryimage"},"thumbnailUrl":"https:\/\/proventuss.eu\/wp-content\/uploads\/2022\/04\/Vi-Pro-Strongbond-SB55-MS.png","datePublished":"2022-04-26T10:34:58+00:00","dateModified":"2024-11-28T10:20:39+00:00","description":"Excellent adhesion without primer to all common building and industrial materials. Permanently elastic over a wide temperature range.","breadcrumb":{"@id":"https:\/\/proventuss.eu\/en\/produkt\/one-component-elastic-adhesive-vi-pro-strongbond-sb55-ms\/#breadcrumb"},"inLanguage":"en-US","potentialAction":[{"@type":"ReadAction","target":["https:\/\/proventuss.eu\/en\/produkt\/one-component-elastic-adhesive-vi-pro-strongbond-sb55-ms\/"]}]},{"@type":"ImageObject","inLanguage":"en-US","@id":"https:\/\/proventuss.eu\/en\/produkt\/one-component-elastic-adhesive-vi-pro-strongbond-sb55-ms\/#primaryimage","url":"https:\/\/proventuss.eu\/wp-content\/uploads\/2022\/04\/Vi-Pro-Strongbond-SB55-MS.png","contentUrl":"https:\/\/proventuss.eu\/wp-content\/uploads\/2022\/04\/Vi-Pro-Strongbond-SB55-MS.png","width":357,"height":1920,"caption":"Na zdj\u0119ciu Jednosk\u0142adnikowy elastyczny klej - doskona\u0142a przyczepno\u015b\u0107 bez podk\u0142adu do wszystkich typowych materia\u0142\u00f3w budowlanych i przemys\u0142owych oraz pod\u0142o\u017cy. Kie\u0142baska 600 ml."},{"@type":"BreadcrumbList","@id":"https:\/\/proventuss.eu\/en\/produkt\/one-component-elastic-adhesive-vi-pro-strongbond-sb55-ms\/#breadcrumb","itemListElement":[{"@type":"ListItem","position":1,"name":"Home","item":"https:\/\/proventuss.eu\/"},{"@type":"ListItem","position":2,"name":"Shop","item":"https:\/\/proventuss.eu\/en\/shop\/"},{"@type":"ListItem","position":3,"name":"One-component elastic adhesive Vi-Pro\u00ae Strongbond SB55 MS"}]},{"@type":"WebSite","@id":"https:\/\/proventuss.eu\/#website","url":"https:\/\/proventuss.eu\/","name":"Proventuss","description":"","potentialAction":[{"@type":"SearchAction","target":{"@type":"EntryPoint","urlTemplate":"https:\/\/proventuss.eu\/?s={search_term_string}"},"query-input":"required name=search_term_string"}],"inLanguage":"en-US"}]}},"_links":{"self":[{"href":"https:\/\/proventuss.eu\/en\/wp-json\/wp\/v2\/product\/3034"}],"collection":[{"href":"https:\/\/proventuss.eu\/en\/wp-json\/wp\/v2\/product"}],"about":[{"href":"https:\/\/proventuss.eu\/en\/wp-json\/wp\/v2\/types\/product"}],"replies":[{"embeddable":true,"href":"https:\/\/proventuss.eu\/en\/wp-json\/wp\/v2\/comments?post=3034"}],"wp:featuredmedia":[{"embeddable":true,"href":"https:\/\/proventuss.eu\/en\/wp-json\/wp\/v2\/media\/4173"}],"wp:attachment":[{"href":"https:\/\/proventuss.eu\/en\/wp-json\/wp\/v2\/media?parent=3034"}],"wp:term":[{"taxonomy":"product_cat","embeddable":true,"href":"https:\/\/proventuss.eu\/en\/wp-json\/wp\/v2\/product_cat?post=3034"},{"taxonomy":"product_tag","embeddable":true,"href":"https:\/\/proventuss.eu\/en\/wp-json\/wp\/v2\/product_tag?post=3034"}],"curies":[{"name":"wp","href":"https:\/\/api.w.org\/{rel}","templated":true}]}}