{"id":3032,"date":"2022-04-26T11:09:55","date_gmt":"2022-04-26T11:09:55","guid":{"rendered":"https:\/\/proventuss.eu\/produkt\/vi-pro-g613\/"},"modified":"2024-10-22T10:21:47","modified_gmt":"2024-10-22T10:21:47","slug":"gun-for-sausages-and-cartridges-vi-pro-pneumatic-gun-310-600-ml","status":"publish","type":"product","link":"https:\/\/proventuss.eu\/en\/product\/gun-for-sausages-and-cartridges-vi-pro-pneumatic-gun-310-600-ml\/","title":{"rendered":"Gun for sausages and cartridges Vi-Pro\u00ae Pneumatic Gun 310-600 ml"},"content":{"rendered":"<p>Adhesives, silicones and sealants can be quickly and accurately applied using a professional pneumatic extruder with pressure regulation Vi-Pro\u00ae Pneumatic Gun 310-600 ml. Thanks to an additional element, the universal extruder allows the application of masses packed in a so-called sausage with a volume of 600 ml (e.g. Vi-Pro\u00ae EPDM Paste Adhesive 903), as well as in cartridges with a capacity of 310 ml.<\/p>\n<p>Characteristic features:<\/p>\n<ul>\n<li>for 600 ml sausages and 310 ml cartridges<\/li>\n<li>precise application and high sensitivity<\/li>\n<li>ergonomic handle, comfortable grip<\/li>\n<li>reduced pressure reducer<\/li>\n<li>integrated discharge value (no dripping)<\/li>\n<li>pneumatic return<\/li>\n<li>noise level &#8211; &lt;80 dB<\/li>\n<li>total length &#8211; 400 mm<\/li>\n<li>net weight &#8211; 1,252 g<\/li>\n<li>working pressure 0-10 bar<\/li>\n<li>maximum force &#8211; 200 Kgf (10 bar &#8211; 145 PSI) &#8211; 1.961 kN<\/li>\n<li>connection &#8211; 1\/4 male gas<\/li>\n<\/ul>\n<p>Packaging: 1 pc. in a box.<\/p>\n","protected":false},"excerpt":{"rendered":"<p>Adhesives, silicones and sealants can be quickly and accurately applied using a professional pneumatic extruder with pressure regulation Vi-Pro\u00ae Pneumatic Gun 310-600 ml. Thanks to an additional element, the universal extruder allows the application of masses packed in a so-called sausage with a volume of 600 ml (e.g. Vi-Pro\u00ae EPDM Paste Adhesive 903), as well [&hellip;]<\/p>\n","protected":false},"featured_media":3743,"comment_status":"open","ping_status":"closed","template":"","meta":{"_acf_changed":false},"product_cat":[155,153],"product_tag":[],"acf":[],"yoast_head":"<!-- This site is optimized with the Yoast SEO plugin v22.9 - https:\/\/yoast.com\/wordpress\/plugins\/seo\/ -->\n<title>Gun for sausages and cartridges Vi-Pro\u00ae Pneumatic Gun 310-600 ml - Proventuss<\/title>\n<meta name=\"description\" content=\"For 600 ml sausages and 310 ml cartridges. Precise application and high sensitivity. Ergonomic handle, comfortable grip.\" \/>\n<meta name=\"robots\" content=\"index, follow, max-snippet:-1, max-image-preview:large, max-video-preview:-1\" \/>\n<link rel=\"canonical\" href=\"https:\/\/proventuss.eu\/en\/produkt\/gun-for-sausages-and-cartridges-vi-pro-pneumatic-gun-310-600-ml\/\" \/>\n<meta property=\"og:locale\" content=\"en_US\" \/>\n<meta property=\"og:type\" content=\"article\" \/>\n<meta property=\"og:title\" content=\"Gun for sausages and cartridges Vi-Pro\u00ae Pneumatic Gun 310-600 ml - Proventuss\" \/>\n<meta property=\"og:description\" content=\"For 600 ml sausages and 310 ml cartridges. Precise application and high sensitivity. Ergonomic handle, comfortable grip.\" \/>\n<meta property=\"og:url\" content=\"https:\/\/proventuss.eu\/en\/produkt\/gun-for-sausages-and-cartridges-vi-pro-pneumatic-gun-310-600-ml\/\" \/>\n<meta property=\"og:site_name\" content=\"Proventuss\" \/>\n<meta property=\"article:modified_time\" content=\"2024-10-22T10:21:47+00:00\" \/>\n<meta property=\"og:image\" content=\"https:\/\/proventuss.eu\/wp-content\/uploads\/2022\/04\/Vi-Pro-Pneumatic-Gun-310-600-ml.png\" \/>\n\t<meta property=\"og:image:width\" content=\"768\" \/>\n\t<meta property=\"og:image:height\" content=\"768\" \/>\n\t<meta property=\"og:image:type\" content=\"image\/png\" \/>\n<meta name=\"twitter:card\" content=\"summary_large_image\" \/>\n<meta name=\"twitter:label1\" content=\"Est. reading time\" \/>\n\t<meta name=\"twitter:data1\" content=\"1 minute\" \/>\n<script type=\"application\/ld+json\" class=\"yoast-schema-graph\">{\"@context\":\"https:\/\/schema.org\",\"@graph\":[{\"@type\":\"WebPage\",\"@id\":\"https:\/\/proventuss.eu\/en\/produkt\/gun-for-sausages-and-cartridges-vi-pro-pneumatic-gun-310-600-ml\/\",\"url\":\"https:\/\/proventuss.eu\/en\/produkt\/gun-for-sausages-and-cartridges-vi-pro-pneumatic-gun-310-600-ml\/\",\"name\":\"Gun for sausages and cartridges Vi-Pro\u00ae Pneumatic Gun 310-600 ml - Proventuss\",\"isPartOf\":{\"@id\":\"https:\/\/proventuss.eu\/#website\"},\"primaryImageOfPage\":{\"@id\":\"https:\/\/proventuss.eu\/en\/produkt\/gun-for-sausages-and-cartridges-vi-pro-pneumatic-gun-310-600-ml\/#primaryimage\"},\"image\":{\"@id\":\"https:\/\/proventuss.eu\/en\/produkt\/gun-for-sausages-and-cartridges-vi-pro-pneumatic-gun-310-600-ml\/#primaryimage\"},\"thumbnailUrl\":\"https:\/\/proventuss.eu\/wp-content\/uploads\/2022\/04\/Vi-Pro-Pneumatic-Gun-310-600-ml.png\",\"datePublished\":\"2022-04-26T11:09:55+00:00\",\"dateModified\":\"2024-10-22T10:21:47+00:00\",\"description\":\"For 600 ml sausages and 310 ml cartridges. Precise application and high sensitivity. Ergonomic handle, comfortable grip.\",\"breadcrumb\":{\"@id\":\"https:\/\/proventuss.eu\/en\/produkt\/gun-for-sausages-and-cartridges-vi-pro-pneumatic-gun-310-600-ml\/#breadcrumb\"},\"inLanguage\":\"en-US\",\"potentialAction\":[{\"@type\":\"ReadAction\",\"target\":[\"https:\/\/proventuss.eu\/en\/produkt\/gun-for-sausages-and-cartridges-vi-pro-pneumatic-gun-310-600-ml\/\"]}]},{\"@type\":\"ImageObject\",\"inLanguage\":\"en-US\",\"@id\":\"https:\/\/proventuss.eu\/en\/produkt\/gun-for-sausages-and-cartridges-vi-pro-pneumatic-gun-310-600-ml\/#primaryimage\",\"url\":\"https:\/\/proventuss.eu\/wp-content\/uploads\/2022\/04\/Vi-Pro-Pneumatic-Gun-310-600-ml.png\",\"contentUrl\":\"https:\/\/proventuss.eu\/wp-content\/uploads\/2022\/04\/Vi-Pro-Pneumatic-Gun-310-600-ml.png\",\"width\":768,\"height\":768,\"caption\":\"Na zdj\u0119ciu Pistolet pneumatyczny do kie\u0142basek 600 ml i kartuszy 310 ml. Precyzyjna aplikacja i wysoka czu\u0142o\u015b\u0107. Ergonomiczna r\u0119koje\u015b\u0107, wygodny chwyt. Kolor czarny.\"},{\"@type\":\"BreadcrumbList\",\"@id\":\"https:\/\/proventuss.eu\/en\/produkt\/gun-for-sausages-and-cartridges-vi-pro-pneumatic-gun-310-600-ml\/#breadcrumb\",\"itemListElement\":[{\"@type\":\"ListItem\",\"position\":1,\"name\":\"Home\",\"item\":\"https:\/\/proventuss.eu\/\"},{\"@type\":\"ListItem\",\"position\":2,\"name\":\"Shop\",\"item\":\"https:\/\/proventuss.eu\/en\/shop\/\"},{\"@type\":\"ListItem\",\"position\":3,\"name\":\"Gun for sausages and cartridges Vi-Pro\u00ae Pneumatic Gun 310-600 ml\"}]},{\"@type\":\"WebSite\",\"@id\":\"https:\/\/proventuss.eu\/#website\",\"url\":\"https:\/\/proventuss.eu\/\",\"name\":\"Proventuss\",\"description\":\"\",\"potentialAction\":[{\"@type\":\"SearchAction\",\"target\":{\"@type\":\"EntryPoint\",\"urlTemplate\":\"https:\/\/proventuss.eu\/?s={search_term_string}\"},\"query-input\":\"required name=search_term_string\"}],\"inLanguage\":\"en-US\"}]}<\/script>\n<!-- \/ Yoast SEO plugin. -->","yoast_head_json":{"title":"Gun for sausages and cartridges Vi-Pro\u00ae Pneumatic Gun 310-600 ml - Proventuss","description":"For 600 ml sausages and 310 ml cartridges. Precise application and high sensitivity. Ergonomic handle, comfortable grip.","robots":{"index":"index","follow":"follow","max-snippet":"max-snippet:-1","max-image-preview":"max-image-preview:large","max-video-preview":"max-video-preview:-1"},"canonical":"https:\/\/proventuss.eu\/en\/produkt\/gun-for-sausages-and-cartridges-vi-pro-pneumatic-gun-310-600-ml\/","og_locale":"en_US","og_type":"article","og_title":"Gun for sausages and cartridges Vi-Pro\u00ae Pneumatic Gun 310-600 ml - Proventuss","og_description":"For 600 ml sausages and 310 ml cartridges. Precise application and high sensitivity. Ergonomic handle, comfortable grip.","og_url":"https:\/\/proventuss.eu\/en\/produkt\/gun-for-sausages-and-cartridges-vi-pro-pneumatic-gun-310-600-ml\/","og_site_name":"Proventuss","article_modified_time":"2024-10-22T10:21:47+00:00","og_image":[{"width":768,"height":768,"url":"https:\/\/proventuss.eu\/wp-content\/uploads\/2022\/04\/Vi-Pro-Pneumatic-Gun-310-600-ml.png","type":"image\/png"}],"twitter_card":"summary_large_image","twitter_misc":{"Est. reading time":"1 minute"},"schema":{"@context":"https:\/\/schema.org","@graph":[{"@type":"WebPage","@id":"https:\/\/proventuss.eu\/en\/produkt\/gun-for-sausages-and-cartridges-vi-pro-pneumatic-gun-310-600-ml\/","url":"https:\/\/proventuss.eu\/en\/produkt\/gun-for-sausages-and-cartridges-vi-pro-pneumatic-gun-310-600-ml\/","name":"Gun for sausages and cartridges Vi-Pro\u00ae Pneumatic Gun 310-600 ml - Proventuss","isPartOf":{"@id":"https:\/\/proventuss.eu\/#website"},"primaryImageOfPage":{"@id":"https:\/\/proventuss.eu\/en\/produkt\/gun-for-sausages-and-cartridges-vi-pro-pneumatic-gun-310-600-ml\/#primaryimage"},"image":{"@id":"https:\/\/proventuss.eu\/en\/produkt\/gun-for-sausages-and-cartridges-vi-pro-pneumatic-gun-310-600-ml\/#primaryimage"},"thumbnailUrl":"https:\/\/proventuss.eu\/wp-content\/uploads\/2022\/04\/Vi-Pro-Pneumatic-Gun-310-600-ml.png","datePublished":"2022-04-26T11:09:55+00:00","dateModified":"2024-10-22T10:21:47+00:00","description":"For 600 ml sausages and 310 ml cartridges. Precise application and high sensitivity. Ergonomic handle, comfortable grip.","breadcrumb":{"@id":"https:\/\/proventuss.eu\/en\/produkt\/gun-for-sausages-and-cartridges-vi-pro-pneumatic-gun-310-600-ml\/#breadcrumb"},"inLanguage":"en-US","potentialAction":[{"@type":"ReadAction","target":["https:\/\/proventuss.eu\/en\/produkt\/gun-for-sausages-and-cartridges-vi-pro-pneumatic-gun-310-600-ml\/"]}]},{"@type":"ImageObject","inLanguage":"en-US","@id":"https:\/\/proventuss.eu\/en\/produkt\/gun-for-sausages-and-cartridges-vi-pro-pneumatic-gun-310-600-ml\/#primaryimage","url":"https:\/\/proventuss.eu\/wp-content\/uploads\/2022\/04\/Vi-Pro-Pneumatic-Gun-310-600-ml.png","contentUrl":"https:\/\/proventuss.eu\/wp-content\/uploads\/2022\/04\/Vi-Pro-Pneumatic-Gun-310-600-ml.png","width":768,"height":768,"caption":"Na zdj\u0119ciu Pistolet pneumatyczny do kie\u0142basek 600 ml i kartuszy 310 ml. Precyzyjna aplikacja i wysoka czu\u0142o\u015b\u0107. Ergonomiczna r\u0119koje\u015b\u0107, wygodny chwyt. Kolor czarny."},{"@type":"BreadcrumbList","@id":"https:\/\/proventuss.eu\/en\/produkt\/gun-for-sausages-and-cartridges-vi-pro-pneumatic-gun-310-600-ml\/#breadcrumb","itemListElement":[{"@type":"ListItem","position":1,"name":"Home","item":"https:\/\/proventuss.eu\/"},{"@type":"ListItem","position":2,"name":"Shop","item":"https:\/\/proventuss.eu\/en\/shop\/"},{"@type":"ListItem","position":3,"name":"Gun for sausages and cartridges Vi-Pro\u00ae Pneumatic Gun 310-600 ml"}]},{"@type":"WebSite","@id":"https:\/\/proventuss.eu\/#website","url":"https:\/\/proventuss.eu\/","name":"Proventuss","description":"","potentialAction":[{"@type":"SearchAction","target":{"@type":"EntryPoint","urlTemplate":"https:\/\/proventuss.eu\/?s={search_term_string}"},"query-input":"required name=search_term_string"}],"inLanguage":"en-US"}]}},"_links":{"self":[{"href":"https:\/\/proventuss.eu\/en\/wp-json\/wp\/v2\/product\/3032"}],"collection":[{"href":"https:\/\/proventuss.eu\/en\/wp-json\/wp\/v2\/product"}],"about":[{"href":"https:\/\/proventuss.eu\/en\/wp-json\/wp\/v2\/types\/product"}],"replies":[{"embeddable":true,"href":"https:\/\/proventuss.eu\/en\/wp-json\/wp\/v2\/comments?post=3032"}],"wp:featuredmedia":[{"embeddable":true,"href":"https:\/\/proventuss.eu\/en\/wp-json\/wp\/v2\/media\/3743"}],"wp:attachment":[{"href":"https:\/\/proventuss.eu\/en\/wp-json\/wp\/v2\/media?parent=3032"}],"wp:term":[{"taxonomy":"product_cat","embeddable":true,"href":"https:\/\/proventuss.eu\/en\/wp-json\/wp\/v2\/product_cat?post=3032"},{"taxonomy":"product_tag","embeddable":true,"href":"https:\/\/proventuss.eu\/en\/wp-json\/wp\/v2\/product_tag?post=3032"}],"curies":[{"name":"wp","href":"https:\/\/api.w.org\/{rel}","templated":true}]}}