{"id":3028,"date":"2022-04-26T10:47:47","date_gmt":"2022-04-26T10:47:47","guid":{"rendered":"https:\/\/proventuss.eu\/produkt\/vi-pro-pf-tape\/"},"modified":"2022-11-24T08:27:48","modified_gmt":"2022-11-24T08:27:48","slug":"double-sided-polyethylene-foam-tape-vi-pro-pf-tape","status":"publish","type":"product","link":"https:\/\/proventuss.eu\/en\/product\/double-sided-polyethylene-foam-tape-vi-pro-pf-tape\/","title":{"rendered":"Double-sided polyethylene foam tape Vi-Pro\u00ae PF TAPE"},"content":{"rendered":"<p><strong>DOUBLE-SIDED EVA ENHANCED POLYETHYLENE FOAM WITH HIGH SHEAR ACRYLIC ADHESIVE<\/strong><\/p>\n<p>Perfectly adheres to a wide range of smooth surfaces, including glass, PVC-U, aluminum, treated timber, etc. It is used as a high-grade security glazing tape for bonding double glazed units into window frames.<\/p>\n<p>Vi-Pro\u00ae PF Tape is suitable for installing ventilated facade systems and fixing door panels. Vi-Pro PF Tape\u00ae can also be used for a wide range of jointing and mounting applications.<\/p>\n<p><strong>FEATURES:<\/strong><br \/>\n\u2022 Good adhesion to a range of substrates<br \/>\n\u2022 Good resistance to UV radiation<br \/>\n\u2022 High comfort in use<br \/>\n\u2022 Embossed in the form of tape or cord, it allows easy and precise use with a small amount of waste<br \/>\n\u2022 High viscosity<br \/>\n\u2022 Remains flexible throughout the period of use<br \/>\n\u2022 Stable over a wide temperature range:-40\u00b0C to +90\u00b0C<\/p>\n","protected":false},"excerpt":{"rendered":"<p>DOUBLE-SIDED EVA ENHANCED POLYETHYLENE FOAM WITH HIGH SHEAR ACRYLIC ADHESIVE Perfectly adheres to a wide range of smooth surfaces, including glass, PVC-U, aluminum, treated timber, etc. It is used as a high-grade security glazing tape for bonding double glazed units into window frames. Vi-Pro\u00ae PF Tape is suitable for installing ventilated facade systems and fixing [&hellip;]<\/p>\n","protected":false},"featured_media":2122,"comment_status":"open","ping_status":"closed","template":"","meta":{"_acf_changed":false},"product_cat":[154],"product_tag":[],"acf":[],"yoast_head":"<!-- This site is optimized with the Yoast SEO plugin v22.9 - https:\/\/yoast.com\/wordpress\/plugins\/seo\/ -->\n<title>Double-sided polyethylene foam tape Vi-Pro\u00ae PF TAPE - Proventuss<\/title>\n<meta name=\"description\" content=\"For bonding double glazing units to window frames. Adheres perfectly to a wide range of smooth surfaces, including glass, PVC-U, aluminium. High viscosity.\" \/>\n<meta name=\"robots\" content=\"index, follow, max-snippet:-1, max-image-preview:large, max-video-preview:-1\" \/>\n<link rel=\"canonical\" href=\"https:\/\/proventuss.eu\/en\/produkt\/double-sided-polyethylene-foam-tape-vi-pro-pf-tape\/\" \/>\n<meta property=\"og:locale\" content=\"en_US\" \/>\n<meta property=\"og:type\" content=\"article\" \/>\n<meta property=\"og:title\" content=\"Double-sided polyethylene foam tape Vi-Pro\u00ae PF TAPE - Proventuss\" \/>\n<meta property=\"og:description\" content=\"For bonding double glazing units to window frames. Adheres perfectly to a wide range of smooth surfaces, including glass, PVC-U, aluminium. High viscosity.\" \/>\n<meta property=\"og:url\" content=\"https:\/\/proventuss.eu\/en\/produkt\/double-sided-polyethylene-foam-tape-vi-pro-pf-tape\/\" \/>\n<meta property=\"og:site_name\" content=\"Proventuss\" \/>\n<meta property=\"article:modified_time\" content=\"2022-11-24T08:27:48+00:00\" \/>\n<meta property=\"og:image\" content=\"https:\/\/proventuss.eu\/wp-content\/uploads\/2022\/04\/Vi-Pro-tasma-PF.png\" \/>\n\t<meta property=\"og:image:width\" content=\"1136\" \/>\n\t<meta property=\"og:image:height\" content=\"518\" \/>\n\t<meta property=\"og:image:type\" content=\"image\/png\" \/>\n<meta name=\"twitter:card\" content=\"summary_large_image\" \/>\n<meta name=\"twitter:label1\" content=\"Est. reading time\" \/>\n\t<meta name=\"twitter:data1\" content=\"1 minute\" \/>\n<script type=\"application\/ld+json\" class=\"yoast-schema-graph\">{\"@context\":\"https:\/\/schema.org\",\"@graph\":[{\"@type\":\"WebPage\",\"@id\":\"https:\/\/proventuss.eu\/en\/produkt\/double-sided-polyethylene-foam-tape-vi-pro-pf-tape\/\",\"url\":\"https:\/\/proventuss.eu\/en\/produkt\/double-sided-polyethylene-foam-tape-vi-pro-pf-tape\/\",\"name\":\"Double-sided polyethylene foam tape Vi-Pro\u00ae PF TAPE - Proventuss\",\"isPartOf\":{\"@id\":\"https:\/\/proventuss.eu\/#website\"},\"primaryImageOfPage\":{\"@id\":\"https:\/\/proventuss.eu\/en\/produkt\/double-sided-polyethylene-foam-tape-vi-pro-pf-tape\/#primaryimage\"},\"image\":{\"@id\":\"https:\/\/proventuss.eu\/en\/produkt\/double-sided-polyethylene-foam-tape-vi-pro-pf-tape\/#primaryimage\"},\"thumbnailUrl\":\"https:\/\/proventuss.eu\/wp-content\/uploads\/2022\/04\/Vi-Pro-tasma-PF.png\",\"datePublished\":\"2022-04-26T10:47:47+00:00\",\"dateModified\":\"2022-11-24T08:27:48+00:00\",\"description\":\"For bonding double glazing units to window frames. Adheres perfectly to a wide range of smooth surfaces, including glass, PVC-U, aluminium. High viscosity.\",\"breadcrumb\":{\"@id\":\"https:\/\/proventuss.eu\/en\/produkt\/double-sided-polyethylene-foam-tape-vi-pro-pf-tape\/#breadcrumb\"},\"inLanguage\":\"en-US\",\"potentialAction\":[{\"@type\":\"ReadAction\",\"target\":[\"https:\/\/proventuss.eu\/en\/produkt\/double-sided-polyethylene-foam-tape-vi-pro-pf-tape\/\"]}]},{\"@type\":\"ImageObject\",\"inLanguage\":\"en-US\",\"@id\":\"https:\/\/proventuss.eu\/en\/produkt\/double-sided-polyethylene-foam-tape-vi-pro-pf-tape\/#primaryimage\",\"url\":\"https:\/\/proventuss.eu\/wp-content\/uploads\/2022\/04\/Vi-Pro-tasma-PF.png\",\"contentUrl\":\"https:\/\/proventuss.eu\/wp-content\/uploads\/2022\/04\/Vi-Pro-tasma-PF.png\",\"width\":1136,\"height\":518,\"caption\":\"Na zdj\u0119ciu dwustronna ta\u015bma z pianki polietylenowej do wklejania szyb zespolonych w ramy okienne. Doskonale przylega do szerokiej gamy g\u0142adkich powierzchni.\"},{\"@type\":\"BreadcrumbList\",\"@id\":\"https:\/\/proventuss.eu\/en\/produkt\/double-sided-polyethylene-foam-tape-vi-pro-pf-tape\/#breadcrumb\",\"itemListElement\":[{\"@type\":\"ListItem\",\"position\":1,\"name\":\"Home\",\"item\":\"https:\/\/proventuss.eu\/\"},{\"@type\":\"ListItem\",\"position\":2,\"name\":\"Shop\",\"item\":\"https:\/\/proventuss.eu\/en\/shop\/\"},{\"@type\":\"ListItem\",\"position\":3,\"name\":\"Double-sided polyethylene foam tape Vi-Pro\u00ae PF TAPE\"}]},{\"@type\":\"WebSite\",\"@id\":\"https:\/\/proventuss.eu\/#website\",\"url\":\"https:\/\/proventuss.eu\/\",\"name\":\"Proventuss\",\"description\":\"\",\"potentialAction\":[{\"@type\":\"SearchAction\",\"target\":{\"@type\":\"EntryPoint\",\"urlTemplate\":\"https:\/\/proventuss.eu\/?s={search_term_string}\"},\"query-input\":\"required name=search_term_string\"}],\"inLanguage\":\"en-US\"}]}<\/script>\n<!-- \/ Yoast SEO plugin. -->","yoast_head_json":{"title":"Double-sided polyethylene foam tape Vi-Pro\u00ae PF TAPE - Proventuss","description":"For bonding double glazing units to window frames. Adheres perfectly to a wide range of smooth surfaces, including glass, PVC-U, aluminium. High viscosity.","robots":{"index":"index","follow":"follow","max-snippet":"max-snippet:-1","max-image-preview":"max-image-preview:large","max-video-preview":"max-video-preview:-1"},"canonical":"https:\/\/proventuss.eu\/en\/produkt\/double-sided-polyethylene-foam-tape-vi-pro-pf-tape\/","og_locale":"en_US","og_type":"article","og_title":"Double-sided polyethylene foam tape Vi-Pro\u00ae PF TAPE - Proventuss","og_description":"For bonding double glazing units to window frames. Adheres perfectly to a wide range of smooth surfaces, including glass, PVC-U, aluminium. High viscosity.","og_url":"https:\/\/proventuss.eu\/en\/produkt\/double-sided-polyethylene-foam-tape-vi-pro-pf-tape\/","og_site_name":"Proventuss","article_modified_time":"2022-11-24T08:27:48+00:00","og_image":[{"width":1136,"height":518,"url":"https:\/\/proventuss.eu\/wp-content\/uploads\/2022\/04\/Vi-Pro-tasma-PF.png","type":"image\/png"}],"twitter_card":"summary_large_image","twitter_misc":{"Est. reading time":"1 minute"},"schema":{"@context":"https:\/\/schema.org","@graph":[{"@type":"WebPage","@id":"https:\/\/proventuss.eu\/en\/produkt\/double-sided-polyethylene-foam-tape-vi-pro-pf-tape\/","url":"https:\/\/proventuss.eu\/en\/produkt\/double-sided-polyethylene-foam-tape-vi-pro-pf-tape\/","name":"Double-sided polyethylene foam tape Vi-Pro\u00ae PF TAPE - Proventuss","isPartOf":{"@id":"https:\/\/proventuss.eu\/#website"},"primaryImageOfPage":{"@id":"https:\/\/proventuss.eu\/en\/produkt\/double-sided-polyethylene-foam-tape-vi-pro-pf-tape\/#primaryimage"},"image":{"@id":"https:\/\/proventuss.eu\/en\/produkt\/double-sided-polyethylene-foam-tape-vi-pro-pf-tape\/#primaryimage"},"thumbnailUrl":"https:\/\/proventuss.eu\/wp-content\/uploads\/2022\/04\/Vi-Pro-tasma-PF.png","datePublished":"2022-04-26T10:47:47+00:00","dateModified":"2022-11-24T08:27:48+00:00","description":"For bonding double glazing units to window frames. Adheres perfectly to a wide range of smooth surfaces, including glass, PVC-U, aluminium. High viscosity.","breadcrumb":{"@id":"https:\/\/proventuss.eu\/en\/produkt\/double-sided-polyethylene-foam-tape-vi-pro-pf-tape\/#breadcrumb"},"inLanguage":"en-US","potentialAction":[{"@type":"ReadAction","target":["https:\/\/proventuss.eu\/en\/produkt\/double-sided-polyethylene-foam-tape-vi-pro-pf-tape\/"]}]},{"@type":"ImageObject","inLanguage":"en-US","@id":"https:\/\/proventuss.eu\/en\/produkt\/double-sided-polyethylene-foam-tape-vi-pro-pf-tape\/#primaryimage","url":"https:\/\/proventuss.eu\/wp-content\/uploads\/2022\/04\/Vi-Pro-tasma-PF.png","contentUrl":"https:\/\/proventuss.eu\/wp-content\/uploads\/2022\/04\/Vi-Pro-tasma-PF.png","width":1136,"height":518,"caption":"Na zdj\u0119ciu dwustronna ta\u015bma z pianki polietylenowej do wklejania szyb zespolonych w ramy okienne. Doskonale przylega do szerokiej gamy g\u0142adkich powierzchni."},{"@type":"BreadcrumbList","@id":"https:\/\/proventuss.eu\/en\/produkt\/double-sided-polyethylene-foam-tape-vi-pro-pf-tape\/#breadcrumb","itemListElement":[{"@type":"ListItem","position":1,"name":"Home","item":"https:\/\/proventuss.eu\/"},{"@type":"ListItem","position":2,"name":"Shop","item":"https:\/\/proventuss.eu\/en\/shop\/"},{"@type":"ListItem","position":3,"name":"Double-sided polyethylene foam tape Vi-Pro\u00ae PF TAPE"}]},{"@type":"WebSite","@id":"https:\/\/proventuss.eu\/#website","url":"https:\/\/proventuss.eu\/","name":"Proventuss","description":"","potentialAction":[{"@type":"SearchAction","target":{"@type":"EntryPoint","urlTemplate":"https:\/\/proventuss.eu\/?s={search_term_string}"},"query-input":"required name=search_term_string"}],"inLanguage":"en-US"}]}},"_links":{"self":[{"href":"https:\/\/proventuss.eu\/en\/wp-json\/wp\/v2\/product\/3028"}],"collection":[{"href":"https:\/\/proventuss.eu\/en\/wp-json\/wp\/v2\/product"}],"about":[{"href":"https:\/\/proventuss.eu\/en\/wp-json\/wp\/v2\/types\/product"}],"replies":[{"embeddable":true,"href":"https:\/\/proventuss.eu\/en\/wp-json\/wp\/v2\/comments?post=3028"}],"wp:featuredmedia":[{"embeddable":true,"href":"https:\/\/proventuss.eu\/en\/wp-json\/wp\/v2\/media\/2122"}],"wp:attachment":[{"href":"https:\/\/proventuss.eu\/en\/wp-json\/wp\/v2\/media?parent=3028"}],"wp:term":[{"taxonomy":"product_cat","embeddable":true,"href":"https:\/\/proventuss.eu\/en\/wp-json\/wp\/v2\/product_cat?post=3028"},{"taxonomy":"product_tag","embeddable":true,"href":"https:\/\/proventuss.eu\/en\/wp-json\/wp\/v2\/product_tag?post=3028"}],"curies":[{"name":"wp","href":"https:\/\/api.w.org\/{rel}","templated":true}]}}