{"id":3013,"date":"2022-04-26T10:32:32","date_gmt":"2022-04-26T10:32:32","guid":{"rendered":"https:\/\/proventuss.eu\/produkt\/vi-pro-strongbond-sb25-ms\/"},"modified":"2023-10-18T13:26:58","modified_gmt":"2023-10-18T13:26:58","slug":"one-component-construction-sealant-vi-pro-strongbond-sb25-ms","status":"publish","type":"product","link":"https:\/\/proventuss.eu\/en\/product\/one-component-construction-sealant-vi-pro-strongbond-sb25-ms\/","title":{"rendered":"One-component construction sealant Vi-Pro\u00ae Strongbond SB25 MS"},"content":{"rendered":"<p><strong>One-part high modulus construction sealant<\/strong><\/p>\n<p><strong>Vi-Pro\u00ae Strongbond SB25 MS<\/strong> is a one-part high modulus and permanently elastic Silyl-Terminated Polymer construction sealant. It cures under the influence of atmospheric moisture to form an elastic sealant with excellent adhesive properties and resistance to ageing and weathering. Solvent and isocyanate-free, it has not VOC. Outstanding body and thixotropy.<\/p>\n<p><strong>TYPICAL APPLICATIONS:<\/strong><\/p>\n<p>\u2022 Sealing joints in vertical and horizontal applications<br \/>\n\u2022 External walling and cladding joints<br \/>\n\u2022 Weatherproofing of joints between brickwork, block-work, masonry, wood, concrete, metal frames<br \/>\n\u2022 Joints in walls, floors, balconies, around window or door frames<br \/>\n\u2022 Metal roof and gutter sealing<br \/>\n\u2022 Sealing and bonding between different materials<br \/>\n\u2022 Elastic bonding between metal, plastic, glass ond other materials<\/p>\n<p><strong>FEATURES:<\/strong><\/p>\n<p>\u2022 Environmental friendly \u2013 Free of isocyanates and solvents<br \/>\n\u2022 No Hazard symbol required<br \/>\n\u2022 No bubble formation &#8211; Odorless<br \/>\n\u2022 Permanently elastic over a wide range of temperatures<br \/>\n\u2022 Accommodates joint movement of +\/- 25%<br \/>\n\u2022 Excellent resistance to ageing and weathering; color stable and non-yellowing Silicone-free; overpaintable<br \/>\n\u2022 Excellent primerless adhesion on all typical construction materials and substrates<\/p>\n","protected":false},"excerpt":{"rendered":"<p>One-part high modulus construction sealant Vi-Pro\u00ae Strongbond SB25 MS is a one-part high modulus and permanently elastic Silyl-Terminated Polymer construction sealant. It cures under the influence of atmospheric moisture to form an elastic sealant with excellent adhesive properties and resistance to ageing and weathering. Solvent and isocyanate-free, it has not VOC. Outstanding body and thixotropy. [&hellip;]<\/p>\n","protected":false},"featured_media":4170,"comment_status":"open","ping_status":"closed","template":"","meta":{"_acf_changed":false},"product_cat":[142,113],"product_tag":[],"acf":[],"yoast_head":"<!-- This site is optimized with the Yoast SEO plugin v22.9 - https:\/\/yoast.com\/wordpress\/plugins\/seo\/ -->\n<title>One-component construction sealant Vi-Pro\u00ae Strongbond SB25 MS - Proventuss<\/title>\n<meta name=\"description\" content=\"Excellent adhesion without primer to all common building materials and substrates. Sealing of joints in vertical and horizontal applications.\" \/>\n<meta name=\"robots\" content=\"index, follow, max-snippet:-1, max-image-preview:large, max-video-preview:-1\" \/>\n<link rel=\"canonical\" href=\"https:\/\/proventuss.eu\/en\/produkt\/one-component-construction-sealant-vi-pro-strongbond-sb25-ms\/\" \/>\n<meta property=\"og:locale\" content=\"en_US\" \/>\n<meta property=\"og:type\" content=\"article\" \/>\n<meta property=\"og:title\" content=\"One-component construction sealant Vi-Pro\u00ae Strongbond SB25 MS - Proventuss\" \/>\n<meta property=\"og:description\" content=\"Excellent adhesion without primer to all common building materials and substrates. Sealing of joints in vertical and horizontal applications.\" \/>\n<meta property=\"og:url\" content=\"https:\/\/proventuss.eu\/en\/produkt\/one-component-construction-sealant-vi-pro-strongbond-sb25-ms\/\" \/>\n<meta property=\"og:site_name\" content=\"Proventuss\" \/>\n<meta property=\"article:modified_time\" content=\"2023-10-18T13:26:58+00:00\" \/>\n<meta property=\"og:image\" content=\"https:\/\/proventuss.eu\/wp-content\/uploads\/2022\/04\/Vi-Pro-Strongbond-SB25-MS.png\" \/>\n\t<meta property=\"og:image:width\" content=\"330\" \/>\n\t<meta property=\"og:image:height\" content=\"1920\" \/>\n\t<meta property=\"og:image:type\" content=\"image\/png\" \/>\n<meta name=\"twitter:card\" content=\"summary_large_image\" \/>\n<meta name=\"twitter:label1\" content=\"Est. reading time\" \/>\n\t<meta name=\"twitter:data1\" content=\"2 minutes\" \/>\n<script type=\"application\/ld+json\" class=\"yoast-schema-graph\">{\"@context\":\"https:\/\/schema.org\",\"@graph\":[{\"@type\":\"WebPage\",\"@id\":\"https:\/\/proventuss.eu\/en\/produkt\/one-component-construction-sealant-vi-pro-strongbond-sb25-ms\/\",\"url\":\"https:\/\/proventuss.eu\/en\/produkt\/one-component-construction-sealant-vi-pro-strongbond-sb25-ms\/\",\"name\":\"One-component construction sealant Vi-Pro\u00ae Strongbond SB25 MS - Proventuss\",\"isPartOf\":{\"@id\":\"https:\/\/proventuss.eu\/#website\"},\"primaryImageOfPage\":{\"@id\":\"https:\/\/proventuss.eu\/en\/produkt\/one-component-construction-sealant-vi-pro-strongbond-sb25-ms\/#primaryimage\"},\"image\":{\"@id\":\"https:\/\/proventuss.eu\/en\/produkt\/one-component-construction-sealant-vi-pro-strongbond-sb25-ms\/#primaryimage\"},\"thumbnailUrl\":\"https:\/\/proventuss.eu\/wp-content\/uploads\/2022\/04\/Vi-Pro-Strongbond-SB25-MS.png\",\"datePublished\":\"2022-04-26T10:32:32+00:00\",\"dateModified\":\"2023-10-18T13:26:58+00:00\",\"description\":\"Excellent adhesion without primer to all common building materials and substrates. Sealing of joints in vertical and horizontal applications.\",\"breadcrumb\":{\"@id\":\"https:\/\/proventuss.eu\/en\/produkt\/one-component-construction-sealant-vi-pro-strongbond-sb25-ms\/#breadcrumb\"},\"inLanguage\":\"en-US\",\"potentialAction\":[{\"@type\":\"ReadAction\",\"target\":[\"https:\/\/proventuss.eu\/en\/produkt\/one-component-construction-sealant-vi-pro-strongbond-sb25-ms\/\"]}]},{\"@type\":\"ImageObject\",\"inLanguage\":\"en-US\",\"@id\":\"https:\/\/proventuss.eu\/en\/produkt\/one-component-construction-sealant-vi-pro-strongbond-sb25-ms\/#primaryimage\",\"url\":\"https:\/\/proventuss.eu\/wp-content\/uploads\/2022\/04\/Vi-Pro-Strongbond-SB25-MS.png\",\"contentUrl\":\"https:\/\/proventuss.eu\/wp-content\/uploads\/2022\/04\/Vi-Pro-Strongbond-SB25-MS.png\",\"width\":330,\"height\":1920,\"caption\":\"Na zdj\u0119ciu jednosk\u0142adnikowy uszczelniacz budowlany - doskona\u0142a przyczepno\u015b\u0107 bez podk\u0142adu do wszystkich typowych materia\u0142\u00f3w budowlanych i pod\u0142o\u017cy. Kie\u0142baska 600 ml.\"},{\"@type\":\"BreadcrumbList\",\"@id\":\"https:\/\/proventuss.eu\/en\/produkt\/one-component-construction-sealant-vi-pro-strongbond-sb25-ms\/#breadcrumb\",\"itemListElement\":[{\"@type\":\"ListItem\",\"position\":1,\"name\":\"Home\",\"item\":\"https:\/\/proventuss.eu\/\"},{\"@type\":\"ListItem\",\"position\":2,\"name\":\"Shop\",\"item\":\"https:\/\/proventuss.eu\/en\/shop\/\"},{\"@type\":\"ListItem\",\"position\":3,\"name\":\"One-component construction sealant Vi-Pro\u00ae Strongbond SB25 MS\"}]},{\"@type\":\"WebSite\",\"@id\":\"https:\/\/proventuss.eu\/#website\",\"url\":\"https:\/\/proventuss.eu\/\",\"name\":\"Proventuss\",\"description\":\"\",\"potentialAction\":[{\"@type\":\"SearchAction\",\"target\":{\"@type\":\"EntryPoint\",\"urlTemplate\":\"https:\/\/proventuss.eu\/?s={search_term_string}\"},\"query-input\":\"required name=search_term_string\"}],\"inLanguage\":\"en-US\"}]}<\/script>\n<!-- \/ Yoast SEO plugin. -->","yoast_head_json":{"title":"One-component construction sealant Vi-Pro\u00ae Strongbond SB25 MS - Proventuss","description":"Excellent adhesion without primer to all common building materials and substrates. Sealing of joints in vertical and horizontal applications.","robots":{"index":"index","follow":"follow","max-snippet":"max-snippet:-1","max-image-preview":"max-image-preview:large","max-video-preview":"max-video-preview:-1"},"canonical":"https:\/\/proventuss.eu\/en\/produkt\/one-component-construction-sealant-vi-pro-strongbond-sb25-ms\/","og_locale":"en_US","og_type":"article","og_title":"One-component construction sealant Vi-Pro\u00ae Strongbond SB25 MS - Proventuss","og_description":"Excellent adhesion without primer to all common building materials and substrates. Sealing of joints in vertical and horizontal applications.","og_url":"https:\/\/proventuss.eu\/en\/produkt\/one-component-construction-sealant-vi-pro-strongbond-sb25-ms\/","og_site_name":"Proventuss","article_modified_time":"2023-10-18T13:26:58+00:00","og_image":[{"width":330,"height":1920,"url":"https:\/\/proventuss.eu\/wp-content\/uploads\/2022\/04\/Vi-Pro-Strongbond-SB25-MS.png","type":"image\/png"}],"twitter_card":"summary_large_image","twitter_misc":{"Est. reading time":"2 minutes"},"schema":{"@context":"https:\/\/schema.org","@graph":[{"@type":"WebPage","@id":"https:\/\/proventuss.eu\/en\/produkt\/one-component-construction-sealant-vi-pro-strongbond-sb25-ms\/","url":"https:\/\/proventuss.eu\/en\/produkt\/one-component-construction-sealant-vi-pro-strongbond-sb25-ms\/","name":"One-component construction sealant Vi-Pro\u00ae Strongbond SB25 MS - Proventuss","isPartOf":{"@id":"https:\/\/proventuss.eu\/#website"},"primaryImageOfPage":{"@id":"https:\/\/proventuss.eu\/en\/produkt\/one-component-construction-sealant-vi-pro-strongbond-sb25-ms\/#primaryimage"},"image":{"@id":"https:\/\/proventuss.eu\/en\/produkt\/one-component-construction-sealant-vi-pro-strongbond-sb25-ms\/#primaryimage"},"thumbnailUrl":"https:\/\/proventuss.eu\/wp-content\/uploads\/2022\/04\/Vi-Pro-Strongbond-SB25-MS.png","datePublished":"2022-04-26T10:32:32+00:00","dateModified":"2023-10-18T13:26:58+00:00","description":"Excellent adhesion without primer to all common building materials and substrates. Sealing of joints in vertical and horizontal applications.","breadcrumb":{"@id":"https:\/\/proventuss.eu\/en\/produkt\/one-component-construction-sealant-vi-pro-strongbond-sb25-ms\/#breadcrumb"},"inLanguage":"en-US","potentialAction":[{"@type":"ReadAction","target":["https:\/\/proventuss.eu\/en\/produkt\/one-component-construction-sealant-vi-pro-strongbond-sb25-ms\/"]}]},{"@type":"ImageObject","inLanguage":"en-US","@id":"https:\/\/proventuss.eu\/en\/produkt\/one-component-construction-sealant-vi-pro-strongbond-sb25-ms\/#primaryimage","url":"https:\/\/proventuss.eu\/wp-content\/uploads\/2022\/04\/Vi-Pro-Strongbond-SB25-MS.png","contentUrl":"https:\/\/proventuss.eu\/wp-content\/uploads\/2022\/04\/Vi-Pro-Strongbond-SB25-MS.png","width":330,"height":1920,"caption":"Na zdj\u0119ciu jednosk\u0142adnikowy uszczelniacz budowlany - doskona\u0142a przyczepno\u015b\u0107 bez podk\u0142adu do wszystkich typowych materia\u0142\u00f3w budowlanych i pod\u0142o\u017cy. Kie\u0142baska 600 ml."},{"@type":"BreadcrumbList","@id":"https:\/\/proventuss.eu\/en\/produkt\/one-component-construction-sealant-vi-pro-strongbond-sb25-ms\/#breadcrumb","itemListElement":[{"@type":"ListItem","position":1,"name":"Home","item":"https:\/\/proventuss.eu\/"},{"@type":"ListItem","position":2,"name":"Shop","item":"https:\/\/proventuss.eu\/en\/shop\/"},{"@type":"ListItem","position":3,"name":"One-component construction sealant Vi-Pro\u00ae Strongbond SB25 MS"}]},{"@type":"WebSite","@id":"https:\/\/proventuss.eu\/#website","url":"https:\/\/proventuss.eu\/","name":"Proventuss","description":"","potentialAction":[{"@type":"SearchAction","target":{"@type":"EntryPoint","urlTemplate":"https:\/\/proventuss.eu\/?s={search_term_string}"},"query-input":"required name=search_term_string"}],"inLanguage":"en-US"}]}},"_links":{"self":[{"href":"https:\/\/proventuss.eu\/en\/wp-json\/wp\/v2\/product\/3013"}],"collection":[{"href":"https:\/\/proventuss.eu\/en\/wp-json\/wp\/v2\/product"}],"about":[{"href":"https:\/\/proventuss.eu\/en\/wp-json\/wp\/v2\/types\/product"}],"replies":[{"embeddable":true,"href":"https:\/\/proventuss.eu\/en\/wp-json\/wp\/v2\/comments?post=3013"}],"wp:featuredmedia":[{"embeddable":true,"href":"https:\/\/proventuss.eu\/en\/wp-json\/wp\/v2\/media\/4170"}],"wp:attachment":[{"href":"https:\/\/proventuss.eu\/en\/wp-json\/wp\/v2\/media?parent=3013"}],"wp:term":[{"taxonomy":"product_cat","embeddable":true,"href":"https:\/\/proventuss.eu\/en\/wp-json\/wp\/v2\/product_cat?post=3013"},{"taxonomy":"product_tag","embeddable":true,"href":"https:\/\/proventuss.eu\/en\/wp-json\/wp\/v2\/product_tag?post=3013"}],"curies":[{"name":"wp","href":"https:\/\/api.w.org\/{rel}","templated":true}]}}