{"id":3004,"date":"2022-04-26T10:46:52","date_gmt":"2022-04-26T10:46:52","guid":{"rendered":"https:\/\/proventuss.eu\/produkt\/vi-pro-sg-tape\/"},"modified":"2022-11-24T08:32:23","modified_gmt":"2022-11-24T08:32:23","slug":"double-sided-tape-vi-pro-sg-tape","status":"publish","type":"product","link":"https:\/\/proventuss.eu\/en\/product\/double-sided-tape-vi-pro-sg-tape\/","title":{"rendered":"Double-sided tape Vi-Pro\u00ae SG TAPE"},"content":{"rendered":"<p><strong>DOUBLE SIDED HIGH TACK ACRYLIC ADHESIVE COATED PVC GLAZING TAPE<\/strong> specially designed for use in structural glazing systems.<\/p>\n<p>It has a partially open cell structure to allow the curing of structural silicones on all sides.<\/p>\n<p><strong>FEATURES: <\/strong><br \/>\n\u2022 Colour: Black<br \/>\n\u2022 Adhesive specification: open side, modified solvent-based acrylic adhesive, thickness 90 microns<br \/>\n\u2022 Temperature range: -20\u00b0C to + 90\u00b0C<br \/>\n\u2022 UV resistance: very good<br \/>\n\u2022 Water resistance: very good<\/p>\n","protected":false},"excerpt":{"rendered":"<p>DOUBLE SIDED HIGH TACK ACRYLIC ADHESIVE COATED PVC GLAZING TAPE specially designed for use in structural glazing systems. It has a partially open cell structure to allow the curing of structural silicones on all sides. FEATURES: \u2022 Colour: Black \u2022 Adhesive specification: open side, modified solvent-based acrylic adhesive, thickness 90 microns \u2022 Temperature range: -20\u00b0C [&hellip;]<\/p>\n","protected":false},"featured_media":2120,"comment_status":"open","ping_status":"closed","template":"","meta":{"_acf_changed":false},"product_cat":[154],"product_tag":[],"acf":[],"yoast_head":"<!-- This site is optimized with the Yoast SEO plugin v22.9 - https:\/\/yoast.com\/wordpress\/plugins\/seo\/ -->\n<title>Double-sided tape Vi-Pro\u00ae SG TAPE - Proventuss<\/title>\n<meta name=\"description\" content=\"For use in structural glazing systems, it has a partially open cell structure allowing structural silicones to cure on all sides.\" \/>\n<meta name=\"robots\" content=\"index, follow, max-snippet:-1, max-image-preview:large, max-video-preview:-1\" \/>\n<link rel=\"canonical\" href=\"https:\/\/proventuss.eu\/en\/produkt\/double-sided-tape-vi-pro-sg-tape\/\" \/>\n<meta property=\"og:locale\" content=\"en_US\" \/>\n<meta property=\"og:type\" content=\"article\" \/>\n<meta property=\"og:title\" content=\"Double-sided tape Vi-Pro\u00ae SG TAPE - Proventuss\" \/>\n<meta property=\"og:description\" content=\"For use in structural glazing systems, it has a partially open cell structure allowing structural silicones to cure on all sides.\" \/>\n<meta property=\"og:url\" content=\"https:\/\/proventuss.eu\/en\/produkt\/double-sided-tape-vi-pro-sg-tape\/\" \/>\n<meta property=\"og:site_name\" content=\"Proventuss\" \/>\n<meta property=\"article:modified_time\" content=\"2022-11-24T08:32:23+00:00\" \/>\n<meta property=\"og:image\" content=\"https:\/\/proventuss.eu\/wp-content\/uploads\/2022\/04\/Vi-pro-tasma-SG.png\" \/>\n\t<meta property=\"og:image:width\" content=\"967\" \/>\n\t<meta property=\"og:image:height\" content=\"640\" \/>\n\t<meta property=\"og:image:type\" content=\"image\/png\" \/>\n<meta name=\"twitter:card\" content=\"summary_large_image\" \/>\n<meta name=\"twitter:label1\" content=\"Est. reading time\" \/>\n\t<meta name=\"twitter:data1\" content=\"1 minute\" \/>\n<script type=\"application\/ld+json\" class=\"yoast-schema-graph\">{\"@context\":\"https:\/\/schema.org\",\"@graph\":[{\"@type\":\"WebPage\",\"@id\":\"https:\/\/proventuss.eu\/en\/produkt\/double-sided-tape-vi-pro-sg-tape\/\",\"url\":\"https:\/\/proventuss.eu\/en\/produkt\/double-sided-tape-vi-pro-sg-tape\/\",\"name\":\"Double-sided tape Vi-Pro\u00ae SG TAPE - Proventuss\",\"isPartOf\":{\"@id\":\"https:\/\/proventuss.eu\/#website\"},\"primaryImageOfPage\":{\"@id\":\"https:\/\/proventuss.eu\/en\/produkt\/double-sided-tape-vi-pro-sg-tape\/#primaryimage\"},\"image\":{\"@id\":\"https:\/\/proventuss.eu\/en\/produkt\/double-sided-tape-vi-pro-sg-tape\/#primaryimage\"},\"thumbnailUrl\":\"https:\/\/proventuss.eu\/wp-content\/uploads\/2022\/04\/Vi-pro-tasma-SG.png\",\"datePublished\":\"2022-04-26T10:46:52+00:00\",\"dateModified\":\"2022-11-24T08:32:23+00:00\",\"description\":\"For use in structural glazing systems, it has a partially open cell structure allowing structural silicones to cure on all sides.\",\"breadcrumb\":{\"@id\":\"https:\/\/proventuss.eu\/en\/produkt\/double-sided-tape-vi-pro-sg-tape\/#breadcrumb\"},\"inLanguage\":\"en-US\",\"potentialAction\":[{\"@type\":\"ReadAction\",\"target\":[\"https:\/\/proventuss.eu\/en\/produkt\/double-sided-tape-vi-pro-sg-tape\/\"]}]},{\"@type\":\"ImageObject\",\"inLanguage\":\"en-US\",\"@id\":\"https:\/\/proventuss.eu\/en\/produkt\/double-sided-tape-vi-pro-sg-tape\/#primaryimage\",\"url\":\"https:\/\/proventuss.eu\/wp-content\/uploads\/2022\/04\/Vi-pro-tasma-SG.png\",\"contentUrl\":\"https:\/\/proventuss.eu\/wp-content\/uploads\/2022\/04\/Vi-pro-tasma-SG.png\",\"width\":967,\"height\":640,\"caption\":\"Na zdj\u0119ciu dwustronna ta\u015bma o wysokiej przyczepno\u015bci do stosowania w systemach szklenia strukturalnego. Odporno\u015b\u0107 na promieniowanie UV: bardzo dobra.\"},{\"@type\":\"BreadcrumbList\",\"@id\":\"https:\/\/proventuss.eu\/en\/produkt\/double-sided-tape-vi-pro-sg-tape\/#breadcrumb\",\"itemListElement\":[{\"@type\":\"ListItem\",\"position\":1,\"name\":\"Home\",\"item\":\"https:\/\/proventuss.eu\/\"},{\"@type\":\"ListItem\",\"position\":2,\"name\":\"Shop\",\"item\":\"https:\/\/proventuss.eu\/en\/shop\/\"},{\"@type\":\"ListItem\",\"position\":3,\"name\":\"Double-sided tape Vi-Pro\u00ae SG TAPE\"}]},{\"@type\":\"WebSite\",\"@id\":\"https:\/\/proventuss.eu\/#website\",\"url\":\"https:\/\/proventuss.eu\/\",\"name\":\"Proventuss\",\"description\":\"\",\"potentialAction\":[{\"@type\":\"SearchAction\",\"target\":{\"@type\":\"EntryPoint\",\"urlTemplate\":\"https:\/\/proventuss.eu\/?s={search_term_string}\"},\"query-input\":\"required name=search_term_string\"}],\"inLanguage\":\"en-US\"}]}<\/script>\n<!-- \/ Yoast SEO plugin. -->","yoast_head_json":{"title":"Double-sided tape Vi-Pro\u00ae SG TAPE - Proventuss","description":"For use in structural glazing systems, it has a partially open cell structure allowing structural silicones to cure on all sides.","robots":{"index":"index","follow":"follow","max-snippet":"max-snippet:-1","max-image-preview":"max-image-preview:large","max-video-preview":"max-video-preview:-1"},"canonical":"https:\/\/proventuss.eu\/en\/produkt\/double-sided-tape-vi-pro-sg-tape\/","og_locale":"en_US","og_type":"article","og_title":"Double-sided tape Vi-Pro\u00ae SG TAPE - Proventuss","og_description":"For use in structural glazing systems, it has a partially open cell structure allowing structural silicones to cure on all sides.","og_url":"https:\/\/proventuss.eu\/en\/produkt\/double-sided-tape-vi-pro-sg-tape\/","og_site_name":"Proventuss","article_modified_time":"2022-11-24T08:32:23+00:00","og_image":[{"width":967,"height":640,"url":"https:\/\/proventuss.eu\/wp-content\/uploads\/2022\/04\/Vi-pro-tasma-SG.png","type":"image\/png"}],"twitter_card":"summary_large_image","twitter_misc":{"Est. reading time":"1 minute"},"schema":{"@context":"https:\/\/schema.org","@graph":[{"@type":"WebPage","@id":"https:\/\/proventuss.eu\/en\/produkt\/double-sided-tape-vi-pro-sg-tape\/","url":"https:\/\/proventuss.eu\/en\/produkt\/double-sided-tape-vi-pro-sg-tape\/","name":"Double-sided tape Vi-Pro\u00ae SG TAPE - Proventuss","isPartOf":{"@id":"https:\/\/proventuss.eu\/#website"},"primaryImageOfPage":{"@id":"https:\/\/proventuss.eu\/en\/produkt\/double-sided-tape-vi-pro-sg-tape\/#primaryimage"},"image":{"@id":"https:\/\/proventuss.eu\/en\/produkt\/double-sided-tape-vi-pro-sg-tape\/#primaryimage"},"thumbnailUrl":"https:\/\/proventuss.eu\/wp-content\/uploads\/2022\/04\/Vi-pro-tasma-SG.png","datePublished":"2022-04-26T10:46:52+00:00","dateModified":"2022-11-24T08:32:23+00:00","description":"For use in structural glazing systems, it has a partially open cell structure allowing structural silicones to cure on all sides.","breadcrumb":{"@id":"https:\/\/proventuss.eu\/en\/produkt\/double-sided-tape-vi-pro-sg-tape\/#breadcrumb"},"inLanguage":"en-US","potentialAction":[{"@type":"ReadAction","target":["https:\/\/proventuss.eu\/en\/produkt\/double-sided-tape-vi-pro-sg-tape\/"]}]},{"@type":"ImageObject","inLanguage":"en-US","@id":"https:\/\/proventuss.eu\/en\/produkt\/double-sided-tape-vi-pro-sg-tape\/#primaryimage","url":"https:\/\/proventuss.eu\/wp-content\/uploads\/2022\/04\/Vi-pro-tasma-SG.png","contentUrl":"https:\/\/proventuss.eu\/wp-content\/uploads\/2022\/04\/Vi-pro-tasma-SG.png","width":967,"height":640,"caption":"Na zdj\u0119ciu dwustronna ta\u015bma o wysokiej przyczepno\u015bci do stosowania w systemach szklenia strukturalnego. Odporno\u015b\u0107 na promieniowanie UV: bardzo dobra."},{"@type":"BreadcrumbList","@id":"https:\/\/proventuss.eu\/en\/produkt\/double-sided-tape-vi-pro-sg-tape\/#breadcrumb","itemListElement":[{"@type":"ListItem","position":1,"name":"Home","item":"https:\/\/proventuss.eu\/"},{"@type":"ListItem","position":2,"name":"Shop","item":"https:\/\/proventuss.eu\/en\/shop\/"},{"@type":"ListItem","position":3,"name":"Double-sided tape Vi-Pro\u00ae SG TAPE"}]},{"@type":"WebSite","@id":"https:\/\/proventuss.eu\/#website","url":"https:\/\/proventuss.eu\/","name":"Proventuss","description":"","potentialAction":[{"@type":"SearchAction","target":{"@type":"EntryPoint","urlTemplate":"https:\/\/proventuss.eu\/?s={search_term_string}"},"query-input":"required name=search_term_string"}],"inLanguage":"en-US"}]}},"_links":{"self":[{"href":"https:\/\/proventuss.eu\/en\/wp-json\/wp\/v2\/product\/3004"}],"collection":[{"href":"https:\/\/proventuss.eu\/en\/wp-json\/wp\/v2\/product"}],"about":[{"href":"https:\/\/proventuss.eu\/en\/wp-json\/wp\/v2\/types\/product"}],"replies":[{"embeddable":true,"href":"https:\/\/proventuss.eu\/en\/wp-json\/wp\/v2\/comments?post=3004"}],"wp:featuredmedia":[{"embeddable":true,"href":"https:\/\/proventuss.eu\/en\/wp-json\/wp\/v2\/media\/2120"}],"wp:attachment":[{"href":"https:\/\/proventuss.eu\/en\/wp-json\/wp\/v2\/media?parent=3004"}],"wp:term":[{"taxonomy":"product_cat","embeddable":true,"href":"https:\/\/proventuss.eu\/en\/wp-json\/wp\/v2\/product_cat?post=3004"},{"taxonomy":"product_tag","embeddable":true,"href":"https:\/\/proventuss.eu\/en\/wp-json\/wp\/v2\/product_tag?post=3004"}],"curies":[{"name":"wp","href":"https:\/\/api.w.org\/{rel}","templated":true}]}}