{"id":3002,"date":"2022-04-26T10:37:53","date_gmt":"2022-04-26T10:37:53","guid":{"rendered":"https:\/\/proventuss.eu\/produkt\/vi-pro-butyl-tape\/"},"modified":"2022-11-24T08:25:56","modified_gmt":"2022-11-24T08:25:56","slug":"butyl-sealant-vi-pro-butyl-tape","status":"publish","type":"product","link":"https:\/\/proventuss.eu\/en\/product\/butyl-sealant-vi-pro-butyl-tape\/","title":{"rendered":"Butyl sealant Vi-Pro\u00ae BUTYL TAPE"},"content":{"rendered":"<p><strong>SYNTHETIC BUTYL SEALANT<\/strong> available in the form of embossed tapes, strips, cords, cut formats in grey, black or white of various widths.<\/p>\n<p><strong>BENEFITS:<\/strong><br \/>\n\u2022 Good adhesion to many types of surfaces<br \/>\n\u2022 Good resistance to UV radiation<br \/>\n\u2022 High comfort in use<br \/>\n\u2022 Embossed in the form of tape or cord, it allows easy and precise use with a small amount of waste<br \/>\n\u2022 High viscosity<br \/>\n\u2022 Remains flexible throughout the period of use<br \/>\n\u2022 Stable over a wide temperature range:-40\u00b0C to +90\u00b0C<\/p>\n","protected":false},"excerpt":{"rendered":"<p>SYNTHETIC BUTYL SEALANT available in the form of embossed tapes, strips, cords, cut formats in grey, black or white of various widths. BENEFITS: \u2022 Good adhesion to many types of surfaces \u2022 Good resistance to UV radiation \u2022 High comfort in use \u2022 Embossed in the form of tape or cord, it allows easy and [&hellip;]<\/p>\n","protected":false},"featured_media":2112,"comment_status":"open","ping_status":"closed","template":"","meta":{"_acf_changed":false},"product_cat":[154],"product_tag":[],"acf":[],"yoast_head":"<!-- This site is optimized with the Yoast SEO plugin v22.9 - https:\/\/yoast.com\/wordpress\/plugins\/seo\/ -->\n<title>Butyl sealant Vi-Pro\u00ae BUTYL TAPE - Proventuss<\/title>\n<meta name=\"description\" content=\"Provides good adhesion to many types of surfaces, UV resistance; high viscosity. Remains flexible throughout use. Good UV resistance.\" \/>\n<meta name=\"robots\" content=\"index, follow, max-snippet:-1, max-image-preview:large, max-video-preview:-1\" \/>\n<link rel=\"canonical\" href=\"https:\/\/proventuss.eu\/en\/produkt\/butyl-sealant-vi-pro-butyl-tape\/\" \/>\n<meta property=\"og:locale\" content=\"en_US\" \/>\n<meta property=\"og:type\" content=\"article\" \/>\n<meta property=\"og:title\" content=\"Butyl sealant Vi-Pro\u00ae BUTYL TAPE - Proventuss\" \/>\n<meta property=\"og:description\" content=\"Provides good adhesion to many types of surfaces, UV resistance; high viscosity. Remains flexible throughout use. Good UV resistance.\" \/>\n<meta property=\"og:url\" content=\"https:\/\/proventuss.eu\/en\/produkt\/butyl-sealant-vi-pro-butyl-tape\/\" \/>\n<meta property=\"og:site_name\" content=\"Proventuss\" \/>\n<meta property=\"article:modified_time\" content=\"2022-11-24T08:25:56+00:00\" \/>\n<meta property=\"og:image\" content=\"https:\/\/proventuss.eu\/wp-content\/uploads\/2022\/04\/tasma.png\" \/>\n\t<meta property=\"og:image:width\" content=\"670\" \/>\n\t<meta property=\"og:image:height\" content=\"640\" \/>\n\t<meta property=\"og:image:type\" content=\"image\/png\" \/>\n<meta name=\"twitter:card\" content=\"summary_large_image\" \/>\n<meta name=\"twitter:label1\" content=\"Est. reading time\" \/>\n\t<meta name=\"twitter:data1\" content=\"1 minute\" \/>\n<script type=\"application\/ld+json\" class=\"yoast-schema-graph\">{\"@context\":\"https:\/\/schema.org\",\"@graph\":[{\"@type\":\"WebPage\",\"@id\":\"https:\/\/proventuss.eu\/en\/produkt\/butyl-sealant-vi-pro-butyl-tape\/\",\"url\":\"https:\/\/proventuss.eu\/en\/produkt\/butyl-sealant-vi-pro-butyl-tape\/\",\"name\":\"Butyl sealant Vi-Pro\u00ae BUTYL TAPE - Proventuss\",\"isPartOf\":{\"@id\":\"https:\/\/proventuss.eu\/#website\"},\"primaryImageOfPage\":{\"@id\":\"https:\/\/proventuss.eu\/en\/produkt\/butyl-sealant-vi-pro-butyl-tape\/#primaryimage\"},\"image\":{\"@id\":\"https:\/\/proventuss.eu\/en\/produkt\/butyl-sealant-vi-pro-butyl-tape\/#primaryimage\"},\"thumbnailUrl\":\"https:\/\/proventuss.eu\/wp-content\/uploads\/2022\/04\/tasma.png\",\"datePublished\":\"2022-04-26T10:37:53+00:00\",\"dateModified\":\"2022-11-24T08:25:56+00:00\",\"description\":\"Provides good adhesion to many types of surfaces, UV resistance; high viscosity. Remains flexible throughout use. Good UV resistance.\",\"breadcrumb\":{\"@id\":\"https:\/\/proventuss.eu\/en\/produkt\/butyl-sealant-vi-pro-butyl-tape\/#breadcrumb\"},\"inLanguage\":\"en-US\",\"potentialAction\":[{\"@type\":\"ReadAction\",\"target\":[\"https:\/\/proventuss.eu\/en\/produkt\/butyl-sealant-vi-pro-butyl-tape\/\"]}]},{\"@type\":\"ImageObject\",\"inLanguage\":\"en-US\",\"@id\":\"https:\/\/proventuss.eu\/en\/produkt\/butyl-sealant-vi-pro-butyl-tape\/#primaryimage\",\"url\":\"https:\/\/proventuss.eu\/wp-content\/uploads\/2022\/04\/tasma.png\",\"contentUrl\":\"https:\/\/proventuss.eu\/wp-content\/uploads\/2022\/04\/tasma.png\",\"width\":670,\"height\":640,\"caption\":\"Na zdj\u0119ciu uszczelniacz z masy butylowej zapewnia dobr\u0105 przyczepno\u015b\u0107 do wielu rodzaj\u00f3w powierzchni, odporno\u015b\u0107 na promieniowanie UV; wysoka lepko\u015b\u0107.\"},{\"@type\":\"BreadcrumbList\",\"@id\":\"https:\/\/proventuss.eu\/en\/produkt\/butyl-sealant-vi-pro-butyl-tape\/#breadcrumb\",\"itemListElement\":[{\"@type\":\"ListItem\",\"position\":1,\"name\":\"Home\",\"item\":\"https:\/\/proventuss.eu\/\"},{\"@type\":\"ListItem\",\"position\":2,\"name\":\"Shop\",\"item\":\"https:\/\/proventuss.eu\/en\/shop\/\"},{\"@type\":\"ListItem\",\"position\":3,\"name\":\"Butyl sealant Vi-Pro\u00ae BUTYL TAPE\"}]},{\"@type\":\"WebSite\",\"@id\":\"https:\/\/proventuss.eu\/#website\",\"url\":\"https:\/\/proventuss.eu\/\",\"name\":\"Proventuss\",\"description\":\"\",\"potentialAction\":[{\"@type\":\"SearchAction\",\"target\":{\"@type\":\"EntryPoint\",\"urlTemplate\":\"https:\/\/proventuss.eu\/?s={search_term_string}\"},\"query-input\":\"required name=search_term_string\"}],\"inLanguage\":\"en-US\"}]}<\/script>\n<!-- \/ Yoast SEO plugin. -->","yoast_head_json":{"title":"Butyl sealant Vi-Pro\u00ae BUTYL TAPE - Proventuss","description":"Provides good adhesion to many types of surfaces, UV resistance; high viscosity. Remains flexible throughout use. Good UV resistance.","robots":{"index":"index","follow":"follow","max-snippet":"max-snippet:-1","max-image-preview":"max-image-preview:large","max-video-preview":"max-video-preview:-1"},"canonical":"https:\/\/proventuss.eu\/en\/produkt\/butyl-sealant-vi-pro-butyl-tape\/","og_locale":"en_US","og_type":"article","og_title":"Butyl sealant Vi-Pro\u00ae BUTYL TAPE - Proventuss","og_description":"Provides good adhesion to many types of surfaces, UV resistance; high viscosity. Remains flexible throughout use. Good UV resistance.","og_url":"https:\/\/proventuss.eu\/en\/produkt\/butyl-sealant-vi-pro-butyl-tape\/","og_site_name":"Proventuss","article_modified_time":"2022-11-24T08:25:56+00:00","og_image":[{"width":670,"height":640,"url":"https:\/\/proventuss.eu\/wp-content\/uploads\/2022\/04\/tasma.png","type":"image\/png"}],"twitter_card":"summary_large_image","twitter_misc":{"Est. reading time":"1 minute"},"schema":{"@context":"https:\/\/schema.org","@graph":[{"@type":"WebPage","@id":"https:\/\/proventuss.eu\/en\/produkt\/butyl-sealant-vi-pro-butyl-tape\/","url":"https:\/\/proventuss.eu\/en\/produkt\/butyl-sealant-vi-pro-butyl-tape\/","name":"Butyl sealant Vi-Pro\u00ae BUTYL TAPE - Proventuss","isPartOf":{"@id":"https:\/\/proventuss.eu\/#website"},"primaryImageOfPage":{"@id":"https:\/\/proventuss.eu\/en\/produkt\/butyl-sealant-vi-pro-butyl-tape\/#primaryimage"},"image":{"@id":"https:\/\/proventuss.eu\/en\/produkt\/butyl-sealant-vi-pro-butyl-tape\/#primaryimage"},"thumbnailUrl":"https:\/\/proventuss.eu\/wp-content\/uploads\/2022\/04\/tasma.png","datePublished":"2022-04-26T10:37:53+00:00","dateModified":"2022-11-24T08:25:56+00:00","description":"Provides good adhesion to many types of surfaces, UV resistance; high viscosity. Remains flexible throughout use. Good UV resistance.","breadcrumb":{"@id":"https:\/\/proventuss.eu\/en\/produkt\/butyl-sealant-vi-pro-butyl-tape\/#breadcrumb"},"inLanguage":"en-US","potentialAction":[{"@type":"ReadAction","target":["https:\/\/proventuss.eu\/en\/produkt\/butyl-sealant-vi-pro-butyl-tape\/"]}]},{"@type":"ImageObject","inLanguage":"en-US","@id":"https:\/\/proventuss.eu\/en\/produkt\/butyl-sealant-vi-pro-butyl-tape\/#primaryimage","url":"https:\/\/proventuss.eu\/wp-content\/uploads\/2022\/04\/tasma.png","contentUrl":"https:\/\/proventuss.eu\/wp-content\/uploads\/2022\/04\/tasma.png","width":670,"height":640,"caption":"Na zdj\u0119ciu uszczelniacz z masy butylowej zapewnia dobr\u0105 przyczepno\u015b\u0107 do wielu rodzaj\u00f3w powierzchni, odporno\u015b\u0107 na promieniowanie UV; wysoka lepko\u015b\u0107."},{"@type":"BreadcrumbList","@id":"https:\/\/proventuss.eu\/en\/produkt\/butyl-sealant-vi-pro-butyl-tape\/#breadcrumb","itemListElement":[{"@type":"ListItem","position":1,"name":"Home","item":"https:\/\/proventuss.eu\/"},{"@type":"ListItem","position":2,"name":"Shop","item":"https:\/\/proventuss.eu\/en\/shop\/"},{"@type":"ListItem","position":3,"name":"Butyl sealant Vi-Pro\u00ae BUTYL TAPE"}]},{"@type":"WebSite","@id":"https:\/\/proventuss.eu\/#website","url":"https:\/\/proventuss.eu\/","name":"Proventuss","description":"","potentialAction":[{"@type":"SearchAction","target":{"@type":"EntryPoint","urlTemplate":"https:\/\/proventuss.eu\/?s={search_term_string}"},"query-input":"required name=search_term_string"}],"inLanguage":"en-US"}]}},"_links":{"self":[{"href":"https:\/\/proventuss.eu\/en\/wp-json\/wp\/v2\/product\/3002"}],"collection":[{"href":"https:\/\/proventuss.eu\/en\/wp-json\/wp\/v2\/product"}],"about":[{"href":"https:\/\/proventuss.eu\/en\/wp-json\/wp\/v2\/types\/product"}],"replies":[{"embeddable":true,"href":"https:\/\/proventuss.eu\/en\/wp-json\/wp\/v2\/comments?post=3002"}],"wp:featuredmedia":[{"embeddable":true,"href":"https:\/\/proventuss.eu\/en\/wp-json\/wp\/v2\/media\/2112"}],"wp:attachment":[{"href":"https:\/\/proventuss.eu\/en\/wp-json\/wp\/v2\/media?parent=3002"}],"wp:term":[{"taxonomy":"product_cat","embeddable":true,"href":"https:\/\/proventuss.eu\/en\/wp-json\/wp\/v2\/product_cat?post=3002"},{"taxonomy":"product_tag","embeddable":true,"href":"https:\/\/proventuss.eu\/en\/wp-json\/wp\/v2\/product_tag?post=3002"}],"curies":[{"name":"wp","href":"https:\/\/api.w.org\/{rel}","templated":true}]}}