{"id":2992,"date":"2022-04-26T10:30:27","date_gmt":"2022-04-26T10:30:27","guid":{"rendered":"https:\/\/proventuss.eu\/produkt\/vi-pro-strongbond-sb20-ms\/"},"modified":"2023-11-02T08:05:30","modified_gmt":"2023-11-02T08:05:30","slug":"one-component-construction-sealant-vi-pro-strongbond-sb20-ms","status":"publish","type":"product","link":"https:\/\/proventuss.eu\/en\/product\/one-component-construction-sealant-vi-pro-strongbond-sb20-ms\/","title":{"rendered":"One-component construction sealant Vi-Pro\u00ae Strongbond SB20 MS"},"content":{"rendered":"<p><strong>One-part low modulus construction sealant<\/strong><\/p>\n<p><strong>Vi-Pro\u00ae Strongbond SB20 MS<\/strong> is a one-component, gun-grade, non-sag \u2013 Silyl Modified Polymer construction sealant. It cures under the influence of atmospheric moisture to form a high performance compound with permanent elasticity and high resistance to ageing and weathering. Solvent- and isocyanate-free. Vi-Pro\u00ae Strongbond SB20 MS is a versatile and performant construction sealant for expansion and construction joints in vertical and horizontal applications, joints in precast elements, external walling and cladding joints. Suitable for metal roof and gutter sealing, bridge and balcony parapets, weatherproofing of joints between brickwork, block-work, masonry, wood, concrete, metal, window or door frames.<\/p>\n<p><strong>FEATURES: <\/strong><\/p>\n<p>\u2022 Environmental friendly \u2013 free of isocyanates and solvents<br \/>\n\u2022 No hazard symbol required<br \/>\n\u2022 No bubble formation &#8211; Odorless<br \/>\n\u2022 Bonds and seals at the same time<br \/>\n\u2022 Permanently elastic; accommodates joint movement of \u00b125%<br \/>\n\u2022 Easy to gun with excellent tooling consistency<br \/>\n\u2022 Performant adhesion on all construction materials<br \/>\n\u2022 Exceptional thixotropy, non-sagging, short cut off string<br \/>\n\u2022 Excellent primerless adhesion on all typical construction and industrial materials<br \/>\n\u2022 Non-staining on concrete and porous materials<br \/>\n\u2022 Excellent resistance to ageing, weathering; color stable and non-yellowing<br \/>\n\u2022 Over-paintable with many water and solvent based paints (preliminary tests recommended).<\/p>\n<p>&nbsp;<\/p>\n","protected":false},"excerpt":{"rendered":"<p>One-part low modulus construction sealant Vi-Pro\u00ae Strongbond SB20 MS is a one-component, gun-grade, non-sag \u2013 Silyl Modified Polymer construction sealant. It cures under the influence of atmospheric moisture to form a high performance compound with permanent elasticity and high resistance to ageing and weathering. Solvent- and isocyanate-free. Vi-Pro\u00ae Strongbond SB20 MS is a versatile and [&hellip;]<\/p>\n","protected":false},"featured_media":4166,"comment_status":"open","ping_status":"closed","template":"","meta":{"_acf_changed":false},"product_cat":[142],"product_tag":[],"acf":[],"yoast_head":"<!-- This site is optimized with the Yoast SEO plugin v22.9 - https:\/\/yoast.com\/wordpress\/plugins\/seo\/ -->\n<title>One-component construction sealant Vi-Pro\u00ae Strongbond SB20 MS - Proventuss<\/title>\n<meta name=\"description\" content=\"Sealing of metal roofs and gutters, bridges and balcony sills, weather sealing of joints between bricks, wood, concrete, window and door frames.\" \/>\n<meta name=\"robots\" content=\"index, follow, max-snippet:-1, max-image-preview:large, max-video-preview:-1\" \/>\n<link rel=\"canonical\" href=\"https:\/\/proventuss.eu\/en\/produkt\/one-component-construction-sealant-vi-pro-strongbond-sb20-ms\/\" \/>\n<meta property=\"og:locale\" content=\"en_US\" \/>\n<meta property=\"og:type\" content=\"article\" \/>\n<meta property=\"og:title\" content=\"One-component construction sealant Vi-Pro\u00ae Strongbond SB20 MS - Proventuss\" \/>\n<meta property=\"og:description\" content=\"Sealing of metal roofs and gutters, bridges and balcony sills, weather sealing of joints between bricks, wood, concrete, window and door frames.\" \/>\n<meta property=\"og:url\" content=\"https:\/\/proventuss.eu\/en\/produkt\/one-component-construction-sealant-vi-pro-strongbond-sb20-ms\/\" \/>\n<meta property=\"og:site_name\" content=\"Proventuss\" \/>\n<meta property=\"article:modified_time\" content=\"2023-11-02T08:05:30+00:00\" \/>\n<meta property=\"og:image\" content=\"https:\/\/proventuss.eu\/wp-content\/uploads\/2022\/04\/Vi-Pro-Strongbond-SB20-MS.png\" \/>\n\t<meta property=\"og:image:width\" content=\"317\" \/>\n\t<meta property=\"og:image:height\" content=\"1920\" \/>\n\t<meta property=\"og:image:type\" content=\"image\/png\" \/>\n<meta name=\"twitter:card\" content=\"summary_large_image\" \/>\n<meta name=\"twitter:label1\" content=\"Est. reading time\" \/>\n\t<meta name=\"twitter:data1\" content=\"2 minutes\" \/>\n<script type=\"application\/ld+json\" class=\"yoast-schema-graph\">{\"@context\":\"https:\/\/schema.org\",\"@graph\":[{\"@type\":\"WebPage\",\"@id\":\"https:\/\/proventuss.eu\/en\/produkt\/one-component-construction-sealant-vi-pro-strongbond-sb20-ms\/\",\"url\":\"https:\/\/proventuss.eu\/en\/produkt\/one-component-construction-sealant-vi-pro-strongbond-sb20-ms\/\",\"name\":\"One-component construction sealant Vi-Pro\u00ae Strongbond SB20 MS - Proventuss\",\"isPartOf\":{\"@id\":\"https:\/\/proventuss.eu\/#website\"},\"primaryImageOfPage\":{\"@id\":\"https:\/\/proventuss.eu\/en\/produkt\/one-component-construction-sealant-vi-pro-strongbond-sb20-ms\/#primaryimage\"},\"image\":{\"@id\":\"https:\/\/proventuss.eu\/en\/produkt\/one-component-construction-sealant-vi-pro-strongbond-sb20-ms\/#primaryimage\"},\"thumbnailUrl\":\"https:\/\/proventuss.eu\/wp-content\/uploads\/2022\/04\/Vi-Pro-Strongbond-SB20-MS.png\",\"datePublished\":\"2022-04-26T10:30:27+00:00\",\"dateModified\":\"2023-11-02T08:05:30+00:00\",\"description\":\"Sealing of metal roofs and gutters, bridges and balcony sills, weather sealing of joints between bricks, wood, concrete, window and door frames.\",\"breadcrumb\":{\"@id\":\"https:\/\/proventuss.eu\/en\/produkt\/one-component-construction-sealant-vi-pro-strongbond-sb20-ms\/#breadcrumb\"},\"inLanguage\":\"en-US\",\"potentialAction\":[{\"@type\":\"ReadAction\",\"target\":[\"https:\/\/proventuss.eu\/en\/produkt\/one-component-construction-sealant-vi-pro-strongbond-sb20-ms\/\"]}]},{\"@type\":\"ImageObject\",\"inLanguage\":\"en-US\",\"@id\":\"https:\/\/proventuss.eu\/en\/produkt\/one-component-construction-sealant-vi-pro-strongbond-sb20-ms\/#primaryimage\",\"url\":\"https:\/\/proventuss.eu\/wp-content\/uploads\/2022\/04\/Vi-Pro-Strongbond-SB20-MS.png\",\"contentUrl\":\"https:\/\/proventuss.eu\/wp-content\/uploads\/2022\/04\/Vi-Pro-Strongbond-SB20-MS.png\",\"width\":317,\"height\":1920,\"caption\":\"Na zdj\u0119ciu wydajny, jednosk\u0142adnikowy uszczelniacz budowlany do uszczelniania metalowych dach\u00f3w i rynien, most\u00f3w i parapet\u00f3w balkonowych. Kie\u0142baska.\"},{\"@type\":\"BreadcrumbList\",\"@id\":\"https:\/\/proventuss.eu\/en\/produkt\/one-component-construction-sealant-vi-pro-strongbond-sb20-ms\/#breadcrumb\",\"itemListElement\":[{\"@type\":\"ListItem\",\"position\":1,\"name\":\"Home\",\"item\":\"https:\/\/proventuss.eu\/\"},{\"@type\":\"ListItem\",\"position\":2,\"name\":\"Shop\",\"item\":\"https:\/\/proventuss.eu\/en\/shop\/\"},{\"@type\":\"ListItem\",\"position\":3,\"name\":\"One-component construction sealant Vi-Pro\u00ae Strongbond SB20 MS\"}]},{\"@type\":\"WebSite\",\"@id\":\"https:\/\/proventuss.eu\/#website\",\"url\":\"https:\/\/proventuss.eu\/\",\"name\":\"Proventuss\",\"description\":\"\",\"potentialAction\":[{\"@type\":\"SearchAction\",\"target\":{\"@type\":\"EntryPoint\",\"urlTemplate\":\"https:\/\/proventuss.eu\/?s={search_term_string}\"},\"query-input\":\"required name=search_term_string\"}],\"inLanguage\":\"en-US\"}]}<\/script>\n<!-- \/ Yoast SEO plugin. -->","yoast_head_json":{"title":"One-component construction sealant Vi-Pro\u00ae Strongbond SB20 MS - Proventuss","description":"Sealing of metal roofs and gutters, bridges and balcony sills, weather sealing of joints between bricks, wood, concrete, window and door frames.","robots":{"index":"index","follow":"follow","max-snippet":"max-snippet:-1","max-image-preview":"max-image-preview:large","max-video-preview":"max-video-preview:-1"},"canonical":"https:\/\/proventuss.eu\/en\/produkt\/one-component-construction-sealant-vi-pro-strongbond-sb20-ms\/","og_locale":"en_US","og_type":"article","og_title":"One-component construction sealant Vi-Pro\u00ae Strongbond SB20 MS - Proventuss","og_description":"Sealing of metal roofs and gutters, bridges and balcony sills, weather sealing of joints between bricks, wood, concrete, window and door frames.","og_url":"https:\/\/proventuss.eu\/en\/produkt\/one-component-construction-sealant-vi-pro-strongbond-sb20-ms\/","og_site_name":"Proventuss","article_modified_time":"2023-11-02T08:05:30+00:00","og_image":[{"width":317,"height":1920,"url":"https:\/\/proventuss.eu\/wp-content\/uploads\/2022\/04\/Vi-Pro-Strongbond-SB20-MS.png","type":"image\/png"}],"twitter_card":"summary_large_image","twitter_misc":{"Est. reading time":"2 minutes"},"schema":{"@context":"https:\/\/schema.org","@graph":[{"@type":"WebPage","@id":"https:\/\/proventuss.eu\/en\/produkt\/one-component-construction-sealant-vi-pro-strongbond-sb20-ms\/","url":"https:\/\/proventuss.eu\/en\/produkt\/one-component-construction-sealant-vi-pro-strongbond-sb20-ms\/","name":"One-component construction sealant Vi-Pro\u00ae Strongbond SB20 MS - Proventuss","isPartOf":{"@id":"https:\/\/proventuss.eu\/#website"},"primaryImageOfPage":{"@id":"https:\/\/proventuss.eu\/en\/produkt\/one-component-construction-sealant-vi-pro-strongbond-sb20-ms\/#primaryimage"},"image":{"@id":"https:\/\/proventuss.eu\/en\/produkt\/one-component-construction-sealant-vi-pro-strongbond-sb20-ms\/#primaryimage"},"thumbnailUrl":"https:\/\/proventuss.eu\/wp-content\/uploads\/2022\/04\/Vi-Pro-Strongbond-SB20-MS.png","datePublished":"2022-04-26T10:30:27+00:00","dateModified":"2023-11-02T08:05:30+00:00","description":"Sealing of metal roofs and gutters, bridges and balcony sills, weather sealing of joints between bricks, wood, concrete, window and door frames.","breadcrumb":{"@id":"https:\/\/proventuss.eu\/en\/produkt\/one-component-construction-sealant-vi-pro-strongbond-sb20-ms\/#breadcrumb"},"inLanguage":"en-US","potentialAction":[{"@type":"ReadAction","target":["https:\/\/proventuss.eu\/en\/produkt\/one-component-construction-sealant-vi-pro-strongbond-sb20-ms\/"]}]},{"@type":"ImageObject","inLanguage":"en-US","@id":"https:\/\/proventuss.eu\/en\/produkt\/one-component-construction-sealant-vi-pro-strongbond-sb20-ms\/#primaryimage","url":"https:\/\/proventuss.eu\/wp-content\/uploads\/2022\/04\/Vi-Pro-Strongbond-SB20-MS.png","contentUrl":"https:\/\/proventuss.eu\/wp-content\/uploads\/2022\/04\/Vi-Pro-Strongbond-SB20-MS.png","width":317,"height":1920,"caption":"Na zdj\u0119ciu wydajny, jednosk\u0142adnikowy uszczelniacz budowlany do uszczelniania metalowych dach\u00f3w i rynien, most\u00f3w i parapet\u00f3w balkonowych. Kie\u0142baska."},{"@type":"BreadcrumbList","@id":"https:\/\/proventuss.eu\/en\/produkt\/one-component-construction-sealant-vi-pro-strongbond-sb20-ms\/#breadcrumb","itemListElement":[{"@type":"ListItem","position":1,"name":"Home","item":"https:\/\/proventuss.eu\/"},{"@type":"ListItem","position":2,"name":"Shop","item":"https:\/\/proventuss.eu\/en\/shop\/"},{"@type":"ListItem","position":3,"name":"One-component construction sealant Vi-Pro\u00ae Strongbond SB20 MS"}]},{"@type":"WebSite","@id":"https:\/\/proventuss.eu\/#website","url":"https:\/\/proventuss.eu\/","name":"Proventuss","description":"","potentialAction":[{"@type":"SearchAction","target":{"@type":"EntryPoint","urlTemplate":"https:\/\/proventuss.eu\/?s={search_term_string}"},"query-input":"required name=search_term_string"}],"inLanguage":"en-US"}]}},"_links":{"self":[{"href":"https:\/\/proventuss.eu\/en\/wp-json\/wp\/v2\/product\/2992"}],"collection":[{"href":"https:\/\/proventuss.eu\/en\/wp-json\/wp\/v2\/product"}],"about":[{"href":"https:\/\/proventuss.eu\/en\/wp-json\/wp\/v2\/types\/product"}],"replies":[{"embeddable":true,"href":"https:\/\/proventuss.eu\/en\/wp-json\/wp\/v2\/comments?post=2992"}],"wp:featuredmedia":[{"embeddable":true,"href":"https:\/\/proventuss.eu\/en\/wp-json\/wp\/v2\/media\/4166"}],"wp:attachment":[{"href":"https:\/\/proventuss.eu\/en\/wp-json\/wp\/v2\/media?parent=2992"}],"wp:term":[{"taxonomy":"product_cat","embeddable":true,"href":"https:\/\/proventuss.eu\/en\/wp-json\/wp\/v2\/product_cat?post=2992"},{"taxonomy":"product_tag","embeddable":true,"href":"https:\/\/proventuss.eu\/en\/wp-json\/wp\/v2\/product_tag?post=2992"}],"curies":[{"name":"wp","href":"https:\/\/api.w.org\/{rel}","templated":true}]}}