{"id":2957,"date":"2022-04-26T09:07:48","date_gmt":"2022-04-26T09:07:48","guid":{"rendered":"https:\/\/proventuss.eu\/produkt\/vi-pro-epdm-membrane-butyl-layer\/"},"modified":"2023-06-23T08:17:58","modified_gmt":"2023-06-23T08:17:58","slug":"facade-elastomer-diaphragm-coated-with-butyl-vi-pro-epdm-membrane-butyl-layer","status":"publish","type":"product","link":"https:\/\/proventuss.eu\/en\/product\/facade-elastomer-diaphragm-coated-with-butyl-vi-pro-epdm-membrane-butyl-layer\/","title":{"rendered":"Facade elastomer diaphragm coated with butyl Vi-Pro\u00ae EPDM MEMBRANE BUTYL LAYER"},"content":{"rendered":"<p><strong>SELF ADHESIVE WATERPROOFING STRIP<\/strong> based on the rubber polymer EPDM. The product consists of a 1.0 mm thick scrim-reinforced EPDM membrane coated with 0.6 mm sticky butyl which is covered with a release film. The EPDM and sticky butyl together gives us a product with low water vapour transmission factor.<\/p>\n<p>Vi-Pro EPDM Butyl Layer is available in black.<\/p>\n","protected":false},"excerpt":{"rendered":"<p>SELF ADHESIVE WATERPROOFING STRIP based on the rubber polymer EPDM. The product consists of a 1.0 mm thick scrim-reinforced EPDM membrane coated with 0.6 mm sticky butyl which is covered with a release film. The EPDM and sticky butyl together gives us a product with low water vapour transmission factor. Vi-Pro EPDM Butyl Layer is [&hellip;]<\/p>\n","protected":false},"featured_media":2070,"comment_status":"open","ping_status":"closed","template":"","meta":{"_acf_changed":false},"product_cat":[124],"product_tag":[],"acf":[],"yoast_head":"<!-- This site is optimized with the Yoast SEO plugin v22.9 - https:\/\/yoast.com\/wordpress\/plugins\/seo\/ -->\n<title>Facade elastomer diaphragm coated with butyl Vi-Pro\u00ae EPDM MEMBRANE BUTYL LAYER - Proventuss<\/title>\n<meta name=\"description\" content=\"Self-adhesive, 1.6 mm thick EPDM fa\u00e7ade sealing strip with low resistance to water vapour diffusion. Available in black.\" \/>\n<meta name=\"robots\" content=\"index, follow, max-snippet:-1, max-image-preview:large, max-video-preview:-1\" \/>\n<link rel=\"canonical\" href=\"https:\/\/proventuss.eu\/en\/produkt\/facade-elastomer-diaphragm-coated-with-butyl-vi-pro-epdm-membrane-butyl-layer\/\" \/>\n<meta property=\"og:locale\" content=\"en_US\" \/>\n<meta property=\"og:type\" content=\"article\" \/>\n<meta property=\"og:title\" content=\"Facade elastomer diaphragm coated with butyl Vi-Pro\u00ae EPDM MEMBRANE BUTYL LAYER - Proventuss\" \/>\n<meta property=\"og:description\" content=\"Self-adhesive, 1.6 mm thick EPDM fa\u00e7ade sealing strip with low resistance to water vapour diffusion. Available in black.\" \/>\n<meta property=\"og:url\" content=\"https:\/\/proventuss.eu\/en\/produkt\/facade-elastomer-diaphragm-coated-with-butyl-vi-pro-epdm-membrane-butyl-layer\/\" \/>\n<meta property=\"og:site_name\" content=\"Proventuss\" \/>\n<meta property=\"article:modified_time\" content=\"2023-06-23T08:17:58+00:00\" \/>\n<meta property=\"og:image\" content=\"https:\/\/proventuss.eu\/wp-content\/uploads\/2022\/04\/EPDM-Butyl-Layer.jpg\" \/>\n\t<meta property=\"og:image:width\" content=\"832\" \/>\n\t<meta property=\"og:image:height\" content=\"640\" \/>\n\t<meta property=\"og:image:type\" content=\"image\/jpeg\" \/>\n<meta name=\"twitter:card\" content=\"summary_large_image\" \/>\n<meta name=\"twitter:label1\" content=\"Est. reading time\" \/>\n\t<meta name=\"twitter:data1\" content=\"1 minute\" \/>\n<script type=\"application\/ld+json\" class=\"yoast-schema-graph\">{\"@context\":\"https:\/\/schema.org\",\"@graph\":[{\"@type\":\"WebPage\",\"@id\":\"https:\/\/proventuss.eu\/en\/produkt\/facade-elastomer-diaphragm-coated-with-butyl-vi-pro-epdm-membrane-butyl-layer\/\",\"url\":\"https:\/\/proventuss.eu\/en\/produkt\/facade-elastomer-diaphragm-coated-with-butyl-vi-pro-epdm-membrane-butyl-layer\/\",\"name\":\"Facade elastomer diaphragm coated with butyl Vi-Pro\u00ae EPDM MEMBRANE BUTYL LAYER - Proventuss\",\"isPartOf\":{\"@id\":\"https:\/\/proventuss.eu\/#website\"},\"primaryImageOfPage\":{\"@id\":\"https:\/\/proventuss.eu\/en\/produkt\/facade-elastomer-diaphragm-coated-with-butyl-vi-pro-epdm-membrane-butyl-layer\/#primaryimage\"},\"image\":{\"@id\":\"https:\/\/proventuss.eu\/en\/produkt\/facade-elastomer-diaphragm-coated-with-butyl-vi-pro-epdm-membrane-butyl-layer\/#primaryimage\"},\"thumbnailUrl\":\"https:\/\/proventuss.eu\/wp-content\/uploads\/2022\/04\/EPDM-Butyl-Layer.jpg\",\"datePublished\":\"2022-04-26T09:07:48+00:00\",\"dateModified\":\"2023-06-23T08:17:58+00:00\",\"description\":\"Self-adhesive, 1.6 mm thick EPDM fa\u00e7ade sealing strip with low resistance to water vapour diffusion. Available in black.\",\"breadcrumb\":{\"@id\":\"https:\/\/proventuss.eu\/en\/produkt\/facade-elastomer-diaphragm-coated-with-butyl-vi-pro-epdm-membrane-butyl-layer\/#breadcrumb\"},\"inLanguage\":\"en-US\",\"potentialAction\":[{\"@type\":\"ReadAction\",\"target\":[\"https:\/\/proventuss.eu\/en\/produkt\/facade-elastomer-diaphragm-coated-with-butyl-vi-pro-epdm-membrane-butyl-layer\/\"]}]},{\"@type\":\"ImageObject\",\"inLanguage\":\"en-US\",\"@id\":\"https:\/\/proventuss.eu\/en\/produkt\/facade-elastomer-diaphragm-coated-with-butyl-vi-pro-epdm-membrane-butyl-layer\/#primaryimage\",\"url\":\"https:\/\/proventuss.eu\/wp-content\/uploads\/2022\/04\/EPDM-Butyl-Layer.jpg\",\"contentUrl\":\"https:\/\/proventuss.eu\/wp-content\/uploads\/2022\/04\/EPDM-Butyl-Layer.jpg\",\"width\":832,\"height\":640,\"caption\":\"Na zdj\u0119ciu samoprzylepny, fasadowy pas uszczelniaj\u0105cy z EPDM o grubo\u015bci 1,6 mm o niskim wsp\u00f3\u0142czynniku oporu na dyfuzje pary wodnej. Kolor czarny. Rolka.\"},{\"@type\":\"BreadcrumbList\",\"@id\":\"https:\/\/proventuss.eu\/en\/produkt\/facade-elastomer-diaphragm-coated-with-butyl-vi-pro-epdm-membrane-butyl-layer\/#breadcrumb\",\"itemListElement\":[{\"@type\":\"ListItem\",\"position\":1,\"name\":\"Home\",\"item\":\"https:\/\/proventuss.eu\/\"},{\"@type\":\"ListItem\",\"position\":2,\"name\":\"Shop\",\"item\":\"https:\/\/proventuss.eu\/en\/shop\/\"},{\"@type\":\"ListItem\",\"position\":3,\"name\":\"Facade elastomer diaphragm coated with butyl Vi-Pro\u00ae EPDM MEMBRANE BUTYL LAYER\"}]},{\"@type\":\"WebSite\",\"@id\":\"https:\/\/proventuss.eu\/#website\",\"url\":\"https:\/\/proventuss.eu\/\",\"name\":\"Proventuss\",\"description\":\"\",\"potentialAction\":[{\"@type\":\"SearchAction\",\"target\":{\"@type\":\"EntryPoint\",\"urlTemplate\":\"https:\/\/proventuss.eu\/?s={search_term_string}\"},\"query-input\":\"required name=search_term_string\"}],\"inLanguage\":\"en-US\"}]}<\/script>\n<!-- \/ Yoast SEO plugin. -->","yoast_head_json":{"title":"Facade elastomer diaphragm coated with butyl Vi-Pro\u00ae EPDM MEMBRANE BUTYL LAYER - Proventuss","description":"Self-adhesive, 1.6 mm thick EPDM fa\u00e7ade sealing strip with low resistance to water vapour diffusion. Available in black.","robots":{"index":"index","follow":"follow","max-snippet":"max-snippet:-1","max-image-preview":"max-image-preview:large","max-video-preview":"max-video-preview:-1"},"canonical":"https:\/\/proventuss.eu\/en\/produkt\/facade-elastomer-diaphragm-coated-with-butyl-vi-pro-epdm-membrane-butyl-layer\/","og_locale":"en_US","og_type":"article","og_title":"Facade elastomer diaphragm coated with butyl Vi-Pro\u00ae EPDM MEMBRANE BUTYL LAYER - Proventuss","og_description":"Self-adhesive, 1.6 mm thick EPDM fa\u00e7ade sealing strip with low resistance to water vapour diffusion. Available in black.","og_url":"https:\/\/proventuss.eu\/en\/produkt\/facade-elastomer-diaphragm-coated-with-butyl-vi-pro-epdm-membrane-butyl-layer\/","og_site_name":"Proventuss","article_modified_time":"2023-06-23T08:17:58+00:00","og_image":[{"width":832,"height":640,"url":"https:\/\/proventuss.eu\/wp-content\/uploads\/2022\/04\/EPDM-Butyl-Layer.jpg","type":"image\/jpeg"}],"twitter_card":"summary_large_image","twitter_misc":{"Est. reading time":"1 minute"},"schema":{"@context":"https:\/\/schema.org","@graph":[{"@type":"WebPage","@id":"https:\/\/proventuss.eu\/en\/produkt\/facade-elastomer-diaphragm-coated-with-butyl-vi-pro-epdm-membrane-butyl-layer\/","url":"https:\/\/proventuss.eu\/en\/produkt\/facade-elastomer-diaphragm-coated-with-butyl-vi-pro-epdm-membrane-butyl-layer\/","name":"Facade elastomer diaphragm coated with butyl Vi-Pro\u00ae EPDM MEMBRANE BUTYL LAYER - Proventuss","isPartOf":{"@id":"https:\/\/proventuss.eu\/#website"},"primaryImageOfPage":{"@id":"https:\/\/proventuss.eu\/en\/produkt\/facade-elastomer-diaphragm-coated-with-butyl-vi-pro-epdm-membrane-butyl-layer\/#primaryimage"},"image":{"@id":"https:\/\/proventuss.eu\/en\/produkt\/facade-elastomer-diaphragm-coated-with-butyl-vi-pro-epdm-membrane-butyl-layer\/#primaryimage"},"thumbnailUrl":"https:\/\/proventuss.eu\/wp-content\/uploads\/2022\/04\/EPDM-Butyl-Layer.jpg","datePublished":"2022-04-26T09:07:48+00:00","dateModified":"2023-06-23T08:17:58+00:00","description":"Self-adhesive, 1.6 mm thick EPDM fa\u00e7ade sealing strip with low resistance to water vapour diffusion. Available in black.","breadcrumb":{"@id":"https:\/\/proventuss.eu\/en\/produkt\/facade-elastomer-diaphragm-coated-with-butyl-vi-pro-epdm-membrane-butyl-layer\/#breadcrumb"},"inLanguage":"en-US","potentialAction":[{"@type":"ReadAction","target":["https:\/\/proventuss.eu\/en\/produkt\/facade-elastomer-diaphragm-coated-with-butyl-vi-pro-epdm-membrane-butyl-layer\/"]}]},{"@type":"ImageObject","inLanguage":"en-US","@id":"https:\/\/proventuss.eu\/en\/produkt\/facade-elastomer-diaphragm-coated-with-butyl-vi-pro-epdm-membrane-butyl-layer\/#primaryimage","url":"https:\/\/proventuss.eu\/wp-content\/uploads\/2022\/04\/EPDM-Butyl-Layer.jpg","contentUrl":"https:\/\/proventuss.eu\/wp-content\/uploads\/2022\/04\/EPDM-Butyl-Layer.jpg","width":832,"height":640,"caption":"Na zdj\u0119ciu samoprzylepny, fasadowy pas uszczelniaj\u0105cy z EPDM o grubo\u015bci 1,6 mm o niskim wsp\u00f3\u0142czynniku oporu na dyfuzje pary wodnej. Kolor czarny. Rolka."},{"@type":"BreadcrumbList","@id":"https:\/\/proventuss.eu\/en\/produkt\/facade-elastomer-diaphragm-coated-with-butyl-vi-pro-epdm-membrane-butyl-layer\/#breadcrumb","itemListElement":[{"@type":"ListItem","position":1,"name":"Home","item":"https:\/\/proventuss.eu\/"},{"@type":"ListItem","position":2,"name":"Shop","item":"https:\/\/proventuss.eu\/en\/shop\/"},{"@type":"ListItem","position":3,"name":"Facade elastomer diaphragm coated with butyl Vi-Pro\u00ae EPDM MEMBRANE BUTYL LAYER"}]},{"@type":"WebSite","@id":"https:\/\/proventuss.eu\/#website","url":"https:\/\/proventuss.eu\/","name":"Proventuss","description":"","potentialAction":[{"@type":"SearchAction","target":{"@type":"EntryPoint","urlTemplate":"https:\/\/proventuss.eu\/?s={search_term_string}"},"query-input":"required name=search_term_string"}],"inLanguage":"en-US"}]}},"_links":{"self":[{"href":"https:\/\/proventuss.eu\/en\/wp-json\/wp\/v2\/product\/2957"}],"collection":[{"href":"https:\/\/proventuss.eu\/en\/wp-json\/wp\/v2\/product"}],"about":[{"href":"https:\/\/proventuss.eu\/en\/wp-json\/wp\/v2\/types\/product"}],"replies":[{"embeddable":true,"href":"https:\/\/proventuss.eu\/en\/wp-json\/wp\/v2\/comments?post=2957"}],"wp:featuredmedia":[{"embeddable":true,"href":"https:\/\/proventuss.eu\/en\/wp-json\/wp\/v2\/media\/2070"}],"wp:attachment":[{"href":"https:\/\/proventuss.eu\/en\/wp-json\/wp\/v2\/media?parent=2957"}],"wp:term":[{"taxonomy":"product_cat","embeddable":true,"href":"https:\/\/proventuss.eu\/en\/wp-json\/wp\/v2\/product_cat?post=2957"},{"taxonomy":"product_tag","embeddable":true,"href":"https:\/\/proventuss.eu\/en\/wp-json\/wp\/v2\/product_tag?post=2957"}],"curies":[{"name":"wp","href":"https:\/\/api.w.org\/{rel}","templated":true}]}}