{"id":2946,"date":"2022-04-26T09:14:22","date_gmt":"2022-04-26T09:14:22","guid":{"rendered":"https:\/\/proventuss.eu\/produkt\/vi-pro-epdm-contact-adhesive-904\/"},"modified":"2024-09-04T07:03:48","modified_gmt":"2024-09-04T07:03:48","slug":"contact-adhesive-vi-pro-epdm-contact-adhesive-904","status":"publish","type":"product","link":"https:\/\/proventuss.eu\/en\/product\/contact-adhesive-vi-pro-epdm-contact-adhesive-904\/","title":{"rendered":"Contact adhesive Vi-Pro\u00ae EPDM CONTACT ADHESIVE 904"},"content":{"rendered":"<p>Efficient and quick connection of the EPDM membrane with the substrate is ensured by the contact adhesive for EPDM Vi-Pro\u00ae EPDM Contact Adhesive 904. It is a <strong>HIGH-QUALITY, ONE-COMPONENT ADHESIVE BASED ON SYNTHETIC RUBBER AND SYNTHETIC RESINS<\/strong>, designed for application on both surfaces to be adhered (EPDM strip and substrate). Thanks to its excellent adhesion, it can also be used on materials such as: bitumen, butyl aluminum, wood, steel, concrete and lightweight concrete.<\/p>\n<p><strong>BENEFITS:<\/strong><br \/>\n\u2022 Bonds at the first touch<br \/>\n\u2022 Easy to apply with a roller or brush<br \/>\n\u2022 Can be used as a primer<\/p>\n","protected":false},"excerpt":{"rendered":"<p>Efficient and quick connection of the EPDM membrane with the substrate is ensured by the contact adhesive for EPDM Vi-Pro\u00ae EPDM Contact Adhesive 904. It is a HIGH-QUALITY, ONE-COMPONENT ADHESIVE BASED ON SYNTHETIC RUBBER AND SYNTHETIC RESINS, designed for application on both surfaces to be adhered (EPDM strip and substrate). Thanks to its excellent adhesion, [&hellip;]<\/p>\n","protected":false},"featured_media":2266,"comment_status":"open","ping_status":"closed","template":"","meta":{"_acf_changed":false},"product_cat":[124],"product_tag":[],"acf":[],"yoast_head":"<!-- This site is optimized with the Yoast SEO plugin v22.9 - https:\/\/yoast.com\/wordpress\/plugins\/seo\/ -->\n<title>Contact adhesive Vi-Pro\u00ae EPDM CONTACT ADHESIVE 904 - Proventuss<\/title>\n<meta name=\"description\" content=\"A one-component adhesive based on synthetic rubber and synthetic resins, designed for application to both surfaces to be bonded - the EPDM belt and the substrate.\" \/>\n<meta name=\"robots\" content=\"index, follow, max-snippet:-1, max-image-preview:large, max-video-preview:-1\" \/>\n<link rel=\"canonical\" href=\"https:\/\/proventuss.eu\/en\/produkt\/contact-adhesive-vi-pro-epdm-contact-adhesive-904\/\" \/>\n<meta property=\"og:locale\" content=\"en_US\" \/>\n<meta property=\"og:type\" content=\"article\" \/>\n<meta property=\"og:title\" content=\"Contact adhesive Vi-Pro\u00ae EPDM CONTACT ADHESIVE 904 - Proventuss\" \/>\n<meta property=\"og:description\" content=\"A one-component adhesive based on synthetic rubber and synthetic resins, designed for application to both surfaces to be bonded - the EPDM belt and the substrate.\" \/>\n<meta property=\"og:url\" content=\"https:\/\/proventuss.eu\/en\/produkt\/contact-adhesive-vi-pro-epdm-contact-adhesive-904\/\" \/>\n<meta property=\"og:site_name\" content=\"Proventuss\" \/>\n<meta property=\"article:modified_time\" content=\"2024-09-04T07:03:48+00:00\" \/>\n<meta property=\"og:image\" content=\"https:\/\/proventuss.eu\/wp-content\/uploads\/2022\/04\/Vi-Pro-EPDM-Contact-Adhesive-904.png\" \/>\n\t<meta property=\"og:image:width\" content=\"640\" \/>\n\t<meta property=\"og:image:height\" content=\"640\" \/>\n\t<meta property=\"og:image:type\" content=\"image\/png\" \/>\n<meta name=\"twitter:card\" content=\"summary_large_image\" \/>\n<meta name=\"twitter:label1\" content=\"Est. reading time\" \/>\n\t<meta name=\"twitter:data1\" content=\"1 minute\" \/>\n<script type=\"application\/ld+json\" class=\"yoast-schema-graph\">{\"@context\":\"https:\/\/schema.org\",\"@graph\":[{\"@type\":\"WebPage\",\"@id\":\"https:\/\/proventuss.eu\/en\/produkt\/contact-adhesive-vi-pro-epdm-contact-adhesive-904\/\",\"url\":\"https:\/\/proventuss.eu\/en\/produkt\/contact-adhesive-vi-pro-epdm-contact-adhesive-904\/\",\"name\":\"Contact adhesive Vi-Pro\u00ae EPDM CONTACT ADHESIVE 904 - Proventuss\",\"isPartOf\":{\"@id\":\"https:\/\/proventuss.eu\/#website\"},\"primaryImageOfPage\":{\"@id\":\"https:\/\/proventuss.eu\/en\/produkt\/contact-adhesive-vi-pro-epdm-contact-adhesive-904\/#primaryimage\"},\"image\":{\"@id\":\"https:\/\/proventuss.eu\/en\/produkt\/contact-adhesive-vi-pro-epdm-contact-adhesive-904\/#primaryimage\"},\"thumbnailUrl\":\"https:\/\/proventuss.eu\/wp-content\/uploads\/2022\/04\/Vi-Pro-EPDM-Contact-Adhesive-904.png\",\"datePublished\":\"2022-04-26T09:14:22+00:00\",\"dateModified\":\"2024-09-04T07:03:48+00:00\",\"description\":\"A one-component adhesive based on synthetic rubber and synthetic resins, designed for application to both surfaces to be bonded - the EPDM belt and the substrate.\",\"breadcrumb\":{\"@id\":\"https:\/\/proventuss.eu\/en\/produkt\/contact-adhesive-vi-pro-epdm-contact-adhesive-904\/#breadcrumb\"},\"inLanguage\":\"en-US\",\"potentialAction\":[{\"@type\":\"ReadAction\",\"target\":[\"https:\/\/proventuss.eu\/en\/produkt\/contact-adhesive-vi-pro-epdm-contact-adhesive-904\/\"]}]},{\"@type\":\"ImageObject\",\"inLanguage\":\"en-US\",\"@id\":\"https:\/\/proventuss.eu\/en\/produkt\/contact-adhesive-vi-pro-epdm-contact-adhesive-904\/#primaryimage\",\"url\":\"https:\/\/proventuss.eu\/wp-content\/uploads\/2022\/04\/Vi-Pro-EPDM-Contact-Adhesive-904.png\",\"contentUrl\":\"https:\/\/proventuss.eu\/wp-content\/uploads\/2022\/04\/Vi-Pro-EPDM-Contact-Adhesive-904.png\",\"width\":640,\"height\":640,\"caption\":\"Na zdj\u0119ciu jednosk\u0142adnikowy klej kontaktowy na bazie syntetycznego kauczuku i syntetycznych \u017cywic, przeznaczony do aplikacji na obie klejone powierzchnie.\"},{\"@type\":\"BreadcrumbList\",\"@id\":\"https:\/\/proventuss.eu\/en\/produkt\/contact-adhesive-vi-pro-epdm-contact-adhesive-904\/#breadcrumb\",\"itemListElement\":[{\"@type\":\"ListItem\",\"position\":1,\"name\":\"Home\",\"item\":\"https:\/\/proventuss.eu\/\"},{\"@type\":\"ListItem\",\"position\":2,\"name\":\"Shop\",\"item\":\"https:\/\/proventuss.eu\/en\/shop\/\"},{\"@type\":\"ListItem\",\"position\":3,\"name\":\"Contact adhesive Vi-Pro\u00ae EPDM CONTACT ADHESIVE 904\"}]},{\"@type\":\"WebSite\",\"@id\":\"https:\/\/proventuss.eu\/#website\",\"url\":\"https:\/\/proventuss.eu\/\",\"name\":\"Proventuss\",\"description\":\"\",\"potentialAction\":[{\"@type\":\"SearchAction\",\"target\":{\"@type\":\"EntryPoint\",\"urlTemplate\":\"https:\/\/proventuss.eu\/?s={search_term_string}\"},\"query-input\":\"required name=search_term_string\"}],\"inLanguage\":\"en-US\"}]}<\/script>\n<!-- \/ Yoast SEO plugin. -->","yoast_head_json":{"title":"Contact adhesive Vi-Pro\u00ae EPDM CONTACT ADHESIVE 904 - Proventuss","description":"A one-component adhesive based on synthetic rubber and synthetic resins, designed for application to both surfaces to be bonded - the EPDM belt and the substrate.","robots":{"index":"index","follow":"follow","max-snippet":"max-snippet:-1","max-image-preview":"max-image-preview:large","max-video-preview":"max-video-preview:-1"},"canonical":"https:\/\/proventuss.eu\/en\/produkt\/contact-adhesive-vi-pro-epdm-contact-adhesive-904\/","og_locale":"en_US","og_type":"article","og_title":"Contact adhesive Vi-Pro\u00ae EPDM CONTACT ADHESIVE 904 - Proventuss","og_description":"A one-component adhesive based on synthetic rubber and synthetic resins, designed for application to both surfaces to be bonded - the EPDM belt and the substrate.","og_url":"https:\/\/proventuss.eu\/en\/produkt\/contact-adhesive-vi-pro-epdm-contact-adhesive-904\/","og_site_name":"Proventuss","article_modified_time":"2024-09-04T07:03:48+00:00","og_image":[{"width":640,"height":640,"url":"https:\/\/proventuss.eu\/wp-content\/uploads\/2022\/04\/Vi-Pro-EPDM-Contact-Adhesive-904.png","type":"image\/png"}],"twitter_card":"summary_large_image","twitter_misc":{"Est. reading time":"1 minute"},"schema":{"@context":"https:\/\/schema.org","@graph":[{"@type":"WebPage","@id":"https:\/\/proventuss.eu\/en\/produkt\/contact-adhesive-vi-pro-epdm-contact-adhesive-904\/","url":"https:\/\/proventuss.eu\/en\/produkt\/contact-adhesive-vi-pro-epdm-contact-adhesive-904\/","name":"Contact adhesive Vi-Pro\u00ae EPDM CONTACT ADHESIVE 904 - Proventuss","isPartOf":{"@id":"https:\/\/proventuss.eu\/#website"},"primaryImageOfPage":{"@id":"https:\/\/proventuss.eu\/en\/produkt\/contact-adhesive-vi-pro-epdm-contact-adhesive-904\/#primaryimage"},"image":{"@id":"https:\/\/proventuss.eu\/en\/produkt\/contact-adhesive-vi-pro-epdm-contact-adhesive-904\/#primaryimage"},"thumbnailUrl":"https:\/\/proventuss.eu\/wp-content\/uploads\/2022\/04\/Vi-Pro-EPDM-Contact-Adhesive-904.png","datePublished":"2022-04-26T09:14:22+00:00","dateModified":"2024-09-04T07:03:48+00:00","description":"A one-component adhesive based on synthetic rubber and synthetic resins, designed for application to both surfaces to be bonded - the EPDM belt and the substrate.","breadcrumb":{"@id":"https:\/\/proventuss.eu\/en\/produkt\/contact-adhesive-vi-pro-epdm-contact-adhesive-904\/#breadcrumb"},"inLanguage":"en-US","potentialAction":[{"@type":"ReadAction","target":["https:\/\/proventuss.eu\/en\/produkt\/contact-adhesive-vi-pro-epdm-contact-adhesive-904\/"]}]},{"@type":"ImageObject","inLanguage":"en-US","@id":"https:\/\/proventuss.eu\/en\/produkt\/contact-adhesive-vi-pro-epdm-contact-adhesive-904\/#primaryimage","url":"https:\/\/proventuss.eu\/wp-content\/uploads\/2022\/04\/Vi-Pro-EPDM-Contact-Adhesive-904.png","contentUrl":"https:\/\/proventuss.eu\/wp-content\/uploads\/2022\/04\/Vi-Pro-EPDM-Contact-Adhesive-904.png","width":640,"height":640,"caption":"Na zdj\u0119ciu jednosk\u0142adnikowy klej kontaktowy na bazie syntetycznego kauczuku i syntetycznych \u017cywic, przeznaczony do aplikacji na obie klejone powierzchnie."},{"@type":"BreadcrumbList","@id":"https:\/\/proventuss.eu\/en\/produkt\/contact-adhesive-vi-pro-epdm-contact-adhesive-904\/#breadcrumb","itemListElement":[{"@type":"ListItem","position":1,"name":"Home","item":"https:\/\/proventuss.eu\/"},{"@type":"ListItem","position":2,"name":"Shop","item":"https:\/\/proventuss.eu\/en\/shop\/"},{"@type":"ListItem","position":3,"name":"Contact adhesive Vi-Pro\u00ae EPDM CONTACT ADHESIVE 904"}]},{"@type":"WebSite","@id":"https:\/\/proventuss.eu\/#website","url":"https:\/\/proventuss.eu\/","name":"Proventuss","description":"","potentialAction":[{"@type":"SearchAction","target":{"@type":"EntryPoint","urlTemplate":"https:\/\/proventuss.eu\/?s={search_term_string}"},"query-input":"required name=search_term_string"}],"inLanguage":"en-US"}]}},"_links":{"self":[{"href":"https:\/\/proventuss.eu\/en\/wp-json\/wp\/v2\/product\/2946"}],"collection":[{"href":"https:\/\/proventuss.eu\/en\/wp-json\/wp\/v2\/product"}],"about":[{"href":"https:\/\/proventuss.eu\/en\/wp-json\/wp\/v2\/types\/product"}],"replies":[{"embeddable":true,"href":"https:\/\/proventuss.eu\/en\/wp-json\/wp\/v2\/comments?post=2946"}],"wp:featuredmedia":[{"embeddable":true,"href":"https:\/\/proventuss.eu\/en\/wp-json\/wp\/v2\/media\/2266"}],"wp:attachment":[{"href":"https:\/\/proventuss.eu\/en\/wp-json\/wp\/v2\/media?parent=2946"}],"wp:term":[{"taxonomy":"product_cat","embeddable":true,"href":"https:\/\/proventuss.eu\/en\/wp-json\/wp\/v2\/product_cat?post=2946"},{"taxonomy":"product_tag","embeddable":true,"href":"https:\/\/proventuss.eu\/en\/wp-json\/wp\/v2\/product_tag?post=2946"}],"curies":[{"name":"wp","href":"https:\/\/api.w.org\/{rel}","templated":true}]}}