{"id":2937,"date":"2022-04-26T09:17:16","date_gmt":"2022-04-26T09:17:16","guid":{"rendered":"https:\/\/proventuss.eu\/produkt\/vi-pro-epdm-primer-908\/"},"modified":"2023-04-28T12:23:18","modified_gmt":"2023-04-28T12:23:18","slug":"primer-vi-pro-epdm-primer-908","status":"publish","type":"product","link":"https:\/\/proventuss.eu\/en\/product\/primer-vi-pro-epdm-primer-908\/","title":{"rendered":"Primer Vi-Pro\u00ae EPDM PRIMER 908"},"content":{"rendered":"<p>With the <strong>PRIMER Vi-Pro\u00ae EPDM Primer 908<\/strong>, you can properly prepare the substrate before installing the EPDM membrane. The primer is a high-quality silicone-based product with a low<br \/>\nsolvent content.<\/p>\n<p>It can be used on concrete, aerated concrete, stone, perlite as well as slabs and mineral surfaces. Effectively strengthens and levels the absorbency of the substrate.<\/p>\n<p><strong>BENEFITS:<\/strong><br \/>\n\u2022 Unifies and improves the adhesion of the substrate<br \/>\n\u2022 On various types of porous substrates<br \/>\n\u2022 Available in red<\/p>\n","protected":false},"excerpt":{"rendered":"<p>With the PRIMER Vi-Pro\u00ae EPDM Primer 908, you can properly prepare the substrate before installing the EPDM membrane. The primer is a high-quality silicone-based product with a low solvent content. It can be used on concrete, aerated concrete, stone, perlite as well as slabs and mineral surfaces. Effectively strengthens and levels the absorbency of the [&hellip;]<\/p>\n","protected":false},"featured_media":2076,"comment_status":"open","ping_status":"closed","template":"","meta":{"_acf_changed":false},"product_cat":[124],"product_tag":[],"acf":[],"yoast_head":"<!-- This site is optimized with the Yoast SEO plugin v22.9 - https:\/\/yoast.com\/wordpress\/plugins\/seo\/ -->\n<title>Primer Vi-Pro\u00ae EPDM PRIMER 908 - Proventuss<\/title>\n<meta name=\"description\" content=\"Silicone-based primer with low solvent content for use on a variety of porous substrates. Unifies and improves adhesion of the substrate.\" \/>\n<meta name=\"robots\" content=\"index, follow, max-snippet:-1, max-image-preview:large, max-video-preview:-1\" \/>\n<link rel=\"canonical\" href=\"https:\/\/proventuss.eu\/en\/produkt\/primer-vi-pro-epdm-primer-908\/\" \/>\n<meta property=\"og:locale\" content=\"en_US\" \/>\n<meta property=\"og:type\" content=\"article\" \/>\n<meta property=\"og:title\" content=\"Primer Vi-Pro\u00ae EPDM PRIMER 908 - Proventuss\" \/>\n<meta property=\"og:description\" content=\"Silicone-based primer with low solvent content for use on a variety of porous substrates. Unifies and improves adhesion of the substrate.\" \/>\n<meta property=\"og:url\" content=\"https:\/\/proventuss.eu\/en\/produkt\/primer-vi-pro-epdm-primer-908\/\" \/>\n<meta property=\"og:site_name\" content=\"Proventuss\" \/>\n<meta property=\"article:modified_time\" content=\"2023-04-28T12:23:18+00:00\" \/>\n<meta property=\"og:image\" content=\"https:\/\/proventuss.eu\/wp-content\/uploads\/2022\/04\/Vi-Pro-EPDM-Primer-908_2.png\" \/>\n\t<meta property=\"og:image:width\" content=\"640\" \/>\n\t<meta property=\"og:image:height\" content=\"640\" \/>\n\t<meta property=\"og:image:type\" content=\"image\/png\" \/>\n<meta name=\"twitter:card\" content=\"summary_large_image\" \/>\n<meta name=\"twitter:label1\" content=\"Est. reading time\" \/>\n\t<meta name=\"twitter:data1\" content=\"1 minute\" \/>\n<script type=\"application\/ld+json\" class=\"yoast-schema-graph\">{\"@context\":\"https:\/\/schema.org\",\"@graph\":[{\"@type\":\"WebPage\",\"@id\":\"https:\/\/proventuss.eu\/en\/produkt\/primer-vi-pro-epdm-primer-908\/\",\"url\":\"https:\/\/proventuss.eu\/en\/produkt\/primer-vi-pro-epdm-primer-908\/\",\"name\":\"Primer Vi-Pro\u00ae EPDM PRIMER 908 - Proventuss\",\"isPartOf\":{\"@id\":\"https:\/\/proventuss.eu\/#website\"},\"primaryImageOfPage\":{\"@id\":\"https:\/\/proventuss.eu\/en\/produkt\/primer-vi-pro-epdm-primer-908\/#primaryimage\"},\"image\":{\"@id\":\"https:\/\/proventuss.eu\/en\/produkt\/primer-vi-pro-epdm-primer-908\/#primaryimage\"},\"thumbnailUrl\":\"https:\/\/proventuss.eu\/wp-content\/uploads\/2022\/04\/Vi-Pro-EPDM-Primer-908_2.png\",\"datePublished\":\"2022-04-26T09:17:16+00:00\",\"dateModified\":\"2023-04-28T12:23:18+00:00\",\"description\":\"Silicone-based primer with low solvent content for use on a variety of porous substrates. Unifies and improves adhesion of the substrate.\",\"breadcrumb\":{\"@id\":\"https:\/\/proventuss.eu\/en\/produkt\/primer-vi-pro-epdm-primer-908\/#breadcrumb\"},\"inLanguage\":\"en-US\",\"potentialAction\":[{\"@type\":\"ReadAction\",\"target\":[\"https:\/\/proventuss.eu\/en\/produkt\/primer-vi-pro-epdm-primer-908\/\"]}]},{\"@type\":\"ImageObject\",\"inLanguage\":\"en-US\",\"@id\":\"https:\/\/proventuss.eu\/en\/produkt\/primer-vi-pro-epdm-primer-908\/#primaryimage\",\"url\":\"https:\/\/proventuss.eu\/wp-content\/uploads\/2022\/04\/Vi-Pro-EPDM-Primer-908_2.png\",\"contentUrl\":\"https:\/\/proventuss.eu\/wp-content\/uploads\/2022\/04\/Vi-Pro-EPDM-Primer-908_2.png\",\"width\":640,\"height\":640,\"caption\":\"Na zdj\u0119ciu podk\u0142ad na bazie silikonu o niskiej zawarto\u015bci rozpuszczalnik\u00f3w stosowany na r\u00f3\u017cnego rodzaju pod\u0142o\u017ca porowate. Ujednolica i poprawia przyczepno\u015b\u0107 pod\u0142o\u017ca.\"},{\"@type\":\"BreadcrumbList\",\"@id\":\"https:\/\/proventuss.eu\/en\/produkt\/primer-vi-pro-epdm-primer-908\/#breadcrumb\",\"itemListElement\":[{\"@type\":\"ListItem\",\"position\":1,\"name\":\"Home\",\"item\":\"https:\/\/proventuss.eu\/\"},{\"@type\":\"ListItem\",\"position\":2,\"name\":\"Shop\",\"item\":\"https:\/\/proventuss.eu\/en\/shop\/\"},{\"@type\":\"ListItem\",\"position\":3,\"name\":\"Primer Vi-Pro\u00ae EPDM PRIMER 908\"}]},{\"@type\":\"WebSite\",\"@id\":\"https:\/\/proventuss.eu\/#website\",\"url\":\"https:\/\/proventuss.eu\/\",\"name\":\"Proventuss\",\"description\":\"\",\"potentialAction\":[{\"@type\":\"SearchAction\",\"target\":{\"@type\":\"EntryPoint\",\"urlTemplate\":\"https:\/\/proventuss.eu\/?s={search_term_string}\"},\"query-input\":\"required name=search_term_string\"}],\"inLanguage\":\"en-US\"}]}<\/script>\n<!-- \/ Yoast SEO plugin. -->","yoast_head_json":{"title":"Primer Vi-Pro\u00ae EPDM PRIMER 908 - Proventuss","description":"Silicone-based primer with low solvent content for use on a variety of porous substrates. Unifies and improves adhesion of the substrate.","robots":{"index":"index","follow":"follow","max-snippet":"max-snippet:-1","max-image-preview":"max-image-preview:large","max-video-preview":"max-video-preview:-1"},"canonical":"https:\/\/proventuss.eu\/en\/produkt\/primer-vi-pro-epdm-primer-908\/","og_locale":"en_US","og_type":"article","og_title":"Primer Vi-Pro\u00ae EPDM PRIMER 908 - Proventuss","og_description":"Silicone-based primer with low solvent content for use on a variety of porous substrates. Unifies and improves adhesion of the substrate.","og_url":"https:\/\/proventuss.eu\/en\/produkt\/primer-vi-pro-epdm-primer-908\/","og_site_name":"Proventuss","article_modified_time":"2023-04-28T12:23:18+00:00","og_image":[{"width":640,"height":640,"url":"https:\/\/proventuss.eu\/wp-content\/uploads\/2022\/04\/Vi-Pro-EPDM-Primer-908_2.png","type":"image\/png"}],"twitter_card":"summary_large_image","twitter_misc":{"Est. reading time":"1 minute"},"schema":{"@context":"https:\/\/schema.org","@graph":[{"@type":"WebPage","@id":"https:\/\/proventuss.eu\/en\/produkt\/primer-vi-pro-epdm-primer-908\/","url":"https:\/\/proventuss.eu\/en\/produkt\/primer-vi-pro-epdm-primer-908\/","name":"Primer Vi-Pro\u00ae EPDM PRIMER 908 - Proventuss","isPartOf":{"@id":"https:\/\/proventuss.eu\/#website"},"primaryImageOfPage":{"@id":"https:\/\/proventuss.eu\/en\/produkt\/primer-vi-pro-epdm-primer-908\/#primaryimage"},"image":{"@id":"https:\/\/proventuss.eu\/en\/produkt\/primer-vi-pro-epdm-primer-908\/#primaryimage"},"thumbnailUrl":"https:\/\/proventuss.eu\/wp-content\/uploads\/2022\/04\/Vi-Pro-EPDM-Primer-908_2.png","datePublished":"2022-04-26T09:17:16+00:00","dateModified":"2023-04-28T12:23:18+00:00","description":"Silicone-based primer with low solvent content for use on a variety of porous substrates. Unifies and improves adhesion of the substrate.","breadcrumb":{"@id":"https:\/\/proventuss.eu\/en\/produkt\/primer-vi-pro-epdm-primer-908\/#breadcrumb"},"inLanguage":"en-US","potentialAction":[{"@type":"ReadAction","target":["https:\/\/proventuss.eu\/en\/produkt\/primer-vi-pro-epdm-primer-908\/"]}]},{"@type":"ImageObject","inLanguage":"en-US","@id":"https:\/\/proventuss.eu\/en\/produkt\/primer-vi-pro-epdm-primer-908\/#primaryimage","url":"https:\/\/proventuss.eu\/wp-content\/uploads\/2022\/04\/Vi-Pro-EPDM-Primer-908_2.png","contentUrl":"https:\/\/proventuss.eu\/wp-content\/uploads\/2022\/04\/Vi-Pro-EPDM-Primer-908_2.png","width":640,"height":640,"caption":"Na zdj\u0119ciu podk\u0142ad na bazie silikonu o niskiej zawarto\u015bci rozpuszczalnik\u00f3w stosowany na r\u00f3\u017cnego rodzaju pod\u0142o\u017ca porowate. Ujednolica i poprawia przyczepno\u015b\u0107 pod\u0142o\u017ca."},{"@type":"BreadcrumbList","@id":"https:\/\/proventuss.eu\/en\/produkt\/primer-vi-pro-epdm-primer-908\/#breadcrumb","itemListElement":[{"@type":"ListItem","position":1,"name":"Home","item":"https:\/\/proventuss.eu\/"},{"@type":"ListItem","position":2,"name":"Shop","item":"https:\/\/proventuss.eu\/en\/shop\/"},{"@type":"ListItem","position":3,"name":"Primer Vi-Pro\u00ae EPDM PRIMER 908"}]},{"@type":"WebSite","@id":"https:\/\/proventuss.eu\/#website","url":"https:\/\/proventuss.eu\/","name":"Proventuss","description":"","potentialAction":[{"@type":"SearchAction","target":{"@type":"EntryPoint","urlTemplate":"https:\/\/proventuss.eu\/?s={search_term_string}"},"query-input":"required name=search_term_string"}],"inLanguage":"en-US"}]}},"_links":{"self":[{"href":"https:\/\/proventuss.eu\/en\/wp-json\/wp\/v2\/product\/2937"}],"collection":[{"href":"https:\/\/proventuss.eu\/en\/wp-json\/wp\/v2\/product"}],"about":[{"href":"https:\/\/proventuss.eu\/en\/wp-json\/wp\/v2\/types\/product"}],"replies":[{"embeddable":true,"href":"https:\/\/proventuss.eu\/en\/wp-json\/wp\/v2\/comments?post=2937"}],"wp:featuredmedia":[{"embeddable":true,"href":"https:\/\/proventuss.eu\/en\/wp-json\/wp\/v2\/media\/2076"}],"wp:attachment":[{"href":"https:\/\/proventuss.eu\/en\/wp-json\/wp\/v2\/media?parent=2937"}],"wp:term":[{"taxonomy":"product_cat","embeddable":true,"href":"https:\/\/proventuss.eu\/en\/wp-json\/wp\/v2\/product_cat?post=2937"},{"taxonomy":"product_tag","embeddable":true,"href":"https:\/\/proventuss.eu\/en\/wp-json\/wp\/v2\/product_tag?post=2937"}],"curies":[{"name":"wp","href":"https:\/\/api.w.org\/{rel}","templated":true}]}}