{"id":2936,"date":"2022-04-26T09:37:29","date_gmt":"2022-04-26T09:37:29","guid":{"rendered":"https:\/\/proventuss.eu\/produkt\/dupont-insta-stik-mp-fc\/"},"modified":"2024-11-27T08:26:51","modified_gmt":"2024-11-27T08:26:51","slug":"dupont-insta-stik-mp-fc","status":"publish","type":"product","link":"https:\/\/proventuss.eu\/en\/product\/dupont-insta-stik-mp-fc\/","title":{"rendered":"DuPont Insta-Stik MP FC"},"content":{"rendered":"<p>Universal, fast-setting, low-expansion polyurethane adhesive, specially developed for vertical and horizontal bonding of XPS, EPS, PIR, PUR, mineral wool and plasterboard panels or claddings to concrete, brick, plaster, stone, wood, metal and bituminous membranes or non-woven backing. Possibility of installing window sills and gluing subfloors.<\/p>\n<p>ADVANTAGES:<br \/>\n&#8211; High efficiency: a 750 ml can is enough to cover approx. 15 m2 of surface.<br \/>\n&#8211; Improves the thermal insulation coefficient of the facade system.<br \/>\n&#8211; Wide range of thermal resistance: from -40\u00b0C to +100\u00b0C.<br \/>\n&#8211; Clean to use &#8211; leaves no dust or residue during installation.<br \/>\n&#8211; The fast-curing formula improves efficiency on site.<br \/>\n&#8211; Quick preparation and easy installation reduce labor and material costs.<br \/>\n&#8211; Ensures a solid and durable connection.<\/p>\n<p>PACKAGING:<br \/>\nCan: 750 ml<br \/>\nCarton: 12 pcs.<\/p>\n","protected":false},"excerpt":{"rendered":"<p>Universal, fast-setting, low-expansion polyurethane adhesive, specially developed for vertical and horizontal bonding of XPS, EPS, PIR, PUR, mineral wool and plasterboard panels or claddings to concrete, brick, plaster, stone, wood, metal and bituminous membranes or non-woven backing. Possibility of installing window sills and gluing subfloors. ADVANTAGES: &#8211; High efficiency: a 750 ml can is enough [&hellip;]<\/p>\n","protected":false},"featured_media":4323,"comment_status":"open","ping_status":"closed","template":"","meta":{"_acf_changed":false},"product_cat":[145],"product_tag":[],"acf":[],"yoast_head":"<!-- This site is optimized with the Yoast SEO plugin v22.9 - https:\/\/yoast.com\/wordpress\/plugins\/seo\/ -->\n<title>DuPont Insta-Stik MP FC - Proventuss<\/title>\n<meta name=\"description\" content=\"Fast-setting adhesive with good adhesion to many building materials, reduces noise and vibration, can also be used on damp surfaces.\" \/>\n<meta name=\"robots\" content=\"index, follow, max-snippet:-1, max-image-preview:large, max-video-preview:-1\" \/>\n<link rel=\"canonical\" href=\"https:\/\/proventuss.eu\/en\/produkt\/dupont-insta-stik-mp-fc\/\" \/>\n<meta property=\"og:locale\" content=\"en_US\" \/>\n<meta property=\"og:type\" content=\"article\" \/>\n<meta property=\"og:title\" content=\"DuPont Insta-Stik MP FC - Proventuss\" \/>\n<meta property=\"og:description\" content=\"Fast-setting adhesive with good adhesion to many building materials, reduces noise and vibration, can also be used on damp surfaces.\" \/>\n<meta property=\"og:url\" content=\"https:\/\/proventuss.eu\/en\/produkt\/dupont-insta-stik-mp-fc\/\" \/>\n<meta property=\"og:site_name\" content=\"Proventuss\" \/>\n<meta property=\"article:modified_time\" content=\"2024-11-27T08:26:51+00:00\" \/>\n<meta property=\"og:image\" content=\"https:\/\/proventuss.eu\/wp-content\/uploads\/2022\/04\/DuPont-InstStik-Fast-Cure.jpg\" \/>\n\t<meta property=\"og:image:width\" content=\"600\" \/>\n\t<meta property=\"og:image:height\" content=\"600\" \/>\n\t<meta property=\"og:image:type\" content=\"image\/jpeg\" \/>\n<meta name=\"twitter:card\" content=\"summary_large_image\" \/>\n<meta name=\"twitter:label1\" content=\"Est. reading time\" \/>\n\t<meta name=\"twitter:data1\" content=\"2 minutes\" \/>\n<script type=\"application\/ld+json\" class=\"yoast-schema-graph\">{\"@context\":\"https:\/\/schema.org\",\"@graph\":[{\"@type\":\"WebPage\",\"@id\":\"https:\/\/proventuss.eu\/en\/produkt\/dupont-insta-stik-mp-fc\/\",\"url\":\"https:\/\/proventuss.eu\/en\/produkt\/dupont-insta-stik-mp-fc\/\",\"name\":\"DuPont Insta-Stik MP FC - Proventuss\",\"isPartOf\":{\"@id\":\"https:\/\/proventuss.eu\/#website\"},\"primaryImageOfPage\":{\"@id\":\"https:\/\/proventuss.eu\/en\/produkt\/dupont-insta-stik-mp-fc\/#primaryimage\"},\"image\":{\"@id\":\"https:\/\/proventuss.eu\/en\/produkt\/dupont-insta-stik-mp-fc\/#primaryimage\"},\"thumbnailUrl\":\"https:\/\/proventuss.eu\/wp-content\/uploads\/2022\/04\/DuPont-InstStik-Fast-Cure.jpg\",\"datePublished\":\"2022-04-26T09:37:29+00:00\",\"dateModified\":\"2024-11-27T08:26:51+00:00\",\"description\":\"Fast-setting adhesive with good adhesion to many building materials, reduces noise and vibration, can also be used on damp surfaces.\",\"breadcrumb\":{\"@id\":\"https:\/\/proventuss.eu\/en\/produkt\/dupont-insta-stik-mp-fc\/#breadcrumb\"},\"inLanguage\":\"en-US\",\"potentialAction\":[{\"@type\":\"ReadAction\",\"target\":[\"https:\/\/proventuss.eu\/en\/produkt\/dupont-insta-stik-mp-fc\/\"]}]},{\"@type\":\"ImageObject\",\"inLanguage\":\"en-US\",\"@id\":\"https:\/\/proventuss.eu\/en\/produkt\/dupont-insta-stik-mp-fc\/#primaryimage\",\"url\":\"https:\/\/proventuss.eu\/wp-content\/uploads\/2022\/04\/DuPont-InstStik-Fast-Cure.jpg\",\"contentUrl\":\"https:\/\/proventuss.eu\/wp-content\/uploads\/2022\/04\/DuPont-InstStik-Fast-Cure.jpg\",\"width\":600,\"height\":600,\"caption\":\"Na zdj\u0119ciu szybkowi\u0105\u017c\u0105cy klej DuPont\u2122 Insta-Stik MP FC o dobrej przyczepno\u015bci do wielu materia\u0142\u00f3w budowlanych, ogranicza ha\u0142as i wibracje.\"},{\"@type\":\"BreadcrumbList\",\"@id\":\"https:\/\/proventuss.eu\/en\/produkt\/dupont-insta-stik-mp-fc\/#breadcrumb\",\"itemListElement\":[{\"@type\":\"ListItem\",\"position\":1,\"name\":\"Home\",\"item\":\"https:\/\/proventuss.eu\/\"},{\"@type\":\"ListItem\",\"position\":2,\"name\":\"Shop\",\"item\":\"https:\/\/proventuss.eu\/en\/shop\/\"},{\"@type\":\"ListItem\",\"position\":3,\"name\":\"DuPont Insta-Stik MP FC\"}]},{\"@type\":\"WebSite\",\"@id\":\"https:\/\/proventuss.eu\/#website\",\"url\":\"https:\/\/proventuss.eu\/\",\"name\":\"Proventuss\",\"description\":\"\",\"potentialAction\":[{\"@type\":\"SearchAction\",\"target\":{\"@type\":\"EntryPoint\",\"urlTemplate\":\"https:\/\/proventuss.eu\/?s={search_term_string}\"},\"query-input\":\"required name=search_term_string\"}],\"inLanguage\":\"en-US\"}]}<\/script>\n<!-- \/ Yoast SEO plugin. -->","yoast_head_json":{"title":"DuPont Insta-Stik MP FC - Proventuss","description":"Fast-setting adhesive with good adhesion to many building materials, reduces noise and vibration, can also be used on damp surfaces.","robots":{"index":"index","follow":"follow","max-snippet":"max-snippet:-1","max-image-preview":"max-image-preview:large","max-video-preview":"max-video-preview:-1"},"canonical":"https:\/\/proventuss.eu\/en\/produkt\/dupont-insta-stik-mp-fc\/","og_locale":"en_US","og_type":"article","og_title":"DuPont Insta-Stik MP FC - Proventuss","og_description":"Fast-setting adhesive with good adhesion to many building materials, reduces noise and vibration, can also be used on damp surfaces.","og_url":"https:\/\/proventuss.eu\/en\/produkt\/dupont-insta-stik-mp-fc\/","og_site_name":"Proventuss","article_modified_time":"2024-11-27T08:26:51+00:00","og_image":[{"width":600,"height":600,"url":"https:\/\/proventuss.eu\/wp-content\/uploads\/2022\/04\/DuPont-InstStik-Fast-Cure.jpg","type":"image\/jpeg"}],"twitter_card":"summary_large_image","twitter_misc":{"Est. reading time":"2 minutes"},"schema":{"@context":"https:\/\/schema.org","@graph":[{"@type":"WebPage","@id":"https:\/\/proventuss.eu\/en\/produkt\/dupont-insta-stik-mp-fc\/","url":"https:\/\/proventuss.eu\/en\/produkt\/dupont-insta-stik-mp-fc\/","name":"DuPont Insta-Stik MP FC - Proventuss","isPartOf":{"@id":"https:\/\/proventuss.eu\/#website"},"primaryImageOfPage":{"@id":"https:\/\/proventuss.eu\/en\/produkt\/dupont-insta-stik-mp-fc\/#primaryimage"},"image":{"@id":"https:\/\/proventuss.eu\/en\/produkt\/dupont-insta-stik-mp-fc\/#primaryimage"},"thumbnailUrl":"https:\/\/proventuss.eu\/wp-content\/uploads\/2022\/04\/DuPont-InstStik-Fast-Cure.jpg","datePublished":"2022-04-26T09:37:29+00:00","dateModified":"2024-11-27T08:26:51+00:00","description":"Fast-setting adhesive with good adhesion to many building materials, reduces noise and vibration, can also be used on damp surfaces.","breadcrumb":{"@id":"https:\/\/proventuss.eu\/en\/produkt\/dupont-insta-stik-mp-fc\/#breadcrumb"},"inLanguage":"en-US","potentialAction":[{"@type":"ReadAction","target":["https:\/\/proventuss.eu\/en\/produkt\/dupont-insta-stik-mp-fc\/"]}]},{"@type":"ImageObject","inLanguage":"en-US","@id":"https:\/\/proventuss.eu\/en\/produkt\/dupont-insta-stik-mp-fc\/#primaryimage","url":"https:\/\/proventuss.eu\/wp-content\/uploads\/2022\/04\/DuPont-InstStik-Fast-Cure.jpg","contentUrl":"https:\/\/proventuss.eu\/wp-content\/uploads\/2022\/04\/DuPont-InstStik-Fast-Cure.jpg","width":600,"height":600,"caption":"Na zdj\u0119ciu szybkowi\u0105\u017c\u0105cy klej DuPont\u2122 Insta-Stik MP FC o dobrej przyczepno\u015bci do wielu materia\u0142\u00f3w budowlanych, ogranicza ha\u0142as i wibracje."},{"@type":"BreadcrumbList","@id":"https:\/\/proventuss.eu\/en\/produkt\/dupont-insta-stik-mp-fc\/#breadcrumb","itemListElement":[{"@type":"ListItem","position":1,"name":"Home","item":"https:\/\/proventuss.eu\/"},{"@type":"ListItem","position":2,"name":"Shop","item":"https:\/\/proventuss.eu\/en\/shop\/"},{"@type":"ListItem","position":3,"name":"DuPont Insta-Stik MP FC"}]},{"@type":"WebSite","@id":"https:\/\/proventuss.eu\/#website","url":"https:\/\/proventuss.eu\/","name":"Proventuss","description":"","potentialAction":[{"@type":"SearchAction","target":{"@type":"EntryPoint","urlTemplate":"https:\/\/proventuss.eu\/?s={search_term_string}"},"query-input":"required name=search_term_string"}],"inLanguage":"en-US"}]}},"_links":{"self":[{"href":"https:\/\/proventuss.eu\/en\/wp-json\/wp\/v2\/product\/2936"}],"collection":[{"href":"https:\/\/proventuss.eu\/en\/wp-json\/wp\/v2\/product"}],"about":[{"href":"https:\/\/proventuss.eu\/en\/wp-json\/wp\/v2\/types\/product"}],"replies":[{"embeddable":true,"href":"https:\/\/proventuss.eu\/en\/wp-json\/wp\/v2\/comments?post=2936"}],"wp:featuredmedia":[{"embeddable":true,"href":"https:\/\/proventuss.eu\/en\/wp-json\/wp\/v2\/media\/4323"}],"wp:attachment":[{"href":"https:\/\/proventuss.eu\/en\/wp-json\/wp\/v2\/media?parent=2936"}],"wp:term":[{"taxonomy":"product_cat","embeddable":true,"href":"https:\/\/proventuss.eu\/en\/wp-json\/wp\/v2\/product_cat?post=2936"},{"taxonomy":"product_tag","embeddable":true,"href":"https:\/\/proventuss.eu\/en\/wp-json\/wp\/v2\/product_tag?post=2936"}],"curies":[{"name":"wp","href":"https:\/\/api.w.org\/{rel}","templated":true}]}}