{"id":2925,"date":"2022-04-26T09:09:49","date_gmt":"2022-04-26T09:09:49","guid":{"rendered":"https:\/\/proventuss.eu\/produkt\/vi-pro-epdm-paste-adhesive-903\/"},"modified":"2024-09-04T06:17:42","modified_gmt":"2024-09-04T06:17:42","slug":"polymer-based-adhesive-vi-pro-epdm-paste-adhesive-903","status":"publish","type":"product","link":"https:\/\/proventuss.eu\/en\/product\/polymer-based-adhesive-vi-pro-epdm-paste-adhesive-903\/","title":{"rendered":"Polymer based adhesive Vi-Pro\u00ae EPDM PASTE ADHESIVE 903"},"content":{"rendered":"<p><strong>NE-COMPONENT ADHESIVE BASED ON A HIGH-VISCOSITY POLYMER<\/strong> with a small admixture of solvent, applied with a hand gun. Designed for one-sided bonding of EPDM strips and butyl membranes to the substrate.<\/p>\n<p>With Vi-Pro\u00ae Paste Adhesive 903, the position of the EPDM strip can be corrected, unlike Vi-Pro\u00ae Contact Adhesive 904, which bonds at the first touch and it is not possible to adjust the position of the strip.<\/p>\n<p>It provides an excellent adhesion to the following materials: EPDM, bitumen, butyl, aluminum, PVC, wood, steel, acrylic glass, concrete, lightweight concrete.<\/p>\n","protected":false},"excerpt":{"rendered":"<p>NE-COMPONENT ADHESIVE BASED ON A HIGH-VISCOSITY POLYMER with a small admixture of solvent, applied with a hand gun. Designed for one-sided bonding of EPDM strips and butyl membranes to the substrate. With Vi-Pro\u00ae Paste Adhesive 903, the position of the EPDM strip can be corrected, unlike Vi-Pro\u00ae Contact Adhesive 904, which bonds at the first [&hellip;]<\/p>\n","protected":false},"featured_media":2072,"comment_status":"open","ping_status":"closed","template":"","meta":{"_acf_changed":false},"product_cat":[124],"product_tag":[],"acf":[],"yoast_head":"<!-- This site is optimized with the Yoast SEO plugin v22.9 - https:\/\/yoast.com\/wordpress\/plugins\/seo\/ -->\n<title>Polymer based adhesive Vi-Pro\u00ae EPDM PASTE ADHESIVE 903 - Proventuss<\/title>\n<meta name=\"description\" content=\"High-viscosity polymer-based adhesive with a small admixture of solvent for single-sided bonding of EPDM and butyl strips to the substrate.\" \/>\n<meta name=\"robots\" content=\"index, follow, max-snippet:-1, max-image-preview:large, max-video-preview:-1\" \/>\n<link rel=\"canonical\" href=\"https:\/\/proventuss.eu\/en\/produkt\/polymer-based-adhesive-vi-pro-epdm-paste-adhesive-903\/\" \/>\n<meta property=\"og:locale\" content=\"en_US\" \/>\n<meta property=\"og:type\" content=\"article\" \/>\n<meta property=\"og:title\" content=\"Polymer based adhesive Vi-Pro\u00ae EPDM PASTE ADHESIVE 903 - Proventuss\" \/>\n<meta property=\"og:description\" content=\"High-viscosity polymer-based adhesive with a small admixture of solvent for single-sided bonding of EPDM and butyl strips to the substrate.\" \/>\n<meta property=\"og:url\" content=\"https:\/\/proventuss.eu\/en\/produkt\/polymer-based-adhesive-vi-pro-epdm-paste-adhesive-903\/\" \/>\n<meta property=\"og:site_name\" content=\"Proventuss\" \/>\n<meta property=\"article:modified_time\" content=\"2024-09-04T06:17:42+00:00\" \/>\n<meta property=\"og:image\" content=\"https:\/\/proventuss.eu\/wp-content\/uploads\/2022\/04\/Vi-Pro-EPDM-Paste-Adhesive-903-e1650964440581.png\" \/>\n\t<meta property=\"og:image:width\" content=\"177\" \/>\n\t<meta property=\"og:image:height\" content=\"506\" \/>\n\t<meta property=\"og:image:type\" content=\"image\/png\" \/>\n<meta name=\"twitter:card\" content=\"summary_large_image\" \/>\n<meta name=\"twitter:label1\" content=\"Est. reading time\" \/>\n\t<meta name=\"twitter:data1\" content=\"1 minute\" \/>\n<script type=\"application\/ld+json\" class=\"yoast-schema-graph\">{\"@context\":\"https:\/\/schema.org\",\"@graph\":[{\"@type\":\"WebPage\",\"@id\":\"https:\/\/proventuss.eu\/en\/produkt\/polymer-based-adhesive-vi-pro-epdm-paste-adhesive-903\/\",\"url\":\"https:\/\/proventuss.eu\/en\/produkt\/polymer-based-adhesive-vi-pro-epdm-paste-adhesive-903\/\",\"name\":\"Polymer based adhesive Vi-Pro\u00ae EPDM PASTE ADHESIVE 903 - Proventuss\",\"isPartOf\":{\"@id\":\"https:\/\/proventuss.eu\/#website\"},\"primaryImageOfPage\":{\"@id\":\"https:\/\/proventuss.eu\/en\/produkt\/polymer-based-adhesive-vi-pro-epdm-paste-adhesive-903\/#primaryimage\"},\"image\":{\"@id\":\"https:\/\/proventuss.eu\/en\/produkt\/polymer-based-adhesive-vi-pro-epdm-paste-adhesive-903\/#primaryimage\"},\"thumbnailUrl\":\"https:\/\/proventuss.eu\/wp-content\/uploads\/2022\/04\/Vi-Pro-EPDM-Paste-Adhesive-903-e1650964440581.png\",\"datePublished\":\"2022-04-26T09:09:49+00:00\",\"dateModified\":\"2024-09-04T06:17:42+00:00\",\"description\":\"High-viscosity polymer-based adhesive with a small admixture of solvent for single-sided bonding of EPDM and butyl strips to the substrate.\",\"breadcrumb\":{\"@id\":\"https:\/\/proventuss.eu\/en\/produkt\/polymer-based-adhesive-vi-pro-epdm-paste-adhesive-903\/#breadcrumb\"},\"inLanguage\":\"en-US\",\"potentialAction\":[{\"@type\":\"ReadAction\",\"target\":[\"https:\/\/proventuss.eu\/en\/produkt\/polymer-based-adhesive-vi-pro-epdm-paste-adhesive-903\/\"]}]},{\"@type\":\"ImageObject\",\"inLanguage\":\"en-US\",\"@id\":\"https:\/\/proventuss.eu\/en\/produkt\/polymer-based-adhesive-vi-pro-epdm-paste-adhesive-903\/#primaryimage\",\"url\":\"https:\/\/proventuss.eu\/wp-content\/uploads\/2022\/04\/Vi-Pro-EPDM-Paste-Adhesive-903-e1650964440581.png\",\"contentUrl\":\"https:\/\/proventuss.eu\/wp-content\/uploads\/2022\/04\/Vi-Pro-EPDM-Paste-Adhesive-903-e1650964440581.png\",\"width\":177,\"height\":506,\"caption\":\"Na zdj\u0119ciu klej na bazie polimeru o du\u017cej lepko\u015bci z niewielk\u0105 domieszk\u0105 rozpuszczalnika przeznaczony do jednostronnego klejenia pas\u00f3w EPDM i butyl do pod\u0142o\u017ca.\"},{\"@type\":\"BreadcrumbList\",\"@id\":\"https:\/\/proventuss.eu\/en\/produkt\/polymer-based-adhesive-vi-pro-epdm-paste-adhesive-903\/#breadcrumb\",\"itemListElement\":[{\"@type\":\"ListItem\",\"position\":1,\"name\":\"Home\",\"item\":\"https:\/\/proventuss.eu\/\"},{\"@type\":\"ListItem\",\"position\":2,\"name\":\"Shop\",\"item\":\"https:\/\/proventuss.eu\/en\/shop\/\"},{\"@type\":\"ListItem\",\"position\":3,\"name\":\"Polymer based adhesive Vi-Pro\u00ae EPDM PASTE ADHESIVE 903\"}]},{\"@type\":\"WebSite\",\"@id\":\"https:\/\/proventuss.eu\/#website\",\"url\":\"https:\/\/proventuss.eu\/\",\"name\":\"Proventuss\",\"description\":\"\",\"potentialAction\":[{\"@type\":\"SearchAction\",\"target\":{\"@type\":\"EntryPoint\",\"urlTemplate\":\"https:\/\/proventuss.eu\/?s={search_term_string}\"},\"query-input\":\"required name=search_term_string\"}],\"inLanguage\":\"en-US\"}]}<\/script>\n<!-- \/ Yoast SEO plugin. -->","yoast_head_json":{"title":"Polymer based adhesive Vi-Pro\u00ae EPDM PASTE ADHESIVE 903 - Proventuss","description":"High-viscosity polymer-based adhesive with a small admixture of solvent for single-sided bonding of EPDM and butyl strips to the substrate.","robots":{"index":"index","follow":"follow","max-snippet":"max-snippet:-1","max-image-preview":"max-image-preview:large","max-video-preview":"max-video-preview:-1"},"canonical":"https:\/\/proventuss.eu\/en\/produkt\/polymer-based-adhesive-vi-pro-epdm-paste-adhesive-903\/","og_locale":"en_US","og_type":"article","og_title":"Polymer based adhesive Vi-Pro\u00ae EPDM PASTE ADHESIVE 903 - Proventuss","og_description":"High-viscosity polymer-based adhesive with a small admixture of solvent for single-sided bonding of EPDM and butyl strips to the substrate.","og_url":"https:\/\/proventuss.eu\/en\/produkt\/polymer-based-adhesive-vi-pro-epdm-paste-adhesive-903\/","og_site_name":"Proventuss","article_modified_time":"2024-09-04T06:17:42+00:00","og_image":[{"width":177,"height":506,"url":"https:\/\/proventuss.eu\/wp-content\/uploads\/2022\/04\/Vi-Pro-EPDM-Paste-Adhesive-903-e1650964440581.png","type":"image\/png"}],"twitter_card":"summary_large_image","twitter_misc":{"Est. reading time":"1 minute"},"schema":{"@context":"https:\/\/schema.org","@graph":[{"@type":"WebPage","@id":"https:\/\/proventuss.eu\/en\/produkt\/polymer-based-adhesive-vi-pro-epdm-paste-adhesive-903\/","url":"https:\/\/proventuss.eu\/en\/produkt\/polymer-based-adhesive-vi-pro-epdm-paste-adhesive-903\/","name":"Polymer based adhesive Vi-Pro\u00ae EPDM PASTE ADHESIVE 903 - Proventuss","isPartOf":{"@id":"https:\/\/proventuss.eu\/#website"},"primaryImageOfPage":{"@id":"https:\/\/proventuss.eu\/en\/produkt\/polymer-based-adhesive-vi-pro-epdm-paste-adhesive-903\/#primaryimage"},"image":{"@id":"https:\/\/proventuss.eu\/en\/produkt\/polymer-based-adhesive-vi-pro-epdm-paste-adhesive-903\/#primaryimage"},"thumbnailUrl":"https:\/\/proventuss.eu\/wp-content\/uploads\/2022\/04\/Vi-Pro-EPDM-Paste-Adhesive-903-e1650964440581.png","datePublished":"2022-04-26T09:09:49+00:00","dateModified":"2024-09-04T06:17:42+00:00","description":"High-viscosity polymer-based adhesive with a small admixture of solvent for single-sided bonding of EPDM and butyl strips to the substrate.","breadcrumb":{"@id":"https:\/\/proventuss.eu\/en\/produkt\/polymer-based-adhesive-vi-pro-epdm-paste-adhesive-903\/#breadcrumb"},"inLanguage":"en-US","potentialAction":[{"@type":"ReadAction","target":["https:\/\/proventuss.eu\/en\/produkt\/polymer-based-adhesive-vi-pro-epdm-paste-adhesive-903\/"]}]},{"@type":"ImageObject","inLanguage":"en-US","@id":"https:\/\/proventuss.eu\/en\/produkt\/polymer-based-adhesive-vi-pro-epdm-paste-adhesive-903\/#primaryimage","url":"https:\/\/proventuss.eu\/wp-content\/uploads\/2022\/04\/Vi-Pro-EPDM-Paste-Adhesive-903-e1650964440581.png","contentUrl":"https:\/\/proventuss.eu\/wp-content\/uploads\/2022\/04\/Vi-Pro-EPDM-Paste-Adhesive-903-e1650964440581.png","width":177,"height":506,"caption":"Na zdj\u0119ciu klej na bazie polimeru o du\u017cej lepko\u015bci z niewielk\u0105 domieszk\u0105 rozpuszczalnika przeznaczony do jednostronnego klejenia pas\u00f3w EPDM i butyl do pod\u0142o\u017ca."},{"@type":"BreadcrumbList","@id":"https:\/\/proventuss.eu\/en\/produkt\/polymer-based-adhesive-vi-pro-epdm-paste-adhesive-903\/#breadcrumb","itemListElement":[{"@type":"ListItem","position":1,"name":"Home","item":"https:\/\/proventuss.eu\/"},{"@type":"ListItem","position":2,"name":"Shop","item":"https:\/\/proventuss.eu\/en\/shop\/"},{"@type":"ListItem","position":3,"name":"Polymer based adhesive Vi-Pro\u00ae EPDM PASTE ADHESIVE 903"}]},{"@type":"WebSite","@id":"https:\/\/proventuss.eu\/#website","url":"https:\/\/proventuss.eu\/","name":"Proventuss","description":"","potentialAction":[{"@type":"SearchAction","target":{"@type":"EntryPoint","urlTemplate":"https:\/\/proventuss.eu\/?s={search_term_string}"},"query-input":"required name=search_term_string"}],"inLanguage":"en-US"}]}},"_links":{"self":[{"href":"https:\/\/proventuss.eu\/en\/wp-json\/wp\/v2\/product\/2925"}],"collection":[{"href":"https:\/\/proventuss.eu\/en\/wp-json\/wp\/v2\/product"}],"about":[{"href":"https:\/\/proventuss.eu\/en\/wp-json\/wp\/v2\/types\/product"}],"replies":[{"embeddable":true,"href":"https:\/\/proventuss.eu\/en\/wp-json\/wp\/v2\/comments?post=2925"}],"wp:featuredmedia":[{"embeddable":true,"href":"https:\/\/proventuss.eu\/en\/wp-json\/wp\/v2\/media\/2072"}],"wp:attachment":[{"href":"https:\/\/proventuss.eu\/en\/wp-json\/wp\/v2\/media?parent=2925"}],"wp:term":[{"taxonomy":"product_cat","embeddable":true,"href":"https:\/\/proventuss.eu\/en\/wp-json\/wp\/v2\/product_cat?post=2925"},{"taxonomy":"product_tag","embeddable":true,"href":"https:\/\/proventuss.eu\/en\/wp-json\/wp\/v2\/product_tag?post=2925"}],"curies":[{"name":"wp","href":"https:\/\/api.w.org\/{rel}","templated":true}]}}