{"id":2917,"date":"2022-04-26T09:04:37","date_gmt":"2022-04-26T09:04:37","guid":{"rendered":"https:\/\/proventuss.eu\/produkt\/vi-pro-epdm-membrane-click\/"},"modified":"2022-11-24T07:52:24","modified_gmt":"2022-11-24T07:52:24","slug":"outer-membrane-with-system-seal-vi-pro-epdm-membrane-click","status":"publish","type":"product","link":"https:\/\/proventuss.eu\/en\/product\/outer-membrane-with-system-seal-vi-pro-epdm-membrane-click\/","title":{"rendered":"Outer membrane with system seal Vi-Pro\u00ae EPDM MEMBRANE CLICK"},"content":{"rendered":"<p><strong>EXTERNAL MEMBRANE WITH A SYSTEM SEAL<\/strong> for installation in fa\u00e7ade systems or window and door systems. EPDM is mounted in an aluminum or PVC profile with a suitable type of system clip.<\/p>\n<p>Membrane width from 100 mm to 1000 mm, supplied in rolls of 25 m.<\/p>\n","protected":false},"excerpt":{"rendered":"<p>EXTERNAL MEMBRANE WITH A SYSTEM SEAL for installation in fa\u00e7ade systems or window and door systems. EPDM is mounted in an aluminum or PVC profile with a suitable type of system clip. Membrane width from 100 mm to 1000 mm, supplied in rolls of 25 m.<\/p>\n","protected":false},"featured_media":2066,"comment_status":"open","ping_status":"closed","template":"","meta":{"_acf_changed":false},"product_cat":[124],"product_tag":[],"acf":[],"yoast_head":"<!-- This site is optimized with the Yoast SEO plugin v22.9 - https:\/\/yoast.com\/wordpress\/plugins\/seo\/ -->\n<title>Outer membrane with system seal Vi-Pro\u00ae EPDM MEMBRANE CLICK - Proventuss<\/title>\n<meta name=\"description\" content=\"Exterior membrane with system gasket for installation in facade or window\/door systems installed with the appropriate type of system clip.\" \/>\n<meta name=\"robots\" content=\"index, follow, max-snippet:-1, max-image-preview:large, max-video-preview:-1\" \/>\n<link rel=\"canonical\" href=\"https:\/\/proventuss.eu\/en\/produkt\/outer-membrane-with-system-seal-vi-pro-epdm-membrane-click\/\" \/>\n<meta property=\"og:locale\" content=\"en_US\" \/>\n<meta property=\"og:type\" content=\"article\" \/>\n<meta property=\"og:title\" content=\"Outer membrane with system seal Vi-Pro\u00ae EPDM MEMBRANE CLICK - Proventuss\" \/>\n<meta property=\"og:description\" content=\"Exterior membrane with system gasket for installation in facade or window\/door systems installed with the appropriate type of system clip.\" \/>\n<meta property=\"og:url\" content=\"https:\/\/proventuss.eu\/en\/produkt\/outer-membrane-with-system-seal-vi-pro-epdm-membrane-click\/\" \/>\n<meta property=\"og:site_name\" content=\"Proventuss\" \/>\n<meta property=\"article:modified_time\" content=\"2022-11-24T07:52:24+00:00\" \/>\n<meta property=\"og:image\" content=\"https:\/\/proventuss.eu\/wp-content\/uploads\/2022\/04\/EPDM-rozne-rodzaje-montazu2.jpg\" \/>\n\t<meta property=\"og:image:width\" content=\"1136\" \/>\n\t<meta property=\"og:image:height\" content=\"275\" \/>\n\t<meta property=\"og:image:type\" content=\"image\/jpeg\" \/>\n<meta name=\"twitter:card\" content=\"summary_large_image\" \/>\n<meta name=\"twitter:label1\" content=\"Est. reading time\" \/>\n\t<meta name=\"twitter:data1\" content=\"1 minute\" \/>\n<script type=\"application\/ld+json\" class=\"yoast-schema-graph\">{\"@context\":\"https:\/\/schema.org\",\"@graph\":[{\"@type\":\"WebPage\",\"@id\":\"https:\/\/proventuss.eu\/en\/produkt\/outer-membrane-with-system-seal-vi-pro-epdm-membrane-click\/\",\"url\":\"https:\/\/proventuss.eu\/en\/produkt\/outer-membrane-with-system-seal-vi-pro-epdm-membrane-click\/\",\"name\":\"Outer membrane with system seal Vi-Pro\u00ae EPDM MEMBRANE CLICK - Proventuss\",\"isPartOf\":{\"@id\":\"https:\/\/proventuss.eu\/#website\"},\"primaryImageOfPage\":{\"@id\":\"https:\/\/proventuss.eu\/en\/produkt\/outer-membrane-with-system-seal-vi-pro-epdm-membrane-click\/#primaryimage\"},\"image\":{\"@id\":\"https:\/\/proventuss.eu\/en\/produkt\/outer-membrane-with-system-seal-vi-pro-epdm-membrane-click\/#primaryimage\"},\"thumbnailUrl\":\"https:\/\/proventuss.eu\/wp-content\/uploads\/2022\/04\/EPDM-rozne-rodzaje-montazu2.jpg\",\"datePublished\":\"2022-04-26T09:04:37+00:00\",\"dateModified\":\"2022-11-24T07:52:24+00:00\",\"description\":\"Exterior membrane with system gasket for installation in facade or window\/door systems installed with the appropriate type of system clip.\",\"breadcrumb\":{\"@id\":\"https:\/\/proventuss.eu\/en\/produkt\/outer-membrane-with-system-seal-vi-pro-epdm-membrane-click\/#breadcrumb\"},\"inLanguage\":\"en-US\",\"potentialAction\":[{\"@type\":\"ReadAction\",\"target\":[\"https:\/\/proventuss.eu\/en\/produkt\/outer-membrane-with-system-seal-vi-pro-epdm-membrane-click\/\"]}]},{\"@type\":\"ImageObject\",\"inLanguage\":\"en-US\",\"@id\":\"https:\/\/proventuss.eu\/en\/produkt\/outer-membrane-with-system-seal-vi-pro-epdm-membrane-click\/#primaryimage\",\"url\":\"https:\/\/proventuss.eu\/wp-content\/uploads\/2022\/04\/EPDM-rozne-rodzaje-montazu2.jpg\",\"contentUrl\":\"https:\/\/proventuss.eu\/wp-content\/uploads\/2022\/04\/EPDM-rozne-rodzaje-montazu2.jpg\",\"width\":1136,\"height\":275,\"caption\":\"Na zdj\u0119ciu membrana zewn\u0119trzna z uszczelk\u0105 systemow\u0105 do monta\u017cu w systemach fasadowych montowana za pomoc\u0105 odpowiedniego rodzaju klipsa systemowego.\"},{\"@type\":\"BreadcrumbList\",\"@id\":\"https:\/\/proventuss.eu\/en\/produkt\/outer-membrane-with-system-seal-vi-pro-epdm-membrane-click\/#breadcrumb\",\"itemListElement\":[{\"@type\":\"ListItem\",\"position\":1,\"name\":\"Home\",\"item\":\"https:\/\/proventuss.eu\/\"},{\"@type\":\"ListItem\",\"position\":2,\"name\":\"Shop\",\"item\":\"https:\/\/proventuss.eu\/en\/shop\/\"},{\"@type\":\"ListItem\",\"position\":3,\"name\":\"Outer membrane with system seal Vi-Pro\u00ae EPDM MEMBRANE CLICK\"}]},{\"@type\":\"WebSite\",\"@id\":\"https:\/\/proventuss.eu\/#website\",\"url\":\"https:\/\/proventuss.eu\/\",\"name\":\"Proventuss\",\"description\":\"\",\"potentialAction\":[{\"@type\":\"SearchAction\",\"target\":{\"@type\":\"EntryPoint\",\"urlTemplate\":\"https:\/\/proventuss.eu\/?s={search_term_string}\"},\"query-input\":\"required name=search_term_string\"}],\"inLanguage\":\"en-US\"}]}<\/script>\n<!-- \/ Yoast SEO plugin. -->","yoast_head_json":{"title":"Outer membrane with system seal Vi-Pro\u00ae EPDM MEMBRANE CLICK - Proventuss","description":"Exterior membrane with system gasket for installation in facade or window\/door systems installed with the appropriate type of system clip.","robots":{"index":"index","follow":"follow","max-snippet":"max-snippet:-1","max-image-preview":"max-image-preview:large","max-video-preview":"max-video-preview:-1"},"canonical":"https:\/\/proventuss.eu\/en\/produkt\/outer-membrane-with-system-seal-vi-pro-epdm-membrane-click\/","og_locale":"en_US","og_type":"article","og_title":"Outer membrane with system seal Vi-Pro\u00ae EPDM MEMBRANE CLICK - Proventuss","og_description":"Exterior membrane with system gasket for installation in facade or window\/door systems installed with the appropriate type of system clip.","og_url":"https:\/\/proventuss.eu\/en\/produkt\/outer-membrane-with-system-seal-vi-pro-epdm-membrane-click\/","og_site_name":"Proventuss","article_modified_time":"2022-11-24T07:52:24+00:00","og_image":[{"width":1136,"height":275,"url":"https:\/\/proventuss.eu\/wp-content\/uploads\/2022\/04\/EPDM-rozne-rodzaje-montazu2.jpg","type":"image\/jpeg"}],"twitter_card":"summary_large_image","twitter_misc":{"Est. reading time":"1 minute"},"schema":{"@context":"https:\/\/schema.org","@graph":[{"@type":"WebPage","@id":"https:\/\/proventuss.eu\/en\/produkt\/outer-membrane-with-system-seal-vi-pro-epdm-membrane-click\/","url":"https:\/\/proventuss.eu\/en\/produkt\/outer-membrane-with-system-seal-vi-pro-epdm-membrane-click\/","name":"Outer membrane with system seal Vi-Pro\u00ae EPDM MEMBRANE CLICK - Proventuss","isPartOf":{"@id":"https:\/\/proventuss.eu\/#website"},"primaryImageOfPage":{"@id":"https:\/\/proventuss.eu\/en\/produkt\/outer-membrane-with-system-seal-vi-pro-epdm-membrane-click\/#primaryimage"},"image":{"@id":"https:\/\/proventuss.eu\/en\/produkt\/outer-membrane-with-system-seal-vi-pro-epdm-membrane-click\/#primaryimage"},"thumbnailUrl":"https:\/\/proventuss.eu\/wp-content\/uploads\/2022\/04\/EPDM-rozne-rodzaje-montazu2.jpg","datePublished":"2022-04-26T09:04:37+00:00","dateModified":"2022-11-24T07:52:24+00:00","description":"Exterior membrane with system gasket for installation in facade or window\/door systems installed with the appropriate type of system clip.","breadcrumb":{"@id":"https:\/\/proventuss.eu\/en\/produkt\/outer-membrane-with-system-seal-vi-pro-epdm-membrane-click\/#breadcrumb"},"inLanguage":"en-US","potentialAction":[{"@type":"ReadAction","target":["https:\/\/proventuss.eu\/en\/produkt\/outer-membrane-with-system-seal-vi-pro-epdm-membrane-click\/"]}]},{"@type":"ImageObject","inLanguage":"en-US","@id":"https:\/\/proventuss.eu\/en\/produkt\/outer-membrane-with-system-seal-vi-pro-epdm-membrane-click\/#primaryimage","url":"https:\/\/proventuss.eu\/wp-content\/uploads\/2022\/04\/EPDM-rozne-rodzaje-montazu2.jpg","contentUrl":"https:\/\/proventuss.eu\/wp-content\/uploads\/2022\/04\/EPDM-rozne-rodzaje-montazu2.jpg","width":1136,"height":275,"caption":"Na zdj\u0119ciu membrana zewn\u0119trzna z uszczelk\u0105 systemow\u0105 do monta\u017cu w systemach fasadowych montowana za pomoc\u0105 odpowiedniego rodzaju klipsa systemowego."},{"@type":"BreadcrumbList","@id":"https:\/\/proventuss.eu\/en\/produkt\/outer-membrane-with-system-seal-vi-pro-epdm-membrane-click\/#breadcrumb","itemListElement":[{"@type":"ListItem","position":1,"name":"Home","item":"https:\/\/proventuss.eu\/"},{"@type":"ListItem","position":2,"name":"Shop","item":"https:\/\/proventuss.eu\/en\/shop\/"},{"@type":"ListItem","position":3,"name":"Outer membrane with system seal Vi-Pro\u00ae EPDM MEMBRANE CLICK"}]},{"@type":"WebSite","@id":"https:\/\/proventuss.eu\/#website","url":"https:\/\/proventuss.eu\/","name":"Proventuss","description":"","potentialAction":[{"@type":"SearchAction","target":{"@type":"EntryPoint","urlTemplate":"https:\/\/proventuss.eu\/?s={search_term_string}"},"query-input":"required name=search_term_string"}],"inLanguage":"en-US"}]}},"_links":{"self":[{"href":"https:\/\/proventuss.eu\/en\/wp-json\/wp\/v2\/product\/2917"}],"collection":[{"href":"https:\/\/proventuss.eu\/en\/wp-json\/wp\/v2\/product"}],"about":[{"href":"https:\/\/proventuss.eu\/en\/wp-json\/wp\/v2\/types\/product"}],"replies":[{"embeddable":true,"href":"https:\/\/proventuss.eu\/en\/wp-json\/wp\/v2\/comments?post=2917"}],"wp:featuredmedia":[{"embeddable":true,"href":"https:\/\/proventuss.eu\/en\/wp-json\/wp\/v2\/media\/2066"}],"wp:attachment":[{"href":"https:\/\/proventuss.eu\/en\/wp-json\/wp\/v2\/media?parent=2917"}],"wp:term":[{"taxonomy":"product_cat","embeddable":true,"href":"https:\/\/proventuss.eu\/en\/wp-json\/wp\/v2\/product_cat?post=2917"},{"taxonomy":"product_tag","embeddable":true,"href":"https:\/\/proventuss.eu\/en\/wp-json\/wp\/v2\/product_tag?post=2917"}],"curies":[{"name":"wp","href":"https:\/\/api.w.org\/{rel}","templated":true}]}}