{"id":2890,"date":"2022-04-26T08:51:11","date_gmt":"2022-04-26T08:51:11","guid":{"rendered":"https:\/\/proventuss.eu\/produkt\/vi-pro-wns\/"},"modified":"2023-05-10T07:02:24","modified_gmt":"2023-05-10T07:02:24","slug":"glazing-sealant-vi-pro-wns","status":"publish","type":"product","link":"https:\/\/proventuss.eu\/en\/product\/glazing-sealant-vi-pro-wns\/","title":{"rendered":"Glazing sealant Vi-Pro\u00ae WNS"},"content":{"rendered":"<p><strong>ONE-COMPONENT, LOW- MODULUS, NEUTRAL CURE SEALANT<\/strong> specially formulated for glazing and weather sealing. Particularly suitable for glazing and sealing the perimeter applications of window and doors made of wood, PVC or aluminum.<\/p>\n<p><strong>BENEFITS:<\/strong><br \/>\n\u2022 Neutral curing system<br \/>\n\u2022 Low modulus, high elasticity<br \/>\n\u2022 Good primerless adhesion to most materials<br \/>\n\u2022 Non-corrosive to metals<br \/>\n\u2022 Easy to apply and use<br \/>\n\u2022 Low odor<br \/>\n\u2022 Resistant to UV radiation and weather conditions<\/p>\n<p><strong>PACKAGING:<\/strong><br \/>\n600 ml aluminum foils, 20 psc\/carton<\/p>\n","protected":false},"excerpt":{"rendered":"<p>ONE-COMPONENT, LOW- MODULUS, NEUTRAL CURE SEALANT specially formulated for glazing and weather sealing. Particularly suitable for glazing and sealing the perimeter applications of window and doors made of wood, PVC or aluminum. BENEFITS: \u2022 Neutral curing system \u2022 Low modulus, high elasticity \u2022 Good primerless adhesion to most materials \u2022 Non-corrosive to metals \u2022 Easy [&hellip;]<\/p>\n","protected":false},"featured_media":2270,"comment_status":"open","ping_status":"closed","template":"","meta":{"_acf_changed":false},"product_cat":[113],"product_tag":[],"acf":[],"yoast_head":"<!-- This site is optimized with the Yoast SEO plugin v22.9 - https:\/\/yoast.com\/wordpress\/plugins\/seo\/ -->\n<title>Glazing sealant Vi-Pro\u00ae WNS - Proventuss<\/title>\n<meta name=\"description\" content=\"One-component sealant for glazing and sealing the perimeter of window and door frames made of wood, PVC or aluminium. Low modulus, high elasticity.\" \/>\n<meta name=\"robots\" content=\"index, follow, max-snippet:-1, max-image-preview:large, max-video-preview:-1\" \/>\n<link rel=\"canonical\" href=\"https:\/\/proventuss.eu\/en\/produkt\/glazing-sealant-vi-pro-wns\/\" \/>\n<meta property=\"og:locale\" content=\"en_US\" \/>\n<meta property=\"og:type\" content=\"article\" \/>\n<meta property=\"og:title\" content=\"Glazing sealant Vi-Pro\u00ae WNS - Proventuss\" \/>\n<meta property=\"og:description\" content=\"One-component sealant for glazing and sealing the perimeter of window and door frames made of wood, PVC or aluminium. Low modulus, high elasticity.\" \/>\n<meta property=\"og:url\" content=\"https:\/\/proventuss.eu\/en\/produkt\/glazing-sealant-vi-pro-wns\/\" \/>\n<meta property=\"og:site_name\" content=\"Proventuss\" \/>\n<meta property=\"article:modified_time\" content=\"2023-05-10T07:02:24+00:00\" \/>\n<meta property=\"og:image\" content=\"https:\/\/proventuss.eu\/wp-content\/uploads\/2022\/04\/Vi-Pro-WNS.png\" \/>\n\t<meta property=\"og:image:width\" content=\"153\" \/>\n\t<meta property=\"og:image:height\" content=\"921\" \/>\n\t<meta property=\"og:image:type\" content=\"image\/png\" \/>\n<meta name=\"twitter:card\" content=\"summary_large_image\" \/>\n<meta name=\"twitter:label1\" content=\"Est. reading time\" \/>\n\t<meta name=\"twitter:data1\" content=\"1 minute\" \/>\n<script type=\"application\/ld+json\" class=\"yoast-schema-graph\">{\"@context\":\"https:\/\/schema.org\",\"@graph\":[{\"@type\":\"WebPage\",\"@id\":\"https:\/\/proventuss.eu\/en\/produkt\/glazing-sealant-vi-pro-wns\/\",\"url\":\"https:\/\/proventuss.eu\/en\/produkt\/glazing-sealant-vi-pro-wns\/\",\"name\":\"Glazing sealant Vi-Pro\u00ae WNS - Proventuss\",\"isPartOf\":{\"@id\":\"https:\/\/proventuss.eu\/#website\"},\"primaryImageOfPage\":{\"@id\":\"https:\/\/proventuss.eu\/en\/produkt\/glazing-sealant-vi-pro-wns\/#primaryimage\"},\"image\":{\"@id\":\"https:\/\/proventuss.eu\/en\/produkt\/glazing-sealant-vi-pro-wns\/#primaryimage\"},\"thumbnailUrl\":\"https:\/\/proventuss.eu\/wp-content\/uploads\/2022\/04\/Vi-Pro-WNS.png\",\"datePublished\":\"2022-04-26T08:51:11+00:00\",\"dateModified\":\"2023-05-10T07:02:24+00:00\",\"description\":\"One-component sealant for glazing and sealing the perimeter of window and door frames made of wood, PVC or aluminium. Low modulus, high elasticity.\",\"breadcrumb\":{\"@id\":\"https:\/\/proventuss.eu\/en\/produkt\/glazing-sealant-vi-pro-wns\/#breadcrumb\"},\"inLanguage\":\"en-US\",\"potentialAction\":[{\"@type\":\"ReadAction\",\"target\":[\"https:\/\/proventuss.eu\/en\/produkt\/glazing-sealant-vi-pro-wns\/\"]}]},{\"@type\":\"ImageObject\",\"inLanguage\":\"en-US\",\"@id\":\"https:\/\/proventuss.eu\/en\/produkt\/glazing-sealant-vi-pro-wns\/#primaryimage\",\"url\":\"https:\/\/proventuss.eu\/wp-content\/uploads\/2022\/04\/Vi-Pro-WNS.png\",\"contentUrl\":\"https:\/\/proventuss.eu\/wp-content\/uploads\/2022\/04\/Vi-Pro-WNS.png\",\"width\":153,\"height\":921,\"caption\":\"Na zdj\u0119ciu jednosk\u0142adnikowe szczeliwo do szklenia oraz uszczelniania obwod\u00f3w futryn okiennych i drzwiowych wykonanych z drewna, PVC lub aluminium.\"},{\"@type\":\"BreadcrumbList\",\"@id\":\"https:\/\/proventuss.eu\/en\/produkt\/glazing-sealant-vi-pro-wns\/#breadcrumb\",\"itemListElement\":[{\"@type\":\"ListItem\",\"position\":1,\"name\":\"Home\",\"item\":\"https:\/\/proventuss.eu\/\"},{\"@type\":\"ListItem\",\"position\":2,\"name\":\"Shop\",\"item\":\"https:\/\/proventuss.eu\/en\/shop\/\"},{\"@type\":\"ListItem\",\"position\":3,\"name\":\"Glazing sealant Vi-Pro\u00ae WNS\"}]},{\"@type\":\"WebSite\",\"@id\":\"https:\/\/proventuss.eu\/#website\",\"url\":\"https:\/\/proventuss.eu\/\",\"name\":\"Proventuss\",\"description\":\"\",\"potentialAction\":[{\"@type\":\"SearchAction\",\"target\":{\"@type\":\"EntryPoint\",\"urlTemplate\":\"https:\/\/proventuss.eu\/?s={search_term_string}\"},\"query-input\":\"required name=search_term_string\"}],\"inLanguage\":\"en-US\"}]}<\/script>\n<!-- \/ Yoast SEO plugin. -->","yoast_head_json":{"title":"Glazing sealant Vi-Pro\u00ae WNS - Proventuss","description":"One-component sealant for glazing and sealing the perimeter of window and door frames made of wood, PVC or aluminium. Low modulus, high elasticity.","robots":{"index":"index","follow":"follow","max-snippet":"max-snippet:-1","max-image-preview":"max-image-preview:large","max-video-preview":"max-video-preview:-1"},"canonical":"https:\/\/proventuss.eu\/en\/produkt\/glazing-sealant-vi-pro-wns\/","og_locale":"en_US","og_type":"article","og_title":"Glazing sealant Vi-Pro\u00ae WNS - Proventuss","og_description":"One-component sealant for glazing and sealing the perimeter of window and door frames made of wood, PVC or aluminium. Low modulus, high elasticity.","og_url":"https:\/\/proventuss.eu\/en\/produkt\/glazing-sealant-vi-pro-wns\/","og_site_name":"Proventuss","article_modified_time":"2023-05-10T07:02:24+00:00","og_image":[{"width":153,"height":921,"url":"https:\/\/proventuss.eu\/wp-content\/uploads\/2022\/04\/Vi-Pro-WNS.png","type":"image\/png"}],"twitter_card":"summary_large_image","twitter_misc":{"Est. reading time":"1 minute"},"schema":{"@context":"https:\/\/schema.org","@graph":[{"@type":"WebPage","@id":"https:\/\/proventuss.eu\/en\/produkt\/glazing-sealant-vi-pro-wns\/","url":"https:\/\/proventuss.eu\/en\/produkt\/glazing-sealant-vi-pro-wns\/","name":"Glazing sealant Vi-Pro\u00ae WNS - Proventuss","isPartOf":{"@id":"https:\/\/proventuss.eu\/#website"},"primaryImageOfPage":{"@id":"https:\/\/proventuss.eu\/en\/produkt\/glazing-sealant-vi-pro-wns\/#primaryimage"},"image":{"@id":"https:\/\/proventuss.eu\/en\/produkt\/glazing-sealant-vi-pro-wns\/#primaryimage"},"thumbnailUrl":"https:\/\/proventuss.eu\/wp-content\/uploads\/2022\/04\/Vi-Pro-WNS.png","datePublished":"2022-04-26T08:51:11+00:00","dateModified":"2023-05-10T07:02:24+00:00","description":"One-component sealant for glazing and sealing the perimeter of window and door frames made of wood, PVC or aluminium. Low modulus, high elasticity.","breadcrumb":{"@id":"https:\/\/proventuss.eu\/en\/produkt\/glazing-sealant-vi-pro-wns\/#breadcrumb"},"inLanguage":"en-US","potentialAction":[{"@type":"ReadAction","target":["https:\/\/proventuss.eu\/en\/produkt\/glazing-sealant-vi-pro-wns\/"]}]},{"@type":"ImageObject","inLanguage":"en-US","@id":"https:\/\/proventuss.eu\/en\/produkt\/glazing-sealant-vi-pro-wns\/#primaryimage","url":"https:\/\/proventuss.eu\/wp-content\/uploads\/2022\/04\/Vi-Pro-WNS.png","contentUrl":"https:\/\/proventuss.eu\/wp-content\/uploads\/2022\/04\/Vi-Pro-WNS.png","width":153,"height":921,"caption":"Na zdj\u0119ciu jednosk\u0142adnikowe szczeliwo do szklenia oraz uszczelniania obwod\u00f3w futryn okiennych i drzwiowych wykonanych z drewna, PVC lub aluminium."},{"@type":"BreadcrumbList","@id":"https:\/\/proventuss.eu\/en\/produkt\/glazing-sealant-vi-pro-wns\/#breadcrumb","itemListElement":[{"@type":"ListItem","position":1,"name":"Home","item":"https:\/\/proventuss.eu\/"},{"@type":"ListItem","position":2,"name":"Shop","item":"https:\/\/proventuss.eu\/en\/shop\/"},{"@type":"ListItem","position":3,"name":"Glazing sealant Vi-Pro\u00ae WNS"}]},{"@type":"WebSite","@id":"https:\/\/proventuss.eu\/#website","url":"https:\/\/proventuss.eu\/","name":"Proventuss","description":"","potentialAction":[{"@type":"SearchAction","target":{"@type":"EntryPoint","urlTemplate":"https:\/\/proventuss.eu\/?s={search_term_string}"},"query-input":"required name=search_term_string"}],"inLanguage":"en-US"}]}},"_links":{"self":[{"href":"https:\/\/proventuss.eu\/en\/wp-json\/wp\/v2\/product\/2890"}],"collection":[{"href":"https:\/\/proventuss.eu\/en\/wp-json\/wp\/v2\/product"}],"about":[{"href":"https:\/\/proventuss.eu\/en\/wp-json\/wp\/v2\/types\/product"}],"replies":[{"embeddable":true,"href":"https:\/\/proventuss.eu\/en\/wp-json\/wp\/v2\/comments?post=2890"}],"wp:featuredmedia":[{"embeddable":true,"href":"https:\/\/proventuss.eu\/en\/wp-json\/wp\/v2\/media\/2270"}],"wp:attachment":[{"href":"https:\/\/proventuss.eu\/en\/wp-json\/wp\/v2\/media?parent=2890"}],"wp:term":[{"taxonomy":"product_cat","embeddable":true,"href":"https:\/\/proventuss.eu\/en\/wp-json\/wp\/v2\/product_cat?post=2890"},{"taxonomy":"product_tag","embeddable":true,"href":"https:\/\/proventuss.eu\/en\/wp-json\/wp\/v2\/product_tag?post=2890"}],"curies":[{"name":"wp","href":"https:\/\/api.w.org\/{rel}","templated":true}]}}