{"id":19320,"date":"2022-10-11T11:07:39","date_gmt":"2022-10-11T11:07:39","guid":{"rendered":"https:\/\/proventuss.eu\/?post_type=product&#038;p=19320"},"modified":"2025-04-07T12:13:23","modified_gmt":"2025-04-07T12:13:23","slug":"vi-pro-window-tape-outside-en","status":"publish","type":"product","link":"https:\/\/proventuss.eu\/en\/product\/vi-pro-window-tape-outside-en\/","title":{"rendered":"Vi-Pro\u00ae Window Tape Outside"},"content":{"rendered":"<p>Vapor-permeable tape with an adhesive strip enabling permanent<br \/>\nattachment to the window frame. It protects the<br \/>\ninsulating layer against rain while enabling the diffusion of<br \/>\nwater vapor from the window joint.<br \/>\n<strong>Advantages:<\/strong><br \/>\n&#8211; Very good adhesion to most building materials<br \/>\n&#8211; Used for vapor-permeable seals<br \/>\n&#8211; Enables the diffusion of water vapor<br \/>\n&#8211; Protects against rain<br \/>\n&#8211; the plastic non-woven fabric from which the tape is made<br \/>\nallows it to be painted and plastered<br \/>\n<strong>Applications<\/strong>:<br \/>\nAll types of windows and doors<br \/>\nUsed for general air- and driving rain tightness on the outside<br \/>\nof window-to-wall joints.<\/p>\n","protected":false},"excerpt":{"rendered":"<p>Vapor-permeable tape with an adhesive strip enabling permanent attachment to the window frame. It protects the insulating layer against rain while enabling the diffusion of water vapor from the window joint. Advantages: &#8211; Very good adhesion to most building materials &#8211; Used for vapor-permeable seals &#8211; Enables the diffusion of water vapor &#8211; Protects against [&hellip;]<\/p>\n","protected":false},"featured_media":9146,"comment_status":"open","ping_status":"closed","template":"","meta":{"_acf_changed":false},"product_cat":[154],"product_tag":[],"acf":[],"yoast_head":"<!-- This site is optimized with the Yoast SEO plugin v22.9 - https:\/\/yoast.com\/wordpress\/plugins\/seo\/ -->\n<title>Vi-Pro\u00ae Window Tape Outside - Proventuss<\/title>\n<meta name=\"robots\" content=\"index, follow, max-snippet:-1, max-image-preview:large, max-video-preview:-1\" \/>\n<link rel=\"canonical\" href=\"https:\/\/proventuss.eu\/en\/produkt\/vi-pro-window-tape-outside-en\/\" \/>\n<meta property=\"og:locale\" content=\"en_US\" \/>\n<meta property=\"og:type\" content=\"article\" \/>\n<meta property=\"og:title\" content=\"Vi-Pro\u00ae Window Tape Outside - Proventuss\" \/>\n<meta property=\"og:description\" content=\"Vapor-permeable tape with an adhesive strip enabling permanent attachment to the window frame. It protects the insulating layer against rain while enabling the diffusion of water vapor from the window joint. Advantages: &#8211; Very good adhesion to most building materials &#8211; Used for vapor-permeable seals &#8211; Enables the diffusion of water vapor &#8211; Protects against [&hellip;]\" \/>\n<meta property=\"og:url\" content=\"https:\/\/proventuss.eu\/en\/produkt\/vi-pro-window-tape-outside-en\/\" \/>\n<meta property=\"og:site_name\" content=\"Proventuss\" \/>\n<meta property=\"article:modified_time\" content=\"2025-04-07T12:13:23+00:00\" \/>\n<meta property=\"og:image\" content=\"https:\/\/proventuss.eu\/wp-content\/uploads\/2022\/10\/MG_5934a1-e1665486377498.png\" \/>\n\t<meta property=\"og:image:width\" content=\"1755\" \/>\n\t<meta property=\"og:image:height\" content=\"1405\" \/>\n\t<meta property=\"og:image:type\" content=\"image\/png\" \/>\n<meta name=\"twitter:card\" content=\"summary_large_image\" \/>\n<meta name=\"twitter:label1\" content=\"Est. reading time\" \/>\n\t<meta name=\"twitter:data1\" content=\"1 minute\" \/>\n<script type=\"application\/ld+json\" class=\"yoast-schema-graph\">{\"@context\":\"https:\/\/schema.org\",\"@graph\":[{\"@type\":\"WebPage\",\"@id\":\"https:\/\/proventuss.eu\/en\/produkt\/vi-pro-window-tape-outside-en\/\",\"url\":\"https:\/\/proventuss.eu\/en\/produkt\/vi-pro-window-tape-outside-en\/\",\"name\":\"Vi-Pro\u00ae Window Tape Outside - Proventuss\",\"isPartOf\":{\"@id\":\"https:\/\/proventuss.eu\/#website\"},\"primaryImageOfPage\":{\"@id\":\"https:\/\/proventuss.eu\/en\/produkt\/vi-pro-window-tape-outside-en\/#primaryimage\"},\"image\":{\"@id\":\"https:\/\/proventuss.eu\/en\/produkt\/vi-pro-window-tape-outside-en\/#primaryimage\"},\"thumbnailUrl\":\"https:\/\/proventuss.eu\/wp-content\/uploads\/2022\/10\/MG_5934a1-e1665486377498.png\",\"datePublished\":\"2022-10-11T11:07:39+00:00\",\"dateModified\":\"2025-04-07T12:13:23+00:00\",\"breadcrumb\":{\"@id\":\"https:\/\/proventuss.eu\/en\/produkt\/vi-pro-window-tape-outside-en\/#breadcrumb\"},\"inLanguage\":\"en-US\",\"potentialAction\":[{\"@type\":\"ReadAction\",\"target\":[\"https:\/\/proventuss.eu\/en\/produkt\/vi-pro-window-tape-outside-en\/\"]}]},{\"@type\":\"ImageObject\",\"inLanguage\":\"en-US\",\"@id\":\"https:\/\/proventuss.eu\/en\/produkt\/vi-pro-window-tape-outside-en\/#primaryimage\",\"url\":\"https:\/\/proventuss.eu\/wp-content\/uploads\/2022\/10\/MG_5934a1-e1665486377498.png\",\"contentUrl\":\"https:\/\/proventuss.eu\/wp-content\/uploads\/2022\/10\/MG_5934a1-e1665486377498.png\",\"width\":1755,\"height\":1405,\"caption\":\"Na zdj\u0119ciu bia\u0142a ta\u015bma do ciep\u0142ego monta\u017cu Vi-Pro Window Tape Outside zabezpiecza przed dzia\u0142aniem deszczu jednocze\u015bnie umo\u017cliwiaj\u0105c dyfuzj\u0119 pary wodnej ze z\u0142\u0105cza okiennego.\"},{\"@type\":\"BreadcrumbList\",\"@id\":\"https:\/\/proventuss.eu\/en\/produkt\/vi-pro-window-tape-outside-en\/#breadcrumb\",\"itemListElement\":[{\"@type\":\"ListItem\",\"position\":1,\"name\":\"Home\",\"item\":\"https:\/\/proventuss.eu\/\"},{\"@type\":\"ListItem\",\"position\":2,\"name\":\"Shop\",\"item\":\"https:\/\/proventuss.eu\/en\/shop\/\"},{\"@type\":\"ListItem\",\"position\":3,\"name\":\"Vi-Pro\u00ae Window Tape Outside\"}]},{\"@type\":\"WebSite\",\"@id\":\"https:\/\/proventuss.eu\/#website\",\"url\":\"https:\/\/proventuss.eu\/\",\"name\":\"Proventuss\",\"description\":\"\",\"potentialAction\":[{\"@type\":\"SearchAction\",\"target\":{\"@type\":\"EntryPoint\",\"urlTemplate\":\"https:\/\/proventuss.eu\/?s={search_term_string}\"},\"query-input\":\"required name=search_term_string\"}],\"inLanguage\":\"en-US\"}]}<\/script>\n<!-- \/ Yoast SEO plugin. -->","yoast_head_json":{"title":"Vi-Pro\u00ae Window Tape Outside - Proventuss","robots":{"index":"index","follow":"follow","max-snippet":"max-snippet:-1","max-image-preview":"max-image-preview:large","max-video-preview":"max-video-preview:-1"},"canonical":"https:\/\/proventuss.eu\/en\/produkt\/vi-pro-window-tape-outside-en\/","og_locale":"en_US","og_type":"article","og_title":"Vi-Pro\u00ae Window Tape Outside - Proventuss","og_description":"Vapor-permeable tape with an adhesive strip enabling permanent attachment to the window frame. It protects the insulating layer against rain while enabling the diffusion of water vapor from the window joint. Advantages: &#8211; Very good adhesion to most building materials &#8211; Used for vapor-permeable seals &#8211; Enables the diffusion of water vapor &#8211; Protects against [&hellip;]","og_url":"https:\/\/proventuss.eu\/en\/produkt\/vi-pro-window-tape-outside-en\/","og_site_name":"Proventuss","article_modified_time":"2025-04-07T12:13:23+00:00","og_image":[{"width":1755,"height":1405,"url":"https:\/\/proventuss.eu\/wp-content\/uploads\/2022\/10\/MG_5934a1-e1665486377498.png","type":"image\/png"}],"twitter_card":"summary_large_image","twitter_misc":{"Est. reading time":"1 minute"},"schema":{"@context":"https:\/\/schema.org","@graph":[{"@type":"WebPage","@id":"https:\/\/proventuss.eu\/en\/produkt\/vi-pro-window-tape-outside-en\/","url":"https:\/\/proventuss.eu\/en\/produkt\/vi-pro-window-tape-outside-en\/","name":"Vi-Pro\u00ae Window Tape Outside - Proventuss","isPartOf":{"@id":"https:\/\/proventuss.eu\/#website"},"primaryImageOfPage":{"@id":"https:\/\/proventuss.eu\/en\/produkt\/vi-pro-window-tape-outside-en\/#primaryimage"},"image":{"@id":"https:\/\/proventuss.eu\/en\/produkt\/vi-pro-window-tape-outside-en\/#primaryimage"},"thumbnailUrl":"https:\/\/proventuss.eu\/wp-content\/uploads\/2022\/10\/MG_5934a1-e1665486377498.png","datePublished":"2022-10-11T11:07:39+00:00","dateModified":"2025-04-07T12:13:23+00:00","breadcrumb":{"@id":"https:\/\/proventuss.eu\/en\/produkt\/vi-pro-window-tape-outside-en\/#breadcrumb"},"inLanguage":"en-US","potentialAction":[{"@type":"ReadAction","target":["https:\/\/proventuss.eu\/en\/produkt\/vi-pro-window-tape-outside-en\/"]}]},{"@type":"ImageObject","inLanguage":"en-US","@id":"https:\/\/proventuss.eu\/en\/produkt\/vi-pro-window-tape-outside-en\/#primaryimage","url":"https:\/\/proventuss.eu\/wp-content\/uploads\/2022\/10\/MG_5934a1-e1665486377498.png","contentUrl":"https:\/\/proventuss.eu\/wp-content\/uploads\/2022\/10\/MG_5934a1-e1665486377498.png","width":1755,"height":1405,"caption":"Na zdj\u0119ciu bia\u0142a ta\u015bma do ciep\u0142ego monta\u017cu Vi-Pro Window Tape Outside zabezpiecza przed dzia\u0142aniem deszczu jednocze\u015bnie umo\u017cliwiaj\u0105c dyfuzj\u0119 pary wodnej ze z\u0142\u0105cza okiennego."},{"@type":"BreadcrumbList","@id":"https:\/\/proventuss.eu\/en\/produkt\/vi-pro-window-tape-outside-en\/#breadcrumb","itemListElement":[{"@type":"ListItem","position":1,"name":"Home","item":"https:\/\/proventuss.eu\/"},{"@type":"ListItem","position":2,"name":"Shop","item":"https:\/\/proventuss.eu\/en\/shop\/"},{"@type":"ListItem","position":3,"name":"Vi-Pro\u00ae Window Tape Outside"}]},{"@type":"WebSite","@id":"https:\/\/proventuss.eu\/#website","url":"https:\/\/proventuss.eu\/","name":"Proventuss","description":"","potentialAction":[{"@type":"SearchAction","target":{"@type":"EntryPoint","urlTemplate":"https:\/\/proventuss.eu\/?s={search_term_string}"},"query-input":"required name=search_term_string"}],"inLanguage":"en-US"}]}},"_links":{"self":[{"href":"https:\/\/proventuss.eu\/en\/wp-json\/wp\/v2\/product\/19320"}],"collection":[{"href":"https:\/\/proventuss.eu\/en\/wp-json\/wp\/v2\/product"}],"about":[{"href":"https:\/\/proventuss.eu\/en\/wp-json\/wp\/v2\/types\/product"}],"replies":[{"embeddable":true,"href":"https:\/\/proventuss.eu\/en\/wp-json\/wp\/v2\/comments?post=19320"}],"wp:featuredmedia":[{"embeddable":true,"href":"https:\/\/proventuss.eu\/en\/wp-json\/wp\/v2\/media\/9146"}],"wp:attachment":[{"href":"https:\/\/proventuss.eu\/en\/wp-json\/wp\/v2\/media?parent=19320"}],"wp:term":[{"taxonomy":"product_cat","embeddable":true,"href":"https:\/\/proventuss.eu\/en\/wp-json\/wp\/v2\/product_cat?post=19320"},{"taxonomy":"product_tag","embeddable":true,"href":"https:\/\/proventuss.eu\/en\/wp-json\/wp\/v2\/product_tag?post=19320"}],"curies":[{"name":"wp","href":"https:\/\/api.w.org\/{rel}","templated":true}]}}